{"id":6599,"date":"2013-02-28T11:06:00","date_gmt":"2013-02-28T10:06:00","guid":{"rendered":"https:\/\/alzira.es\/centre-de-participacio-ciutadana-cpc\/"},"modified":"2026-03-06T10:54:54","modified_gmt":"2026-03-06T09:54:54","slug":"centro-de-participacion-ciudadana-cpc","status":"publish","type":"page","link":"https:\/\/alzira.es\/es\/servicios-municipales\/servicios-sociales\/centro-de-participacion-ciudadana-cpc\/","title":{"rendered":"Centro de Participaci\u00f3n Ciudadana (CPC)"},"content":{"rendered":"\n<p><strong>QU\u00c8 \u00c9S?<\/strong><\/p>\n\n\n\n<hr class=\"wp-block-separator has-css-opacity\"\/>\n\n\n\n<p>El Centre de Participaci\u00f3 Ciutadana (CPC), ubicat en el barri de l&#8217;Alquerieta, es constitu\u00efx com un centre social de refer\u00e8ncia i pertinen\u00e7a respecte del context comunitari d&#8217;este barri per al seu enriquiment, pel que fa a infraestructures noves i a recursos humans d&#8217;intervenci\u00f3 en el teixit social d&#8217;esta zona espec\u00edfica.<\/p>\n\n\n\n<p>Aix\u00f2 permet dotar-lo d&#8217;un valor afegit davant&nbsp;la seua situaci\u00f3 de desavantatge quant a equipament i recursos respecte del conjunt de la ciutat. Al seu torn li permet una relaci\u00f3 m\u00e9s equitativa&nbsp;en refer\u00e8ncia a&nbsp;la totalitat del municipi i un enriquiment d&#8217;Alzira en la mesura que&nbsp;es potencia el desenvolupament de la seua zona geogr\u00e0fica m\u00e9s deprimida, ja que nom\u00e9s existixen&nbsp;tres centres com este a tota la Comunitat Valenciana.<\/p>\n\n\n\n<p>Este centre, creat per l&#8217;Ajuntament d&#8217;Alzira en col\u00b7laboraci\u00f3 amb la Conselleria de Benestar Social, t\u00e9 com a finalitat millorar la qualitat de vida de la poblaci\u00f3 superant les desigualtats socials a trav\u00e9s de la intervenci\u00f3 en \u00e0rees com la formaci\u00f3, l&#8217;atenci\u00f3 social, la vivenda, l&#8217;associacionisme, l&#8217;espai socioeducatiu, etc., i adquirir aix\u00ed un car\u00e0cter integral.<\/p>\n\n\n<div class=\"wp-block-image\">\n<figure class=\"aligncenter size-medium is-resized\"><img fetchpriority=\"high\" decoding=\"async\" width=\"680\" height=\"510\" src=\"https:\/\/alzira.es\/wp-content\/uploads\/2013\/02\/SS_CPC_DES_010-680x510.jpg\" alt=\"SS CPC DES 010\" class=\"wp-image-6597\" style=\"width:680px;height:510px\" srcset=\"https:\/\/alzira.es\/wp-content\/uploads\/2013\/02\/SS_CPC_DES_010-680x510.jpg 680w, https:\/\/alzira.es\/wp-content\/uploads\/2013\/02\/SS_CPC_DES_010-768x576.jpg 768w, https:\/\/alzira.es\/wp-content\/uploads\/2013\/02\/SS_CPC_DES_010.jpg 800w\" sizes=\"(max-width: 680px) 100vw, 680px\" \/><\/figure>\n<\/div>\n\n\n<p>&nbsp;<\/p>\n\n\n\n<p>&nbsp;<\/p>\n\n\n\n<p><br><strong>EQUIP DE TREBALL<\/strong><\/p>\n\n\n\n<hr class=\"wp-block-separator has-css-opacity\"\/>\n\n\n\n<p>El Centre es configura com un espai d&#8217;intervenci\u00f3 i trobada de naturalesa comunit\u00e0ria, amb una pres\u00e8ncia institucional permanent de professionals de l&#8217;Ajuntament d&#8217;Alzira, i&nbsp;focalitza la intervenci\u00f3 especialment en el barri de l&#8217;Alquerieta.<\/p>\n\n\n\n<p>Al centre est\u00e0 adscrit un equip de professionals del Departament de Serveis Socials de l&#8217;Ajuntament d&#8217;Alzira, de car\u00e0cter permanent i multidisciplinari:&nbsp;<\/p>\n\n\n\n<ul class=\"wp-block-list\">\n<li>2 Treballadors Socials d&#8217;atenci\u00f3 prim\u00e0ria.<\/li>\n\n\n\n<li>Dos\u00a0t\u00e8cnics de vivenda.<\/li>\n\n\n\n<li>Tres\u00a0educadors socials.<\/li>\n<\/ul>\n\n\n\n<p>&nbsp;<\/p>\n\n\n\n<p>Este equip el complementen les professionals de dos entitats col\u00b7laboradores que treballen durant tot l&#8217;exercici, i que est\u00e0 obert a altres convenis:<\/p>\n\n\n\n<ul class=\"wp-block-list\">\n<li>Fundaci\u00f3 CEPAIM: organitzaci\u00f3 que d\u00f3na respostes a din\u00e0miques socials relacionades amb el fet migratori, a trav\u00e9s de l&#8217;aplicaci\u00f3 coherent de pol\u00edtiques transversals d&#8217;interculturalitat, gesti\u00f3 de la diversitat, g\u00e8nere i desenvolupament, prenent com a base el territori.<\/li>\n\n\n\n<li>Salut p\u00fablica des del Projecte RIU: proporciona respostes davant de situacions de salut p\u00fablica i preveu, davant determinades situacions de risc per a la salut, la log\u00edstica, procediments i coordinaci\u00f3 amb la resta de recursos sanitaris i institucions de distinta naturalesa.<\/li>\n<\/ul>\n\n\n\n<p>&nbsp;<\/p>\n\n\n\n<div style=\"height:36px\" aria-hidden=\"true\" class=\"wp-block-spacer\"><\/div>\n\n\n\n<p><strong>\u00c0REES D&#8217;INTERVENCI\u00d3<\/strong><\/p>\n\n\n\n<hr class=\"wp-block-separator has-css-opacity\"\/>\n\n\n\n<p>Tal i com el nom del centre indica, s&#8217;ent\u00e9n com un conjunt d&#8217;espais que, de manera compatible i harm\u00f2nica, permeten desenvolupar activitats en les \u00e0rees d&#8217;atenci\u00f3 i intervenci\u00f3 social seg\u00fcents:<\/p>\n\n\n\n<ul class=\"wp-block-list\">\n<li>Sociosanit\u00e0ria<\/li>\n\n\n\n<li>Socioeducativa<\/li>\n\n\n\n<li>Socioparticipativa<\/li>\n\n\n\n<li>L\u00fadica i d&#8217;oci<\/li>\n\n\n\n<li>Formativolaboral<\/li>\n\n\n\n<li>Associacionisme<\/li>\n\n\n\n<li>Cooperaci\u00f3 social<\/li>\n\n\n\n<li>Administrativa<\/li>\n<\/ul>\n\n\n\n<div style=\"height:36px\" aria-hidden=\"true\" class=\"wp-block-spacer\"><\/div>\n\n\n\n<p><br><strong>COORDINACI\u00d3<\/strong><\/p>\n\n\n\n<hr class=\"wp-block-separator has-css-opacity\"\/>\n\n\n\n<p>Per a aconseguir l&#8217;objectiu primordial d&#8217;un desenvolupament social i de promoci\u00f3 personal de l&#8217;\u00e0mbit geogr\u00e0fic d&#8217;actuaci\u00f3, resulta necess\u00e0ria la coordinaci\u00f3 amb els diferents departaments, estaments i entitats existents en l&#8217;\u00e0mbit municipal.<\/p>\n\n\n\n<p>D&#8217;ac\u00ed que es coordine:<\/p>\n\n\n\n<ul class=\"wp-block-list\">\n<li>\u00c0mbit intradepartamental, amb la resta de departaments de l&#8217;Ajuntament d&#8217;Alzira.<\/li>\n\n\n\n<li>\u00c0mbit interdepartamental, a\u00e7\u00f2 \u00e9s, amb tot l&#8217;entramat de qualsevol \u00e0mbit d&#8217;actuaci\u00f3 que puga aportar elements per a la millora i la superaci\u00f3 del centre i del barri.<\/li>\n<\/ul>\n\n\n\n<div style=\"height:36px\" aria-hidden=\"true\" class=\"wp-block-spacer\"><\/div>\n\n\n\n<p><br><strong>HORARI D&#8217;OBERTURA DEL CENTRE<\/strong><\/p>\n\n\n\n<hr class=\"wp-block-separator has-css-opacity\"\/>\n\n\n\n<p>El centre roman obert de dilluns a divendres, en horari d&#8217;atenci\u00f3 al p\u00fablic&nbsp;&nbsp;de&nbsp;9 a 14 hores, i els dimarts a la vesprada de 17 a 19.30 hores.<\/p>\n\n\n\n<p>L&#8217;horari de vesprada variar\u00e0 segons les activitats previstes.<\/p>\n\n\n\n<div style=\"height:36px\" aria-hidden=\"true\" class=\"wp-block-spacer\"><\/div>\n\n\n\n<p><strong>ADRE\u00c7A DEL CENTRE<\/strong><\/p>\n\n\n\n<hr class=\"wp-block-separator has-css-opacity\"\/>\n\n\n\n<p><a href=\"https:\/\/www.google.es\/maps\/place\/Pla%C3%A7a+de+Jes%C3%BAs,+46600+Alzira,+Valencia\/@39.1580269,-0.4264921,17z\/data=!3m1!4b1!4m2!3m1!1s0xd61b076a6176de9:0x9b28e75698d54d37\" target=\"_blank\" rel=\"noopener\">Pl. Jesus s\/n. Barri de l&#8217;Alquerieta.<\/a><\/p>\n\n\n\n<p>Tel\u00e8fon: 672163991<\/p>\n\n\n\n<p>&nbsp;<\/p>\n\n\n\n<p>&nbsp;<\/p>\n","protected":false},"excerpt":{"rendered":"<p>QU\u00c8 \u00c9S? El Centre de Participaci\u00f3 Ciutadana (CPC), ubicat en el barri de l&#8217;Alquerieta, es constitu\u00efx com un centre social de refer\u00e8ncia i pertinen\u00e7a respecte del context comunitari d&#8217;este barri per al seu enriquiment, pel que fa a infraestructures noves i a recursos humans d&#8217;intervenci\u00f3 en el teixit social d&#8217;esta zona espec\u00edfica. Aix\u00f2 permet dotar-lo &hellip; <\/p>\n<p class=\"link-more\"><a href=\"https:\/\/alzira.es\/es\/servicios-municipales\/servicios-sociales\/centro-de-participacion-ciudadana-cpc\/\" class=\"more-link\">Continuar leyendo<span class=\"screen-reader-text\"> \u00abCentro de Participaci\u00f3n Ciudadana (CPC)\u00bb<\/span><\/a><\/p>\n","protected":false},"author":29,"featured_media":0,"parent":6448,"menu_order":0,"comment_status":"closed","ping_status":"closed","template":"","meta":{"_acf_changed":false,"footnotes":""},"class_list":["post-6599","page","type-page","status-publish","hentry"],"acf":[],"_links":{"self":[{"href":"https:\/\/alzira.es\/es\/wp-json\/wp\/v2\/pages\/6599","targetHints":{"allow":["GET"]}}],"collection":[{"href":"https:\/\/alzira.es\/es\/wp-json\/wp\/v2\/pages"}],"about":[{"href":"https:\/\/alzira.es\/es\/wp-json\/wp\/v2\/types\/page"}],"author":[{"embeddable":true,"href":"https:\/\/alzira.es\/es\/wp-json\/wp\/v2\/users\/29"}],"replies":[{"embeddable":true,"href":"https:\/\/alzira.es\/es\/wp-json\/wp\/v2\/comments?post=6599"}],"version-history":[{"count":2,"href":"https:\/\/alzira.es\/es\/wp-json\/wp\/v2\/pages\/6599\/revisions"}],"predecessor-version":[{"id":168580,"href":"https:\/\/alzira.es\/es\/wp-json\/wp\/v2\/pages\/6599\/revisions\/168580"}],"up":[{"embeddable":true,"href":"https:\/\/alzira.es\/es\/wp-json\/wp\/v2\/pages\/6448"}],"wp:attachment":[{"href":"https:\/\/alzira.es\/es\/wp-json\/wp\/v2\/media?parent=6599"}],"curies":[{"name":"wp","href":"https:\/\/api.w.org\/{rel}","templated":true}]}}