{"id":6492,"date":"2010-11-05T14:44:06","date_gmt":"2010-11-05T13:44:06","guid":{"rendered":"https:\/\/alzira.es\/consell-d-accio-social\/"},"modified":"2021-08-31T18:47:52","modified_gmt":"2021-08-31T16:47:52","slug":"consejo-municipal-de-accion-social","status":"publish","type":"page","link":"https:\/\/alzira.es\/es\/servicios-municipales\/servicios-sociales\/consejo-municipal-de-accion-social\/","title":{"rendered":"Consejo Municipal de Acci\u00f3n social"},"content":{"rendered":"\n<p>En la ciudad de Alzira existe un Consejo Municipal de Acci\u00f3n Social y Salud que transmiten el inter\u00e9s de la sociedad civil por continuar el trabajo en el desarrollo de redes sociales, fomento asociacionismo y participaci\u00f3n ciudadana.<\/p>\n\n\n\n<p>Es un \u00f3rgano consultivo y de participaci\u00f3n que pretende incorporar varios sectores de la poblaci\u00f3n y sus asociaciones en la definici\u00f3n, desarrollo y promoci\u00f3n de la pol\u00edtica social y de bienestar del municipio.<\/p>\n\n\n\n<div style=\"height:36px\" aria-hidden=\"true\" class=\"wp-block-spacer\"><\/div>\n\n\n\n<p><strong>El Consejo de Acci\u00f3n Social y Salud tiene por objeto:<\/strong><\/p>\n\n\n\n<hr class=\"wp-block-separator\"\/>\n\n\n\n<ul class=\"wp-block-list\"><li>Estudiar y emitir informes sobre los temas que considere de inter\u00e9s en el \u00e1mbito social y de la salud.<\/li><li>Potenciar la coordinaci\u00f3n entre todos los agentes que act\u00faen en el municipio y que tengan incidencia en les citados \u00e1mbitos.<\/li><li>Incorporar la sociedad civil a las pol\u00edticas sociales, as\u00ed como promover el asociacionismo y las iniciativas solidarias.<\/li><li>Concertar actuaciones con las entidades que trabajan en el \u00e1mbito del bienestar social y la calidad de vida en el municipio.<\/li><li>Analizar, reflexionar y proponer l\u00edneas de actuaci\u00f3n que incidan en la pol\u00edtica social y de la salud, procedentes de las demandas y necesidades de los diferentes sectores o colectivos.<\/li><li>Promocionar iniciativas de valor estrat\u00e9gico para el desarrollo social local, a partir de las situaciones valoradas y estudiadas.<\/li><li>Consensuar f\u00f3rmulas de colaboraci\u00f3n y cooperaci\u00f3n para aplicar las pol\u00edticas de bienestar en el municipio.<\/li><li>Informar, debatir y difundir las cuestiones de inter\u00e9s colectivo que afectan a la calidad de vida del conjunto de la ciudad.<\/li><li>Participar, en los t\u00e9rminos que en cada caso se determine, en la gesti\u00f3n de los programas p\u00fablicos de mayor impacto social y en todo lo que delegue el Pleno del Ayuntamiento de Alzira.<\/li><\/ul>\n\n\n\n<div style=\"height:36px\" aria-hidden=\"true\" class=\"wp-block-spacer\"><\/div>\n\n\n\n<p><strong>\u00c1REAS DE ACTUACI\u00d3N<\/strong><\/p>\n\n\n\n<hr class=\"wp-block-separator\"\/>\n\n\n\n<ul class=\"wp-block-list\"><li>La promoci\u00f3n del bienestar social entre las personas mayores.<\/li><li>El despliegue de medidas de igualdad para que las mujeres se integren a todos los \u00e1mbitos de la vida social y laboral.<\/li><li>La promoci\u00f3n de la salud.<\/li><li>La promoci\u00f3n y defensa de los derechos de los ni\u00f1os y ni\u00f1as.<\/li><li>La orientaci\u00f3n de las actuaciones hacia a una pol\u00edtica superadora de la exclusi\u00f3n social.<\/li><li>El reconocimiento del fen\u00f3meno de la inmigraci\u00f3n en el escenario de la ciudad, con nuevos requisitos de las administraciones p\u00fablicas y de la sociedad civil en general para propiciar su accesibilidad a los bienes de inter\u00e9s social y facilitar su proceso de integraci\u00f3n.<\/li><li>Canalizaci\u00f3n y apoyo a las propuestas sectoriales presentadas por diferentes colectivos de la poblaci\u00f3n con necesidades especiales y que requieran una atenci\u00f3n adecuada y cuidadosa.<\/li><li>Promoci\u00f3n y apoyo de las acciones voluntarias y solidarias ciudadanas.<\/li><li>Favorecer la implantaci\u00f3n de las pol\u00edticas municipales de cooperaci\u00f3n al desarrollo y solidaridad internacional.<\/li><li>Potenciaci\u00f3n de las din\u00e1micas sociales y culturales de los barrios como eje vertebrador de la vida de la ciudad en su conjunto.<\/li><li>La accesibilidad y los nuevos usos del espacio p\u00fablico como elementos facilitadores de la integraci\u00f3n y la cohesi\u00f3n social.<\/li><\/ul>\n\n\n\n<div style=\"height:36px\" aria-hidden=\"true\" class=\"wp-block-spacer\"><\/div>\n\n\n\n<p><strong>REQUISITOS<\/strong><\/p>\n\n\n\n<hr class=\"wp-block-separator\"\/>\n\n\n\n<ul class=\"wp-block-list\"><li>Entidades\u00a0y asociaciones que\u00a0ya estuvieran registrados como tales en alguno de los anteriores \u00f3rganos municipales de participaci\u00f3n social, salud o foro de inmigraci\u00f3n, seg\u00fan lo establecido en la Disposici\u00f3n Adicional de estos Estatutos.<\/li><li>Realizar su actividad en el t\u00e9rmino municipal de Alzira.<\/li><li>No tener fines lucrativos.<\/li><\/ul>\n\n\n\n<p>Las entidades y asociaciones que quieran formar parte de este Consejo lo solicitar\u00e1n formalmente por medio de escrito dirigido a la Presidencia y se dar\u00e1 cuenta de ello, para resolver su aceptaci\u00f3n, en la primera sesi\u00f3n plenaria ordinaria que se convoque despu\u00e9s de la presentaci\u00f3n de la correspondiente solicitud.<\/p>\n\n\n\n<div style=\"height:36px\" aria-hidden=\"true\" class=\"wp-block-spacer\"><\/div>\n\n\n\n<p><strong>M\u00e1s informaci\u00f3n:<\/strong><\/p>\n\n\n\n<hr class=\"wp-block-separator\"\/>\n\n\n\n<p>Anuncio del Ayuntamiento de Alzira sobre aprobaci\u00f3n inicial de los Estatutos del Consejo Municipal de Acci\u00f3n Social y Salud.<\/p>\n\n\n\n<p>BOP. Bolet\u00edn Oficial de la Provincia de Valencia<br>Lunes, 25 de OCTUBRE de 2004. N.\u00ba 254<\/p>\n","protected":false},"excerpt":{"rendered":"<p>En la ciudad de Alzira existe un Consejo Municipal de Acci\u00f3n Social y Salud que transmiten el inter\u00e9s de la sociedad civil por continuar el trabajo en el desarrollo de redes sociales, fomento asociacionismo y participaci\u00f3n ciudadana. Es un \u00f3rgano consultivo y de participaci\u00f3n que pretende incorporar varios sectores de la poblaci\u00f3n y sus asociaciones &hellip; <\/p>\n<p class=\"link-more\"><a href=\"https:\/\/alzira.es\/es\/servicios-municipales\/servicios-sociales\/consejo-municipal-de-accion-social\/\" class=\"more-link\">Continuar leyendo<span class=\"screen-reader-text\"> \u00abConsejo Municipal de Acci\u00f3n social\u00bb<\/span><\/a><\/p>\n","protected":false},"author":29,"featured_media":0,"parent":6448,"menu_order":7,"comment_status":"closed","ping_status":"closed","template":"","meta":{"_acf_changed":false,"footnotes":""},"class_list":["post-6492","page","type-page","status-publish","hentry"],"acf":[],"_links":{"self":[{"href":"https:\/\/alzira.es\/es\/wp-json\/wp\/v2\/pages\/6492","targetHints":{"allow":["GET"]}}],"collection":[{"href":"https:\/\/alzira.es\/es\/wp-json\/wp\/v2\/pages"}],"about":[{"href":"https:\/\/alzira.es\/es\/wp-json\/wp\/v2\/types\/page"}],"author":[{"embeddable":true,"href":"https:\/\/alzira.es\/es\/wp-json\/wp\/v2\/users\/29"}],"replies":[{"embeddable":true,"href":"https:\/\/alzira.es\/es\/wp-json\/wp\/v2\/comments?post=6492"}],"version-history":[{"count":1,"href":"https:\/\/alzira.es\/es\/wp-json\/wp\/v2\/pages\/6492\/revisions"}],"predecessor-version":[{"id":87482,"href":"https:\/\/alzira.es\/es\/wp-json\/wp\/v2\/pages\/6492\/revisions\/87482"}],"up":[{"embeddable":true,"href":"https:\/\/alzira.es\/es\/wp-json\/wp\/v2\/pages\/6448"}],"wp:attachment":[{"href":"https:\/\/alzira.es\/es\/wp-json\/wp\/v2\/media?parent=6492"}],"curies":[{"name":"wp","href":"https:\/\/api.w.org\/{rel}","templated":true}]}}