{"id":6486,"date":"2010-10-28T11:54:43","date_gmt":"2010-10-28T09:54:43","guid":{"rendered":"https:\/\/alzira.es\/upc\/"},"modified":"2025-03-10T11:47:24","modified_gmt":"2025-03-10T10:47:24","slug":"upcca","status":"publish","type":"page","link":"https:\/\/alzira.es\/es\/servicios-municipales\/sanidad\/upcca\/","title":{"rendered":"UPCCA"},"content":{"rendered":"<p style=\"text-align: center;\"><strong>UNIDAD DE PREVENCI\u00d3N COMUNITARIA CONDUCTAS ADICTIVAS<\/strong><\/p>\n<p><strong>\u00bfQU\u00c9 ES LA UPCCA?<\/strong><\/p>\n<p><strong><br \/>\n<\/strong>La Unidad de Prevenci\u00f3n Comunitaria de Conductas Adictivas (UPCCA) es un recurso municipal que realiza actuaciones con la finalidad de evitar o reducir el uso y\/o abuso de drogas y los problemas asociados, as\u00ed como de promover h\u00e1bitos de vida saludables y una cultura de salud que incluya el rechazo al consumo de drogas y otras adicciones.<\/p>\n<p>Las actuaciones de car\u00e1cter preventivo se desarrollan generalmente en el \u00e1mbito escolar, familiar, comunitario y otros susceptibles de acciones preventivas.<\/p>\n<p><strong>En el \u00e1mbito escolar:<\/strong><\/p>\n<ul>\n<li>Promover acciones y programas preventivos en los centros educativos, en los cuales se implica tanto al alumnado, como a otros agentes educativos.<\/li>\n<li>Informar, asesorar y dar apoyo a los equipos docentes en materia de adicciones, estrategias de prevenci\u00f3n y detecci\u00f3n precoz de estas.<\/li>\n<\/ul>\n<p><strong>En el \u00e1mbito familiar:<\/strong><\/p>\n<ul>\n<li>Informar, asesorar y dar apoyo a las familias en materia de adicciones. Derivaci\u00f3n, si es el caso, a otros recursos asistenciales.<\/li>\n<li>Dotar a la familia de los recursos necesarios para afrontar la problem\u00e1tica con sus hijos\/as en relaci\u00f3n al uso\/abuso de drogas y otras conductas adictivas.<\/li>\n<\/ul>\n<p><strong>En el \u00e1mbito comunitario:<\/strong><\/p>\n<ul>\n<li>Sensibilizar a la poblaci\u00f3n en el tema de las adicciones, as\u00ed como en la importancia de la detecci\u00f3n y la intervenci\u00f3n precoz.<\/li>\n<\/ul>\n<p><strong>Primeras acciones previstas en 2025:<\/strong><\/p>\n<p>El Ayuntamiento de Alzira, a trav\u00e9s de la Concejal\u00eda de Salud P\u00fablica, pone en marcha el nuevo programa \u00abPsicoSalut\u00bb de la Unidad de Prevenci\u00f3n Comunitaria de Conductas Adictivas de Alzira (UPCCA), desarrollado en colaboraci\u00f3n con SEMBREM Entidad de acci\u00f3n social especializada en psicolog\u00eda.<\/p>\n<p>Este programa, que se implementar\u00e1 durante el primer semestre, tiene como objetivo principal abordar la prevenci\u00f3n de conductas adictivas y promover h\u00e1bitos de vida saludables entre los j\u00f3venes de Alzira. Para ello, se ofrecen las siguientes acciones:<\/p>\n<ul>\n<li>Talleres de prevenci\u00f3n para el alumnado de 3\u00ba de ESO:\n<ul>\n<li>Se realizar\u00e1 un taller por cada grupo de 3\u00ba de ESO de los centros de educaci\u00f3n secundaria de Alzira.<\/li>\n<li>Estas sesiones tienen el prop\u00f3sito de facilitar a los\/las j\u00f3venes herramientas y conocimientos para mejorar la gesti\u00f3n emocional, la presi\u00f3n social y la toma de decisiones frente a las principales conductas y sustancias adictivas.<\/li>\n<\/ul>\n<\/li>\n<li>Servicio de informaci\u00f3n y orientaci\u00f3n individual:\n<ul>\n<li>Servicio preventivo semanal, con cita previa, para proporcionar informaci\u00f3n y orientaci\u00f3n adaptada a las necesidades de cada persona, sin abordar problemas previamente diagnosticados ni realizar intervenciones o tratamientos cl\u00ednicos o terap\u00e9uticos.<\/li>\n<\/ul>\n<\/li>\n<\/ul>\n<ul>\n<li>Campa\u00f1a de concienciaci\u00f3n: \u201cEscuchamos, pero no juzgamos. Te ayudamos\u201d.<\/li>\n<\/ul>\n<p>Para reforzar la tarea de prevenci\u00f3n y sensibilizaci\u00f3n, se ha puesto en marcha una campa\u00f1a de concienciaci\u00f3n dirigida a los j\u00f3venes de Alzira sobre tres de las principales conductas adictivas:<\/p>\n<ul>\n<li>Adicci\u00f3n a videojuegos y redes sociales.<\/li>\n<li>Juegos de azar y apuestas.<\/li>\n<li>Consumo de alcohol y tabaco.<\/li>\n<\/ul>\n<p>Esta campa\u00f1a, se implementar\u00e1 en formato f\u00edsico en lugares visibles de la ciudad y en digital por redes sociales, durante los primeros meses del a\u00f1o.<\/p>\n<p><strong>UPCCA Alzira<\/strong><\/p>\n<p>Ajuntament d\u2019Alzira<\/p>\n<p>Para atenci\u00f3n presencial hay que solicitar cita previa por correo electr\u00f3nico:<br \/>\n<a href=\"mailto:sanitat@alzira.es\">sanitat@alzira.es<\/a><\/p>\n<p><a href=\"mailto:upcca-alzira@sembrem.org\">upcca-alzira@sembrem.org<\/a><\/p>\n","protected":false},"excerpt":{"rendered":"<p>UNIDAD DE PREVENCI\u00d3N COMUNITARIA CONDUCTAS ADICTIVAS \u00bfQU\u00c9 ES LA UPCCA? La Unidad de Prevenci\u00f3n Comunitaria de Conductas Adictivas (UPCCA) es un recurso municipal que realiza actuaciones con la finalidad de evitar o reducir el uso y\/o abuso de drogas y los problemas asociados, as\u00ed como de promover h\u00e1bitos de vida saludables y una cultura de &hellip; <\/p>\n<p class=\"link-more\"><a href=\"https:\/\/alzira.es\/es\/servicios-municipales\/sanidad\/upcca\/\" class=\"more-link\">Continuar leyendo<span class=\"screen-reader-text\"> \u00abUPCCA\u00bb<\/span><\/a><\/p>\n","protected":false},"author":29,"featured_media":0,"parent":83083,"menu_order":9,"comment_status":"closed","ping_status":"closed","template":"","meta":{"_acf_changed":false,"footnotes":""},"class_list":["post-6486","page","type-page","status-publish","hentry"],"acf":[],"_links":{"self":[{"href":"https:\/\/alzira.es\/es\/wp-json\/wp\/v2\/pages\/6486","targetHints":{"allow":["GET"]}}],"collection":[{"href":"https:\/\/alzira.es\/es\/wp-json\/wp\/v2\/pages"}],"about":[{"href":"https:\/\/alzira.es\/es\/wp-json\/wp\/v2\/types\/page"}],"author":[{"embeddable":true,"href":"https:\/\/alzira.es\/es\/wp-json\/wp\/v2\/users\/29"}],"replies":[{"embeddable":true,"href":"https:\/\/alzira.es\/es\/wp-json\/wp\/v2\/comments?post=6486"}],"version-history":[{"count":2,"href":"https:\/\/alzira.es\/es\/wp-json\/wp\/v2\/pages\/6486\/revisions"}],"predecessor-version":[{"id":159155,"href":"https:\/\/alzira.es\/es\/wp-json\/wp\/v2\/pages\/6486\/revisions\/159155"}],"up":[{"embeddable":true,"href":"https:\/\/alzira.es\/es\/wp-json\/wp\/v2\/pages\/83083"}],"wp:attachment":[{"href":"https:\/\/alzira.es\/es\/wp-json\/wp\/v2\/media?parent=6486"}],"curies":[{"name":"wp","href":"https:\/\/api.w.org\/{rel}","templated":true}]}}