{"id":6484,"date":"2013-08-02T11:37:50","date_gmt":"2013-08-02T09:37:50","guid":{"rendered":"https:\/\/alzira.es\/centros-residenciales-municipales-para-personas-mayores-dependientes\/"},"modified":"2021-08-31T20:50:31","modified_gmt":"2021-08-31T18:50:31","slug":"centros-residenciales-municipales-para-personas-mayores-dependientes","status":"publish","type":"page","link":"https:\/\/alzira.es\/es\/servicios-municipales\/servicios-sociales\/personas-mayores\/centros-residenciales-municipales-para-personas-mayores-dependientes\/","title":{"rendered":"Centros Residenciales Municipales para Personas Mayores Dependientes"},"content":{"rendered":"\n<p><span style=\"font-size: larger;\"><strong>DEFINICI\u00d3N<\/strong><\/span><\/p>\n\n\n\n<hr class=\"wp-block-separator\"\/>\n\n\n\n<p><span style=\"font-size: larger;\">Servicios que ofrecen: atenci\u00f3n preventiva, rehabilitadora y de cuidado personal, as\u00ed como&nbsp; vivienda permanente y atenci\u00f3n integral a las personas mayores que, por su situaci\u00f3n sociofamiliar y limitaciones en su autonom\u00eda personal, no puedan ser logradas en sus domicilios y requieran ser ingresadas en un centro residencial.<\/span><\/p>\n\n\n\n<p><span style=\"font-size: larger;\"><br><strong>CAPACIDAD Y UBICACI\u00d3N<\/strong><\/span><\/p>\n\n\n\n<hr class=\"wp-block-separator\"\/>\n\n\n\n<p><span style=\"font-size: larger;\">Se dispone de 130 plazas residenciales, distribuidas en dos centros, situados en la calle Guerrillero Romero, 21, con una capacidad de 50 plazas, y en la avenida del Mediterr\u00e1neo, 30, con 80 plazas.<\/span><\/p>\n\n\n\n<p><span style=\"font-size: larger;\"><span style=\"text-decoration: underline;\"><span style=\"color: #0000ff; text-decoration: underline;\">RESIDENCIA&nbsp; \u00abGUERRILLERO ROMEU\u00bb<\/span><\/span><\/span><\/p>\n\n\n\n<figure class=\"wp-block-image size-medium is-resized\"><img fetchpriority=\"high\" decoding=\"async\" src=\"https:\/\/alzira.es\/wp-content\/uploads\/2013\/08\/CIMG9880-680x510.jpg\" alt=\"CIMG9880\" class=\"wp-image-6482\" width=\"680\" height=\"510\" srcset=\"https:\/\/alzira.es\/wp-content\/uploads\/2013\/08\/CIMG9880-680x510.jpg 680w, https:\/\/alzira.es\/wp-content\/uploads\/2013\/08\/CIMG9880-768x576.jpg 768w, https:\/\/alzira.es\/wp-content\/uploads\/2013\/08\/CIMG9880.jpg 800w\" sizes=\"(max-width: 680px) 100vw, 680px\" \/><\/figure>\n\n\n\n<p><\/p>\n\n\n\n<p><span style=\"text-decoration: underline;\"><span style=\"font-size: larger; color: #0000ff; text-decoration: underline;\">RESIDENCIA&nbsp;\u00abSOLIMAR ALZIRA\u00bb<\/span><\/span><\/p>\n\n\n\n<figure class=\"wp-block-image size-medium is-resized\"><img decoding=\"async\" data-src=\"https:\/\/alzira.es\/wp-content\/uploads\/2013\/04\/Solimar-680x449.jpg\" alt=\"Solimar\" class=\"wp-image-6472 lazyload\" width=\"680\" height=\"449\" data-srcset=\"https:\/\/alzira.es\/wp-content\/uploads\/2013\/04\/Solimar-680x449.jpg 680w, https:\/\/alzira.es\/wp-content\/uploads\/2013\/04\/Solimar-768x507.jpg 768w, https:\/\/alzira.es\/wp-content\/uploads\/2013\/04\/Solimar.jpg 800w\" data-sizes=\"(max-width: 680px) 100vw, 680px\" src=\"data:image\/svg+xml;base64,PHN2ZyB3aWR0aD0iMSIgaGVpZ2h0PSIxIiB4bWxucz0iaHR0cDovL3d3dy53My5vcmcvMjAwMC9zdmciPjwvc3ZnPg==\" style=\"--smush-placeholder-width: 680px; --smush-placeholder-aspect-ratio: 680\/449;\" \/><\/figure>\n\n\n\n<p><span style=\"text-decoration: underline;\"><span style=\"font-size: larger; color: #0000ff; text-decoration: underline;\"><\/span><\/span><\/p>\n\n\n\n<p><span style=\"font-size: larger;\"><strong>REQUISITOS DE ADMISI\u00d3N<\/strong><\/span><\/p>\n\n\n\n<hr class=\"wp-block-separator\"\/>\n\n\n\n<p><span style=\"font-size: larger;\">Podr\u00e1n ser beneficiarios de los servicios residenciales las personas mayores que re\u00fanan los siguientes requisitos:<\/span><\/p>\n\n\n\n<ul class=\"wp-block-list\"><li><span style=\"font-size: larger;\">Tener 60 a\u00f1os o m\u00e1s y que hayan cesado en su actividad laboral por jubilaci\u00f3n o incapacidad. Excepcionalmente, se contemplar\u00e1n personas menores de esta edad, cuando se trate de discapacitadas convivents con las personas solicitantes y que desean ingresar conjuntamente con ellos, que dependan econ\u00f3mica y funcionalmente de la persona solicitando y con una edad m\u00ednima de 50 a\u00f1os, con el fin de preservar la unidad familiar. Adem\u00e1s, se considerar\u00e1n discapacitadas aquellas personas que define como tal la Ley de Integraci\u00f3n Social del Minusv\u00e1lido y que tengan un grado de discapacitada igual o superior al 65%. <\/span><\/li><li><span style=\"font-size: larger;\">Residir efectivamente en la ciudad de Alzira, y estar empadronados con una antig\u00fcedad m\u00ednima de tres a\u00f1os. <\/span><\/li><li><span style=\"font-size: larger;\">Acreditar la necesidad social, sanitaria y econ\u00f3mica para el ingreso en un centro residencial, de acuerdo con los criterios que se establecen en la normativa de aplicaci\u00f3n. <\/span><\/li><\/ul>\n\n\n\n<p><\/p>\n\n\n\n<p><span style=\"font-size: larger;\"><strong>SERVICIOS QUE PRESTAN<\/strong><\/span><\/p>\n\n\n\n<hr class=\"wp-block-separator\"\/>\n\n\n\n<p><span style=\"font-size: larger;\">Los centros residenciales municipales de personas mayores dependientes ofrecen los servicios b\u00e1sicos siguientes:<\/span><\/p>\n\n\n\n<ul class=\"wp-block-list\"><li><span style=\"font-size: larger;\">Alojamiento: incluye la limpieza y la higiene de las habitaciones y de todas las dependencias e instalaciones del centro.Restauraci\u00f3n: correcta nutrici\u00f3n de los residentes. Deben someterse a criterios diet\u00e9ticos, atendiendo a las necesidades en cuanto a calidad, cantidad y variedad. Se tendr\u00e1 en cuenta la elaboraci\u00f3n de dietas especiales para las enfermedades que as\u00ed lo requieran , h\u00e1bitos, alimentos restrictos, preferencias y alergias. <\/span><\/li><li><span style=\"font-size: larger;\">Lavander\u00eda: se garantizar\u00e1 el lavado y la plancha peri\u00f3dica de la ropa. <\/span><\/li><li><span style=\"font-size: larger;\">Atenci\u00f3n necesaria b\u00e1sica para la higiene, ba\u00f1o, movilizaciones, desplazamientos\u2026 <\/span><\/li><li><span style=\"font-size: larger;\">Atenci\u00f3n m\u00e9dica: diagn\u00f3stico, tratamiento y seguimiento de las patolog\u00edas cr\u00f3nicas y de procesos agudos, detecci\u00f3n, prevenci\u00f3n y tratamiento de gran s\u00edndromes geri\u00e1tricos. <\/span><\/li><li><span style=\"font-size: larger;\">Atenci\u00f3n de enfermer\u00eda: prestaci\u00f3n de medicamentos, cuidado, vendaje\u2026 <\/span><\/li><li><span style=\"font-size: larger;\">Actividades de rehabilitaci\u00f3n de mantenimiento, prevenci\u00f3n, movilizaci\u00f3n y tratamientos individualizados, de acuerdo con las patolog\u00edas y la dependencia funcional de los residentes. <\/span><\/li><li><span style=\"font-size: larger;\">Asistencia farmac\u00e9utica. <\/span><\/li><li><span style=\"font-size: larger;\">Prevenci\u00f3n y promoci\u00f3n de la salud. <\/span><\/li><li><span style=\"font-size: larger;\">Atenci\u00f3n psicol\u00f3gica y actividades de terapia ocupacional enfocadas a mantener la funci\u00f3n cognitiva de los residentes y al tratamiento de alteraciones psicol\u00f3gicas que incidan en la afectividad, conducta y estado cognitivo. <\/span><\/li><li><span style=\"font-size: larger;\">Atenci\u00f3n social que incluye animaci\u00f3n sociocultural, atenci\u00f3n social e individual, grupal y comunitaria, as\u00ed como la atenci\u00f3n social familiar. <\/span><\/li><li><span style=\"font-size: larger;\">Atenci\u00f3n administrativa a los usuarios que lo necesitan. <\/span><\/li><\/ul>\n\n\n\n<p><span style=\"font-size: larger;\">Estos servicios residenciales se ofrecer\u00e1n durante 24 horas del d\u00eda todos los d\u00edas del a\u00f1o. La atenci\u00f3n se establecer\u00e1 en funci\u00f3n de las necesidades y del nivel de dependencia de los residentes. En cada uno de los servicios descritos anteriormente se considerar\u00e1n los objetivos, tipolog\u00eda de usuarios a quien van dirigidos, actividades, profesionales responsables, recursos necesarios, calendario, listados de usuarios programados y sistema de evaluaci\u00f3n del programa.<\/span><\/p>\n\n\n\n<p><span style=\"font-size: larger;\"><br>Los servicios opcionales ser\u00e1n aquellos que no son necesarios para la atenci\u00f3n integral b\u00e1sica del usuario:<\/span><\/p>\n\n\n\n<ul class=\"wp-block-list\"><li><span style=\"font-size: larger;\">Servicio de peluquer\u00eda y podolog\u00eda.<\/span><\/li><li><span style=\"font-size: larger;\">Otro, siempre que no est\u00e9n recogidos en la cartera de servicios b\u00e1sicos.<\/span><\/li><\/ul>\n\n\n\n<p><span style=\"font-size: larger;\">&nbsp;<\/span><\/p>\n\n\n\n<p><span style=\"font-size: larger;\"><strong>COSTE DEL SERVICIO<\/strong><\/span><\/p>\n\n\n\n<hr class=\"wp-block-separator\"\/>\n\n\n\n<p><span style=\"font-size: larger;\">La determinaci\u00f3n de la cuant\u00eda del servicio se establecer\u00e1 en funci\u00f3n del ordenanza reguladora y la capacidad econ\u00f3mica de la persona beneficiaria.<\/span><\/p>\n\n\n\n<p><span style=\"font-size: larger;\"><br><strong>PRESENTACI\u00d3N DE SOLICITUDES<\/strong><\/span><\/p>\n\n\n\n<hr class=\"wp-block-separator\"\/>\n\n\n\n<p><span style=\"font-size: larger;\">Las solicitudes de atenci\u00f3n residencial de personas mayores, junto a la documentaci\u00f3n requerida en la normativa de aplicaci\u00f3n, se presentar\u00e1n en los centros municipales de servicios sociales correspondiente a la zona de empadronamiento y, en todo caso, en el registro general del Ayuntamiento de Alzira.<\/span><\/p>\n\n\n\n<p><\/p>\n","protected":false},"excerpt":{"rendered":"<p>DEFINICI\u00d3N Servicios que ofrecen: atenci\u00f3n preventiva, rehabilitadora y de cuidado personal, as\u00ed como&nbsp; vivienda permanente y atenci\u00f3n integral a las personas mayores que, por su situaci\u00f3n sociofamiliar y limitaciones en su autonom\u00eda personal, no puedan ser logradas en sus domicilios y requieran ser ingresadas en un centro residencial. CAPACIDAD Y UBICACI\u00d3N Se dispone de 130 &hellip; <\/p>\n<p class=\"link-more\"><a href=\"https:\/\/alzira.es\/es\/servicios-municipales\/servicios-sociales\/personas-mayores\/centros-residenciales-municipales-para-personas-mayores-dependientes\/\" class=\"more-link\">Continuar leyendo<span class=\"screen-reader-text\"> \u00abCentros Residenciales Municipales para Personas Mayores Dependientes\u00bb<\/span><\/a><\/p>\n","protected":false},"author":29,"featured_media":0,"parent":6603,"menu_order":10,"comment_status":"closed","ping_status":"closed","template":"","meta":{"_acf_changed":false,"footnotes":""},"class_list":["post-6484","page","type-page","status-publish","hentry"],"acf":[],"_links":{"self":[{"href":"https:\/\/alzira.es\/es\/wp-json\/wp\/v2\/pages\/6484","targetHints":{"allow":["GET"]}}],"collection":[{"href":"https:\/\/alzira.es\/es\/wp-json\/wp\/v2\/pages"}],"about":[{"href":"https:\/\/alzira.es\/es\/wp-json\/wp\/v2\/types\/page"}],"author":[{"embeddable":true,"href":"https:\/\/alzira.es\/es\/wp-json\/wp\/v2\/users\/29"}],"replies":[{"embeddable":true,"href":"https:\/\/alzira.es\/es\/wp-json\/wp\/v2\/comments?post=6484"}],"version-history":[{"count":2,"href":"https:\/\/alzira.es\/es\/wp-json\/wp\/v2\/pages\/6484\/revisions"}],"predecessor-version":[{"id":87579,"href":"https:\/\/alzira.es\/es\/wp-json\/wp\/v2\/pages\/6484\/revisions\/87579"}],"up":[{"embeddable":true,"href":"https:\/\/alzira.es\/es\/wp-json\/wp\/v2\/pages\/6603"}],"wp:attachment":[{"href":"https:\/\/alzira.es\/es\/wp-json\/wp\/v2\/media?parent=6484"}],"curies":[{"name":"wp","href":"https:\/\/api.w.org\/{rel}","templated":true}]}}