{"id":6480,"date":"2013-04-04T11:51:32","date_gmt":"2013-04-04T09:51:32","guid":{"rendered":"https:\/\/alzira.es\/servicio-menjar-a-casa\/"},"modified":"2021-08-31T21:05:23","modified_gmt":"2021-08-31T19:05:23","slug":"servicio-menjar-a-casa","status":"publish","type":"page","link":"https:\/\/alzira.es\/es\/servicios-municipales\/servicios-sociales\/personas-mayores\/servicio-menjar-a-casa\/","title":{"rendered":"Servicio \u00abMenjar a casa\u00bb"},"content":{"rendered":"\n<p><strong>DEFINICI\u00d3N<\/strong><\/p>\n\n\n\n<hr class=\"wp-block-separator\"\/>\n\n\n\n<p>Programa dirigido a mejorar la nutrici\u00f3n de las personas mayores, con una dieta saludable y adaptada a sus necesidades. La finalidad es contribuir de forma decisiva al estado de salud y posibilitar la permanencia en su entorno habitual.<br>El servicio consiste en la entrega de una comida diaria en el domicilio del beneficiario de lunes a viernes, excepto los festivos de car\u00e1cter nacional y auton\u00f3mico.<\/p>\n\n\n\n<p><strong><br>PRESTACIONES<\/strong><\/p>\n\n\n\n<hr class=\"wp-block-separator\"\/>\n\n\n\n<p>El men\u00fa diario incluye primer plato, segundo plato y postre.<\/p>\n\n\n\n<p><br>Dietas alimenticias:<\/p>\n\n\n\n<ul class=\"wp-block-list\"><li>Dieta basal o normal.<\/li><li>Dieta saludable.<\/li><li>Dieta diab\u00e9tica<\/li><li>Dieta de f\u00e1cil masticaci\u00f3n.<\/li><\/ul>\n\n\n\n<p><br>El men\u00fa se adaptara a las necesidades nutritivas de cada persona, seg\u00fan prescripci\u00f3n m\u00e9dica.<\/p>\n\n\n\n<p>&nbsp;<\/p>\n\n\n\n<p><strong>HORARIO DE ATENCI\u00d3N<\/strong><\/p>\n\n\n\n<hr class=\"wp-block-separator\"\/>\n\n\n\n<p>La entrega de la comida en el domicilio del usuario ser\u00e1 desde las 8&#8217;00&nbsp;horas hasta las&nbsp;14&#8217;00 horas.<br>La empresa distribuidora comunicar\u00e1 previamente a cada usuario la hora aproximada de entrega.<br>\u00c9sta&nbsp;podr\u00e1 realizarse en un domicilio contiguo o pr\u00f3ximo siempre que el beneficiario lo indique previamente.<\/p>\n\n\n\n<p>&nbsp;<\/p>\n\n\n\n<p><strong>CAPACIDAD<\/strong><\/p>\n\n\n\n<hr class=\"wp-block-separator\"\/>\n\n\n\n<p>El Ayuntamiento de Alzira dispone de 35 plazas para la prestaci\u00f3n del servicio \u201cmenjar a casa\u201d en el municipio.<br>&nbsp;<\/p>\n","protected":false},"excerpt":{"rendered":"<p>DEFINICI\u00d3N Programa dirigido a mejorar la nutrici\u00f3n de las personas mayores, con una dieta saludable y adaptada a sus necesidades. La finalidad es contribuir de forma decisiva al estado de salud y posibilitar la permanencia en su entorno habitual.El servicio consiste en la entrega de una comida diaria en el domicilio del beneficiario de lunes &hellip; <\/p>\n<p class=\"link-more\"><a href=\"https:\/\/alzira.es\/es\/servicios-municipales\/servicios-sociales\/personas-mayores\/servicio-menjar-a-casa\/\" class=\"more-link\">Continuar leyendo<span class=\"screen-reader-text\"> \u00abServicio \u00abMenjar a casa\u00bb\u00bb<\/span><\/a><\/p>\n","protected":false},"author":29,"featured_media":0,"parent":6603,"menu_order":11,"comment_status":"closed","ping_status":"closed","template":"","meta":{"_acf_changed":false,"footnotes":""},"class_list":["post-6480","page","type-page","status-publish","hentry"],"acf":[],"_links":{"self":[{"href":"https:\/\/alzira.es\/es\/wp-json\/wp\/v2\/pages\/6480","targetHints":{"allow":["GET"]}}],"collection":[{"href":"https:\/\/alzira.es\/es\/wp-json\/wp\/v2\/pages"}],"about":[{"href":"https:\/\/alzira.es\/es\/wp-json\/wp\/v2\/types\/page"}],"author":[{"embeddable":true,"href":"https:\/\/alzira.es\/es\/wp-json\/wp\/v2\/users\/29"}],"replies":[{"embeddable":true,"href":"https:\/\/alzira.es\/es\/wp-json\/wp\/v2\/comments?post=6480"}],"version-history":[{"count":2,"href":"https:\/\/alzira.es\/es\/wp-json\/wp\/v2\/pages\/6480\/revisions"}],"predecessor-version":[{"id":87591,"href":"https:\/\/alzira.es\/es\/wp-json\/wp\/v2\/pages\/6480\/revisions\/87591"}],"up":[{"embeddable":true,"href":"https:\/\/alzira.es\/es\/wp-json\/wp\/v2\/pages\/6603"}],"wp:attachment":[{"href":"https:\/\/alzira.es\/es\/wp-json\/wp\/v2\/media?parent=6480"}],"curies":[{"name":"wp","href":"https:\/\/api.w.org\/{rel}","templated":true}]}}