{"id":6478,"date":"2013-04-04T11:57:02","date_gmt":"2013-04-04T09:57:02","guid":{"rendered":"https:\/\/alzira.es\/servicio-major-a-casa\/"},"modified":"2021-08-31T20:58:00","modified_gmt":"2021-08-31T18:58:00","slug":"servicio-major-a-casa","status":"publish","type":"page","link":"https:\/\/alzira.es\/es\/servicios-municipales\/servicios-sociales\/personas-mayores\/servicio-major-a-casa\/","title":{"rendered":"Servicio \u00abMajor a casa\u00bb"},"content":{"rendered":"\n<p><strong>DEFINICI\u00d3N<\/strong><\/p>\n\n\n\n<hr class=\"wp-block-separator\"\/>\n\n\n\n<p>Servicio de car\u00e1cter integral que da cobertura a las necesidades de las personas mayores y sus familias, con la implementaci\u00f3n de tres prestaciones: alimentaci\u00f3n, lavander\u00eda y limpieza dom\u00e9stica, que se prestan de forma coordinada y continuada en el domicilio de las personas mayores.<\/p>\n\n\n\n<p>La finalidad del servicio es facilitar la permanencia en su entorno familiar y social, contribuyendo a la mejora del estado de salud y las condiciones de vida de las personas mayores.<\/p>\n\n\n\n<p>&nbsp;&nbsp;<\/p>\n\n\n\n<p><strong>PRESTACIONES<\/strong><\/p>\n\n\n\n<hr class=\"wp-block-separator\"\/>\n\n\n\n<p>El programa \u201cmajor a casa\u201d comprende un conjunto de servicios y suministros relacionados entre s\u00ed que se prestan de manera coordinada y continuada en el domicilio del beneficiario en el mes natural.<\/p>\n\n\n\n<p>Los servicios que contempla el programa son los siguientes:<\/p>\n\n\n\n<p>&nbsp;<\/p>\n\n\n\n<ol class=\"wp-block-list\"><li>Servicio de comida en el domicilio, que consiste en la entrega diaria a los beneficiarios, en su domicilio, de las\u00a0comidas de lunes a s\u00e1bado. El servicio de s\u00e1bado comprender\u00e1 las comidas\u00a0de s\u00e1bado y domingo. El mismo sistema de entrega se seguir\u00e1 el d\u00eda anterior a d\u00edas festivos.<\/li><li>Servicio de lavander\u00eda domiciliaria, que comprender\u00e1 limpieza de la ropa de cama y de ba\u00f1o de los usuarios.<\/li><li>Servicio de limpieza del hogar, que comprender\u00e1 todas aquellas tareas destinadas a mantener en condiciones de orden e higiene el domicilio del beneficiario.<\/li><\/ol>\n\n\n\n<p>&nbsp;<\/p>\n\n\n\n<p><strong>CAPACIDAD<\/strong><\/p>\n\n\n\n<hr class=\"wp-block-separator\"\/>\n\n\n\n<p>El Ayuntamiento de Alzira dispone de 10 plazas para la prestaci\u00f3n del servicio \u201cMajor a casa\u201d en el municipio. <\/p>\n\n\n\n<p>&nbsp;<\/p>\n\n\n\n<p>&nbsp;<\/p>\n","protected":false},"excerpt":{"rendered":"<p>DEFINICI\u00d3N Servicio de car\u00e1cter integral que da cobertura a las necesidades de las personas mayores y sus familias, con la implementaci\u00f3n de tres prestaciones: alimentaci\u00f3n, lavander\u00eda y limpieza dom\u00e9stica, que se prestan de forma coordinada y continuada en el domicilio de las personas mayores. La finalidad del servicio es facilitar la permanencia en su entorno &hellip; <\/p>\n<p class=\"link-more\"><a href=\"https:\/\/alzira.es\/es\/servicios-municipales\/servicios-sociales\/personas-mayores\/servicio-major-a-casa\/\" class=\"more-link\">Continuar leyendo<span class=\"screen-reader-text\"> \u00abServicio \u00abMajor a casa\u00bb\u00bb<\/span><\/a><\/p>\n","protected":false},"author":29,"featured_media":0,"parent":6603,"menu_order":12,"comment_status":"closed","ping_status":"closed","template":"","meta":{"_acf_changed":false,"footnotes":""},"class_list":["post-6478","page","type-page","status-publish","hentry"],"acf":[],"_links":{"self":[{"href":"https:\/\/alzira.es\/es\/wp-json\/wp\/v2\/pages\/6478","targetHints":{"allow":["GET"]}}],"collection":[{"href":"https:\/\/alzira.es\/es\/wp-json\/wp\/v2\/pages"}],"about":[{"href":"https:\/\/alzira.es\/es\/wp-json\/wp\/v2\/types\/page"}],"author":[{"embeddable":true,"href":"https:\/\/alzira.es\/es\/wp-json\/wp\/v2\/users\/29"}],"replies":[{"embeddable":true,"href":"https:\/\/alzira.es\/es\/wp-json\/wp\/v2\/comments?post=6478"}],"version-history":[{"count":1,"href":"https:\/\/alzira.es\/es\/wp-json\/wp\/v2\/pages\/6478\/revisions"}],"predecessor-version":[{"id":87583,"href":"https:\/\/alzira.es\/es\/wp-json\/wp\/v2\/pages\/6478\/revisions\/87583"}],"up":[{"embeddable":true,"href":"https:\/\/alzira.es\/es\/wp-json\/wp\/v2\/pages\/6603"}],"wp:attachment":[{"href":"https:\/\/alzira.es\/es\/wp-json\/wp\/v2\/media?parent=6478"}],"curies":[{"name":"wp","href":"https:\/\/api.w.org\/{rel}","templated":true}]}}