{"id":6474,"date":"2013-04-03T16:16:48","date_gmt":"2013-04-03T14:16:48","guid":{"rendered":"https:\/\/alzira.es\/centro-de-dia-municipal-para-personas-mayores-dependientes\/"},"modified":"2021-08-31T21:16:35","modified_gmt":"2021-08-31T19:16:35","slug":"centro-de-dia-municipal-para-personas-mayores-dependientes","status":"publish","type":"page","link":"https:\/\/alzira.es\/es\/servicios-municipales\/servicios-sociales\/personas-mayores\/centro-de-dia-municipal-para-personas-mayores-dependientes\/","title":{"rendered":"Centro de D\u00eda Municipal para Personas Mayores Dependientes"},"content":{"rendered":"\n<p><strong>DEFINICI\u00d3N<\/strong><\/p>\n\n\n\n<hr class=\"wp-block-separator\"\/>\n\n\n\n<p>Servicio sociosanitario y de apoyo familiar que ofrece una atenci\u00f3n diurna, integral, especializada y terap\u00e9utica destinado a personas mayores dependientes, con la finalidad de promover la autonom\u00eda personal y permanencia en su entorno habitual.<\/p>\n\n\n\n<p>&nbsp;<\/p>\n\n\n\n<p><strong>TITULARIDAD Y CAPACIDAD<\/strong><\/p>\n\n\n\n<hr class=\"wp-block-separator\"\/>\n\n\n\n<p>El centro de d\u00eda es propiedad del Ayuntamiento de Alzira. Dispone de 30 plazas de ocupaci\u00f3n. Est\u00e1 gestionado mediante concesi\u00f3n administrativa y est\u00e1 situado en la avenida de la Mediterr\u00e1nea, 30.<\/p>\n\n\n\n<figure class=\"wp-block-image size-medium is-resized\"><img fetchpriority=\"high\" decoding=\"async\" src=\"https:\/\/alzira.es\/wp-content\/uploads\/2013\/04\/Solimar-680x449.jpg\" alt=\"Solimar\" class=\"wp-image-6472\" width=\"680\" height=\"449\" srcset=\"https:\/\/alzira.es\/wp-content\/uploads\/2013\/04\/Solimar-680x449.jpg 680w, https:\/\/alzira.es\/wp-content\/uploads\/2013\/04\/Solimar-768x507.jpg 768w, https:\/\/alzira.es\/wp-content\/uploads\/2013\/04\/Solimar.jpg 800w\" sizes=\"(max-width: 680px) 100vw, 680px\" \/><\/figure>\n\n\n\n<p>&nbsp;<\/p>\n\n\n\n<p><strong>SERVICIOS QUE PRESTA<\/strong><\/p>\n\n\n\n<hr class=\"wp-block-separator\"\/>\n\n\n\n<p>El centro de d\u00eda municipal de personas mayores dependientes ofrece los siguientes servicios:<\/p>\n\n\n\n<p>&nbsp;<\/p>\n\n\n\n<p>Servicios b\u00e1sicos:<\/p>\n\n\n\n<ul class=\"wp-block-list\"><li>Acogimiento<\/li><li>Restauraci\u00f3n; dietas especiales.<\/li><li>Higiene personal.<\/li><\/ul>\n\n\n\n<p><br>Programas sanitarios:<\/p>\n\n\n\n<ul class=\"wp-block-list\"><li>Atenci\u00f3n m\u00e9dica y de enfermer\u00eda.<\/li><li>Atenci\u00f3n psicol\u00f3gica.<\/li><li>Terapia ocupacional.<\/li><li>Terapia de rehabilitaci\u00f3n.<\/li><li>Prevenci\u00f3n y promoci\u00f3n de la salud.<\/li><\/ul>\n\n\n\n<p>&nbsp;<\/p>\n\n\n\n<p>Programas sociales:<\/p>\n\n\n\n<ul class=\"wp-block-list\"><li>Animaci\u00f3n sociocultural.<\/li><li>Atenci\u00f3n social individual, grupal y comunitaria.<\/li><li>Atenci\u00f3n socio-familiar. <\/li><li>Transporte adaptado.<\/li><\/ul>\n\n\n\n<p>&nbsp;<\/p>\n\n\n\n<p>Servicios opcionales:<\/p>\n\n\n\n<p>Se entender\u00e1n aquellos que no son necesarios para la atenci\u00f3n integral b\u00e1sica del usuario.<br>&#8211; Servicio de peluquer\u00eda y podolog\u00eda.<br>&#8211; Otros, siempre que no est\u00e9n recogidos en la cartera de servicios b\u00e1sicos.<br>&nbsp;<\/p>\n","protected":false},"excerpt":{"rendered":"<p>DEFINICI\u00d3N Servicio sociosanitario y de apoyo familiar que ofrece una atenci\u00f3n diurna, integral, especializada y terap\u00e9utica destinado a personas mayores dependientes, con la finalidad de promover la autonom\u00eda personal y permanencia en su entorno habitual. &nbsp; TITULARIDAD Y CAPACIDAD El centro de d\u00eda es propiedad del Ayuntamiento de Alzira. Dispone de 30 plazas de ocupaci\u00f3n. &hellip; <\/p>\n<p class=\"link-more\"><a href=\"https:\/\/alzira.es\/es\/servicios-municipales\/servicios-sociales\/personas-mayores\/centro-de-dia-municipal-para-personas-mayores-dependientes\/\" class=\"more-link\">Continuar leyendo<span class=\"screen-reader-text\"> \u00abCentro de D\u00eda Municipal para Personas Mayores Dependientes\u00bb<\/span><\/a><\/p>\n","protected":false},"author":29,"featured_media":0,"parent":6603,"menu_order":14,"comment_status":"closed","ping_status":"closed","template":"","meta":{"_acf_changed":false,"footnotes":""},"class_list":["post-6474","page","type-page","status-publish","hentry"],"acf":[],"_links":{"self":[{"href":"https:\/\/alzira.es\/es\/wp-json\/wp\/v2\/pages\/6474","targetHints":{"allow":["GET"]}}],"collection":[{"href":"https:\/\/alzira.es\/es\/wp-json\/wp\/v2\/pages"}],"about":[{"href":"https:\/\/alzira.es\/es\/wp-json\/wp\/v2\/types\/page"}],"author":[{"embeddable":true,"href":"https:\/\/alzira.es\/es\/wp-json\/wp\/v2\/users\/29"}],"replies":[{"embeddable":true,"href":"https:\/\/alzira.es\/es\/wp-json\/wp\/v2\/comments?post=6474"}],"version-history":[{"count":2,"href":"https:\/\/alzira.es\/es\/wp-json\/wp\/v2\/pages\/6474\/revisions"}],"predecessor-version":[{"id":87601,"href":"https:\/\/alzira.es\/es\/wp-json\/wp\/v2\/pages\/6474\/revisions\/87601"}],"up":[{"embeddable":true,"href":"https:\/\/alzira.es\/es\/wp-json\/wp\/v2\/pages\/6603"}],"wp:attachment":[{"href":"https:\/\/alzira.es\/es\/wp-json\/wp\/v2\/media?parent=6474"}],"curies":[{"name":"wp","href":"https:\/\/api.w.org\/{rel}","templated":true}]}}