{"id":6470,"date":"2013-04-03T15:34:57","date_gmt":"2013-04-03T13:34:57","guid":{"rendered":"https:\/\/alzira.es\/centros-municipales-de-convivencia-per-a-personas-mayores\/"},"modified":"2021-08-31T21:11:53","modified_gmt":"2021-08-31T19:11:53","slug":"centros-municipales-de-convivencia-per-a-personas-mayores","status":"publish","type":"page","link":"https:\/\/alzira.es\/es\/servicios-municipales\/servicios-sociales\/personas-mayores\/centros-municipales-de-convivencia-per-a-personas-mayores\/","title":{"rendered":"Centros Municipales de Convivencia para Personas Mayores"},"content":{"rendered":"\n<p><strong>DEFINICI\u00d3N<\/strong><\/p>\n\n\n\n<hr class=\"wp-block-separator\"\/>\n\n\n\n<p>Servicios de atenci\u00f3n a las personas mayores que se contextualizan dentro de los denominados servicios de atenci\u00f3n diurna. Son recursos previstos en el nivel de atenci\u00f3n primaria del sistema de Servicios Sociales y se consideran como una prestaci\u00f3n b\u00e1sica y de proximidad al entorno sociofamiliar de los usuarios.<\/p>\n\n\n\n<p>Centros destinados a facilitar el acceso a bienes culturales, a la organizaci\u00f3n de actividades para la ocupaci\u00f3n del tiempo libre, fomento de la convivencia y el apoyo comunitario, propiciando la integraci\u00f3n de las personas mayores en los barrios donde se ubican.<\/p>\n\n\n\n<p>&nbsp;<\/p>\n\n\n\n<p><strong>FINALIDAD<\/strong><\/p>\n\n\n\n<hr class=\"wp-block-separator\"\/>\n\n\n\n<p>Potenciar la participaci\u00f3n, integraci\u00f3n y autorrealizaci\u00f3n de las personas mayores en el medio, previniendo situaciones de aislamiento y soledad, y potenciando el ejercicio de la plena ciudadan\u00eda de este colectivo en Alzira.<br>La prevenci\u00f3n, socializaci\u00f3n y formaci\u00f3n actuando los centros municipales como dispositivo favorecedor de la vida relacional y el asociacionismo.<\/p>\n\n\n\n<p>&nbsp;<\/p>\n\n\n\n<p><strong>TITULARIDAD<\/strong><\/p>\n\n\n\n<hr class=\"wp-block-separator\"\/>\n\n\n\n<p>Los centros de convivencia de personas mayores cuya titularidad corresponde al Ayuntamiento de Alzira son, \u201cAntonia Cerd\u00e1\u201d y \u201cPedro Garc\u00eda\u201d.<\/p>\n\n\n\n<p><span style=\"font-size: larger; text-decoration: underline;\">Antonio Cerd\u00e1<\/span><\/p>\n\n\n\n<figure class=\"wp-block-image size-medium is-resized\"><img fetchpriority=\"high\" decoding=\"async\" src=\"https:\/\/alzira.es\/wp-content\/uploads\/2013\/04\/Antonio-Cerda-680x510.jpg\" alt=\"Antonio Cerd\u00e1\" class=\"wp-image-6466\" width=\"680\" height=\"510\" srcset=\"https:\/\/alzira.es\/wp-content\/uploads\/2013\/04\/Antonio-Cerda-680x510.jpg 680w, https:\/\/alzira.es\/wp-content\/uploads\/2013\/04\/Antonio-Cerda-768x576.jpg 768w, https:\/\/alzira.es\/wp-content\/uploads\/2013\/04\/Antonio-Cerda.jpg 800w\" sizes=\"(max-width: 680px) 100vw, 680px\" \/><\/figure>\n\n\n\n<p><span style=\"text-decoration: underline;\"><span style=\"font-size: larger; color: #000000; text-decoration: underline;\"><\/span><\/span><\/p>\n\n\n\n<p><span style=\"font-size: larger; text-decoration: underline;\">Pedro Garc\u00eda<\/span><\/p>\n\n\n\n<figure class=\"wp-block-image size-medium is-resized\"><img decoding=\"async\" data-src=\"https:\/\/alzira.es\/wp-content\/uploads\/2013\/04\/Pedro-Gracia-680x510.jpg\" alt=\"Pedro Gracia\" class=\"wp-image-6468 lazyload\" width=\"680\" height=\"510\" data-srcset=\"https:\/\/alzira.es\/wp-content\/uploads\/2013\/04\/Pedro-Gracia-680x510.jpg 680w, https:\/\/alzira.es\/wp-content\/uploads\/2013\/04\/Pedro-Gracia-768x576.jpg 768w, https:\/\/alzira.es\/wp-content\/uploads\/2013\/04\/Pedro-Gracia.jpg 800w\" data-sizes=\"(max-width: 680px) 100vw, 680px\" src=\"data:image\/svg+xml;base64,PHN2ZyB3aWR0aD0iMSIgaGVpZ2h0PSIxIiB4bWxucz0iaHR0cDovL3d3dy53My5vcmcvMjAwMC9zdmciPjwvc3ZnPg==\" style=\"--smush-placeholder-width: 680px; --smush-placeholder-aspect-ratio: 680\/510;\" \/><\/figure>\n\n\n\n<p><span style=\"font-size: larger; text-decoration: underline;\"><\/span><\/p>\n\n\n\n<p><strong>PRESTACIONES<\/strong><\/p>\n\n\n\n<hr class=\"wp-block-separator\"\/>\n\n\n\n<p>Los centros disponen de una programaci\u00f3n que ofrece actividades de la tipolog\u00eda siguiente:<\/p>\n\n\n\n<p>1. Culturales y sociorecreativas.<br>2. Ocupacionales, rehabilitadoras y f\u00edsicas.<br>3. Cooperaci\u00f3n , ayuda mutua y volutariado social. .<br>4. Ocio y tiempo libre.<br>5. Convivencia y potenciaci\u00f3n de las relaciones.<\/p>\n\n\n\n<p>&nbsp;<\/p>\n\n\n\n<p>&nbsp;<\/p>\n\n\n\n<p><strong>CAPACIDAD Y UBICACI\u00d3N<\/strong><\/p>\n\n\n\n<hr class=\"wp-block-separator\"\/>\n\n\n\n<p>Recurso social de car\u00e1cter abierto. Los centros municipales de convivencia de personas mayores est\u00e1n ubicados, <a href=\"https:\/\/www.google.es\/maps\/place\/Carrer+de+Trafalgar,+65,+46600+Alzira,+Valencia\/@39.1579714,-0.4282763,17z\/data=!3m1!4b1!4m2!3m1!1s0xd61b0746efff0f5:0xb45fd737ab7e2885\" target=\"_blank\" rel=\"noopener\">\u201cAntonia Cerd\u00e1\u201d en la C\/ Trafalgar, 65 <\/a>y \u201cPedro Garc\u00eda\u201d en la Av\/ Del parc, 15.&nbsp;<\/p>\n\n\n\n<p>&nbsp;<\/p>\n\n\n\n<p>&nbsp;<\/p>\n","protected":false},"excerpt":{"rendered":"<p>DEFINICI\u00d3N Servicios de atenci\u00f3n a las personas mayores que se contextualizan dentro de los denominados servicios de atenci\u00f3n diurna. Son recursos previstos en el nivel de atenci\u00f3n primaria del sistema de Servicios Sociales y se consideran como una prestaci\u00f3n b\u00e1sica y de proximidad al entorno sociofamiliar de los usuarios. Centros destinados a facilitar el acceso &hellip; <\/p>\n<p class=\"link-more\"><a href=\"https:\/\/alzira.es\/es\/servicios-municipales\/servicios-sociales\/personas-mayores\/centros-municipales-de-convivencia-per-a-personas-mayores\/\" class=\"more-link\">Continuar leyendo<span class=\"screen-reader-text\"> \u00abCentros Municipales de Convivencia para Personas Mayores\u00bb<\/span><\/a><\/p>\n","protected":false},"author":29,"featured_media":0,"parent":6603,"menu_order":15,"comment_status":"closed","ping_status":"closed","template":"","meta":{"_acf_changed":false,"footnotes":""},"class_list":["post-6470","page","type-page","status-publish","hentry"],"acf":[],"_links":{"self":[{"href":"https:\/\/alzira.es\/es\/wp-json\/wp\/v2\/pages\/6470","targetHints":{"allow":["GET"]}}],"collection":[{"href":"https:\/\/alzira.es\/es\/wp-json\/wp\/v2\/pages"}],"about":[{"href":"https:\/\/alzira.es\/es\/wp-json\/wp\/v2\/types\/page"}],"author":[{"embeddable":true,"href":"https:\/\/alzira.es\/es\/wp-json\/wp\/v2\/users\/29"}],"replies":[{"embeddable":true,"href":"https:\/\/alzira.es\/es\/wp-json\/wp\/v2\/comments?post=6470"}],"version-history":[{"count":2,"href":"https:\/\/alzira.es\/es\/wp-json\/wp\/v2\/pages\/6470\/revisions"}],"predecessor-version":[{"id":87597,"href":"https:\/\/alzira.es\/es\/wp-json\/wp\/v2\/pages\/6470\/revisions\/87597"}],"up":[{"embeddable":true,"href":"https:\/\/alzira.es\/es\/wp-json\/wp\/v2\/pages\/6603"}],"wp:attachment":[{"href":"https:\/\/alzira.es\/es\/wp-json\/wp\/v2\/media?parent=6470"}],"curies":[{"name":"wp","href":"https:\/\/api.w.org\/{rel}","templated":true}]}}