{"id":6464,"date":"2010-11-03T15:26:48","date_gmt":"2010-11-03T14:26:48","guid":{"rendered":"https:\/\/alzira.es\/unidad-de-la-dependencia\/"},"modified":"2021-08-31T20:15:09","modified_gmt":"2021-08-31T18:15:09","slug":"unidad-de-la-dependencia","status":"publish","type":"page","link":"https:\/\/alzira.es\/es\/servicios-municipales\/servicios-sociales\/unidad-de-la-dependencia\/","title":{"rendered":"Unidad de la Dependencia"},"content":{"rendered":"\n<p class=\"has-text-align-center\"><strong>UNIDAD DE ATENCI\u00d3N MUNICIPAL A LA DEPENDENCIA<\/strong><\/p>\n\n\n\n<hr class=\"wp-block-separator\"\/>\n\n\n\n<p>Es un servicio profesionalizado que desarrolla un conjunto de actuaciones&nbsp;destinadas&nbsp;a dar a conocer a los ciudadanos y&nbsp; a las&nbsp; familias sus derechos, los procedimientos a seguir y las prestaciones disponibles ante una situaci\u00f3n de dependencia.<\/p>\n\n\n\n<div style=\"height:33px\" aria-hidden=\"true\" class=\"wp-block-spacer\"><\/div>\n\n\n\n<p>&nbsp;<strong>REQUISITOS DE ACCESO<\/strong><\/p>\n\n\n\n<hr class=\"wp-block-separator\"\/>\n\n\n\n<p>&nbsp;&#8211; Residencia efectiva en el municipio de Alzira<\/p>\n\n\n\n<p> &#8211; Encontrarse en uno de los grados de dependencia, seg\u00fan se recoge en la Ley 39\/2006 del 14 de diciembre de Promoci\u00f3n de la Autonom\u00eda Personal y la Atenci\u00f3n a las personas en situaci\u00f3n de dependencia.<\/p>\n\n\n\n<div style=\"height:33px\" aria-hidden=\"true\" class=\"wp-block-spacer\"><\/div>\n\n\n\n<p>&nbsp;<strong>SOLICITUD Y DOCUMENTACI\u00d3N A PRESENTAR<\/strong><\/p>\n\n\n\n<hr class=\"wp-block-separator\"\/>\n\n\n\n<ul class=\"wp-block-list\"><li>Modelo&nbsp;&nbsp; de&nbsp; impreso normalizado<\/li><li>NIF \/ DNI<\/li><li>Certificaci\u00f3n de empadronamiento<\/li><li>Informe de salud<\/li><\/ul>\n\n\n\n<p>Otra documentaci\u00f3n seg\u00fan las circunstancias del solicitante<\/p>\n\n\n\n<ul class=\"wp-block-list\"><li>Fotocopia del libro de familia (solo menores de tres a\u00f1os)<\/li><li>Fotocopia de la sentencia de incapacitaci\u00f3n judicial<\/li><li>Fotocopia del reconocimiento de discapacidad<\/li><\/ul>\n\n\n\n<p>&nbsp;&nbsp;&nbsp;&nbsp;&nbsp;&nbsp;&nbsp;&nbsp;&nbsp;<br>Toda la informaci\u00f3n e impresos necesarios se encuentra al siguiente enlace: <a href=\"http:\/\/www.bsocial.gva.es\/portal\/portal?id=LD&amp;sec=64201114455\">www.bsocial.gva.es<\/a><\/p>\n\n\n\n<div style=\"height:33px\" aria-hidden=\"true\" class=\"wp-block-spacer\"><\/div>\n\n\n\n<p><strong>PRESTACIONES Y SERVICIOS DE PROMOCI\u00d3N Y ATENCI\u00d3N A LA DEPENDENCIA<\/strong><\/p>\n\n\n\n<hr class=\"wp-block-separator\"\/>\n\n\n\n<p>El cat\u00e1logo de servicios y prestaciones establecidos en la normativa son&nbsp;los siguientes:<\/p>\n\n\n\n<ul class=\"wp-block-list\"><li>Servicio de Teleasistencia.<\/li><li>Servicio de atenci\u00f3n domiciliaria.<\/li><li>Centro de d\u00eda.<\/li><li>Centro de noche.<\/li><li>Residencias.<\/li><li>Prestaci\u00f3n econ\u00f3mica para cuidado en el entorno familiar y apoyo a cuidadores no profesionales.<\/li><li>Prestaci\u00f3n econ\u00f3mica vinculada a un servicio concertado y privado.<\/li><li>Prestaci\u00f3n econ\u00f3mica de Asistencia personal.<\/li><\/ul>\n\n\n\n<div style=\"height:33px\" aria-hidden=\"true\" class=\"wp-block-spacer\"><\/div>\n\n\n\n<p><br><strong>UBICACI\u00d3N DEL SERVICIO DE ATENCI\u00d3N A LA DEPENDENCIA<\/strong><\/p>\n\n\n\n<hr class=\"wp-block-separator\"\/>\n\n\n\n<p>&nbsp;<a href=\"https:\/\/www.google.es\/maps\/place\/Calle+Rambla,+46600+Alcira,+Valencia\/@39.1534018,-0.4408172,17z\/data=!3m1!4b1!4m2!3m1!1s0xd61baa800146b29:0x96fa3fdad8f729d9\" target=\"_blank\" rel=\"noopener\">Servicios Sociales Municipales<\/a><br><a href=\"https:\/\/www.google.es\/maps\/place\/Calle+Rambla,+46600+Alcira,+Valencia\/@39.1534018,-0.4408172,17z\/data=!3m1!4b1!4m2!3m1!1s0xd61baa800146b29:0x96fa3fdad8f729d9\" target=\"_blank\" rel=\"noopener\"> C\/Rambla, s\/ n&nbsp;&nbsp; <\/a><br>Tfn 96 245 59 26<\/p>\n\n\n\n<div style=\"height:33px\" aria-hidden=\"true\" class=\"wp-block-spacer\"><\/div>\n\n\n\n<p><br><strong>INFORMACI\u00d3N COMPLEMENTARIA<\/strong><\/p>\n\n\n\n<hr class=\"wp-block-separator\"\/>\n\n\n\n<p>Las solicitudes de reconocimiento de la situaci\u00f3n de dependencia y del derecho a las prestaciones del sistema, se podr\u00e1n presentar en el centro social: <a href=\"https:\/\/www.google.es\/maps\/place\/Calle+Rambla,+46600+Alcira,+Valencia\/@39.1534018,-0.4408172,17z\/data=!3m1!4b1!4m2!3m1!1s0xd61baa800146b29:0x96fa3fdad8f729d9\" target=\"_blank\" rel=\"noopener\">C\/ Rambla s\/n<\/a>. Tfn 96 245 59 26 con cita previa.<\/p>\n\n\n\n<p> &nbsp;<\/p>\n","protected":false},"excerpt":{"rendered":"<p>UNIDAD DE ATENCI\u00d3N MUNICIPAL A LA DEPENDENCIA Es un servicio profesionalizado que desarrolla un conjunto de actuaciones&nbsp;destinadas&nbsp;a dar a conocer a los ciudadanos y&nbsp; a las&nbsp; familias sus derechos, los procedimientos a seguir y las prestaciones disponibles ante una situaci\u00f3n de dependencia. &nbsp;REQUISITOS DE ACCESO &nbsp;&#8211; Residencia efectiva en el municipio de Alzira &#8211; Encontrarse &hellip; <\/p>\n<p class=\"link-more\"><a href=\"https:\/\/alzira.es\/es\/servicios-municipales\/servicios-sociales\/unidad-de-la-dependencia\/\" class=\"more-link\">Continuar leyendo<span class=\"screen-reader-text\"> \u00abUnidad de la Dependencia\u00bb<\/span><\/a><\/p>\n","protected":false},"author":29,"featured_media":0,"parent":6448,"menu_order":16,"comment_status":"closed","ping_status":"closed","template":"","meta":{"_acf_changed":false,"footnotes":""},"class_list":["post-6464","page","type-page","status-publish","hentry"],"acf":[],"_links":{"self":[{"href":"https:\/\/alzira.es\/es\/wp-json\/wp\/v2\/pages\/6464","targetHints":{"allow":["GET"]}}],"collection":[{"href":"https:\/\/alzira.es\/es\/wp-json\/wp\/v2\/pages"}],"about":[{"href":"https:\/\/alzira.es\/es\/wp-json\/wp\/v2\/types\/page"}],"author":[{"embeddable":true,"href":"https:\/\/alzira.es\/es\/wp-json\/wp\/v2\/users\/29"}],"replies":[{"embeddable":true,"href":"https:\/\/alzira.es\/es\/wp-json\/wp\/v2\/comments?post=6464"}],"version-history":[{"count":2,"href":"https:\/\/alzira.es\/es\/wp-json\/wp\/v2\/pages\/6464\/revisions"}],"predecessor-version":[{"id":87541,"href":"https:\/\/alzira.es\/es\/wp-json\/wp\/v2\/pages\/6464\/revisions\/87541"}],"up":[{"embeddable":true,"href":"https:\/\/alzira.es\/es\/wp-json\/wp\/v2\/pages\/6448"}],"wp:attachment":[{"href":"https:\/\/alzira.es\/es\/wp-json\/wp\/v2\/media?parent=6464"}],"curies":[{"name":"wp","href":"https:\/\/api.w.org\/{rel}","templated":true}]}}