{"id":6462,"date":"2010-10-28T12:11:13","date_gmt":"2010-10-28T10:11:13","guid":{"rendered":"https:\/\/alzira.es\/unidad-socioeducativa\/"},"modified":"2021-08-31T20:06:35","modified_gmt":"2021-08-31T18:06:35","slug":"unidad-socioeducativa","status":"publish","type":"page","link":"https:\/\/alzira.es\/es\/servicios-municipales\/servicios-sociales\/unidad-socioeducativa\/","title":{"rendered":"Unidad Socioeducativa"},"content":{"rendered":"\n<p class=\"has-text-align-center\"><span style=\"font-family: Arial;\"><strong>\u00c1REA DE ATENCI\u00d3N SOCIOEDUCATIVA CON MENORES Y J\u00d3VENES<\/strong><\/span><\/p>\n\n\n\n<hr class=\"wp-block-separator\"\/>\n\n\n\n<p><strong>\u00bfQU\u00c9 \u00c9S?<\/strong><\/p>\n\n\n\n<hr class=\"wp-block-separator\"\/>\n\n\n\n<p><strong><br><\/strong>Este servicio est\u00e1 destinado a la Atenci\u00f3n Socioeducativa de menores y j\u00f3venes en situaci\u00f3n de riesgo social, con un doble sentido: <\/p>\n\n\n\n<ul class=\"wp-block-list\"><li>Reeducar en el caso de aquellos menores y j\u00f3venes a los\u00a0cuales se les impone una Medida Judicial en Medio Abierto.<\/li><li>Prevenir, en el caso de menores y j\u00f3venes que est\u00e1n en situaci\u00f3n de riesgo social y no han cometido ning\u00fan delito, aplic\u00e1ndose el recurso o programa correspondiente.<\/li><\/ul>\n\n\n\n<p class=\"has-text-align-left\">Todas las intervenciones y programas que se detallan a continuaci\u00f3n se fundamentan en los principios contemplados en cada una de la Leyes que rigen las actuaciones que se realizan desde el \u00e1mbito social, educativo, formativo-laboral y l\u00fadico.<\/p>\n\n\n\n<div style=\"height:31px\" aria-hidden=\"true\" class=\"wp-block-spacer\"><\/div>\n\n\n\n<p class=\"has-text-align-left\"><br><strong>\u00bfQU\u00c9 HACEMOS?<\/strong><\/p>\n\n\n\n<hr class=\"wp-block-separator\"\/>\n\n\n\n<ul class=\"wp-block-list\"><li>Informaci\u00f3n, orientaci\u00f3n y asesoramiento a menores, j\u00f3venes y familias.<\/li><li>Entrevistas con contenido socioeducativo.<\/li><li>Seguimientos socioeducativos.<\/li><li>Inserci\u00f3n en recursos de \u00e1mbito educativo, formativo-laboral, social y l\u00fadico.<\/li><li>Elaboraci\u00f3n de proyectos socioeducativos.<\/li><\/ul>\n\n\n\n<div style=\"height:31px\" aria-hidden=\"true\" class=\"wp-block-spacer\"><\/div>\n\n\n\n<p><br><strong>PROGRAMAS<\/strong><\/p>\n\n\n\n<hr class=\"wp-block-separator\"\/>\n\n\n\n<ul class=\"wp-block-list\"><li>Programa de Medidas Judiciales en Medio Abierto.<\/li><li>Programa Municipal contra el Absentismo Escolar.<\/li><li>Programa de Intervenci\u00f3n Socioeducativa en Centros de ESO.<\/li><li>Programa de Educaci\u00f3n Vial.<\/li><li>Programa de Trabajos en Beneficio de la Comunidad por delitos contra la Seguridad Vial (Adultos)<\/li><\/ul>\n\n\n\n<div style=\"height:31px\" aria-hidden=\"true\" class=\"wp-block-spacer\"><\/div>\n\n\n\n<p><br><strong>C\u00d3MO ACCEDER<\/strong><\/p>\n\n\n\n<hr class=\"wp-block-separator\"\/>\n\n\n\n<ul class=\"wp-block-list\"><li>Programa de Medidas Judiciales en Medio Abierto: Derivaci\u00f3n del caso a trav\u00e9s de la Direcci\u00f3n Territorial de Justicia y Administraciones\u00a0P\u00fablicas.<\/li><li>Programa Municipal Contra el Absentismo Escolar: Hojas de control de los Centros Educativos o informe de la Polic\u00eda Local.<\/li><li>Las dem\u00e1s \u00e1reas, derivaci\u00f3n del caso a trav\u00e9s del Trabajador Social de zona.<\/li><\/ul>\n\n\n\n<div style=\"height:31px\" aria-hidden=\"true\" class=\"wp-block-spacer\"><\/div>\n\n\n\n<p><strong>DONDE ESTAMOS<\/strong><\/p>\n\n\n\n<hr class=\"wp-block-separator\"\/>\n\n\n\n<p><a href=\"https:\/\/www.google.es\/maps\/place\/Pla%C3%A7a+de+Jes%C3%BAs,+46600+Alzira,+Valencia\/@39.1580269,-0.4264921,17z\/data=!3m1!4b1!4m2!3m1!1s0xd61b076a6176de9:0x9b28e75698d54d37\" target=\"_blank\" rel=\"noopener\">Centro de Participaci\u00f3n Ciudadana, Pl. &nbsp;Jes\u00fas s\/n <\/a><\/p>\n\n\n\n<p>Tel\u00e9fono: 96 100 00 40<br>\u00a0<\/p>\n","protected":false},"excerpt":{"rendered":"<p>\u00c1REA DE ATENCI\u00d3N SOCIOEDUCATIVA CON MENORES Y J\u00d3VENES \u00bfQU\u00c9 \u00c9S? Este servicio est\u00e1 destinado a la Atenci\u00f3n Socioeducativa de menores y j\u00f3venes en situaci\u00f3n de riesgo social, con un doble sentido: Reeducar en el caso de aquellos menores y j\u00f3venes a los\u00a0cuales se les impone una Medida Judicial en Medio Abierto. Prevenir, en el caso &hellip; <\/p>\n<p class=\"link-more\"><a href=\"https:\/\/alzira.es\/es\/servicios-municipales\/servicios-sociales\/unidad-socioeducativa\/\" class=\"more-link\">Continuar leyendo<span class=\"screen-reader-text\"> \u00abUnidad Socioeducativa\u00bb<\/span><\/a><\/p>\n","protected":false},"author":29,"featured_media":0,"parent":6448,"menu_order":17,"comment_status":"closed","ping_status":"closed","template":"","meta":{"_acf_changed":false,"footnotes":""},"class_list":["post-6462","page","type-page","status-publish","hentry"],"acf":[],"_links":{"self":[{"href":"https:\/\/alzira.es\/es\/wp-json\/wp\/v2\/pages\/6462","targetHints":{"allow":["GET"]}}],"collection":[{"href":"https:\/\/alzira.es\/es\/wp-json\/wp\/v2\/pages"}],"about":[{"href":"https:\/\/alzira.es\/es\/wp-json\/wp\/v2\/types\/page"}],"author":[{"embeddable":true,"href":"https:\/\/alzira.es\/es\/wp-json\/wp\/v2\/users\/29"}],"replies":[{"embeddable":true,"href":"https:\/\/alzira.es\/es\/wp-json\/wp\/v2\/comments?post=6462"}],"version-history":[{"count":1,"href":"https:\/\/alzira.es\/es\/wp-json\/wp\/v2\/pages\/6462\/revisions"}],"predecessor-version":[{"id":87536,"href":"https:\/\/alzira.es\/es\/wp-json\/wp\/v2\/pages\/6462\/revisions\/87536"}],"up":[{"embeddable":true,"href":"https:\/\/alzira.es\/es\/wp-json\/wp\/v2\/pages\/6448"}],"wp:attachment":[{"href":"https:\/\/alzira.es\/es\/wp-json\/wp\/v2\/media?parent=6462"}],"curies":[{"name":"wp","href":"https:\/\/api.w.org\/{rel}","templated":true}]}}