{"id":6454,"date":"2010-07-21T11:48:51","date_gmt":"2010-07-21T09:48:51","guid":{"rendered":"https:\/\/alzira.es\/servicio-especializado-atencion-familia-infancia\/"},"modified":"2021-08-31T20:00:06","modified_gmt":"2021-08-31T18:00:06","slug":"servicio-especializado-atencion-familia-infancia","status":"publish","type":"page","link":"https:\/\/alzira.es\/es\/servicios-municipales\/servicios-sociales\/servicio-especializado-atencion-familia-infancia\/","title":{"rendered":"Servicio Especializado Atenci\u00f3n Familia Infancia"},"content":{"rendered":"\n<p class=\"has-text-align-center\">&nbsp;<\/p>\n\n\n\n<p><strong>\u00bfQU\u00c9 ES?<\/strong>:<\/p>\n\n\n\n<hr class=\"wp-block-separator\"\/>\n\n\n\n<p>El&nbsp; Equipo Espec\u00edfico de Intervenci\u00f3n con Infancia y Adolescencia (EEIIA)&nbsp;es un recurso especializado que ofrece atenci\u00f3n psicol\u00f3gica&nbsp;y socioeducativa a las familias que&nbsp;se&nbsp;encuentran en situaci\u00f3n de vulnerabilidad o conflicto,&nbsp;y proporciona una intervenci\u00f3n especializada de car\u00e1cter integral a los&nbsp;nucleos familiares.&nbsp;<\/p>\n\n\n\n<div style=\"height:26px\" aria-hidden=\"true\" class=\"wp-block-spacer\"><\/div>\n\n\n\n<p><strong>\u00bfQUE HACEMOS? TIPOS DE INTERVENCI\u00d3N:<\/strong><\/p>\n\n\n\n<hr class=\"wp-block-separator\"\/>\n\n\n\n<ul class=\"wp-block-list\"><li>Terapia familiar: Tratamiento especializado dirigido al conjunto de la familia, o a alguno de sus miembros,&nbsp;con la finalidad de provocar canvios en las relaciones familiares que&nbsp;hagan a la fam\u00edlia competente para normalizar sus relaciones familiares&nbsp;y sociales.<\/li><li>Orientaci\u00f3n psicosocial: intervenci\u00f3n&nbsp;con el&nbsp;objectivo de&nbsp;mejorar las capacidades de la fam\u00edlia&nbsp;y los&nbsp;v\u00ednculos que unen sus miembros.<\/li><li>Mediaci\u00f3n familiar: V\u00eda de resoluci\u00f3n de conflictos,&nbsp;donde&nbsp;las partes cuentan con la ayuda de un mediador especializado como la persona imparcial que dise\u00f1a un proceso para&nbsp;alcanzar acuerdos dirigidos a :&nbsp;<ul><li>Parejas&nbsp;en proceso de separaci\u00f3n o divorcio. <\/li><li>Familias&nbsp;con problemas de convivencia.<\/li><\/ul><\/li><\/ul>\n\n\n\n<div style=\"height:26px\" aria-hidden=\"true\" class=\"wp-block-spacer\"><\/div>\n\n\n\n<p><strong>PROGRAMAS:<\/strong><\/p>\n\n\n\n<hr class=\"wp-block-separator\"\/>\n\n\n\n<ul class=\"wp-block-list\"><li>Familias monoparentales.<\/li><li>Familias con situaciones de violencia.<\/li><li>Familias&nbsp;con menores en situaci\u00f3n de riesgo, guarda&nbsp;y\/o tutela administrativa.<\/li><li>Familias en situaci\u00f3n de crisis, por conflictos conyugales y\/ o intergeneracionales.<\/li><\/ul>\n\n\n\n<div style=\"height:26px\" aria-hidden=\"true\" class=\"wp-block-spacer\"><\/div>\n\n\n\n<p><strong>COMO ACCEDER. PROCEDIMIENTO:<\/strong><\/p>\n\n\n\n<hr class=\"wp-block-separator\"\/>\n\n\n\n<p>A este&nbsp;recurso espec\u00edfico se accede a trav\u00e9s de la derivaci\u00f3n de los Servicios Sociales de Atenci\u00f3n Primaria B\u00e1sica.<br>Si el que solicita la intervenci\u00f3n para alg\u00fan menor&nbsp;&nbsp;y\/o familia es un recurso externo, han de enviar al centre social del c\/&nbsp;Rambla, s\/n, la notificaci\u00f3n respectiva:<\/p>\n\n\n\n<ul class=\"wp-block-list\"><li>Desde el \u00e1mbito educativo.<\/li><li>Desde el \u00e1mbito policial.<\/li><li>Desde el \u00e1mbito sanitario.<\/li><\/ul>\n\n\n\n<div style=\"height:26px\" aria-hidden=\"true\" class=\"wp-block-spacer\"><\/div>\n\n\n\n<p><strong>DONDE ESTAMOS:<\/strong><\/p>\n\n\n\n<hr class=\"wp-block-separator\"\/>\n\n\n\n<p><strong><br><\/strong>En el centro <a href=\"https:\/\/www.google.es\/maps\/place\/Carrer+de+la+Independencia,+43,+46600+Alzira,+Valencia\/@39.1535774,-0.4234438,17z\/data=!3m1!4b1!4m2!3m1!1s0xd61ba9d620436ad:0xc96ac0a658bbd8f4\" target=\"_blank\" rel=\"noopener\">social Xalet de Fava, ubicado&nbsp;en la&nbsp;c\/ Independ\u00e8ncia n\u00fam. 43.Tel\u00e8fon: 96 201 81 52<\/a>.<\/p>\n\n\n\n<p>Fax: 96 201 82 03<\/p>\n\n\n\n<p><br>&nbsp;<\/p>\n","protected":false},"excerpt":{"rendered":"<p>&nbsp; \u00bfQU\u00c9 ES?: El&nbsp; Equipo Espec\u00edfico de Intervenci\u00f3n con Infancia y Adolescencia (EEIIA)&nbsp;es un recurso especializado que ofrece atenci\u00f3n psicol\u00f3gica&nbsp;y socioeducativa a las familias que&nbsp;se&nbsp;encuentran en situaci\u00f3n de vulnerabilidad o conflicto,&nbsp;y proporciona una intervenci\u00f3n especializada de car\u00e1cter integral a los&nbsp;nucleos familiares.&nbsp; \u00bfQUE HACEMOS? TIPOS DE INTERVENCI\u00d3N: Terapia familiar: Tratamiento especializado dirigido al conjunto de la &hellip; <\/p>\n<p class=\"link-more\"><a href=\"https:\/\/alzira.es\/es\/servicios-municipales\/servicios-sociales\/servicio-especializado-atencion-familia-infancia\/\" class=\"more-link\">Continuar leyendo<span class=\"screen-reader-text\"> \u00abServicio Especializado Atenci\u00f3n Familia Infancia\u00bb<\/span><\/a><\/p>\n","protected":false},"author":29,"featured_media":0,"parent":6448,"menu_order":18,"comment_status":"closed","ping_status":"closed","template":"","meta":{"_acf_changed":false,"footnotes":""},"class_list":["post-6454","page","type-page","status-publish","hentry"],"acf":[],"_links":{"self":[{"href":"https:\/\/alzira.es\/es\/wp-json\/wp\/v2\/pages\/6454","targetHints":{"allow":["GET"]}}],"collection":[{"href":"https:\/\/alzira.es\/es\/wp-json\/wp\/v2\/pages"}],"about":[{"href":"https:\/\/alzira.es\/es\/wp-json\/wp\/v2\/types\/page"}],"author":[{"embeddable":true,"href":"https:\/\/alzira.es\/es\/wp-json\/wp\/v2\/users\/29"}],"replies":[{"embeddable":true,"href":"https:\/\/alzira.es\/es\/wp-json\/wp\/v2\/comments?post=6454"}],"version-history":[{"count":2,"href":"https:\/\/alzira.es\/es\/wp-json\/wp\/v2\/pages\/6454\/revisions"}],"predecessor-version":[{"id":87532,"href":"https:\/\/alzira.es\/es\/wp-json\/wp\/v2\/pages\/6454\/revisions\/87532"}],"up":[{"embeddable":true,"href":"https:\/\/alzira.es\/es\/wp-json\/wp\/v2\/pages\/6448"}],"wp:attachment":[{"href":"https:\/\/alzira.es\/es\/wp-json\/wp\/v2\/media?parent=6454"}],"curies":[{"name":"wp","href":"https:\/\/api.w.org\/{rel}","templated":true}]}}