{"id":6450,"date":"2010-07-21T11:25:20","date_gmt":"2010-07-21T09:25:20","guid":{"rendered":"https:\/\/alzira.es\/servicios-sociales-generales\/"},"modified":"2021-08-31T19:50:20","modified_gmt":"2021-08-31T17:50:20","slug":"servicios-sociales-generales","status":"publish","type":"page","link":"https:\/\/alzira.es\/es\/servicios-municipales\/servicios-sociales\/servicios-sociales-generales\/","title":{"rendered":"Atenci\u00f3n Primaria B\u00e1sica"},"content":{"rendered":"\n<p><strong>\u00bfQU\u00c9 \u00c9S?<\/strong><\/p>\n\n\n\n<hr class=\"wp-block-separator\"\/>\n\n\n\n<p>&nbsp;La Atenci\u00f3n Prim\u00e0ria B\u00e0sica es la estructura b\u00e1sica del sistema p\u00fablico de servicios sociales,&nbsp;sustentado&nbsp;por un&nbsp;marco jur\u00eddico amplio&nbsp;&nbsp;que&nbsp;regula su \u00e1mbito,&nbsp;estructura, competencias&nbsp;y desarrollo.<\/p>\n\n\n\n<p>Conforma un conjunto de servicios&nbsp;y prestaciones que tienen el objetivo de garantizar la cobertura de las necesidades sociales, prevenir las circunstancias que originan la marginaci\u00f3n, el desarrollo pleno de los grupos y las personas y garanticen la igualdad, as\u00ed como la promoci\u00f3n de la plena inserci\u00f3n de las personas y los grupos en la vida comunitaria.<\/p>\n\n\n\n<p>Para conseguir esto, se sirve de un equipo professional interdisciplinar que cubre las diferentes \u00e1reas.<\/p>\n\n\n\n<p>&nbsp;<\/p>\n\n\n\n<p><strong>EL SISTEMA DE PRESTACIONES Y SERVICIOS<\/strong><\/p>\n\n\n\n<hr class=\"wp-block-separator\"\/>\n\n\n\n<p>Las prestaciones b\u00e1sicas que conforman el nivel de Atenci\u00f3n Primaria B\u00e1sica tienen la intenci\u00f3n de dar respuesta a las necesidades sociales.<\/p>\n\n\n\n<p>Se distinguen los siguientes programas:<\/p>\n\n\n\n<p><strong>&#8211; Informaci\u00f3n y orientaci\u00f3n.<\/strong><br><strong>&#8211; Ayuda a domicilio y otras ayudas a la unidad convivencial.<br><strong>-Fomento de la solidaridad&nbsp;y la cooperaci\u00f3n social.<\/strong><br><strong>&#8211; Prevenci\u00f3n e inserci\u00f3n social.<\/strong><\/strong><br><\/p>\n\n\n\n<p><\/p>\n\n\n\n<p><strong>DATOS DE CONTACTO<\/strong><\/p>\n\n\n\n<hr class=\"wp-block-separator\"\/>\n\n\n\n<p>&#8211; Centro social \u00abLa Vila\u00bb: C\/ Rambla s\/n. Tel. 96 245 59 26<br>&#8211; Centro social \u00abGermanies\u00bb:&nbsp; Pl. Germanies, s\/n. Tel. 96 241 83 04<br>&#8211; Centro social \u00abCPC\u00bb: Pl. Jes\u00fas,&nbsp;s\/n. Tel. 96&nbsp;100 00 40&nbsp;&nbsp;&nbsp;&nbsp;<br><\/p>\n\n\n\n<p>&nbsp;<\/p>\n","protected":false},"excerpt":{"rendered":"<p>\u00bfQU\u00c9 \u00c9S? &nbsp;La Atenci\u00f3n Prim\u00e0ria B\u00e0sica es la estructura b\u00e1sica del sistema p\u00fablico de servicios sociales,&nbsp;sustentado&nbsp;por un&nbsp;marco jur\u00eddico amplio&nbsp;&nbsp;que&nbsp;regula su \u00e1mbito,&nbsp;estructura, competencias&nbsp;y desarrollo. Conforma un conjunto de servicios&nbsp;y prestaciones que tienen el objetivo de garantizar la cobertura de las necesidades sociales, prevenir las circunstancias que originan la marginaci\u00f3n, el desarrollo pleno de los grupos y &hellip; <\/p>\n<p class=\"link-more\"><a href=\"https:\/\/alzira.es\/es\/servicios-municipales\/servicios-sociales\/servicios-sociales-generales\/\" class=\"more-link\">Continuar leyendo<span class=\"screen-reader-text\"> \u00abAtenci\u00f3n Primaria B\u00e1sica\u00bb<\/span><\/a><\/p>\n","protected":false},"author":29,"featured_media":0,"parent":6448,"menu_order":19,"comment_status":"closed","ping_status":"closed","template":"","meta":{"_acf_changed":false,"footnotes":""},"class_list":["post-6450","page","type-page","status-publish","hentry"],"acf":[],"_links":{"self":[{"href":"https:\/\/alzira.es\/es\/wp-json\/wp\/v2\/pages\/6450","targetHints":{"allow":["GET"]}}],"collection":[{"href":"https:\/\/alzira.es\/es\/wp-json\/wp\/v2\/pages"}],"about":[{"href":"https:\/\/alzira.es\/es\/wp-json\/wp\/v2\/types\/page"}],"author":[{"embeddable":true,"href":"https:\/\/alzira.es\/es\/wp-json\/wp\/v2\/users\/29"}],"replies":[{"embeddable":true,"href":"https:\/\/alzira.es\/es\/wp-json\/wp\/v2\/comments?post=6450"}],"version-history":[{"count":2,"href":"https:\/\/alzira.es\/es\/wp-json\/wp\/v2\/pages\/6450\/revisions"}],"predecessor-version":[{"id":87522,"href":"https:\/\/alzira.es\/es\/wp-json\/wp\/v2\/pages\/6450\/revisions\/87522"}],"up":[{"embeddable":true,"href":"https:\/\/alzira.es\/es\/wp-json\/wp\/v2\/pages\/6448"}],"wp:attachment":[{"href":"https:\/\/alzira.es\/es\/wp-json\/wp\/v2\/media?parent=6450"}],"curies":[{"name":"wp","href":"https:\/\/api.w.org\/{rel}","templated":true}]}}