{"id":6410,"date":"2012-02-14T18:57:07","date_gmt":"2012-02-14T17:57:07","guid":{"rendered":"https:\/\/alzira.es\/cementerio-municipal\/"},"modified":"2025-01-22T16:09:08","modified_gmt":"2025-01-22T15:09:08","slug":"cementerio-municipal","status":"publish","type":"page","link":"https:\/\/alzira.es\/es\/servicios-publicos\/cementerio-municipal\/","title":{"rendered":"Cementerio Municipal"},"content":{"rendered":"\n<p>Horario, de lunes a domingo:<\/p>\n\n\n\n<ul class=\"wp-block-list\">\n<li>Del 1 de mayo al 31 de octubre: de 9 a 19 horas.<\/li>\n\n\n\n<li>Del 1 de\u00a0noviembre al 30 de abril: de 9 a 18 horas.<\/li>\n\n\n\n<li>Viernes Santo: de 9 a 14 horas.<\/li>\n<\/ul>\n\n\n\n<p><span style=\"line-height: 1.6;\">Horario de oficina: de lunes a viernes, de 9 a 14 horas.<\/span><\/p>\n\n\n\n<p>Tel\u00e9fono:\u00a0661 522 567  \/  627 739 545<\/p>\n\n\n\n<p>Correo electr\u00f3nico: <a href=\"mailto:cementeri@alzira.es\">cementeri@alzira.es<\/a><\/p>\n\n\n\n<p>Todos los jueves del a\u00f1o, excepto los festivos en cuyo caso se realizar\u00e1 el&nbsp;mi\u00e9rcoles anterior, hay un servicio de autob\u00fas al Cementerio:<\/p>\n\n\n\n<p>Salidas de la Pl. Reino: 16 h.<\/p>\n\n\n\n<p>Salidas del Cementerio:&nbsp;17:10 h.<\/p>\n\n\n\n<p>* En el Cementerio Municipal se dispone de silla de ruedas para todas aquellas personas que la necesiten.<\/p>\n\n\n\n<p>El d\u00eda 1 de noviembre de 2015, a las 12 horas, se celebrar\u00e1 la <span style=\"text-decoration: underline;\"><strong><span style=\"color: #000000; text-decoration: underline;\">Misa de Todos los Santos<\/span><\/strong><\/span> en la Capilla del Cementerio.<\/p>\n\n\n\n<hr class=\"wp-block-separator has-css-opacity\"\/>\n\n\n\n<p><a href=\"https:\/\/alzira.es\/wp-content\/uploads\/2012\/02\/ordenana_fiscal_cementeri_municipal.pdf\" target=\"_blank\" rel=\"noreferrer noopener\">ORDENANZA FISCAL REGULADORA DE LA PRESTACI\u00d3N DE SERVICIOS EN EL CEMENTERIO MUNICIPAL<\/a><\/p>\n\n\n\n<hr class=\"wp-block-separator has-css-opacity\"\/>\n\n\n\n<p><a href=\"https:\/\/alzira.es\/wp-content\/uploads\/2012\/02\/reglamento_para_el_rgimen_y_gobierno_en_la_prestacin_de_servicios_en_el_cementerio_municipal_de_la_ciudad.pdf\" target=\"_blank\" rel=\"noreferrer noopener\">REGLAMENTO PARA EL R\u00c9GIMEN Y GOBIERNO EN LA PRESTACI\u00d3N DE SERVICIOS EN EL CEMENTERIO MUNICIPAL<\/a><\/p>\n\n\n\n<hr class=\"wp-block-separator has-css-opacity\"\/>\n\n\n\n<p>&nbsp;<\/p>\n\n\n<div class=\"wp-block-image\">\n<figure class=\"aligncenter size-medium is-resized\"><img fetchpriority=\"high\" decoding=\"async\" width=\"680\" height=\"412\" src=\"https:\/\/alzira.es\/wp-content\/uploads\/2012\/02\/cementeri-680x412.jpg\" alt=\"\" class=\"wp-image-6406\" style=\"width:680px;height:412px\" srcset=\"https:\/\/alzira.es\/wp-content\/uploads\/2012\/02\/cementeri-680x412.jpg 680w, https:\/\/alzira.es\/wp-content\/uploads\/2012\/02\/cementeri-768x466.jpg 768w, https:\/\/alzira.es\/wp-content\/uploads\/2012\/02\/cementeri.jpg 1262w\" sizes=\"(max-width: 680px) 100vw, 680px\" \/><\/figure>\n<\/div>\n\n\n<p class=\"has-text-align-center\"><\/p>\n","protected":false},"excerpt":{"rendered":"<p>Horario, de lunes a domingo: Horario de oficina: de lunes a viernes, de 9 a 14 horas. Tel\u00e9fono:\u00a0661 522 567 \/ 627 739 545 Correo electr\u00f3nico: cementeri@alzira.es Todos los jueves del a\u00f1o, excepto los festivos en cuyo caso se realizar\u00e1 el&nbsp;mi\u00e9rcoles anterior, hay un servicio de autob\u00fas al Cementerio: Salidas de la Pl. Reino: 16 &hellip; <\/p>\n<p class=\"link-more\"><a href=\"https:\/\/alzira.es\/es\/servicios-publicos\/cementerio-municipal\/\" class=\"more-link\">Continuar leyendo<span class=\"screen-reader-text\"> \u00abCementerio Municipal\u00bb<\/span><\/a><\/p>\n","protected":false},"author":29,"featured_media":0,"parent":6290,"menu_order":0,"comment_status":"closed","ping_status":"closed","template":"","meta":{"_acf_changed":false,"footnotes":""},"class_list":["post-6410","page","type-page","status-publish","hentry"],"acf":[],"_links":{"self":[{"href":"https:\/\/alzira.es\/es\/wp-json\/wp\/v2\/pages\/6410","targetHints":{"allow":["GET"]}}],"collection":[{"href":"https:\/\/alzira.es\/es\/wp-json\/wp\/v2\/pages"}],"about":[{"href":"https:\/\/alzira.es\/es\/wp-json\/wp\/v2\/types\/page"}],"author":[{"embeddable":true,"href":"https:\/\/alzira.es\/es\/wp-json\/wp\/v2\/users\/29"}],"replies":[{"embeddable":true,"href":"https:\/\/alzira.es\/es\/wp-json\/wp\/v2\/comments?post=6410"}],"version-history":[{"count":2,"href":"https:\/\/alzira.es\/es\/wp-json\/wp\/v2\/pages\/6410\/revisions"}],"predecessor-version":[{"id":157767,"href":"https:\/\/alzira.es\/es\/wp-json\/wp\/v2\/pages\/6410\/revisions\/157767"}],"up":[{"embeddable":true,"href":"https:\/\/alzira.es\/es\/wp-json\/wp\/v2\/pages\/6290"}],"wp:attachment":[{"href":"https:\/\/alzira.es\/es\/wp-json\/wp\/v2\/media?parent=6410"}],"curies":[{"name":"wp","href":"https:\/\/api.w.org\/{rel}","templated":true}]}}