{"id":6404,"date":"2012-03-30T14:24:32","date_gmt":"2012-03-30T12:24:32","guid":{"rendered":"https:\/\/alzira.es\/recepcion-de-pilas-y-flourescentes\/"},"modified":"2021-09-02T00:14:55","modified_gmt":"2021-09-01T22:14:55","slug":"recepcion-de-pilas-y-flourescentes","status":"publish","type":"page","link":"https:\/\/alzira.es\/es\/servicios-publicos\/limpieza-urbana\/recepcion-de-pilas-y-flourescentes\/","title":{"rendered":"Recepci\u00f3n de pilas y fluorescentes"},"content":{"rendered":"<p style=\"text-align: justify\">\u00bfQuieres ser uno de los comercios receptores y contribuir al medio ambiente, adem\u00e1s de ser conocido y que la gente te visite?<\/p>\n<p style=\"text-align: justify\">&nbsp;<\/p>\n<p style=\"text-align: justify\">Adhi\u00e9rete a la campa\u00f1a y hazte receptor, s\u00f3lo deber\u00e1s tener en tu establecimiento un recipiente donde dejar las pilas y fluorescentes que te lleven.<\/p>\n<p style=\"text-align: justify\">&nbsp;<\/p>\n<p style=\"text-align: justify\">Despu\u00e9s llama al n\u00famero de tel\u00e9fono de atenci\u00f3n y pasar\u00e1n a recogerlo lo m\u00e1s pronto posible.&nbsp;<\/p>\n<p style=\"text-align: center\"><img decoding=\"async\" height=\"36\" alt=\"\" width=\"250\" data-src=\"https:\/\/alzira.es\/contenidos\/SerPub\/Neteja\/imatges\/telefon.jpg\" src=\"data:image\/svg+xml;base64,PHN2ZyB3aWR0aD0iMSIgaGVpZ2h0PSIxIiB4bWxucz0iaHR0cDovL3d3dy53My5vcmcvMjAwMC9zdmciPjwvc3ZnPg==\" class=\"lazyload\" style=\"--smush-placeholder-width: 250px; --smush-placeholder-aspect-ratio: 250\/36;\"><\/p>\n<p style=\"text-align: left\">Recuerda, el horario de atenci\u00f3n es de lunes a viernes, de 10 a 14 horas.<\/p>\n","protected":false},"excerpt":{"rendered":"<p>\u00bfQuieres ser uno de los comercios receptores y contribuir al medio ambiente, adem\u00e1s de ser conocido y que la gente te visite? &nbsp; Adhi\u00e9rete a la campa\u00f1a y hazte receptor, s\u00f3lo deber\u00e1s tener en tu establecimiento un recipiente donde dejar las pilas y fluorescentes que te lleven. &nbsp; Despu\u00e9s llama al n\u00famero de tel\u00e9fono de &hellip; <\/p>\n<p class=\"link-more\"><a href=\"https:\/\/alzira.es\/es\/servicios-publicos\/limpieza-urbana\/recepcion-de-pilas-y-flourescentes\/\" class=\"more-link\">Continuar leyendo<span class=\"screen-reader-text\"> \u00abRecepci\u00f3n de pilas y fluorescentes\u00bb<\/span><\/a><\/p>\n","protected":false},"author":29,"featured_media":0,"parent":6386,"menu_order":0,"comment_status":"closed","ping_status":"closed","template":"","meta":{"_acf_changed":false,"footnotes":""},"class_list":["post-6404","page","type-page","status-publish","hentry"],"acf":[],"_links":{"self":[{"href":"https:\/\/alzira.es\/es\/wp-json\/wp\/v2\/pages\/6404","targetHints":{"allow":["GET"]}}],"collection":[{"href":"https:\/\/alzira.es\/es\/wp-json\/wp\/v2\/pages"}],"about":[{"href":"https:\/\/alzira.es\/es\/wp-json\/wp\/v2\/types\/page"}],"author":[{"embeddable":true,"href":"https:\/\/alzira.es\/es\/wp-json\/wp\/v2\/users\/29"}],"replies":[{"embeddable":true,"href":"https:\/\/alzira.es\/es\/wp-json\/wp\/v2\/comments?post=6404"}],"version-history":[{"count":2,"href":"https:\/\/alzira.es\/es\/wp-json\/wp\/v2\/pages\/6404\/revisions"}],"predecessor-version":[{"id":88610,"href":"https:\/\/alzira.es\/es\/wp-json\/wp\/v2\/pages\/6404\/revisions\/88610"}],"up":[{"embeddable":true,"href":"https:\/\/alzira.es\/es\/wp-json\/wp\/v2\/pages\/6386"}],"wp:attachment":[{"href":"https:\/\/alzira.es\/es\/wp-json\/wp\/v2\/media?parent=6404"}],"curies":[{"name":"wp","href":"https:\/\/api.w.org\/{rel}","templated":true}]}}