{"id":6402,"date":"2012-03-29T15:27:09","date_gmt":"2012-03-29T13:27:09","guid":{"rendered":"https:\/\/alzira.es\/servicio-especial-de-recogida-selectiva-de-carton-en-los-comercios\/"},"modified":"2021-09-02T00:15:24","modified_gmt":"2021-09-01T22:15:24","slug":"servicio-especial-de-recogida-selectiva-de-carton-en-los-comercios","status":"publish","type":"page","link":"https:\/\/alzira.es\/es\/servicios-publicos\/limpieza-urbana\/servicio-especial-de-recogida-selectiva-de-carton-en-los-comercios\/","title":{"rendered":"Servicio especial de recogida selectiva de cart\u00f3n en los comercios"},"content":{"rendered":"<p style=\"text-align: justify\"><span style=\"color: #0000ff\"><span style=\"font-size: small\"><span><span>C\u00f3mo adherirse:<\/span><\/span><\/span><\/span><span style=\"font-size: x-small\"><span><span style=\"color: #808000\"> <\/span><\/span><\/span>Los comercios y locales comerciales interesados en el servicio de recogida puerta a puerta de los envases de cart\u00f3n que se generen en sus establecimientos, deber\u00e1n llamar al siguiente n\u00famero de tel\u00e9fono, de lunes a viernes, de 10&nbsp;a 14 horas:&nbsp;<\/p>\n<p style=\"text-align: center\"><img decoding=\"async\" height=\"36\" alt=\"\" width=\"250\" data-src=\"https:\/\/alzira.es\/contenidos\/SerPub\/Neteja\/imatges\/telefon.jpg\" src=\"data:image\/svg+xml;base64,PHN2ZyB3aWR0aD0iMSIgaGVpZ2h0PSIxIiB4bWxucz0iaHR0cDovL3d3dy53My5vcmcvMjAwMC9zdmciPjwvc3ZnPg==\" class=\"lazyload\" style=\"--smush-placeholder-width: 250px; --smush-placeholder-aspect-ratio: 250\/36;\"><\/p>\n<p style=\"text-align: justify\">&nbsp;<span style=\"font-size: small\"><span style=\"color: #0000ff\"><span><span>Normas de uso:<\/span><\/span><\/span><\/span><span style=\"font-size: x-small\"><span style=\"color: #808000\"> <\/span><\/span>S\u00f3lo podr\u00e1n entregarse envases de CART\u00d3N, plegados y libres de cualquier otro material y deber\u00e1n despositarse en la puerta del local en el horario que les indicar\u00e1n.<\/p>\n<p>&nbsp;<\/p>\n<p>&nbsp;<\/p>\n","protected":false},"excerpt":{"rendered":"<p>C\u00f3mo adherirse: Los comercios y locales comerciales interesados en el servicio de recogida puerta a puerta de los envases de cart\u00f3n que se generen en sus establecimientos, deber\u00e1n llamar al siguiente n\u00famero de tel\u00e9fono, de lunes a viernes, de 10&nbsp;a 14 horas:&nbsp; &nbsp;Normas de uso: S\u00f3lo podr\u00e1n entregarse envases de CART\u00d3N, plegados y libres de &hellip; <\/p>\n<p class=\"link-more\"><a href=\"https:\/\/alzira.es\/es\/servicios-publicos\/limpieza-urbana\/servicio-especial-de-recogida-selectiva-de-carton-en-los-comercios\/\" class=\"more-link\">Continuar leyendo<span class=\"screen-reader-text\"> \u00abServicio especial de recogida selectiva de cart\u00f3n en los comercios\u00bb<\/span><\/a><\/p>\n","protected":false},"author":29,"featured_media":0,"parent":6386,"menu_order":0,"comment_status":"closed","ping_status":"closed","template":"","meta":{"_acf_changed":false,"footnotes":""},"class_list":["post-6402","page","type-page","status-publish","hentry"],"acf":[],"_links":{"self":[{"href":"https:\/\/alzira.es\/es\/wp-json\/wp\/v2\/pages\/6402","targetHints":{"allow":["GET"]}}],"collection":[{"href":"https:\/\/alzira.es\/es\/wp-json\/wp\/v2\/pages"}],"about":[{"href":"https:\/\/alzira.es\/es\/wp-json\/wp\/v2\/types\/page"}],"author":[{"embeddable":true,"href":"https:\/\/alzira.es\/es\/wp-json\/wp\/v2\/users\/29"}],"replies":[{"embeddable":true,"href":"https:\/\/alzira.es\/es\/wp-json\/wp\/v2\/comments?post=6402"}],"version-history":[{"count":1,"href":"https:\/\/alzira.es\/es\/wp-json\/wp\/v2\/pages\/6402\/revisions"}],"predecessor-version":[{"id":88612,"href":"https:\/\/alzira.es\/es\/wp-json\/wp\/v2\/pages\/6402\/revisions\/88612"}],"up":[{"embeddable":true,"href":"https:\/\/alzira.es\/es\/wp-json\/wp\/v2\/pages\/6386"}],"wp:attachment":[{"href":"https:\/\/alzira.es\/es\/wp-json\/wp\/v2\/media?parent=6402"}],"curies":[{"name":"wp","href":"https:\/\/api.w.org\/{rel}","templated":true}]}}