{"id":6400,"date":"2012-03-28T15:04:34","date_gmt":"2012-03-28T13:04:34","guid":{"rendered":"https:\/\/alzira.es\/servicio-de-recogida-de-aceites-domesticos-en-las-comunidades-de-vecinos\/"},"modified":"2021-09-02T00:15:50","modified_gmt":"2021-09-01T22:15:50","slug":"servicio-de-recogida-de-aceites-domesticos-en-las-comunidades-de-vecinos","status":"publish","type":"page","link":"https:\/\/alzira.es\/es\/servicios-publicos\/limpieza-urbana\/servicio-de-recogida-de-aceites-domesticos-en-las-comunidades-de-vecinos\/","title":{"rendered":"Servicio de recogida de aceites dom\u00e9sticos en las Comunidades de Vecinos"},"content":{"rendered":"<table cellspacing=\"1\" cellpadding=\"1\" border=\"0\" style=\"width: 730px; height: 264px\">\n<tbody>\n<tr>\n<td><span style=\"color: #808000\"><span><span style=\"font-size: larger\">Normas de uso:<\/span><\/span><\/span><\/p>\n<ul>\n<li>En&nbsp;casa s\u00f3lo se tiene que poner el aceite en la botella o recipiente.<\/li>\n<li>La botella o recipiente cerrado se tiene que dejar en el contenedor de la comunidad.<\/li>\n<li>Cuando el contenedor est\u00e9 lleno, llame&nbsp;al tel\u00e9fono de aviso.<\/li>\n<li>Los aceites&nbsp;se reciclan y&nbsp;los&nbsp;preparan&nbsp;para varias&nbsp;reutilizaciones.<\/li>\n<\/ul>\n<p style=\"text-align: justify\">&nbsp;<\/p>\n<p style=\"text-align: justify\"><span style=\"font-size: larger\"><span style=\"color: #808000\">C\u00f3mo adherirse:<\/span><\/span> La comunidad&nbsp;de vecinos llamar\u00e1 al servicio y el Ayuntamiento&nbsp;los facilitar\u00e1 el contenedor (50 cl.) para depositar los recipientes de aceite recogido por los vecinos.<\/p>\n<p style=\"text-align: justify\">&nbsp;<\/p>\n<p style=\"text-align: justify\"><span style=\"color: #808000\"><span style=\"font-size: larger\">Tel\u00e9fono:<\/span><\/span>&nbsp;<span style=\"font-size: medium\"> <\/span><\/p>\n<p style=\"text-align: justify\"><img decoding=\"async\" height=\"29\" alt=\"\" width=\"200\" data-src=\"https:\/\/alzira.es\/contenidos\/SerPub\/Neteja\/imatges\/telefon.jpg\" src=\"data:image\/svg+xml;base64,PHN2ZyB3aWR0aD0iMSIgaGVpZ2h0PSIxIiB4bWxucz0iaHR0cDovL3d3dy53My5vcmcvMjAwMC9zdmciPjwvc3ZnPg==\" class=\"lazyload\" style=\"--smush-placeholder-width: 200px; --smush-placeholder-aspect-ratio: 200\/29;\"><\/p>\n<p style=\"text-align: justify\">Horario de aviso: de lunes a viernes, de 10 a 14 horas.<\/p>\n<\/td>\n<td><a onclick=\"target='_blank'\" href=\"https:\/\/alzira.es\/contenidos\/SerPub\/Neteja\/imatges\/olidomestic3.jpg\"><img decoding=\"async\" alt=\"\" style=\"width: 100px; height: 195px\" data-src=\"https:\/\/alzira.es\/contenidos\/SerPub\/Neteja\/imatges\/olidomestic3.jpg\" src=\"data:image\/svg+xml;base64,PHN2ZyB3aWR0aD0iMSIgaGVpZ2h0PSIxIiB4bWxucz0iaHR0cDovL3d3dy53My5vcmcvMjAwMC9zdmciPjwvc3ZnPg==\" class=\"lazyload\"><\/a><\/td>\n<td><a onclick=\"target='_blank'\" href=\"https:\/\/alzira.es\/contenidos\/SerPub\/Neteja\/imatges\/olidomestic1.jpg\"><img decoding=\"async\" height=\"203\" alt=\"\" width=\"200\" data-src=\"https:\/\/alzira.es\/contenidos\/SerPub\/Neteja\/imatges\/olidomestic1.jpg\" src=\"data:image\/svg+xml;base64,PHN2ZyB3aWR0aD0iMSIgaGVpZ2h0PSIxIiB4bWxucz0iaHR0cDovL3d3dy53My5vcmcvMjAwMC9zdmciPjwvc3ZnPg==\" class=\"lazyload\" style=\"--smush-placeholder-width: 200px; --smush-placeholder-aspect-ratio: 200\/203;\"><\/a><\/td>\n<\/tr>\n<\/tbody>\n<\/table>\n","protected":false},"excerpt":{"rendered":"<p>Normas de uso: En&nbsp;casa s\u00f3lo se tiene que poner el aceite en la botella o recipiente. La botella o recipiente cerrado se tiene que dejar en el contenedor de la comunidad. Cuando el contenedor est\u00e9 lleno, llame&nbsp;al tel\u00e9fono de aviso. Los aceites&nbsp;se reciclan y&nbsp;los&nbsp;preparan&nbsp;para varias&nbsp;reutilizaciones. &nbsp; C\u00f3mo adherirse: La comunidad&nbsp;de vecinos llamar\u00e1 al servicio y &hellip; <\/p>\n<p class=\"link-more\"><a href=\"https:\/\/alzira.es\/es\/servicios-publicos\/limpieza-urbana\/servicio-de-recogida-de-aceites-domesticos-en-las-comunidades-de-vecinos\/\" class=\"more-link\">Continuar leyendo<span class=\"screen-reader-text\"> \u00abServicio de recogida de aceites dom\u00e9sticos en las Comunidades de Vecinos\u00bb<\/span><\/a><\/p>\n","protected":false},"author":29,"featured_media":0,"parent":6386,"menu_order":0,"comment_status":"closed","ping_status":"closed","template":"","meta":{"_acf_changed":false,"footnotes":""},"class_list":["post-6400","page","type-page","status-publish","hentry"],"acf":[],"_links":{"self":[{"href":"https:\/\/alzira.es\/es\/wp-json\/wp\/v2\/pages\/6400","targetHints":{"allow":["GET"]}}],"collection":[{"href":"https:\/\/alzira.es\/es\/wp-json\/wp\/v2\/pages"}],"about":[{"href":"https:\/\/alzira.es\/es\/wp-json\/wp\/v2\/types\/page"}],"author":[{"embeddable":true,"href":"https:\/\/alzira.es\/es\/wp-json\/wp\/v2\/users\/29"}],"replies":[{"embeddable":true,"href":"https:\/\/alzira.es\/es\/wp-json\/wp\/v2\/comments?post=6400"}],"version-history":[{"count":2,"href":"https:\/\/alzira.es\/es\/wp-json\/wp\/v2\/pages\/6400\/revisions"}],"predecessor-version":[{"id":88613,"href":"https:\/\/alzira.es\/es\/wp-json\/wp\/v2\/pages\/6400\/revisions\/88613"}],"up":[{"embeddable":true,"href":"https:\/\/alzira.es\/es\/wp-json\/wp\/v2\/pages\/6386"}],"wp:attachment":[{"href":"https:\/\/alzira.es\/es\/wp-json\/wp\/v2\/media?parent=6400"}],"curies":[{"name":"wp","href":"https:\/\/api.w.org\/{rel}","templated":true}]}}