{"id":6386,"date":"2012-02-28T12:25:46","date_gmt":"2012-02-28T11:25:46","guid":{"rendered":"https:\/\/alzira.es\/limpieza-urbana\/"},"modified":"2021-09-02T02:06:10","modified_gmt":"2021-09-02T00:06:10","slug":"limpieza-urbana","status":"publish","type":"page","link":"https:\/\/alzira.es\/es\/servicios-publicos\/limpieza-urbana\/","title":{"rendered":"Limpieza Urbana"},"content":{"rendered":"<p>&nbsp;<\/p>\n<p><span style=\"line-height: 1.6;\">&nbsp;<img fetchpriority=\"high\" decoding=\"async\" class=\" size-full wp-image-6366\" style=\"color: #000000; font-size: 11px; line-height: normal;\" src=\"https:\/\/alzira.es\/wp-content\/uploads\/2012\/02\/contenidors2.jpg\" alt=\"contenidors2\" width=\"452\" height=\"302\">&nbsp;<img decoding=\"async\" class=\"size-full wp-image-6368 lazyload\" style=\"--smush-placeholder-width: 443px; --smush-placeholder-aspect-ratio: 443\/300;color: #000000; font-size: 11px; line-height: normal;\" data-src=\"https:\/\/alzira.es\/wp-content\/uploads\/2012\/02\/camio_fem.jpg\" alt=\"camio fem\" width=\"443\" height=\"300\" src=\"data:image\/svg+xml;base64,PHN2ZyB3aWR0aD0iMSIgaGVpZ2h0PSIxIiB4bWxucz0iaHR0cDovL3d3dy53My5vcmcvMjAwMC9zdmciPjwvc3ZnPg==\"><\/span><\/p>\n<hr>\n<p><a href=\"https:\/\/alzira.es\/wp-content\/uploads\/2010\/12\/ordenanza_municipal_de_limpieza_urbana.pdf\" target=\"_blank\" rel=\"noopener\">ORDENANZA DE LIMPIEZA URBANA<\/a><\/p>\n<hr>\n<p style=\"text-align: justify;\"><span style=\"text-decoration: underline;\"><span style=\"font-size: 14pt;\"><\/span><\/span>&nbsp;<\/p>\n<p style=\"text-align: justify;\"><span style=\"font-size: 12pt; text-decoration: underline;\">HORARIO PARA DEPOSITAR LA BASURA EN LOS CONTENEDORES DE RSU<\/span>&nbsp;<\/p>\n<table style=\"height: 77px; width: 885px;\" border=\"0\" cellspacing=\"1\" cellpadding=\"1\">\n<tbody>\n<tr>\n<td style=\"text-align: center;\">HORARIO DE INVIERNO<\/td>\n<td style=\"text-align: center;\">del 16 de septiembre al 15 de junio<\/td>\n<td style=\"text-align: center;\">&nbsp;de 20 a 22 horas<\/td>\n<\/tr>\n<tr>\n<td style=\"text-align: center;\">HORARIO DE VERANO<\/td>\n<td style=\"text-align: center;\">del 16 de junio al 15 de septiembre<\/td>\n<td style=\"text-align: center;\">de 21 a 23 horas<\/td>\n<\/tr>\n<\/tbody>\n<\/table>\n<p>&nbsp;<\/p>\n<p><span style=\"font-size: 12pt;\"><span style=\"text-decoration: underline;\">EMPRESA CONCESIONARIA<\/span>&nbsp;<\/span><\/p>\n<p><img decoding=\"async\" width=\"180\" height=\"149\" class=\"alignleft size-full wp-image-6370 lazyload\" style=\"--smush-placeholder-width: 180px; --smush-placeholder-aspect-ratio: 180\/149;padding-bottom: 5px; padding-left: 5px; padding-right: 25px; float: left; padding-top: 5px;\" data-src=\"https:\/\/alzira.es\/wp-content\/uploads\/2012\/02\/logo_fcc1.gif\" alt=\"FCC\" src=\"data:image\/svg+xml;base64,PHN2ZyB3aWR0aD0iMSIgaGVpZ2h0PSIxIiB4bWxucz0iaHR0cDovL3d3dy53My5vcmcvMjAwMC9zdmciPjwvc3ZnPg==\"><span style=\"font-size: small;\"><strong><span style=\"color: #568bbf;\">FOMENTO DE CONTRUCCIONES Y CONTRATAS, S.A.&nbsp;<\/span> <\/strong> <\/span><\/p>\n<p>Empresa concesionaria del servicio integral de limpieza urbana<\/p>\n<p>C\/ Lisardo Piera, 3 &#8211; 46600 ALZIRA<\/p>\n<p>Tel\u00e9fono: 96 245 51 59 &#8211; Fax: 96 245 54 11<\/p>\n<p>&nbsp;<\/p>\n<p><span style=\"font-size: 12pt;\"><span style=\"text-decoration: underline;\">ECOPARC&nbsp;<\/span>&nbsp;<\/span><\/p>\n<table style=\"width: 1231px; height: 263px;\" border=\"1\" cellspacing=\"1\" cellpadding=\"1\">\n<tbody>\n<tr>\n<td>\n<p style=\"text-align: center;\">&nbsp;<\/p>\n<p style=\"text-align: center;\">&nbsp;<\/p>\n<p style=\"text-align: center;\"><a href=\"http:\/\/www.riberaivalldigna.com\/ecoparque.php?id=4e732ced3463d06de0ca9a15b6153677\" target=\"_blank\" rel=\"noopener\"><span style=\"color: #339966; font-size: 14pt;\"><span style=\"color: #339966;\">ECOPARC DE ALZIRA<\/span><\/span><\/a><\/p>\n<p style=\"text-align: center;\">&nbsp;<\/p>\n<p style=\"text-align: center;\">&nbsp;<\/p>\n<p style=\"text-align: center;\">&nbsp;<\/p>\n<\/td>\n<td style=\"text-align: center;\"><span style=\"color: #339966;\">&nbsp;<\/span><a href=\"http:\/\/www.riberaivalldigna.com\/\" target=\"_blank\" rel=\"noopener\"><img decoding=\"async\" class=\"size-full wp-image-6372 lazyload\" data-src=\"https:\/\/alzira.es\/wp-content\/uploads\/2012\/02\/Ribera-i-Valldigna.jpg\" alt=\"\" width=\"200\" height=\"92\" src=\"data:image\/svg+xml;base64,PHN2ZyB3aWR0aD0iMSIgaGVpZ2h0PSIxIiB4bWxucz0iaHR0cDovL3d3dy53My5vcmcvMjAwMC9zdmciPjwvc3ZnPg==\" style=\"--smush-placeholder-width: 200px; --smush-placeholder-aspect-ratio: 200\/92;\"><\/a><\/td>\n<td style=\"text-align: center;\">&nbsp;<a href=\"http:\/\/www.recicladosriberaxuquer.com\/\" target=\"_blank\" rel=\"noopener\"><img decoding=\"async\" class=\"size-full wp-image-6374 lazyload\" data-src=\"https:\/\/alzira.es\/wp-content\/uploads\/2012\/02\/RRX-sin-flechas.jpg\" alt=\"\" width=\"218\" height=\"84\" src=\"data:image\/svg+xml;base64,PHN2ZyB3aWR0aD0iMSIgaGVpZ2h0PSIxIiB4bWxucz0iaHR0cDovL3d3dy53My5vcmcvMjAwMC9zdmciPjwvc3ZnPg==\" style=\"--smush-placeholder-width: 218px; --smush-placeholder-aspect-ratio: 218\/84;\"><\/a><\/td>\n<\/tr>\n<\/tbody>\n<\/table>\n<p style=\"text-align: left;\">&nbsp;<\/p>\n<p style=\"text-align: left;\"><span style=\"text-decoration: underline;\"><span style=\"font-size: 14pt;\"><span style=\"font-size: 12pt;\">SERVICIO DE RECOGIDA DE TRASTOS<\/span><\/span> <\/span><\/p>\n<table style=\"height: 339px; width: 926px;\" border=\"0\">\n<tbody>\n<tr>\n<td>\n<p style=\"text-align: center;\"><span style=\"font-size: small;\">Para la recogida de trastos, <\/span><\/p>\n<p style=\"text-align: center;\"><span style=\"font-size: small;\">llame al siguiente n\u00famero de tel\u00e9fono:<\/span>&nbsp;&nbsp;<\/p>\n<p style=\"text-align: center;\">&nbsp;<img decoding=\"async\" class=\"size-full wp-image-6376 lazyload\" data-src=\"https:\/\/alzira.es\/wp-content\/uploads\/2012\/02\/telefon.jpg\" alt=\"\" width=\"250\" height=\"36\" src=\"data:image\/svg+xml;base64,PHN2ZyB3aWR0aD0iMSIgaGVpZ2h0PSIxIiB4bWxucz0iaHR0cDovL3d3dy53My5vcmcvMjAwMC9zdmciPjwvc3ZnPg==\" style=\"--smush-placeholder-width: 250px; --smush-placeholder-aspect-ratio: 250\/36;\"><\/p>\n<p style=\"text-align: center;\">Horario de aviso: de 10 a 14 horas<\/p>\n<p style=\"text-align: center;\">de lunes a viernes<\/p>\n<\/td>\n<td><img decoding=\"async\" class=\"size-full wp-image-6378 lazyload\" style=\"--smush-placeholder-width: 451px; --smush-placeholder-aspect-ratio: 451\/333;margin-left: auto; display: block; margin-right: auto;\" data-src=\"https:\/\/alzira.es\/wp-content\/uploads\/2012\/02\/recollidatrastos.jpg\" alt=\"recollidatrastos\" width=\"451\" height=\"333\" src=\"data:image\/svg+xml;base64,PHN2ZyB3aWR0aD0iMSIgaGVpZ2h0PSIxIiB4bWxucz0iaHR0cDovL3d3dy53My5vcmcvMjAwMC9zdmciPjwvc3ZnPg==\"><\/td>\n<\/tr>\n<\/tbody>\n<\/table>\n<p>&nbsp;<\/p>\n<p><span style=\"font-size: 12pt; text-decoration: underline;\">SERVICIO DE RECOGIDA DE ACEITES DOM\u00c9STICOS EN LAS&nbsp;COMUNIDADES DE VECINOS<\/span>&nbsp;<\/p>\n<table style=\"height: 339px; width: 926px;\" border=\"0\">\n<tbody>\n<tr>\n<td>\n<p style=\"color: #000000; font-size: 11px; line-height: normal; text-align: justify;\"><span style=\"color: #808000; font-size: 10pt;\">Normas de uso:<\/span><\/p>\n<ul style=\"color: #000000; font-size: 11px; line-height: normal; text-align: justify;\">\n<li><span style=\"font-size: 10pt;\">En&nbsp;casa s\u00f3lo se tiene que poner el aceite en la botella o recipiente.<\/span><\/li>\n<li><span style=\"font-size: 10pt;\">La botella o recipiente cerrado se tiene que dejar en el contenedor de la comunidad.<\/span><\/li>\n<li><span style=\"font-size: 10pt;\">Cuando el contenedor est\u00e9 lleno, llame&nbsp;al tel\u00e9fono de aviso.<\/span><\/li>\n<li><span style=\"font-size: 10pt;\">Los aceites&nbsp;se reciclan y&nbsp;los&nbsp;preparan&nbsp;para varias&nbsp;reutilizaciones.<\/span><\/li>\n<\/ul>\n<p style=\"color: #000000; font-size: 11px; line-height: normal; text-align: justify;\"><span style=\"font-size: 10pt;\"><span style=\"color: #808000;\">C\u00f3mo adherirse:<\/span>&nbsp;La comunidad&nbsp;de vecinos llamar\u00e1 al servicio y el Ayuntamiento&nbsp;los facilitar\u00e1 el contenedor (50 cl.) para depositar los recipientes de aceite recogido por los vecinos.<\/span><\/p>\n<p style=\"color: #000000; font-size: 11px; line-height: normal; text-align: justify;\"><span style=\"font-size: 10pt;\">&nbsp;<span style=\"color: #808000;\">Tel\u00e9fono:<\/span>&nbsp;<\/span><\/p>\n<p style=\"color: #000000; font-size: 11px; line-height: normal; text-align: justify;\"><img decoding=\"async\" class=\"size-full wp-image-6376 lazyload\" data-src=\"https:\/\/alzira.es\/wp-content\/uploads\/2012\/02\/telefon.jpg\" alt=\"\" width=\"200\" height=\"29\" src=\"data:image\/svg+xml;base64,PHN2ZyB3aWR0aD0iMSIgaGVpZ2h0PSIxIiB4bWxucz0iaHR0cDovL3d3dy53My5vcmcvMjAwMC9zdmciPjwvc3ZnPg==\" style=\"--smush-placeholder-width: 200px; --smush-placeholder-aspect-ratio: 200\/29;\"><\/p>\n<p style=\"color: #000000; font-size: 11px; line-height: normal; text-align: justify;\"><span style=\"font-size: 10pt;\">Horario de aviso: de lunes a viernes, de 10 a 14 horas.<\/span><\/p>\n<\/td>\n<td><a style=\"color: #e25b32; font-size: 11px; line-height: normal;\" href=\"https:\/\/alzira.es\/wp-content\/uploads\/2012\/02\/olidomestic1.jpg\"><img decoding=\"async\" class=\"size-full wp-image-6380 lazyload\" data-src=\"https:\/\/alzira.es\/wp-content\/uploads\/2012\/02\/olidomestic1.jpg\" alt=\"\" width=\"442\" height=\"346\" src=\"data:image\/svg+xml;base64,PHN2ZyB3aWR0aD0iMSIgaGVpZ2h0PSIxIiB4bWxucz0iaHR0cDovL3d3dy53My5vcmcvMjAwMC9zdmciPjwvc3ZnPg==\" style=\"--smush-placeholder-width: 442px; --smush-placeholder-aspect-ratio: 442\/346;\"><\/a><\/td>\n<\/tr>\n<\/tbody>\n<\/table>\n<p>&nbsp;&nbsp;<\/p>\n<p style=\"text-align: justify;\"><span style=\"text-decoration: underline;\"><span style=\"font-size: 12pt; color: #000000; text-decoration: underline;\">SERVICIO ESPECIAL DE RECOGIDA SELECTIVA DE CART\u00d3N EN LOS COMERCIOS<\/span><\/span><\/p>\n<p style=\"text-align: justify;\"><span style=\"color: #0000ff;\"><span style=\"font-size: small;\"><span><span>C\u00f3mo adherirse:<\/span><\/span> <\/span> <\/span><span style=\"font-size: x-small;\"><span><span style=\"color: #808000;\"><\/span><\/span> <\/span>Los comercios y locales comerciales interesados en el servicio de recogida puerta a puerta de los envases de cart\u00f3n que se generen en sus establecimientos, deber\u00e1n llamar al siguiente n\u00famero de tel\u00e9fono, de lunes a viernes, de 10&nbsp;a 14 horas:&nbsp;<\/p>\n<p style=\"text-align: center;\"><img decoding=\"async\" class=\"size-full wp-image-6376 lazyload\" data-src=\"https:\/\/alzira.es\/wp-content\/uploads\/2012\/02\/telefon.jpg\" alt=\"\" width=\"250\" height=\"36\" src=\"data:image\/svg+xml;base64,PHN2ZyB3aWR0aD0iMSIgaGVpZ2h0PSIxIiB4bWxucz0iaHR0cDovL3d3dy53My5vcmcvMjAwMC9zdmciPjwvc3ZnPg==\" style=\"--smush-placeholder-width: 250px; --smush-placeholder-aspect-ratio: 250\/36;\"><\/p>\n<p style=\"text-align: justify;\"><span style=\"font-size: small;\"><span style=\"color: #0000ff;\"><span><span>Normas de uso:<\/span><\/span> <\/span> <\/span><span style=\"font-size: x-small;\"><span style=\"color: #808000;\"><\/span><\/span>S\u00f3lo podr\u00e1n entregarse envases de CART\u00d3N, plegados y libres de cualquier otro material y deber\u00e1n despositarse en la puerta del local en el horario que les indicar\u00e1n.<\/p>\n<p><span style=\"font-size: 14pt; background-color: #99ccff;\">&nbsp;<a href=\"https:\/\/alzira.es\/wp-content\/uploads\/2012\/02\/selectivacartocastella.pdf\" target=\"_blank\" rel=\"noopener\"><span style=\"background-color: #99ccff;\">FOLLETO EXPLICATIVO<\/span> <\/a> <\/span><\/p>\n<p>&nbsp;<\/p>\n<p>&nbsp;<span style=\"text-decoration: underline;\"><span style=\"font-size: 12pt;\">SERVICIO ESPECIAL DE RECOGIDA DE FLUORESCENTES Y PILAS<\/span><\/span><\/p>\n<p style=\"text-align: justify;\">\u00bfQuieres ser uno de los comercios receptores y contribuir al medio ambiente, adem\u00e1s de ser conocido y que la gente te visite?&nbsp;<\/p>\n<p style=\"text-align: justify;\">Adhi\u00e9rete a la campa\u00f1a y hazte receptor, s\u00f3lo deber\u00e1s tener en tu establecimiento un recipiente donde dejar las pilas y fluorescentes que te lleven.<\/p>\n<p style=\"text-align: justify;\">Despu\u00e9s llama al n\u00famero de tel\u00e9fono de atenci\u00f3n y pasar\u00e1n a recogerlo lo m\u00e1s pronto posible.&nbsp;<\/p>\n<p style=\"text-align: center;\"><img decoding=\"async\" class=\"size-full wp-image-6376 lazyload\" data-src=\"https:\/\/alzira.es\/wp-content\/uploads\/2012\/02\/telefon.jpg\" alt=\"\" width=\"250\" height=\"36\" src=\"data:image\/svg+xml;base64,PHN2ZyB3aWR0aD0iMSIgaGVpZ2h0PSIxIiB4bWxucz0iaHR0cDovL3d3dy53My5vcmcvMjAwMC9zdmciPjwvc3ZnPg==\" style=\"--smush-placeholder-width: 250px; --smush-placeholder-aspect-ratio: 250\/36;\"><\/p>\n<p style=\"text-align: left;\">Recuerda, el horario de atenci\u00f3n es de lunes a viernes, de 10 a 14 horas.<\/p>\n<p style=\"text-align: justify;\"><img decoding=\"async\" class=\"size-full wp-image-6384 lazyload\" data-src=\"https:\/\/alzira.es\/wp-content\/uploads\/2012\/02\/pilesifluorescents.jpg\" alt=\"pilesifluorescents\" width=\"530\" height=\"398\" src=\"data:image\/svg+xml;base64,PHN2ZyB3aWR0aD0iMSIgaGVpZ2h0PSIxIiB4bWxucz0iaHR0cDovL3d3dy53My5vcmcvMjAwMC9zdmciPjwvc3ZnPg==\" style=\"--smush-placeholder-width: 530px; --smush-placeholder-aspect-ratio: 530\/398;\"><\/p>\n","protected":false},"excerpt":{"rendered":"<p>&nbsp; &nbsp;&nbsp; ORDENANZA DE LIMPIEZA URBANA &nbsp; HORARIO PARA DEPOSITAR LA BASURA EN LOS CONTENEDORES DE RSU&nbsp; HORARIO DE INVIERNO del 16 de septiembre al 15 de junio &nbsp;de 20 a 22 horas HORARIO DE VERANO del 16 de junio al 15 de septiembre de 21 a 23 horas &nbsp; EMPRESA CONCESIONARIA&nbsp; FOMENTO DE CONTRUCCIONES &hellip; <\/p>\n<p class=\"link-more\"><a href=\"https:\/\/alzira.es\/es\/servicios-publicos\/limpieza-urbana\/\" class=\"more-link\">Continuar leyendo<span class=\"screen-reader-text\"> \u00abLimpieza Urbana\u00bb<\/span><\/a><\/p>\n","protected":false},"author":12,"featured_media":6366,"parent":6290,"menu_order":4,"comment_status":"closed","ping_status":"closed","template":"","meta":{"_acf_changed":false,"footnotes":""},"class_list":["post-6386","page","type-page","status-publish","has-post-thumbnail","hentry"],"acf":[],"_links":{"self":[{"href":"https:\/\/alzira.es\/es\/wp-json\/wp\/v2\/pages\/6386","targetHints":{"allow":["GET"]}}],"collection":[{"href":"https:\/\/alzira.es\/es\/wp-json\/wp\/v2\/pages"}],"about":[{"href":"https:\/\/alzira.es\/es\/wp-json\/wp\/v2\/types\/page"}],"author":[{"embeddable":true,"href":"https:\/\/alzira.es\/es\/wp-json\/wp\/v2\/users\/12"}],"replies":[{"embeddable":true,"href":"https:\/\/alzira.es\/es\/wp-json\/wp\/v2\/comments?post=6386"}],"version-history":[{"count":1,"href":"https:\/\/alzira.es\/es\/wp-json\/wp\/v2\/pages\/6386\/revisions"}],"predecessor-version":[{"id":88600,"href":"https:\/\/alzira.es\/es\/wp-json\/wp\/v2\/pages\/6386\/revisions\/88600"}],"up":[{"embeddable":true,"href":"https:\/\/alzira.es\/es\/wp-json\/wp\/v2\/pages\/6290"}],"wp:featuredmedia":[{"embeddable":true,"href":"https:\/\/alzira.es\/es\/wp-json\/wp\/v2\/media\/6366"}],"wp:attachment":[{"href":"https:\/\/alzira.es\/es\/wp-json\/wp\/v2\/media?parent=6386"}],"curies":[{"name":"wp","href":"https:\/\/api.w.org\/{rel}","templated":true}]}}