{"id":6354,"date":"2012-03-09T12:54:51","date_gmt":"2012-03-09T11:54:51","guid":{"rendered":"https:\/\/alzira.es\/horarios\/"},"modified":"2021-09-02T00:30:02","modified_gmt":"2021-09-01T22:30:02","slug":"horarios","status":"publish","type":"page","link":"https:\/\/alzira.es\/es\/servicios-municipales\/transporte-publico\/horarios\/","title":{"rendered":"Autobuses Urbanos"},"content":{"rendered":"<p><a href=\"http:\/\/alzibus.es\/\" target=\"_blank\" rel=\"noopener\"><span style=\"color: #3366ff;\"><span style=\"font-size: large;\"><span style=\"color: #3366ff;\"><img fetchpriority=\"high\" decoding=\"async\" class=\" size-full wp-image-6350\" style=\"display: block; margin-left: auto; margin-right: auto;\" src=\"https:\/\/alzira.es\/wp-content\/uploads\/2012\/03\/ALZIBUS.jpg\" alt=\"\" width=\"325\" height=\"305\"><\/span><\/span><\/span><\/a><\/p>\n<p><a href=\"http:\/\/www.bilmanbus.es\/Alzira\/webtiempos\/mapa.aspx\" target=\"_blank\" rel=\"noopener\"><span style=\"font-size: 14pt;\"><span style=\"color: #000000;\">RECORRIDO DE LOS AUTOBUSES URBANOS&nbsp;&#8211; MAPA<\/span><\/span><\/a><\/p>\n<p><a href=\"http:\/\/www.bilmanbus.es\/Alzira\/webtiempos\/index.aspx\" target=\"_blank\" rel=\"noopener\"><span style=\"font-size: 18pt;\"><span style=\"color: #000000;\"><span style=\"font-size: 14pt;\">L\u00cdNEAS Y HORARIOS<\/span><\/span><\/span><\/a><span style=\"text-decoration: underline; font-size: 18pt;\"><span style=\"color: #000000; text-decoration: underline;\"><br \/>\n<\/span><\/span><\/p>\n<p><span style=\"line-height: 1.6;\">&nbsp;<\/span><span style=\"text-decoration: underline; color: #000000;\"><span style=\"font-size: 18pt;\">TARIFAS<\/span><\/span><\/p>\n<p style=\"text-align: justify;\"><a href=\"https:\/\/alzira.es\/wp-content\/uploads\/2010\/12\/ordenanza_fiscal_tasa_transporte_publico_urbano.pdf\" target=\"_blank\" rel=\"noopener\"><span style=\"line-height: 1.6; color: #000000;\"><span style=\"color: #000000;\">ORDENANZA FISCAL REGULADORA DE LA TASA POR LA UTILIZACI\u00d3N DEL SERVICIO DE TRANSPORTE P\u00daBLICO URBANO<\/span><\/span><\/a><\/p>\n<p style=\"text-align: justify;\"><span style=\"text-decoration: underline; font-size: 18pt; color: #000000;\"><span style=\"line-height: 1.6;\"><span style=\"text-decoration: underline;\">EMPRESA CONCESIONARIA<\/span><\/span><\/span><\/p>\n<p style=\"line-height: 23.0400009155273px;\"><img decoding=\"async\" width=\"180\" height=\"149\" class=\"alignleft size-full wp-image-6352 lazyload\" style=\"--smush-placeholder-width: 180px; --smush-placeholder-aspect-ratio: 180\/149;padding: 5px 25px 5px 5px; float: left;\" data-src=\"https:\/\/alzira.es\/wp-content\/uploads\/2012\/03\/logo_autocars1.jpg\" alt=\"Autocars Lozano, S.L.\" src=\"data:image\/svg+xml;base64,PHN2ZyB3aWR0aD0iMSIgaGVpZ2h0PSIxIiB4bWxucz0iaHR0cDovL3d3dy53My5vcmcvMjAwMC9zdmciPjwvc3ZnPg==\"><span style=\"font-size: small;\"><strong><span style=\"color: #568bbf;\">AUTOCARS LOZANO, S.L.&nbsp;<\/span><\/strong><\/span><\/p>\n<p style=\"line-height: 23.0400009155273px;\">Empresa concesionaria del servicio municipal de transporte p\u00fablico urbano de viajeros<\/p>\n<p style=\"line-height: 23.0400009155273px;\">C\/ La Ribera, n\u00ba 9 &#8211; 46740 CARCAIXENT<\/p>\n<p style=\"line-height: 23.0400009155273px;\">Tel\u00e9fono y fax: 96 246 70 85<\/p>\n<p style=\"line-height: 23.0400009155273px;\">&nbsp; &nbsp; &nbsp; &nbsp; &nbsp; &nbsp; &nbsp; &nbsp; &nbsp; &nbsp; &nbsp; &nbsp; &nbsp; &nbsp; &nbsp; &nbsp; &nbsp; &nbsp; &nbsp; &nbsp; &nbsp; &nbsp; &nbsp; &nbsp; &nbsp; &nbsp; Correo electr\u00f3nico:&nbsp;<a href=\"mailto:autocareslozano@telefonica.net\">autocareslozano@telefonica.net<\/a>&nbsp;<\/p>\n<p style=\"line-height: 23.0400009155273px;\"><span style=\"text-align: justify; font-size: 14.4px; line-height: 1.6;\">&nbsp;<\/span><\/p>\n","protected":false},"excerpt":{"rendered":"<p>RECORRIDO DE LOS AUTOBUSES URBANOS&nbsp;&#8211; MAPA L\u00cdNEAS Y HORARIOS &nbsp;TARIFAS ORDENANZA FISCAL REGULADORA DE LA TASA POR LA UTILIZACI\u00d3N DEL SERVICIO DE TRANSPORTE P\u00daBLICO URBANO EMPRESA CONCESIONARIA AUTOCARS LOZANO, S.L.&nbsp; Empresa concesionaria del servicio municipal de transporte p\u00fablico urbano de viajeros C\/ La Ribera, n\u00ba 9 &#8211; 46740 CARCAIXENT Tel\u00e9fono y fax: 96 246 70 &hellip; <\/p>\n<p class=\"link-more\"><a href=\"https:\/\/alzira.es\/es\/servicios-municipales\/transporte-publico\/horarios\/\" class=\"more-link\">Continuar leyendo<span class=\"screen-reader-text\"> \u00abAutobuses Urbanos\u00bb<\/span><\/a><\/p>\n","protected":false},"author":29,"featured_media":6350,"parent":6348,"menu_order":0,"comment_status":"closed","ping_status":"closed","template":"","meta":{"_acf_changed":false,"footnotes":""},"class_list":["post-6354","page","type-page","status-publish","has-post-thumbnail","hentry"],"acf":[],"_links":{"self":[{"href":"https:\/\/alzira.es\/es\/wp-json\/wp\/v2\/pages\/6354","targetHints":{"allow":["GET"]}}],"collection":[{"href":"https:\/\/alzira.es\/es\/wp-json\/wp\/v2\/pages"}],"about":[{"href":"https:\/\/alzira.es\/es\/wp-json\/wp\/v2\/types\/page"}],"author":[{"embeddable":true,"href":"https:\/\/alzira.es\/es\/wp-json\/wp\/v2\/users\/29"}],"replies":[{"embeddable":true,"href":"https:\/\/alzira.es\/es\/wp-json\/wp\/v2\/comments?post=6354"}],"version-history":[{"count":2,"href":"https:\/\/alzira.es\/es\/wp-json\/wp\/v2\/pages\/6354\/revisions"}],"predecessor-version":[{"id":88630,"href":"https:\/\/alzira.es\/es\/wp-json\/wp\/v2\/pages\/6354\/revisions\/88630"}],"up":[{"embeddable":true,"href":"https:\/\/alzira.es\/es\/wp-json\/wp\/v2\/pages\/6348"}],"wp:featuredmedia":[{"embeddable":true,"href":"https:\/\/alzira.es\/es\/wp-json\/wp\/v2\/media\/6350"}],"wp:attachment":[{"href":"https:\/\/alzira.es\/es\/wp-json\/wp\/v2\/media?parent=6354"}],"curies":[{"name":"wp","href":"https:\/\/api.w.org\/{rel}","templated":true}]}}