{"id":6338,"date":"2012-02-21T15:17:58","date_gmt":"2012-02-21T14:17:58","guid":{"rendered":"https:\/\/alzira.es\/mercat-de-la-vila\/"},"modified":"2021-09-02T00:01:58","modified_gmt":"2021-09-01T22:01:58","slug":"mercat-de-la-vila","status":"publish","type":"page","link":"https:\/\/alzira.es\/es\/servicios-publicos\/mercados\/mercat-de-la-vila\/","title":{"rendered":"Mercat de la Vila"},"content":{"rendered":"<p><img fetchpriority=\"high\" decoding=\"async\" class=\" size-full wp-image-6332\" style=\"display: block; margin-left: auto; margin-right: auto;\" src=\"https:\/\/alzira.es\/wp-content\/uploads\/2012\/02\/mercat-la-vila.bmp\" alt=\"\" width=\"355\" height=\"242\"><\/p>\n<p style=\"text-align: justify;\">Est\u00e1 situado en Pl. Capella de la Sang y C\/ Sang.&nbsp;<\/p>\n<p style=\"text-align: justify;\">En el Mercat de la Vila podemos encontrar puestos de carnicer\u00eda, poller\u00eda, charcuter\u00eda y salazones, pescader\u00eda y&nbsp;una cafeter\u00eda.&nbsp;<\/p>\n<p style=\"text-align: justify;\">El horario de apertura es de lunes a s\u00e1bado de 8 a 14 horas y los viernes por la tarde de 17 a 20 horas.&nbsp;<\/p>\n<p style=\"text-align: justify;\">Si est\u00e1 usted interesado en la concesi\u00f3n de un puesto en el Mercat de la Vila, no dude en ponerse en contacto con el Departamento de Servicios P\u00fablicos.<\/p>\n<p>&nbsp;<img decoding=\"async\" class=\" size-full wp-image-6334\" style=\"display: block; margin-left: auto; margin-right: auto;\" src=\"https:\/\/alzira.es\/wp-content\/uploads\/2012\/02\/mercat-la-vila-2.bmp\" alt=\"\" width=\"510\" height=\"153\"><\/p>\n<hr>\n<p><a href=\"https:\/\/alzira.es\/wp-content\/uploads\/2010\/12\/REGLAMENTO_MERCAT_LA_VILA.pdf\" target=\"_blank\" rel=\"noopener\">&nbsp;REGLAMENTO DEL MERCADO DE LA VILA<\/a><\/p>\n<hr>\n<p>&nbsp;<\/p>\n<p><img decoding=\"async\" class=\"size-full wp-image-6336 lazyload\" style=\"--smush-placeholder-width: 251px; --smush-placeholder-aspect-ratio: 251\/118;display: block; margin-left: auto; margin-right: auto;\" data-src=\"https:\/\/alzira.es\/wp-content\/uploads\/2012\/02\/mercat_vila.jpg\" alt=\"\" width=\"251\" height=\"118\" src=\"data:image\/svg+xml;base64,PHN2ZyB3aWR0aD0iMSIgaGVpZ2h0PSIxIiB4bWxucz0iaHR0cDovL3d3dy53My5vcmcvMjAwMC9zdmciPjwvc3ZnPg==\"><\/p>\n","protected":false},"excerpt":{"rendered":"<p>Est\u00e1 situado en Pl. Capella de la Sang y C\/ Sang.&nbsp; En el Mercat de la Vila podemos encontrar puestos de carnicer\u00eda, poller\u00eda, charcuter\u00eda y salazones, pescader\u00eda y&nbsp;una cafeter\u00eda.&nbsp; El horario de apertura es de lunes a s\u00e1bado de 8 a 14 horas y los viernes por la tarde de 17 a 20 horas.&nbsp; Si &hellip; <\/p>\n<p class=\"link-more\"><a href=\"https:\/\/alzira.es\/es\/servicios-publicos\/mercados\/mercat-de-la-vila\/\" class=\"more-link\">Continuar leyendo<span class=\"screen-reader-text\"> \u00abMercat de la Vila\u00bb<\/span><\/a><\/p>\n","protected":false},"author":29,"featured_media":6332,"parent":6346,"menu_order":0,"comment_status":"closed","ping_status":"closed","template":"","meta":{"_acf_changed":false,"footnotes":""},"class_list":["post-6338","page","type-page","status-publish","has-post-thumbnail","hentry"],"acf":[],"_links":{"self":[{"href":"https:\/\/alzira.es\/es\/wp-json\/wp\/v2\/pages\/6338","targetHints":{"allow":["GET"]}}],"collection":[{"href":"https:\/\/alzira.es\/es\/wp-json\/wp\/v2\/pages"}],"about":[{"href":"https:\/\/alzira.es\/es\/wp-json\/wp\/v2\/types\/page"}],"author":[{"embeddable":true,"href":"https:\/\/alzira.es\/es\/wp-json\/wp\/v2\/users\/29"}],"replies":[{"embeddable":true,"href":"https:\/\/alzira.es\/es\/wp-json\/wp\/v2\/comments?post=6338"}],"version-history":[{"count":1,"href":"https:\/\/alzira.es\/es\/wp-json\/wp\/v2\/pages\/6338\/revisions"}],"predecessor-version":[{"id":88584,"href":"https:\/\/alzira.es\/es\/wp-json\/wp\/v2\/pages\/6338\/revisions\/88584"}],"up":[{"embeddable":true,"href":"https:\/\/alzira.es\/es\/wp-json\/wp\/v2\/pages\/6346"}],"wp:featuredmedia":[{"embeddable":true,"href":"https:\/\/alzira.es\/es\/wp-json\/wp\/v2\/media\/6332"}],"wp:attachment":[{"href":"https:\/\/alzira.es\/es\/wp-json\/wp\/v2\/media?parent=6338"}],"curies":[{"name":"wp","href":"https:\/\/api.w.org\/{rel}","templated":true}]}}