{"id":6324,"date":"2012-02-21T14:31:01","date_gmt":"2012-02-21T13:31:01","guid":{"rendered":"https:\/\/alzira.es\/mercado-ambulante\/"},"modified":"2021-09-02T00:01:34","modified_gmt":"2021-09-01T22:01:34","slug":"mercado-ambulante","status":"publish","type":"page","link":"https:\/\/alzira.es\/es\/servicios-publicos\/mercados\/mercado-ambulante\/","title":{"rendered":"Mercado Ambulante"},"content":{"rendered":"<p style=\"text-align: justify;\">El mercado ambulante de Alzira se celebra todos los mi\u00e9rcoles, excepto cuando sea festivo, que se celebrar\u00e1 el martes anterior. Est\u00e1 ubicado en las calles Pere Morell, Santo Domingo de Guzm\u00e1n, Senyera Valenciana, Riola, Doctor Just y Poliny\u00e0.&nbsp;<\/p>\n<hr>\n<p><a href=\"https:\/\/alzira.es\/wp-content\/uploads\/2010\/12\/ordenanca_venda_no_sedentaria.pdf\" target=\"_blank\" rel=\"noopener\">ORDENANZA DE VENTA NO SEDENTARIA<\/a><\/p>\n<hr>\n<p><a href=\"https:\/\/alzira.es\/wp-content\/uploads\/2010\/12\/ordenanza_fiscal_tasa_ocupacion_via_publica_con_puestos_de_mercado.pdf\" target=\"_blank\" rel=\"noopener\">ORDENANZA FISCAL<\/a><\/p>\n<hr>\n<p>&nbsp;&nbsp;<\/p>\n<p><a href=\"https:\/\/alzira.es\/wp-content\/uploads\/2012\/02\/edicte_canvi_parades.pdf\" target=\"_blank\" rel=\"noopener\">Edicto sobre el cambio de puestos del mercado ambulante<\/a><\/p>\n<p><a href=\"https:\/\/alzira.es\/wp-content\/uploads\/2012\/02\/baremacio_merits_mercat.pdf\" target=\"_blank\" rel=\"noopener\">Baremo de m\u00e9ritos (art. 20 Ordenanza de Venta no Sedentaria)&nbsp;<\/a><\/p>\n<p><span style=\"text-decoration: underline;\"><strong>INSTANCIAS<\/strong><\/span>&nbsp;<\/p>\n<p><a href=\"https:\/\/alzira.es\/wp-content\/uploads\/2012\/06\/PUB_I_014_C_Solicitud_autorizacion_venta_NO_sedentaria.pdf\" target=\"_blank\" rel=\"noopener\">Solicitud de parada nueva<\/a>&nbsp;<\/p>\n<p><a href=\"https:\/\/alzira.es\/wp-content\/uploads\/2012\/06\/PUB_I_015_C_Solicitud_modificacion_licencia_venta_NO_sedentaria.pdf\" target=\"_blank\" rel=\"noopener\">Solicitud de modificaci\u00f3n de licencia<\/a><a href=\"contenidos\/e_Ajuntament\/CASTELLA\/PUB%20I%20015%20C%20Solicitud%20modificacion%20licencia%20venta%20NO%20sedentaria.pdf\"><\/a>&nbsp;<\/p>\n<p style=\"text-align: center;\"><img fetchpriority=\"high\" decoding=\"async\" class=\" size-full wp-image-6318\" src=\"https:\/\/alzira.es\/wp-content\/uploads\/2012\/02\/mercat_ambulant.jpg\" alt=\"\" width=\"300\" height=\"225\"><\/p>\n","protected":false},"excerpt":{"rendered":"<p>El mercado ambulante de Alzira se celebra todos los mi\u00e9rcoles, excepto cuando sea festivo, que se celebrar\u00e1 el martes anterior. Est\u00e1 ubicado en las calles Pere Morell, Santo Domingo de Guzm\u00e1n, Senyera Valenciana, Riola, Doctor Just y Poliny\u00e0.&nbsp; ORDENANZA DE VENTA NO SEDENTARIA ORDENANZA FISCAL &nbsp;&nbsp; Edicto sobre el cambio de puestos del mercado ambulante &hellip; <\/p>\n<p class=\"link-more\"><a href=\"https:\/\/alzira.es\/es\/servicios-publicos\/mercados\/mercado-ambulante\/\" class=\"more-link\">Continuar leyendo<span class=\"screen-reader-text\"> \u00abMercado Ambulante\u00bb<\/span><\/a><\/p>\n","protected":false},"author":12,"featured_media":6318,"parent":6346,"menu_order":0,"comment_status":"closed","ping_status":"closed","template":"","meta":{"_acf_changed":false,"footnotes":""},"class_list":["post-6324","page","type-page","status-publish","has-post-thumbnail","hentry"],"acf":[],"_links":{"self":[{"href":"https:\/\/alzira.es\/es\/wp-json\/wp\/v2\/pages\/6324","targetHints":{"allow":["GET"]}}],"collection":[{"href":"https:\/\/alzira.es\/es\/wp-json\/wp\/v2\/pages"}],"about":[{"href":"https:\/\/alzira.es\/es\/wp-json\/wp\/v2\/types\/page"}],"author":[{"embeddable":true,"href":"https:\/\/alzira.es\/es\/wp-json\/wp\/v2\/users\/12"}],"replies":[{"embeddable":true,"href":"https:\/\/alzira.es\/es\/wp-json\/wp\/v2\/comments?post=6324"}],"version-history":[{"count":1,"href":"https:\/\/alzira.es\/es\/wp-json\/wp\/v2\/pages\/6324\/revisions"}],"predecessor-version":[{"id":88582,"href":"https:\/\/alzira.es\/es\/wp-json\/wp\/v2\/pages\/6324\/revisions\/88582"}],"up":[{"embeddable":true,"href":"https:\/\/alzira.es\/es\/wp-json\/wp\/v2\/pages\/6346"}],"wp:featuredmedia":[{"embeddable":true,"href":"https:\/\/alzira.es\/es\/wp-json\/wp\/v2\/media\/6318"}],"wp:attachment":[{"href":"https:\/\/alzira.es\/es\/wp-json\/wp\/v2\/media?parent=6324"}],"curies":[{"name":"wp","href":"https:\/\/api.w.org\/{rel}","templated":true}]}}