{"id":6308,"date":"2010-12-03T10:54:33","date_gmt":"2010-12-03T09:54:33","guid":{"rendered":"https:\/\/alzira.es\/ordenanzas-y-reglamentos-de-servicios-publicos\/"},"modified":"2021-09-02T00:26:44","modified_gmt":"2021-09-01T22:26:44","slug":"ordenanzas-y-reglamentos-de-servicios-publicos","status":"publish","type":"page","link":"https:\/\/alzira.es\/es\/servicios-municipales\/ordenanzas-y-reglamentos-de-servicios-publicos\/","title":{"rendered":"Ordenanzas y Reglamentos de Servicios P\u00fablicos"},"content":{"rendered":"<p>&nbsp;<\/p>\n<hr>\n<p><a href=\"https:\/\/alzira.es\/wp-content\/uploads\/2010\/12\/ordenanza_municipal_de_limpieza_urbana.pdf\" target=\"_blank\" rel=\"noopener\">ORDENANZA DE LIMPIEZA URBANA<\/a><\/p>\n<hr>\n<p><a href=\"https:\/\/alzira.es\/wp-content\/uploads\/2010\/12\/ordenanca_venda_no_sedentaria.pdf\" target=\"_blank\" rel=\"noopener\">ORDENANZA REGULADORA DE LA VENTA NO SEDENTARIA<\/a><\/p>\n<hr>\n<p><a href=\"https:\/\/alzira.es\/wp-content\/uploads\/2010\/12\/ORDENANZA_PARQUES_Y_JARDINES.pdf\" target=\"_blank\" rel=\"noopener\">ORDENANZA MUNICIPAL DE PARQUES Y JARDINES<\/a><\/p>\n<hr>\n<p><a href=\"https:\/\/alzira.es\/wp-content\/uploads\/2010\/12\/REGLAMENTO_MERCAT_LA_VILA.pdf\" target=\"_blank\" rel=\"noopener\">REGLAMENTO DEL MERCADO LA VILA<\/a><\/p>\n<hr>\n<p><a href=\"https:\/\/alzira.es\/wp-content\/uploads\/2010\/12\/REGLAMENTO_CEMENTERIO_MUNICIPAL.pdf\" target=\"_blank\" rel=\"noopener\">REGLAMENTO PARA EL R\u00c9GIMEN Y GOBIERNO EN LA PRESTACI\u00d3N DE SERVICIOS EN EL CEMENTERIO MUNICIPAL<\/a><\/p>\n<hr>\n<p>&nbsp;<\/p>\n<p><span style=\"font-size: 14pt;\">ORDENANZAS FISCALES DE SERVICIOS P\u00daBLICOS&nbsp;<\/span><\/p>\n<hr style=\"line-height: 23.0400009155273px;\">\n<p style=\"line-height: 23.0400009155273px;\"><a href=\"https:\/\/alzira.es\/wp-content\/uploads\/2010\/12\/ordenanza_fiscal_tasa_transporte_publico_urbano.pdf\" target=\"_blank\" rel=\"noopener\">ORDENANZA FISCAL REGULADORA DE LAS TASA POR LA UTILIZACI\u00d3N DEL SERVICIO DE TRANSPORTE P\u00daBLICO URBANO<\/a><\/p>\n<hr style=\"line-height: 23.0400009155273px;\">\n<p style=\"line-height: 23.0400009155273px;\"><a href=\"https:\/\/alzira.es\/wp-content\/uploads\/2010\/12\/ordenanza_fiscal_tasa_ocupacion_via_publica_con_puestos_de_mercado.pdf\" target=\"_blank\" rel=\"noopener\">ORDENANZA FISCAL REGULADORA DE LA TASA POR OCUPACI\u00d3N DE LA V\u00cdA P\u00daBLICA CON&nbsp;PUESTOS DE MERCADO<\/a><\/p>\n<hr style=\"line-height: 23.0400009155273px;\">\n<p style=\"line-height: 23.0400009155273px;\"><a href=\"https:\/\/alzira.es\/wp-content\/uploads\/2010\/12\/ordenanza_fiscal_cementerio_municipal.pdf\" target=\"_blank\" rel=\"noopener\">ORDENANZA FISCAL REGULADORA DE&nbsp;LA PRESTACI\u00d3N DE SERVICIOS EN EL CEMENTERIO MUNICIPAL<\/a><\/p>\n<hr style=\"line-height: 23.0400009155273px;\">\n<p style=\"line-height: 23.0400009155273px;\">&nbsp;<\/p>\n","protected":false},"excerpt":{"rendered":"<p>&nbsp; ORDENANZA DE LIMPIEZA URBANA ORDENANZA REGULADORA DE LA VENTA NO SEDENTARIA ORDENANZA MUNICIPAL DE PARQUES Y JARDINES REGLAMENTO DEL MERCADO LA VILA REGLAMENTO PARA EL R\u00c9GIMEN Y GOBIERNO EN LA PRESTACI\u00d3N DE SERVICIOS EN EL CEMENTERIO MUNICIPAL &nbsp; ORDENANZAS FISCALES DE SERVICIOS P\u00daBLICOS&nbsp; ORDENANZA FISCAL REGULADORA DE LAS TASA POR LA UTILIZACI\u00d3N DEL SERVICIO &hellip; <\/p>\n<p class=\"link-more\"><a href=\"https:\/\/alzira.es\/es\/servicios-municipales\/ordenanzas-y-reglamentos-de-servicios-publicos\/\" class=\"more-link\">Continuar leyendo<span class=\"screen-reader-text\"> \u00abOrdenanzas y Reglamentos de Servicios P\u00fablicos\u00bb<\/span><\/a><\/p>\n","protected":false},"author":29,"featured_media":0,"parent":60847,"menu_order":0,"comment_status":"closed","ping_status":"closed","template":"","meta":{"_acf_changed":false,"footnotes":""},"class_list":["post-6308","page","type-page","status-publish","hentry"],"acf":[],"_links":{"self":[{"href":"https:\/\/alzira.es\/es\/wp-json\/wp\/v2\/pages\/6308","targetHints":{"allow":["GET"]}}],"collection":[{"href":"https:\/\/alzira.es\/es\/wp-json\/wp\/v2\/pages"}],"about":[{"href":"https:\/\/alzira.es\/es\/wp-json\/wp\/v2\/types\/page"}],"author":[{"embeddable":true,"href":"https:\/\/alzira.es\/es\/wp-json\/wp\/v2\/users\/29"}],"replies":[{"embeddable":true,"href":"https:\/\/alzira.es\/es\/wp-json\/wp\/v2\/comments?post=6308"}],"version-history":[{"count":1,"href":"https:\/\/alzira.es\/es\/wp-json\/wp\/v2\/pages\/6308\/revisions"}],"predecessor-version":[{"id":88624,"href":"https:\/\/alzira.es\/es\/wp-json\/wp\/v2\/pages\/6308\/revisions\/88624"}],"up":[{"embeddable":true,"href":"https:\/\/alzira.es\/es\/wp-json\/wp\/v2\/pages\/60847"}],"wp:attachment":[{"href":"https:\/\/alzira.es\/es\/wp-json\/wp\/v2\/media?parent=6308"}],"curies":[{"name":"wp","href":"https:\/\/api.w.org\/{rel}","templated":true}]}}