{"id":61916,"date":"2021-06-17T16:29:34","date_gmt":"2021-06-17T14:29:34","guid":{"rendered":"https:\/\/alzira.es\/ajuntamiento\/accesibilidad\/"},"modified":"2023-07-14T13:17:48","modified_gmt":"2023-07-14T11:17:48","slug":"accesibilidad","status":"publish","type":"page","link":"https:\/\/alzira.es\/es\/ayuntamiento\/accesibilidad\/","title":{"rendered":"Accesibilidad"},"content":{"rendered":"\t\t<div data-elementor-type=\"wp-page\" data-elementor-id=\"61916\" class=\"elementor elementor-61916 elementor-61909\">\n\t\t\t\t\t\t<section class=\"elementor-section elementor-top-section elementor-element elementor-element-595e6e2c elementor-section-boxed elementor-section-height-default elementor-section-height-default\" data-id=\"595e6e2c\" data-element_type=\"section\">\n\t\t\t\t\t\t<div class=\"elementor-container elementor-column-gap-default\">\n\t\t\t\t\t<div class=\"elementor-column elementor-col-100 elementor-top-column elementor-element elementor-element-1d611fd3\" data-id=\"1d611fd3\" data-element_type=\"column\">\n\t\t\t<div class=\"elementor-widget-wrap elementor-element-populated\">\n\t\t\t\t\t\t<div class=\"elementor-element elementor-element-50756278 elementor-widget elementor-widget-text-editor\" data-id=\"50756278\" data-element_type=\"widget\" data-widget_type=\"text-editor.default\">\n\t\t\t\t<div class=\"elementor-widget-container\">\n\t\t\t\t\t\t\t\t\t\n<p>Adem\u00e1s de facilitar una buena comunicaci\u00f3n con el usuario, la web del Ayuntamiento de Alzira vela para que, a su vez, el usuario se pueda comunicar de la manera m\u00e1s \u00f3ptima con la web y evitando las habilidades y capacidades de cada usuario.<\/p>\n\n<p>Por eso, con esta tecnolog\u00eda de accesibilidad integral, por ejemplo:<\/p>\n\n<p>Una persona sin visi\u00f3n puede optar por escuchar la web y navegar por ella mediante los comandos simplificados del teclado.<\/p>\n<hr class=\"wp-block-separator\" \/>\n<p>Las personas sin movilidad y que no pueden operar con el rat\u00f3n pueden optar por hablarle a la web y navegar por ella sin problemas.<\/p>\n\n<p>En modo de navegaci\u00f3n por escucha, las partes interactivas de la web se hacen accesibles mediante n\u00fameros que permiten al usuario elegirlos en voz alta y desplazarse por ella, navegando, as\u00ed, por las p\u00e1ginas mediante los comandos de voz.<\/p>\n\n<p>En otros colectivos de individuos con par\u00e1lisis m\u00e1s severas que les limitan el habla, las personas usuarias pueden navegar por modulaci\u00f3n de sonido, ya sea soplando sobre el micr\u00f3fono o bien emitiendo sonidos de diferente intensidad.<\/p>\n\n<p>Para m\u00e1s informaci\u00f3n, se pueden consultar estos dos documentos:<\/p>\n\t\t\t\t\t\t\t\t<\/div>\n\t\t\t\t<\/div>\n\t\t\t\t\t<\/div>\n\t\t<\/div>\n\t\t\t\t\t<\/div>\n\t\t<\/section>\n\t\t\t\t<section class=\"elementor-section elementor-top-section elementor-element elementor-element-3d2c789 elementor-section-boxed elementor-section-height-default elementor-section-height-default\" data-id=\"3d2c789\" data-element_type=\"section\">\n\t\t\t\t\t\t<div class=\"elementor-container elementor-column-gap-default\">\n\t\t\t\t\t<div class=\"elementor-column elementor-col-20 elementor-top-column elementor-element elementor-element-23f4ec9\" data-id=\"23f4ec9\" data-element_type=\"column\">\n\t\t\t<div class=\"elementor-widget-wrap\">\n\t\t\t\t\t\t\t<\/div>\n\t\t<\/div>\n\t\t\t\t<div class=\"elementor-column elementor-col-20 elementor-top-column elementor-element elementor-element-1200ac1\" data-id=\"1200ac1\" data-element_type=\"column\">\n\t\t\t<div class=\"elementor-widget-wrap elementor-element-populated\">\n\t\t\t\t\t\t<div class=\"elementor-element elementor-element-e5c987a elementor-widget elementor-widget-image\" data-id=\"e5c987a\" data-element_type=\"widget\" data-widget_type=\"image.default\">\n\t\t\t\t<div class=\"elementor-widget-container\">\n\t\t\t\t\t\t\t\t\t\t\t\t\t\t\t\t<a href=\"https:\/\/alzira.es\/wp-content\/uploads\/2015\/03\/requisits_funcionament_cas.pdf\">\n\t\t\t\t\t\t\t<img fetchpriority=\"high\" decoding=\"async\" width=\"605\" height=\"533\" src=\"https:\/\/alzira.es\/wp-content\/uploads\/2021\/12\/Recurso-13.png\" class=\"attachment-full size-full wp-image-108673\" alt=\"\" srcset=\"https:\/\/alzira.es\/wp-content\/uploads\/2021\/12\/Recurso-13.png 605w, https:\/\/alzira.es\/wp-content\/uploads\/2021\/12\/Recurso-13-579x510.png 579w\" sizes=\"100vw\" \/>\t\t\t\t\t\t\t\t<\/a>\n\t\t\t\t\t\t\t\t\t\t\t\t\t\t\t<\/div>\n\t\t\t\t<\/div>\n\t\t\t\t<div class=\"elementor-element elementor-element-6da3933 elementor-widget elementor-widget-heading\" data-id=\"6da3933\" data-element_type=\"widget\" data-widget_type=\"heading.default\">\n\t\t\t\t<div class=\"elementor-widget-container\">\n\t\t\t\t\t<h5 class=\"elementor-heading-title elementor-size-default\"><a href=\"https:\/\/alzira.es\/wp-content\/uploads\/2015\/03\/requisits_funcionament_cas.pdf\">Requisitos de funcionamiento<\/a><\/h5>\t\t\t\t<\/div>\n\t\t\t\t<\/div>\n\t\t\t\t\t<\/div>\n\t\t<\/div>\n\t\t\t\t<div class=\"elementor-column elementor-col-20 elementor-top-column elementor-element elementor-element-fabe12e\" data-id=\"fabe12e\" data-element_type=\"column\">\n\t\t\t<div class=\"elementor-widget-wrap\">\n\t\t\t\t\t\t\t<\/div>\n\t\t<\/div>\n\t\t\t\t<div class=\"elementor-column elementor-col-20 elementor-top-column elementor-element elementor-element-28eb517\" data-id=\"28eb517\" data-element_type=\"column\">\n\t\t\t<div class=\"elementor-widget-wrap elementor-element-populated\">\n\t\t\t\t\t\t<div class=\"elementor-element elementor-element-6157f76 elementor-widget elementor-widget-image\" data-id=\"6157f76\" data-element_type=\"widget\" data-widget_type=\"image.default\">\n\t\t\t\t<div class=\"elementor-widget-container\">\n\t\t\t\t\t\t\t\t\t\t\t\t\t\t\t\t<a href=\"https:\/\/alzira.es\/wp-content\/uploads\/2015\/03\/inclusite_guia_funcional_es.pdf\">\n\t\t\t\t\t\t\t<img fetchpriority=\"high\" decoding=\"async\" width=\"605\" height=\"533\" src=\"https:\/\/alzira.es\/wp-content\/uploads\/2021\/12\/Recurso-13.png\" class=\"attachment-full size-full wp-image-108673\" alt=\"\" srcset=\"https:\/\/alzira.es\/wp-content\/uploads\/2021\/12\/Recurso-13.png 605w, https:\/\/alzira.es\/wp-content\/uploads\/2021\/12\/Recurso-13-579x510.png 579w\" sizes=\"100vw\" \/>\t\t\t\t\t\t\t\t<\/a>\n\t\t\t\t\t\t\t\t\t\t\t\t\t\t\t<\/div>\n\t\t\t\t<\/div>\n\t\t\t\t<div class=\"elementor-element elementor-element-cebb8d0 elementor-widget elementor-widget-heading\" data-id=\"cebb8d0\" data-element_type=\"widget\" data-widget_type=\"heading.default\">\n\t\t\t\t<div class=\"elementor-widget-container\">\n\t\t\t\t\t<h5 class=\"elementor-heading-title elementor-size-default\"><a href=\"https:\/\/alzira.es\/wp-content\/uploads\/2015\/03\/inclusite_guia_funcional_es.pdf\">Gu\u00eda funcional de acesibilidad integral<\/a><\/h5>\t\t\t\t<\/div>\n\t\t\t\t<\/div>\n\t\t\t\t\t<\/div>\n\t\t<\/div>\n\t\t\t\t<div class=\"elementor-column elementor-col-20 elementor-top-column elementor-element elementor-element-1929e56\" data-id=\"1929e56\" data-element_type=\"column\">\n\t\t\t<div class=\"elementor-widget-wrap\">\n\t\t\t\t\t\t\t<\/div>\n\t\t<\/div>\n\t\t\t\t\t<\/div>\n\t\t<\/section>\n\t\t\t\t<\/div>\n\t\t","protected":false},"excerpt":{"rendered":"<p>Adem\u00e1s de facilitar una buena comunicaci\u00f3n con el usuario, la web del Ayuntamiento de Alzira vela para que, a su vez, el usuario se pueda comunicar de la manera m\u00e1s \u00f3ptima con la web y evitando las habilidades y capacidades de cada usuario. Por eso, con esta tecnolog\u00eda de accesibilidad integral, por ejemplo: Una persona &hellip; <\/p>\n<p class=\"link-more\"><a href=\"https:\/\/alzira.es\/es\/ayuntamiento\/accesibilidad\/\" class=\"more-link\">Continuar leyendo<span class=\"screen-reader-text\"> \u00abAccesibilidad\u00bb<\/span><\/a><\/p>\n","protected":false},"author":29,"featured_media":0,"parent":60845,"menu_order":0,"comment_status":"closed","ping_status":"closed","template":"","meta":{"_acf_changed":false,"footnotes":""},"class_list":["post-61916","page","type-page","status-publish","hentry"],"acf":[],"_links":{"self":[{"href":"https:\/\/alzira.es\/es\/wp-json\/wp\/v2\/pages\/61916","targetHints":{"allow":["GET"]}}],"collection":[{"href":"https:\/\/alzira.es\/es\/wp-json\/wp\/v2\/pages"}],"about":[{"href":"https:\/\/alzira.es\/es\/wp-json\/wp\/v2\/types\/page"}],"author":[{"embeddable":true,"href":"https:\/\/alzira.es\/es\/wp-json\/wp\/v2\/users\/29"}],"replies":[{"embeddable":true,"href":"https:\/\/alzira.es\/es\/wp-json\/wp\/v2\/comments?post=61916"}],"version-history":[{"count":2,"href":"https:\/\/alzira.es\/es\/wp-json\/wp\/v2\/pages\/61916\/revisions"}],"predecessor-version":[{"id":139735,"href":"https:\/\/alzira.es\/es\/wp-json\/wp\/v2\/pages\/61916\/revisions\/139735"}],"up":[{"embeddable":true,"href":"https:\/\/alzira.es\/es\/wp-json\/wp\/v2\/pages\/60845"}],"wp:attachment":[{"href":"https:\/\/alzira.es\/es\/wp-json\/wp\/v2\/media?parent=61916"}],"curies":[{"name":"wp","href":"https:\/\/api.w.org\/{rel}","templated":true}]}}