{"id":61375,"date":"2013-08-22T21:08:07","date_gmt":"2013-08-22T19:08:07","guid":{"rendered":"https:\/\/alzira.es\/ajuntamiento\/videoacta\/"},"modified":"2022-10-25T08:26:12","modified_gmt":"2022-10-25T06:26:12","slug":"videoacta","status":"publish","type":"page","link":"https:\/\/alzira.es\/es\/ayuntamiento\/videoacta\/","title":{"rendered":"V\u00eddeoActa"},"content":{"rendered":"\t\t<div data-elementor-type=\"wp-page\" data-elementor-id=\"61375\" class=\"elementor elementor-61375 elementor-427\">\n\t\t\t\t\t\t<section class=\"elementor-section elementor-top-section elementor-element elementor-element-d61a099 elementor-section-boxed elementor-section-height-default elementor-section-height-default\" data-id=\"d61a099\" data-element_type=\"section\">\n\t\t\t\t\t\t<div class=\"elementor-container elementor-column-gap-default\">\n\t\t\t\t\t<div class=\"elementor-column elementor-col-100 elementor-top-column elementor-element elementor-element-93b0452\" data-id=\"93b0452\" data-element_type=\"column\">\n\t\t\t<div class=\"elementor-widget-wrap elementor-element-populated\">\n\t\t\t\t\t\t<div class=\"elementor-element elementor-element-1979beb elementor-widget elementor-widget-text-editor\" data-id=\"1979beb\" data-element_type=\"widget\" data-widget_type=\"text-editor.default\">\n\t\t\t\t<div class=\"elementor-widget-container\">\n\t\t\t\t\t\t\t\t\t<p>V\u00eddeoActa es un sistema de gesti\u00f3n de actas municipales que permite la elaboraci\u00f3n de las actas de los plenos municipales de una forma muy r\u00e1pida. La v\u00eddeo acta se basa en la integraci\u00f3n de v\u00eddeo y documentos electr\u00f3nicos firmados electr\u00f3nicamente mediante certificado digital o DNI electr\u00f3nico. Tambi\u00e9n adaptado a personas con discapacidad auditiva. El sistema combina la grabaci\u00f3n en v\u00eddeo de los plenos municipales con el documento electr\u00f3nico que contiene el orden del d\u00eda del pleno, todo firmado electr\u00f3nicamente con el certificado digital o el DNI electr\u00f3nico del Secretario de la Entidad Local para dar fe legal del acto. Al conjunto formado por ambos elementos, v\u00eddeo y documento, se le ha bautizado como V\u00eddeoActa.<\/p>\n<p>Puede acceder directamente a trav\u00e9s de los siguientes enlaces (Veas\u00e9 im\u00e1genes):<\/p>\t\t\t\t\t\t\t\t<\/div>\n\t\t\t\t<\/div>\n\t\t\t\t\t<\/div>\n\t\t<\/div>\n\t\t\t\t\t<\/div>\n\t\t<\/section>\n\t\t\t\t<section class=\"elementor-section elementor-top-section elementor-element elementor-element-a4e2308 elementor-section-boxed elementor-section-height-default elementor-section-height-default\" data-id=\"a4e2308\" data-element_type=\"section\">\n\t\t\t\t\t\t<div class=\"elementor-container elementor-column-gap-default\">\n\t\t\t\t\t<div class=\"elementor-column elementor-col-33 elementor-top-column elementor-element elementor-element-66b11d8\" data-id=\"66b11d8\" data-element_type=\"column\">\n\t\t\t<div class=\"elementor-widget-wrap elementor-element-populated\">\n\t\t\t\t\t\t<div class=\"elementor-element elementor-element-5b98b67 elementor-widget elementor-widget-image\" data-id=\"5b98b67\" data-element_type=\"widget\" data-widget_type=\"image.default\">\n\t\t\t\t<div class=\"elementor-widget-container\">\n\t\t\t\t\t\t\t\t\t\t\t\t\t\t\t\t<a href=\"http:\/\/portalplenos.alzira.es\/PortalRepro\/plenos.php\" target=\"_blank\">\n\t\t\t\t\t\t\t<img fetchpriority=\"high\" decoding=\"async\" width=\"609\" height=\"510\" src=\"https:\/\/alzira.es\/wp-content\/uploads\/2021\/05\/videoacta-directe-680x569.png\" class=\"attachment-medium size-medium wp-image-61363\" alt=\"\" srcset=\"https:\/\/alzira.es\/wp-content\/uploads\/2021\/05\/videoacta-directe-680x569.png 680w, https:\/\/alzira.es\/wp-content\/uploads\/2021\/05\/videoacta-directe-1282x1072.png 1282w, https:\/\/alzira.es\/wp-content\/uploads\/2021\/05\/videoacta-directe-768x642.png 768w, https:\/\/alzira.es\/wp-content\/uploads\/2021\/05\/videoacta-directe-1536x1284.png 1536w, https:\/\/alzira.es\/wp-content\/uploads\/2021\/05\/videoacta-directe-2048x1712.png 2048w\" sizes=\"100vw\" \/>\t\t\t\t\t\t\t\t<\/a>\n\t\t\t\t\t\t\t\t\t\t\t\t\t\t\t<\/div>\n\t\t\t\t<\/div>\n\t\t\t\t\t<\/div>\n\t\t<\/div>\n\t\t\t\t<div class=\"elementor-column elementor-col-33 elementor-top-column elementor-element elementor-element-3ff1f7f\" data-id=\"3ff1f7f\" data-element_type=\"column\">\n\t\t\t<div class=\"elementor-widget-wrap elementor-element-populated\">\n\t\t\t\t\t\t<div class=\"elementor-element elementor-element-5cf66f5 elementor-widget elementor-widget-image\" data-id=\"5cf66f5\" data-element_type=\"widget\" data-widget_type=\"image.default\">\n\t\t\t\t<div class=\"elementor-widget-container\">\n\t\t\t\t\t\t\t\t\t\t\t\t\t\t\t\t<a href=\"http:\/\/portalplenos.alzira.es\/Aciudadana\/index.php\" target=\"_blank\">\n\t\t\t\t\t\t\t<img decoding=\"async\" width=\"609\" height=\"510\" data-src=\"https:\/\/alzira.es\/wp-content\/uploads\/2021\/05\/videoacta-directe2-680x569.png\" class=\"attachment-medium size-medium wp-image-61365 lazyload\" alt=\"\" data-srcset=\"https:\/\/alzira.es\/wp-content\/uploads\/2021\/05\/videoacta-directe2-680x569.png 680w, https:\/\/alzira.es\/wp-content\/uploads\/2021\/05\/videoacta-directe2-1282x1072.png 1282w, https:\/\/alzira.es\/wp-content\/uploads\/2021\/05\/videoacta-directe2-768x642.png 768w, https:\/\/alzira.es\/wp-content\/uploads\/2021\/05\/videoacta-directe2-1536x1284.png 1536w, https:\/\/alzira.es\/wp-content\/uploads\/2021\/05\/videoacta-directe2-2048x1712.png 2048w\" data-sizes=\"100vw\" src=\"data:image\/svg+xml;base64,PHN2ZyB3aWR0aD0iMSIgaGVpZ2h0PSIxIiB4bWxucz0iaHR0cDovL3d3dy53My5vcmcvMjAwMC9zdmciPjwvc3ZnPg==\" style=\"--smush-placeholder-width: 609px; --smush-placeholder-aspect-ratio: 609\/510;\" \/>\t\t\t\t\t\t\t\t<\/a>\n\t\t\t\t\t\t\t\t\t\t\t\t\t\t\t<\/div>\n\t\t\t\t<\/div>\n\t\t\t\t\t<\/div>\n\t\t<\/div>\n\t\t\t\t<div class=\"elementor-column elementor-col-33 elementor-top-column elementor-element elementor-element-5af2a60\" data-id=\"5af2a60\" data-element_type=\"column\">\n\t\t\t<div class=\"elementor-widget-wrap elementor-element-populated\">\n\t\t\t\t\t\t<div class=\"elementor-element elementor-element-a56cf94 elementor-widget elementor-widget-image\" data-id=\"a56cf94\" data-element_type=\"widget\" data-widget_type=\"image.default\">\n\t\t\t\t<div class=\"elementor-widget-container\">\n\t\t\t\t\t\t\t\t\t\t\t\t\t\t\t\t<a href=\"http:\/\/alzira.videoacta.es\/\" target=\"_blank\">\n\t\t\t\t\t\t\t<img decoding=\"async\" width=\"609\" height=\"510\" data-src=\"https:\/\/alzira.es\/wp-content\/uploads\/2021\/05\/avideoacta-680x569.png\" class=\"attachment-medium size-medium wp-image-61361 lazyload\" alt=\"\" data-srcset=\"https:\/\/alzira.es\/wp-content\/uploads\/2021\/05\/avideoacta-680x569.png 680w, https:\/\/alzira.es\/wp-content\/uploads\/2021\/05\/avideoacta-1282x1072.png 1282w, https:\/\/alzira.es\/wp-content\/uploads\/2021\/05\/avideoacta-768x642.png 768w, https:\/\/alzira.es\/wp-content\/uploads\/2021\/05\/avideoacta-1536x1284.png 1536w, https:\/\/alzira.es\/wp-content\/uploads\/2021\/05\/avideoacta-2048x1712.png 2048w\" data-sizes=\"100vw\" src=\"data:image\/svg+xml;base64,PHN2ZyB3aWR0aD0iMSIgaGVpZ2h0PSIxIiB4bWxucz0iaHR0cDovL3d3dy53My5vcmcvMjAwMC9zdmciPjwvc3ZnPg==\" style=\"--smush-placeholder-width: 609px; --smush-placeholder-aspect-ratio: 609\/510;\" \/>\t\t\t\t\t\t\t\t<\/a>\n\t\t\t\t\t\t\t\t\t\t\t\t\t\t\t<\/div>\n\t\t\t\t<\/div>\n\t\t\t\t\t<\/div>\n\t\t<\/div>\n\t\t\t\t\t<\/div>\n\t\t<\/section>\n\t\t\t\t<section class=\"elementor-section elementor-top-section elementor-element elementor-element-bb2dfa9 elementor-section-boxed elementor-section-height-default elementor-section-height-default\" data-id=\"bb2dfa9\" data-element_type=\"section\">\n\t\t\t\t\t\t<div class=\"elementor-container elementor-column-gap-default\">\n\t\t\t\t\t<div class=\"elementor-column elementor-col-100 elementor-top-column elementor-element elementor-element-52951dc\" data-id=\"52951dc\" data-element_type=\"column\">\n\t\t\t<div class=\"elementor-widget-wrap elementor-element-populated\">\n\t\t\t\t\t\t<div class=\"elementor-element elementor-element-f838522 elementor-widget elementor-widget-text-editor\" data-id=\"f838522\" data-element_type=\"widget\" data-widget_type=\"text-editor.default\">\n\t\t\t\t<div class=\"elementor-widget-container\">\n\t\t\t\t\t\t\t\t\t<p><strong>REQUISITOS:<\/strong><\/p>\n<p>El portal de reproducci\u00f3n de Videoacta utiliza un reproductor de v\u00eddeo compatible con una amplia variedad de navegadores, tanto de ordenador como de dispositivos m\u00f3viles y tablets.<\/p>\n<p>Puede accederse a la plataforma de Videoacta desde ordenadores personales y dispositivos m\u00f3viles en las siguientes plataformas:<\/p>\n<p>\u2022 PC con Windows XM o superior, cualquier distribuci\u00f3n de linux.<\/p>\n<p>\u2022 Apple Mac con OS X.<\/p>\n<p>\u2022 Dispositivos iOS (iPhone y iPad).<\/p>\n<p>\u2022 Dispositivos con Google Android (Smartphones y Tablets).<\/p>\n<p>\u2022 Dispositivos Windows Phone 7 o superior(No compatible para emisiones en directo).<\/p>\n<p>\u2022 Dispositivos Windows Phone 7 o superior(No compatible para emisiones en directo).<\/p>\n<p>Para poder visualizar correctamente las grabaciones los REQUISITOS en navegadores han de ser los siguientes:<\/p>\n<p>\u2022 Internet Explorer 10 o superior<\/p>\n<p>\u2022 Firefox 34.0.5 o superior<\/p>\n<p>\u2022 Safari 6 o superior<\/p>\n<p>\u2022 Chrome 39.0.2171.95 o superior<\/p>\n<p>Reproductor Quick Time Player.<\/p>\n\t\t\t\t\t\t\t\t<\/div>\n\t\t\t\t<\/div>\n\t\t\t\t\t<\/div>\n\t\t<\/div>\n\t\t\t\t\t<\/div>\n\t\t<\/section>\n\t\t\t\t<section class=\"elementor-section elementor-top-section elementor-element elementor-element-b7d3d6c elementor-section-boxed elementor-section-height-default elementor-section-height-default\" data-id=\"b7d3d6c\" data-element_type=\"section\">\n\t\t\t\t\t\t<div class=\"elementor-container elementor-column-gap-default\">\n\t\t\t\t\t<div class=\"elementor-column elementor-col-100 elementor-top-column elementor-element elementor-element-e5db28f\" data-id=\"e5db28f\" data-element_type=\"column\">\n\t\t\t<div class=\"elementor-widget-wrap elementor-element-populated\">\n\t\t\t\t\t\t<div class=\"elementor-element elementor-element-03af2ea elementor-widget elementor-widget-text-editor\" data-id=\"03af2ea\" data-element_type=\"widget\" data-widget_type=\"text-editor.default\">\n\t\t\t\t<div class=\"elementor-widget-container\">\n\t\t\t\t\t\t\t\t\t<p><strong>M\u00c1S INFORMACI\u00d3N:<\/strong><\/p>\n<p>\u00abUn V\u00eddeoActa es un documento electr\u00f3nico y multimedia, compuesto al menos por los siguientes elementos:<\/p>\n<p>\u2022 Acta sucinta: Documento electr\u00f3nico que contiene los puntos de la agenda de la reuni\u00f3n (puntos del orden del d\u00eda de una sesi\u00f3n municipal Plenaria) y los acuerdos tomados en cada uno de los puntos de dicha agenda u orden del d\u00eda. Dependiendo del tipo de reuni\u00f3n de la que se tiene que levantar acta, puede tener un formato espec\u00edfico, incluso determinado por legislaci\u00f3n vigente como es el caso de las Actas de los Plenos Municipales.<\/p>\n<p>\u2022 Documento audiovisual o v\u00eddeo: Grabaci\u00f3n en v\u00eddeo de todo lo ocurrido en la reuni\u00f3n (sesi\u00f3n), conteniendo audio e im\u00e1genes. Este documento recoge la literalidad de las intervenciones de cada uno de los oradores (concejales).<\/p>\n<p>\u2022 Firma electr\u00f3nica: firma electr\u00f3nica de curso legal del Secretario de la sesi\u00f3n. T\u00edpicamente esta firma se realiza haciendo uso del certificado del Secretario de la sesi\u00f3n. En el caso de los Plenos Municipales, el V\u00eddeoActa lo firma el Secretario General del Ayuntamiento. Adem\u00e1s, suele firmarlo la Alcald\u00eda_Presidencia de la Corporaci\u00f3n Municipal.\u00bb<\/p>\n\t\t\t\t\t\t\t\t<\/div>\n\t\t\t\t<\/div>\n\t\t\t\t\t<\/div>\n\t\t<\/div>\n\t\t\t\t\t<\/div>\n\t\t<\/section>\n\t\t\t\t<\/div>\n\t\t","protected":false},"excerpt":{"rendered":"<p>V\u00eddeoActa es un sistema de gesti\u00f3n de actas municipales que permite la elaboraci\u00f3n de las actas de los plenos municipales de una forma muy r\u00e1pida. La v\u00eddeo acta se basa en la integraci\u00f3n de v\u00eddeo y documentos electr\u00f3nicos firmados electr\u00f3nicamente mediante certificado digital o DNI electr\u00f3nico. Tambi\u00e9n adaptado a personas con discapacidad auditiva. El sistema &hellip; <\/p>\n<p class=\"link-more\"><a href=\"https:\/\/alzira.es\/es\/ayuntamiento\/videoacta\/\" class=\"more-link\">Continuar leyendo<span class=\"screen-reader-text\"> \u00abV\u00eddeoActa\u00bb<\/span><\/a><\/p>\n","protected":false},"author":12,"featured_media":148,"parent":60845,"menu_order":253,"comment_status":"closed","ping_status":"closed","template":"","meta":{"_acf_changed":false,"footnotes":""},"class_list":["post-61375","page","type-page","status-publish","has-post-thumbnail","hentry"],"acf":[],"_links":{"self":[{"href":"https:\/\/alzira.es\/es\/wp-json\/wp\/v2\/pages\/61375","targetHints":{"allow":["GET"]}}],"collection":[{"href":"https:\/\/alzira.es\/es\/wp-json\/wp\/v2\/pages"}],"about":[{"href":"https:\/\/alzira.es\/es\/wp-json\/wp\/v2\/types\/page"}],"author":[{"embeddable":true,"href":"https:\/\/alzira.es\/es\/wp-json\/wp\/v2\/users\/12"}],"replies":[{"embeddable":true,"href":"https:\/\/alzira.es\/es\/wp-json\/wp\/v2\/comments?post=61375"}],"version-history":[{"count":2,"href":"https:\/\/alzira.es\/es\/wp-json\/wp\/v2\/pages\/61375\/revisions"}],"predecessor-version":[{"id":129582,"href":"https:\/\/alzira.es\/es\/wp-json\/wp\/v2\/pages\/61375\/revisions\/129582"}],"up":[{"embeddable":true,"href":"https:\/\/alzira.es\/es\/wp-json\/wp\/v2\/pages\/60845"}],"wp:featuredmedia":[{"embeddable":true,"href":"https:\/\/alzira.es\/es\/wp-json\/wp\/v2\/media\/148"}],"wp:attachment":[{"href":"https:\/\/alzira.es\/es\/wp-json\/wp\/v2\/media?parent=61375"}],"curies":[{"name":"wp","href":"https:\/\/api.w.org\/{rel}","templated":true}]}}