{"id":61353,"date":"2021-05-07T12:55:24","date_gmt":"2021-05-07T10:55:24","guid":{"rendered":"https:\/\/alzira.es\/ajuntamiento\/asamblea-ciudadana\/"},"modified":"2021-05-07T12:55:24","modified_gmt":"2021-05-07T10:55:24","slug":"asamblea-ciudadana","status":"publish","type":"page","link":"https:\/\/alzira.es\/es\/ayuntamiento\/asamblea-ciudadana\/","title":{"rendered":"Asamblea Ciudadana"},"content":{"rendered":"<p>La Asamblea Ciudadana se encuentra regulada en el T\u00edtulo Und\u00e9cimo de la Carta de Participaci\u00f3 Ciutadana.<\/p>\n<p>Con una periodicidad mensual se celebrar\u00e1 una Asamblea ciudadana en el Sal\u00f3n de Plenos municipal, a la que podr\u00e1 asistir cualquier persona, sea vecino del municipio o no, para el tratamiento y debate de los asuntos de inter\u00e9s para la comunidad local. El Alcalde o la persona en quien delegue presidir\u00e1 y dirigir\u00e1 estas sesiones, que contar\u00e1n con la presencia de todos los grupos pol\u00edticos municipales, a fin de que la ciudadan\u00eda pueda interpelarlos, formulando las preguntas, ruegos, quejas y sugerencias que sean precisos en el ejercicio de sus derechos de control democr\u00e1tico y de la acci\u00f3n de gobierno.<\/p>\n<p>Las sesiones de las Asambleas ciudadanas se celebrar\u00e1n los mismos d\u00edas que las sesiones de los Plenos ordinarios, con una hora de adelanto sobre la hora de inicio de los mismos, y sin perjuicio del apartado correspondiente de ruegos y preguntas presente en estas \u00faltimas sesiones, en el que se plantear\u00e1n preferiblemente las dudas referidas a los asuntos del orden del d\u00eda de la misma sesi\u00f3n plenaria.<\/p>\n<p>Las sesiones de las Asambleas ciudadanas se grabar\u00e1n mediante el sistema municipal de V\u00eddeoActa, para su publicidad y fehaciencia.<\/p>\n<p>La Asamblea\u00a0ciudadana correspondiente al mes de diciembre tendr\u00e1 el car\u00e1cter de \u201cAsamblea para el debate sobre el Estado del Municipio\u201d, pudi\u00e9ndose establecer para la misma una duraci\u00f3n mayor que la prevista en el art\u00edculo anterior, as\u00ed como la celebraci\u00f3n en d\u00eda distinto del Pleno ordinario.<\/p>\n<p>En las Asambleas ciudadanas previstas en los art\u00edculos anteriores tendr\u00e1n preferencia los ruegos y preguntas planteados previamente por escrito, a trav\u00e9s del buz\u00f3n\u00a0<strong><span id=\"cloak8328\"><a href=\"mailto:asamblea.ciudadana@alzira.es\">asamblea.ciudadana@alzira.es<\/a><\/span><\/strong>,\u00a0para lo cual ser\u00e1 necesario identificarse con nombre, apellidos, n\u00famero de DNI y, en su caso, asociaci\u00f3n o colectivo al que representa.<\/p>\n<p>El Ayuntamiento de Alzira podr\u00e1 sustituir el anterior sistema por otro, tambi\u00e9n electr\u00f3nico, que permita la identificaci\u00f3n de la persona mediante sistemas de clave o similares de f\u00e1cil acceso.<\/p>\n<p>Las personas que presenten preguntas por escrito podr\u00e1n estar presentes, o no, en la Asamblea. En el segundo caso dichas preguntas se leer\u00e1n en voz alta por parte del Presidente, en \u00faltimo lugar, pasando a contestar, en su caso, \u00e9l mismo o la persona responsable por raz\u00f3n de la materia.<\/p>\n<p>Las preguntas presentadas por escrito que no sean formuladas y\/o contestadas por razones de tiempo o de una mayor necesidad de estudio dentro de la sesi\u00f3n de la Asamblea, ser\u00e1n contestadas por escrito, preferiblemente de forma electr\u00f3nica, a la persona que las hubiere planteado en el plazo m\u00e1ximo de 15 d\u00edas a partir de la celebraci\u00f3n de la Asamblea para la que fueron formuladas.<\/p>\n","protected":false},"excerpt":{"rendered":"<p>La Asamblea Ciudadana se encuentra regulada en el T\u00edtulo Und\u00e9cimo de la Carta de Participaci\u00f3 Ciutadana. Con una periodicidad mensual se celebrar\u00e1 una Asamblea ciudadana en el Sal\u00f3n de Plenos municipal, a la que podr\u00e1 asistir cualquier persona, sea vecino del municipio o no, para el tratamiento y debate de los asuntos de inter\u00e9s para &hellip; <\/p>\n<p class=\"link-more\"><a href=\"https:\/\/alzira.es\/es\/ayuntamiento\/asamblea-ciudadana\/\" class=\"more-link\">Continuar leyendo<span class=\"screen-reader-text\"> \u00abAsamblea Ciudadana\u00bb<\/span><\/a><\/p>\n","protected":false},"author":29,"featured_media":0,"parent":60845,"menu_order":218,"comment_status":"closed","ping_status":"closed","template":"","meta":{"_acf_changed":false,"footnotes":""},"class_list":["post-61353","page","type-page","status-publish","hentry"],"acf":[],"_links":{"self":[{"href":"https:\/\/alzira.es\/es\/wp-json\/wp\/v2\/pages\/61353","targetHints":{"allow":["GET"]}}],"collection":[{"href":"https:\/\/alzira.es\/es\/wp-json\/wp\/v2\/pages"}],"about":[{"href":"https:\/\/alzira.es\/es\/wp-json\/wp\/v2\/types\/page"}],"author":[{"embeddable":true,"href":"https:\/\/alzira.es\/es\/wp-json\/wp\/v2\/users\/29"}],"replies":[{"embeddable":true,"href":"https:\/\/alzira.es\/es\/wp-json\/wp\/v2\/comments?post=61353"}],"version-history":[{"count":0,"href":"https:\/\/alzira.es\/es\/wp-json\/wp\/v2\/pages\/61353\/revisions"}],"up":[{"embeddable":true,"href":"https:\/\/alzira.es\/es\/wp-json\/wp\/v2\/pages\/60845"}],"wp:attachment":[{"href":"https:\/\/alzira.es\/es\/wp-json\/wp\/v2\/media?parent=61353"}],"curies":[{"name":"wp","href":"https:\/\/api.w.org\/{rel}","templated":true}]}}