{"id":61175,"date":"2019-04-05T13:24:30","date_gmt":"2019-04-05T11:24:30","guid":{"rendered":"https:\/\/alzira.es\/ajuntamiento\/corporacion-y-gobierno-municipal\/cargos-de-confianza\/"},"modified":"2023-07-14T20:57:14","modified_gmt":"2023-07-14T18:57:14","slug":"cargos-de-confianza","status":"publish","type":"page","link":"https:\/\/alzira.es\/es\/ayuntamiento\/corporacion-y-gobierno-municipal\/cargos-de-confianza\/","title":{"rendered":"Cargos de confianza"},"content":{"rendered":"\t\t<div data-elementor-type=\"wp-page\" data-elementor-id=\"61175\" class=\"elementor elementor-61175 elementor-40848\">\n\t\t\t\t\t\t<section class=\"elementor-section elementor-top-section elementor-element elementor-element-47755e55 elementor-section-boxed elementor-section-height-default elementor-section-height-default\" data-id=\"47755e55\" data-element_type=\"section\">\n\t\t\t\t\t\t<div class=\"elementor-container elementor-column-gap-default\">\n\t\t\t\t\t<div class=\"elementor-column elementor-col-100 elementor-top-column elementor-element elementor-element-2112c2c5\" data-id=\"2112c2c5\" data-element_type=\"column\">\n\t\t\t<div class=\"elementor-widget-wrap elementor-element-populated\">\n\t\t\t\t\t\t<div class=\"elementor-element elementor-element-c766f2 elementor-widget elementor-widget-text-editor\" data-id=\"c766f2\" data-element_type=\"widget\" data-widget_type=\"text-editor.default\">\n\t\t\t\t<div class=\"elementor-widget-container\">\n\t\t\t\t\t\t\t\t\t<p><strong>Jordi S\u00e1nchez Palacios<\/strong> (Secretario grupo Comprom\u00eds):<\/p>\n<p style=\"text-align: left; margin-left: 150px;\"><a title=\"Curr\u00edculum\" href=\"https:\/\/alzira.es\/wp-content\/uploads\/2019\/04\/Jordi_Sanchez_Palacios.pdf\" target=\"_blank\" rel=\"noopener\">Curr\u00edculum<\/a><\/p>\n\t\t\t\t\t\t\t\t<\/div>\n\t\t\t\t<\/div>\n\t\t\t\t\t<\/div>\n\t\t<\/div>\n\t\t\t\t\t<\/div>\n\t\t<\/section>\n\t\t\t\t<section class=\"elementor-section elementor-top-section elementor-element elementor-element-38ed950 elementor-section-boxed elementor-section-height-default elementor-section-height-default\" data-id=\"38ed950\" data-element_type=\"section\">\n\t\t\t\t\t\t<div class=\"elementor-container elementor-column-gap-default\">\n\t\t\t\t\t<div class=\"elementor-column elementor-col-100 elementor-top-column elementor-element elementor-element-0f4a47f\" data-id=\"0f4a47f\" data-element_type=\"column\">\n\t\t\t<div class=\"elementor-widget-wrap\">\n\t\t\t\t\t\t\t<\/div>\n\t\t<\/div>\n\t\t\t\t\t<\/div>\n\t\t<\/section>\n\t\t\t\t<section class=\"elementor-section elementor-top-section elementor-element elementor-element-c8cdced elementor-section-boxed elementor-section-height-default elementor-section-height-default\" data-id=\"c8cdced\" data-element_type=\"section\">\n\t\t\t\t\t\t<div class=\"elementor-container elementor-column-gap-default\">\n\t\t\t\t\t<div class=\"elementor-column elementor-col-100 elementor-top-column elementor-element elementor-element-12cd9c6\" data-id=\"12cd9c6\" data-element_type=\"column\">\n\t\t\t<div class=\"elementor-widget-wrap elementor-element-populated\">\n\t\t\t\t\t\t<div class=\"elementor-element elementor-element-74cd5d5 elementor-widget elementor-widget-text-editor\" data-id=\"74cd5d5\" data-element_type=\"widget\" data-widget_type=\"text-editor.default\">\n\t\t\t\t<div class=\"elementor-widget-container\">\n\t\t\t\t\t\t\t\t\t<p><strong>CARGOS, DEDICACIONES Y RETRIBUCIONES:<\/strong><\/p><p style=\"text-align: left; margin-left: 150px;\">Retribucions personal eventual<\/p>\t\t\t\t\t\t\t\t<\/div>\n\t\t\t\t<\/div>\n\t\t\t\t\t<\/div>\n\t\t<\/div>\n\t\t\t\t\t<\/div>\n\t\t<\/section>\n\t\t\t\t<\/div>\n\t\t","protected":false},"excerpt":{"rendered":"<p>Jordi S\u00e1nchez Palacios (Secretario grupo Comprom\u00eds): Curr\u00edculum CARGOS, DEDICACIONES Y RETRIBUCIONES: Retribucions personal eventual<\/p>\n","protected":false},"author":29,"featured_media":0,"parent":13558,"menu_order":22,"comment_status":"closed","ping_status":"closed","template":"","meta":{"_acf_changed":false,"footnotes":""},"class_list":["post-61175","page","type-page","status-publish","hentry"],"acf":[],"_links":{"self":[{"href":"https:\/\/alzira.es\/es\/wp-json\/wp\/v2\/pages\/61175","targetHints":{"allow":["GET"]}}],"collection":[{"href":"https:\/\/alzira.es\/es\/wp-json\/wp\/v2\/pages"}],"about":[{"href":"https:\/\/alzira.es\/es\/wp-json\/wp\/v2\/types\/page"}],"author":[{"embeddable":true,"href":"https:\/\/alzira.es\/es\/wp-json\/wp\/v2\/users\/29"}],"replies":[{"embeddable":true,"href":"https:\/\/alzira.es\/es\/wp-json\/wp\/v2\/comments?post=61175"}],"version-history":[{"count":2,"href":"https:\/\/alzira.es\/es\/wp-json\/wp\/v2\/pages\/61175\/revisions"}],"predecessor-version":[{"id":139839,"href":"https:\/\/alzira.es\/es\/wp-json\/wp\/v2\/pages\/61175\/revisions\/139839"}],"up":[{"embeddable":true,"href":"https:\/\/alzira.es\/es\/wp-json\/wp\/v2\/pages\/13558"}],"wp:attachment":[{"href":"https:\/\/alzira.es\/es\/wp-json\/wp\/v2\/media?parent=61175"}],"curies":[{"name":"wp","href":"https:\/\/api.w.org\/{rel}","templated":true}]}}