{"id":61109,"date":"2016-02-04T09:36:27","date_gmt":"2016-02-04T08:36:27","guid":{"rendered":"https:\/\/alzira.es\/ajuntamiento\/corporacion-y-gobierno-municipal\/comisiones-informativas\/"},"modified":"2025-07-16T12:51:50","modified_gmt":"2025-07-16T10:51:50","slug":"comisiones-informativas","status":"publish","type":"page","link":"https:\/\/alzira.es\/es\/ayuntamiento\/corporacion-y-gobierno-municipal\/comisiones-informativas\/","title":{"rendered":"Comisiones Informativas"},"content":{"rendered":"\t\t<div data-elementor-type=\"wp-page\" data-elementor-id=\"61109\" class=\"elementor elementor-61109 elementor-14129\">\n\t\t\t\t\t\t<section class=\"elementor-section elementor-top-section elementor-element elementor-element-2726bd98 elementor-section-boxed elementor-section-height-default elementor-section-height-default\" data-id=\"2726bd98\" data-element_type=\"section\">\n\t\t\t\t\t\t<div class=\"elementor-container elementor-column-gap-default\">\n\t\t\t\t\t<div class=\"elementor-column elementor-col-100 elementor-top-column elementor-element elementor-element-376d154b\" data-id=\"376d154b\" data-element_type=\"column\">\n\t\t\t<div class=\"elementor-widget-wrap elementor-element-populated\">\n\t\t\t\t\t\t<div class=\"elementor-element elementor-element-e69edbe elementor-widget elementor-widget-text-editor\" data-id=\"e69edbe\" data-element_type=\"widget\" data-widget_type=\"text-editor.default\">\n\t\t\t\t<div class=\"elementor-widget-container\">\n\t\t\t\t\t\t\t\t\t<p>Las Comisiones Informativas son \u00f3rganos sin atribuciones resolutorios y que tienen por funci\u00f3n el estudio, informe o consulta de los asuntos que hayan de ser sometidos a la decisi\u00f3n del Pleno del Ayuntamiento, y, en su caso, de la Junta de Gobierno Local y del Alcalde-Presidente cuando lo solicite, as\u00ed como el seguimiento de la gesti\u00f3n de la propia alcald\u00eda-presidencia, de la Junta de Gobierno Local y de los concejales que ostenten delegaciones, sin perjuicio de las competencias de control que corresponden al Pleno del Ayuntamiento, en los t\u00e9rminos previstos en los art\u00edculos 123 y siguientes del Reglamento de Organizaci\u00f3n, Funcionamiento y R\u00e9gimen Jur\u00eddico de las Entidades Locales, aprobado por Real Decreto 2568\/86, de 28 de noviembre, y en el art\u00edculo 20, n\u00famero 1, apartado c), de la Ley 7\/1985, de 2 de abril, reguladora de las Bases de R\u00e9gimen Local, en los t\u00e9rminos en que ha sido modificada por la Ley 57\/2003, de 16 de diciembre, de medidas para la Modernizaci\u00f3n del Gobierno Local.<\/p>\n\t\t\t\t\t\t\t\t<\/div>\n\t\t\t\t<\/div>\n\t\t\t\t\t<\/div>\n\t\t<\/div>\n\t\t\t\t\t<\/div>\n\t\t<\/section>\n\t\t\t\t<section class=\"elementor-section elementor-top-section elementor-element elementor-element-00c1daf elementor-section-boxed elementor-section-height-default elementor-section-height-default\" data-id=\"00c1daf\" data-element_type=\"section\">\n\t\t\t\t\t\t<div class=\"elementor-container elementor-column-gap-default\">\n\t\t\t\t\t<div class=\"elementor-column elementor-col-100 elementor-top-column elementor-element elementor-element-32c80c2\" data-id=\"32c80c2\" data-element_type=\"column\">\n\t\t\t<div class=\"elementor-widget-wrap elementor-element-populated\">\n\t\t\t\t\t\t<div class=\"elementor-element elementor-element-d56723c elementor-widget elementor-widget-text-editor\" data-id=\"d56723c\" data-element_type=\"widget\" data-widget_type=\"text-editor.default\">\n\t\t\t\t<div class=\"elementor-widget-container\">\n\t\t\t\t\t\t\t\t\t<p>Por acuerdos plenarios de 28 de junio, 6 de julio de 2023, 25 de octubre de 2023, 7 de noviembre de 2024, 26 de marzo de 2025 y 16 de julio de 2025, se establece el n\u00famero, denominaci\u00f3n, composici\u00f3n y materias de las siguientes Comisiones Informativas:<\/p>\t\t\t\t\t\t\t\t<\/div>\n\t\t\t\t<\/div>\n\t\t\t\t\t<\/div>\n\t\t<\/div>\n\t\t\t\t\t<\/div>\n\t\t<\/section>\n\t\t\t\t<section class=\"elementor-section elementor-top-section elementor-element elementor-element-cc5b4c8 elementor-section-boxed elementor-section-height-default elementor-section-height-default\" data-id=\"cc5b4c8\" data-element_type=\"section\">\n\t\t\t\t\t\t<div class=\"elementor-container elementor-column-gap-default\">\n\t\t\t\t\t<div class=\"elementor-column elementor-col-100 elementor-top-column elementor-element elementor-element-c40800c\" data-id=\"c40800c\" data-element_type=\"column\">\n\t\t\t<div class=\"elementor-widget-wrap elementor-element-populated\">\n\t\t\t\t\t\t<div class=\"elementor-element elementor-element-303e57a elementor-widget elementor-widget-heading\" data-id=\"303e57a\" data-element_type=\"widget\" data-widget_type=\"heading.default\">\n\t\t\t\t<div class=\"elementor-widget-container\">\n\t\t\t\t\t<h2 class=\"elementor-heading-title elementor-size-default\">Comisi\u00f3n Informativa de Servicios para las Personas<\/h2>\t\t\t\t<\/div>\n\t\t\t\t<\/div>\n\t\t\t\t<div class=\"elementor-element elementor-element-5f757aa elementor-widget elementor-widget-text-editor\" data-id=\"5f757aa\" data-element_type=\"widget\" data-widget_type=\"text-editor.default\">\n\t\t\t\t<div class=\"elementor-widget-container\">\n\t\t\t\t\t\t\t\t\t<p>Ejercer\u00e1 sus funciones en relaci\u00f3n con las materias relativas a Patrimonio Hist\u00f3rico, Turismo, Memoria Democr\u00e1tica y Comunicaci\u00f3n; Servicios Sociales, Igualdad, Pol\u00edticas Inclusivas y Vivienda; Educaci\u00f3n, Infancia y Cooperaci\u00f3n, Consumo; Cultura, Innovaci\u00f3n y Buen Gobierno; Juventud, Salud P\u00fablica y Bienestar Animal; Fiestas; Deportes y Secretar\u00eda.<\/p><p><strong>Composici\u00f3n<\/strong><\/p><table width=\"609\"><tbody><tr><td width=\"118\"><p><strong>\u00a0<\/strong><\/p><\/td><td width=\"85\"><p><strong>GRUPO<\/strong><\/p><\/td><td width=\"198\"><p><strong>TITULARES<\/strong><\/p><\/td><td width=\"208\"><p><strong>SUPLENTES<\/strong><\/p><\/td><\/tr><tr><td width=\"118\"><p>\u00a0<\/p><\/td><td width=\"85\"><p>COMPROM\u00cdS PER ALZIRA<\/p><\/td><td width=\"198\"><p>Virtuts Piera Parra<\/p><\/td><td width=\"208\"><p>Andr\u00e9s Gomis Fons<\/p><\/td><\/tr><tr><td width=\"118\"><p>\u00a0<\/p><\/td><td width=\"85\"><p>COMPROM\u00cdS PER ALZIRA<\/p><\/td><td width=\"198\"><p>Am\u00e8lia Blanquer Mart\u00ednez<\/p><\/td><td width=\"208\"><p>\u00a0<\/p><\/td><\/tr><tr><td width=\"118\"><p>\u00a0<\/p><\/td><td width=\"85\"><p>COMPROM\u00cdS PER ALZIRA<\/p><\/td><td width=\"198\"><p>Israel P\u00e9rez Gil<\/p><\/td><td width=\"208\"><p>\u00a0<\/p><\/td><\/tr><tr><td width=\"118\"><p>\u00a0<\/p><\/td><td width=\"85\"><p>COMPROM\u00cdS PER ALZIRA<\/p><\/td><td width=\"198\"><p>Xavier P\u00e9rez i Juanes<\/p><\/td><td width=\"208\"><p>\u00a0<\/p><\/td><\/tr><tr><td width=\"118\"><p>Presidenta<\/p><\/td><td width=\"85\"><p>PSOE<\/p><\/td><td width=\"198\"><p>Gemma Al\u00f3s Sospedra<\/p><\/td><td width=\"208\"><p>\u00a0<\/p><\/td><\/tr><tr><td width=\"118\"><p>\u00a0<\/p><\/td><td width=\"85\"><p>PSOE<\/p><\/td><td width=\"198\"><p>Lara Ferrer Camarena<\/p><\/td><td width=\"208\"><p>Vicente de la Concepci\u00f3n Chord\u00e1<\/p><\/td><\/tr><tr><td width=\"118\"><p>\u00a0<\/p><\/td><td width=\"85\"><p>PSOE<\/p><\/td><td width=\"198\"><p>Javier Fern\u00e1ndez Ferr\u00fas<\/p><\/td><td width=\"208\"><p>\u00a0<\/p><\/td><\/tr><tr><td width=\"118\"><p>\u00a0<\/p><\/td><td width=\"85\"><p>UCIN<\/p><\/td><td width=\"198\"><p>Enrique Montalv\u00e1 Espa\u00f1a<\/p><\/td><td width=\"208\"><p>\u00a0<\/p><\/td><\/tr><tr><td width=\"118\"><p>\u00a0<\/p><\/td><td width=\"85\"><p>PP<\/p><\/td><td width=\"198\"><p>Bernat R\u00edos Furi\u00f3<\/p><\/td><td width=\"208\"><p>\u00a0<\/p><\/td><\/tr><tr><td width=\"118\"><p>\u00a0<\/p><\/td><td width=\"85\"><p>PP<\/p><\/td><td width=\"198\"><p>Luisa Castells Gar\u00e9s<\/p><\/td><td width=\"208\"><p>\u00a0<\/p><\/td><\/tr><tr><td width=\"118\"><p>\u00a0<\/p><\/td><td width=\"85\"><p>PP<\/p><\/td><td width=\"198\"><p>\u00c1lvaro Peris Pardo<\/p><\/td><td width=\"208\"><p>Benjam\u00edn Ferrer Blasco<\/p><\/td><\/tr><tr><td width=\"118\"><p>\u00a0<\/p><\/td><td width=\"85\"><p>PP<\/p><\/td><td width=\"198\"><p>Rub\u00e9n Palau Castany<\/p><\/td><td width=\"208\"><p>Jos\u00e9 Luis Palacios T\u00f3rtola<\/p><\/td><\/tr><tr><td width=\"118\"><p>\u00a0<\/p><\/td><td width=\"85\"><p>VOX<\/p><\/td><td width=\"198\"><p>Ricardo Belda Valiente<\/p><\/td><td width=\"208\"><p>Rosana Peris Catoira<\/p><\/td><\/tr><tr><td width=\"118\"><p>\u00a0<\/p><\/td><td width=\"85\"><p>CS<\/p><\/td><td width=\"198\"><p>Miguel Vidal Llopis<\/p><\/td><td width=\"208\"><p>\u00a0<\/p><\/td><\/tr><tr><td width=\"118\"><p>\u00a0<\/p><\/td><td width=\"85\"><p>No adscrita<\/p><\/td><td width=\"198\"><p>Mar Chord\u00e1 Rodr\u00edguez<\/p><\/td><td width=\"208\"><p>\u00a0<\/p><\/td><\/tr><tr><td width=\"118\"><p>Secretaria:<\/p><\/td><td colspan=\"3\" width=\"491\"><p>M. Jos\u00e9 Esteve Pardo, a propuesta del secretario accidental de la Corporaci\u00f3n<\/p><\/td><\/tr><\/tbody><\/table>\t\t\t\t\t\t\t\t<\/div>\n\t\t\t\t<\/div>\n\t\t\t\t\t<\/div>\n\t\t<\/div>\n\t\t\t\t\t<\/div>\n\t\t<\/section>\n\t\t\t\t<section class=\"elementor-section elementor-top-section elementor-element elementor-element-969cb75 elementor-section-boxed elementor-section-height-default elementor-section-height-default\" data-id=\"969cb75\" data-element_type=\"section\">\n\t\t\t\t\t\t<div class=\"elementor-container elementor-column-gap-default\">\n\t\t\t\t\t<div class=\"elementor-column elementor-col-100 elementor-top-column elementor-element elementor-element-ee699ce\" data-id=\"ee699ce\" data-element_type=\"column\">\n\t\t\t<div class=\"elementor-widget-wrap elementor-element-populated\">\n\t\t\t\t\t\t<div class=\"elementor-element elementor-element-e2bcc33 elementor-widget elementor-widget-heading\" data-id=\"e2bcc33\" data-element_type=\"widget\" data-widget_type=\"heading.default\">\n\t\t\t\t<div class=\"elementor-widget-container\">\n\t\t\t\t\t<h2 class=\"elementor-heading-title elementor-size-default\">Comisi\u00f3n Informativa de Gesti\u00f3n Econ\u00f3mica y Empleo<\/h2>\t\t\t\t<\/div>\n\t\t\t\t<\/div>\n\t\t\t\t<div class=\"elementor-element elementor-element-f106cbf elementor-widget elementor-widget-text-editor\" data-id=\"f106cbf\" data-element_type=\"widget\" data-widget_type=\"text-editor.default\">\n\t\t\t\t<div class=\"elementor-widget-container\">\n\t\t\t\t\t\t\t\t\t<p>Ejercer\u00e1 sus funciones en relaci\u00f3n con las materias relativas a Hacienda, Contrataci\u00f3n; Desarrollo Econ\u00f3mico, Empleo y Comercio, y Seguridad; Personal y Participaci\u00f3n Ciudadana y R\u00e9gimen Interior; Agenda Urbana y Proyectos Europeos. Esta Comisi\u00f3n ejercer\u00e1 las competencias de la Comisi\u00f3n Especial de Cuentas.<\/p><p><strong>Composici\u00f3n<\/strong><\/p><table width=\"609\"><tbody><tr><td width=\"118\"><p><strong>\u00a0<\/strong><\/p><\/td><td width=\"85\"><p><strong>GRUPO<\/strong><\/p><\/td><td width=\"198\"><p><strong>TITULARES<\/strong><\/p><\/td><td width=\"208\"><p><strong>SUPLENTES<\/strong><\/p><\/td><\/tr><tr><td width=\"118\"><p>President<\/p><\/td><td width=\"85\"><p>COMPROM\u00cdS PER ALZIRA<\/p><\/td><td width=\"198\"><p>Andr\u00e9s Gomis Fons<\/p><\/td><td width=\"208\"><p>\u00a0<\/p><\/td><\/tr><tr><td width=\"118\"><p>\u00a0<\/p><\/td><td width=\"85\"><p>COMPROM\u00cdS PER ALZIRA<\/p><\/td><td width=\"198\"><p>Israel P\u00e9rez Gil<\/p><\/td><td width=\"208\"><p>\u00a0<\/p><\/td><\/tr><tr><td width=\"118\"><p>\u00a0<\/p><\/td><td width=\"85\"><p>COMPROM\u00cdS PER ALZIRA<\/p><\/td><td width=\"198\"><p>Am\u00e8lia Blaquer Mart\u00ednez<\/p><\/td><td width=\"208\"><p>\u00a0<\/p><\/td><\/tr><tr><td width=\"118\"><p>\u00a0<\/p><\/td><td width=\"85\"><p>COMPROM\u00cdS PER ALZIRA<\/p><\/td><td width=\"198\"><p>Virtuts Piera Parra<\/p><\/td><td width=\"208\"><p>Xavier P\u00e9rez i Juanes<\/p><\/td><\/tr><tr><td width=\"118\"><p>\u00a0<\/p><\/td><td width=\"85\"><p>PSOE<\/p><\/td><td width=\"198\"><p>Gemma Al\u00f3s Sospedra<\/p><\/td><td width=\"208\"><p>\u00a0<\/p><\/td><\/tr><tr><td width=\"118\"><p>\u00a0<\/p><\/td><td width=\"85\"><p>PSOE<\/p><\/td><td width=\"198\"><p>Vicente de la Concepci\u00f3n Chord\u00e1<\/p><\/td><td width=\"208\"><p>\u00a0<\/p><\/td><\/tr><tr><td width=\"118\"><p>\u00a0<\/p><\/td><td width=\"85\"><p>PSOE<\/p><\/td><td width=\"198\"><p>Javier Fern\u00e1ndez Ferr\u00fas<\/p><\/td><td width=\"208\"><p>Lara Ferrer Camarena<\/p><\/td><\/tr><tr><td width=\"118\"><p>\u00a0<\/p><\/td><td width=\"85\"><p>UCIN<\/p><\/td><td width=\"198\"><p>Enrique Montalv\u00e1 Espa\u00f1a<\/p><\/td><td width=\"208\"><p>\u00a0<\/p><\/td><\/tr><tr><td width=\"118\"><p>\u00a0<\/p><\/td><td width=\"85\"><p>PP<\/p><\/td><td width=\"198\"><p>Jos\u00e9 Luis Palacios T\u00f3rtola<\/p><\/td><td width=\"208\"><p>\u00c1lvaro Peris Pardo<\/p><\/td><\/tr><tr><td width=\"118\"><p>\u00a0<\/p><\/td><td width=\"85\"><p>PP<\/p><\/td><td width=\"198\"><p>Bernat R\u00edos Furi\u00f3<\/p><\/td><td width=\"208\"><p>\u00a0<\/p><\/td><\/tr><tr><td width=\"118\"><p>\u00a0<\/p><\/td><td width=\"85\"><p>PP<\/p><\/td><td width=\"198\"><p>Luisa Castells Gar\u00e9s<\/p><\/td><td width=\"208\"><p>Rub\u00e9n Palau Castany<\/p><\/td><\/tr><tr><td width=\"118\"><p>\u00a0<\/p><\/td><td width=\"85\"><p>PP<\/p><\/td><td width=\"198\"><p>Benjam\u00edn Ferrer Blasco<\/p><\/td><td width=\"208\"><p>\u00a0<\/p><\/td><\/tr><tr><td width=\"118\"><p>\u00a0<\/p><\/td><td width=\"85\"><p>VOX<\/p><\/td><td width=\"198\"><p>Ricardo Belda Valiente<\/p><\/td><td width=\"208\"><p>Rosana Peris Catoira<\/p><\/td><\/tr><tr><td width=\"118\"><p>\u00a0<\/p><\/td><td width=\"85\"><p>CS<\/p><\/td><td width=\"198\"><p>Miguel Vidal Llopis<\/p><\/td><td width=\"208\"><p>\u00a0<\/p><\/td><\/tr><tr><td width=\"118\"><p>\u00a0<\/p><\/td><td width=\"85\"><p>No adscrita<\/p><\/td><td width=\"198\"><p>Mar Chord\u00e1 Rodr\u00edguez<\/p><\/td><td width=\"208\"><p>\u00a0<\/p><\/td><\/tr><tr><td width=\"118\"><p>Secretario:<\/p><\/td><td colspan=\"3\" width=\"491\"><p>Francisco Javier Comas Sanandr\u00e9s, a propuesta del secretario accidental de la Corporaci\u00f3n<\/p><\/td><\/tr><\/tbody><\/table>\t\t\t\t\t\t\t\t<\/div>\n\t\t\t\t<\/div>\n\t\t\t\t\t<\/div>\n\t\t<\/div>\n\t\t\t\t\t<\/div>\n\t\t<\/section>\n\t\t\t\t<section class=\"elementor-section elementor-top-section elementor-element elementor-element-91c1819 elementor-section-boxed elementor-section-height-default elementor-section-height-default\" data-id=\"91c1819\" data-element_type=\"section\">\n\t\t\t\t\t\t<div class=\"elementor-container elementor-column-gap-default\">\n\t\t\t\t\t<div class=\"elementor-column elementor-col-100 elementor-top-column elementor-element elementor-element-928a115\" data-id=\"928a115\" data-element_type=\"column\">\n\t\t\t<div class=\"elementor-widget-wrap elementor-element-populated\">\n\t\t\t\t\t\t<div class=\"elementor-element elementor-element-1d2a283 elementor-widget elementor-widget-heading\" data-id=\"1d2a283\" data-element_type=\"widget\" data-widget_type=\"heading.default\">\n\t\t\t\t<div class=\"elementor-widget-container\">\n\t\t\t\t\t<h2 class=\"elementor-heading-title elementor-size-default\">Comisi\u00f3n Informativa de Modelo de Ciudad<\/h2>\t\t\t\t<\/div>\n\t\t\t\t<\/div>\n\t\t\t\t<div class=\"elementor-element elementor-element-f1fa74f elementor-widget elementor-widget-text-editor\" data-id=\"f1fa74f\" data-element_type=\"widget\" data-widget_type=\"text-editor.default\">\n\t\t\t\t<div class=\"elementor-widget-container\">\n\t\t\t\t\t\t\t\t\t<p>Ejercer\u00e1 sus funciones en relaci\u00f3n con las materias de Urbanismo, Infraestructuras Urban\u00edsticas y Plan de Inversiones de la Diputaci\u00f3n Provincial de Val\u00e8ncia; Obras e Infraestructuras P\u00fablicas; Agricultura y Servicios para la Ciudad; Medio Ambiente y Transici\u00f3n Ecol\u00f3gica.<\/p><p><strong>Composici\u00f3n<\/strong><\/p><table width=\"609\"><tbody><tr><td width=\"118\"><p><strong>\u00a0<\/strong><\/p><\/td><td width=\"85\"><p><strong>GRUPO<\/strong><\/p><\/td><td width=\"198\"><p><strong>TITULARES<\/strong><\/p><\/td><td width=\"208\"><p><strong>SUPLENTES<\/strong><\/p><\/td><\/tr><tr><td width=\"118\"><p>\u00a0<\/p><\/td><td width=\"85\"><p>COMPROM\u00cdS PER ALZIRA<\/p><\/td><td width=\"198\"><p>Andr\u00e9s Gomis Fons<\/p><\/td><td width=\"208\"><p>Xavier P\u00e9rez i Juanes<\/p><\/td><\/tr><tr><td width=\"118\"><p>\u00a0<\/p><\/td><td width=\"85\"><p>COMPROM\u00cdS PER ALZIRA<\/p><\/td><td width=\"198\"><p>Am\u00e8lia Blanquer Mart\u00ednez<\/p><\/td><td width=\"208\"><p>\u00a0<\/p><\/td><\/tr><tr><td width=\"118\"><p>\u00a0<\/p><\/td><td width=\"85\"><p>COMPROM\u00cdS PER ALZIRA<\/p><\/td><td width=\"198\"><p>Israel P\u00e9rez Gil<\/p><\/td><td width=\"208\"><p>\u00a0<\/p><\/td><\/tr><tr><td width=\"118\"><p>\u00a0<\/p><\/td><td width=\"85\"><p>COMPROM\u00cdS PER ALZIRA<\/p><\/td><td width=\"198\"><p>Virtuts Piera Parra<\/p><\/td><td width=\"208\"><p>\u00a0<\/p><\/td><\/tr><tr><td width=\"118\"><p>\u00a0<\/p><\/td><td width=\"85\"><p>PSOE<\/p><\/td><td width=\"198\"><p>Gemma Al\u00f3s Sospedra<\/p><\/td><td width=\"208\"><p>\u00a0<\/p><\/td><\/tr><tr><td width=\"118\"><p>\u00a0<\/p><\/td><td width=\"85\"><p>PSOE<\/p><\/td><td width=\"198\"><p>Vicente de la Concepci\u00f3n Chord\u00e1<\/p><\/td><td width=\"208\"><p>\u00a0<\/p><\/td><\/tr><tr><td width=\"118\"><p>\u00a0<\/p><\/td><td width=\"85\"><p>PSOE<\/p><\/td><td width=\"198\"><p>Lara Ferrer Camarena<\/p><\/td><td width=\"208\"><p>Javier Fern\u00e1ndez Ferr\u00fas<\/p><\/td><\/tr><tr><td width=\"118\"><p>Presidente<\/p><\/td><td width=\"85\"><p>UCIN<\/p><\/td><td width=\"198\"><p>Enrique Montalv\u00e1 Espa\u00f1a<\/p><\/td><td width=\"208\"><p>\u00a0<\/p><\/td><\/tr><tr><td width=\"118\"><p>\u00a0<\/p><\/td><td width=\"85\"><p>PP<\/p><\/td><td width=\"198\"><p>Bernat R\u00edos Furi\u00f3<\/p><\/td><td width=\"208\"><p>Jos\u00e9 Luis Palacios T\u00f3rtola<\/p><\/td><\/tr><tr><td width=\"118\"><p>\u00a0<\/p><\/td><td width=\"85\"><p>PP<\/p><\/td><td width=\"198\"><p>Benjam\u00edn Ferrer Blasco<\/p><\/td><td width=\"208\"><p>Luisa Castells Gar\u00e9s<\/p><\/td><\/tr><tr><td width=\"118\"><p>\u00a0<\/p><\/td><td width=\"85\"><p>PP<\/p><\/td><td width=\"198\"><p>\u00c1lvaro Peris Pardo<\/p><\/td><td width=\"208\"><p>\u00a0<\/p><\/td><\/tr><tr><td width=\"118\"><p>\u00a0<\/p><\/td><td width=\"85\"><p>PP<\/p><\/td><td width=\"198\"><p>Rub\u00e9n Palau Castany<\/p><\/td><td width=\"208\"><p>\u00a0<\/p><\/td><\/tr><tr><td width=\"118\"><p>\u00a0<\/p><\/td><td width=\"85\"><p>VOX<\/p><\/td><td width=\"198\"><p>Rosana Peris Catoira<\/p><\/td><td width=\"208\"><p>Ricardo Belda Valiente<\/p><\/td><\/tr><tr><td width=\"118\"><p>\u00a0<\/p><\/td><td width=\"85\"><p>CS<\/p><\/td><td width=\"198\"><p>Miguel Vidal Llopis<\/p><\/td><td width=\"208\"><p>\u00a0<\/p><\/td><\/tr><tr><td width=\"118\"><p>\u00a0<\/p><\/td><td width=\"85\"><p>No adscrita<\/p><\/td><td width=\"198\"><p>Mar Chord\u00e1 Rodr\u00edguez<\/p><\/td><td width=\"208\"><p>\u00a0<\/p><\/td><\/tr><tr><td width=\"118\"><p>Secretaria:<\/p><\/td><td colspan=\"3\" width=\"491\"><p>Andrea Rosell\u00f3 Vila, a propuesta del secretario accidental de la Corporaci\u00f3<\/p><\/td><\/tr><\/tbody><\/table>\t\t\t\t\t\t\t\t<\/div>\n\t\t\t\t<\/div>\n\t\t\t\t\t<\/div>\n\t\t<\/div>\n\t\t\t\t\t<\/div>\n\t\t<\/section>\n\t\t\t\t<section class=\"elementor-section elementor-top-section elementor-element elementor-element-da90bfb elementor-section-boxed elementor-section-height-default elementor-section-height-default\" data-id=\"da90bfb\" data-element_type=\"section\">\n\t\t\t\t\t\t<div class=\"elementor-container elementor-column-gap-default\">\n\t\t\t\t\t<div class=\"elementor-column elementor-col-100 elementor-top-column elementor-element elementor-element-1127b67\" data-id=\"1127b67\" data-element_type=\"column\">\n\t\t\t<div class=\"elementor-widget-wrap elementor-element-populated\">\n\t\t\t\t\t\t<div class=\"elementor-element elementor-element-b4c0bea elementor-widget elementor-widget-text-editor\" data-id=\"b4c0bea\" data-element_type=\"widget\" data-widget_type=\"text-editor.default\">\n\t\t\t\t<div class=\"elementor-widget-container\">\n\t\t\t\t\t\t\t\t\t<p><strong>R\u00e9gimen de sesiones<\/strong><\/p><p>Cada Comisi\u00f3n Informativa se celebrar\u00e1 en martes, con una periodicidad m\u00ednima mensual, seg\u00fan el siguiente horario:<\/p><p style=\"padding-left: 40px;\">&#8211; Comisi\u00f3n Informativa de Servicios para las Personas, a las 18 horas.<\/p><p style=\"padding-left: 40px;\">&#8211; Comisi\u00f3n Informativa de Gesti\u00f3n Econ\u00f3mica y Empleo, a las 18:30 horas.<\/p><p style=\"padding-left: 40px;\">&#8211; Comisi\u00f3n Informativa de Modelo de Ciudad, a las 19:00 horas.<\/p><p>Todo ello sin perjuicio de que cada Comisi\u00f3n Informativa celebre las sesiones extraordinarias que se estimen necesarias para su adecuado funcionamiento.<\/p><div class=\"itemBody\"><p>No obstante, se podr\u00e1 adelantar la hora de celebraci\u00f3n de las sesiones, cuando la sesi\u00f3n de la Comisi\u00f3n Informativa inmediata anterior no sea convocada; celebr\u00e1ndose, as\u00ed, la que se adelanta, a la hora de la sesi\u00f3n anterior que no ha sido convocada. En tal supuesto, cuando la de Gesti\u00f3n Econ\u00f3mica y Empleo se adelante por tal causa, se adelantar\u00e1 la de Modelo de Ciudad que se celebrar\u00e1 a la hora prevista por el Pleno para la de Gesti\u00f3n Econ\u00f3mica y Empleo; y si no se celebran la Comisi\u00f3n Informativa de Servicios para las Personas, ni tampoco la de Gesti\u00f3n Econ\u00f3mica y Empleo, se adelantar\u00e1 la Comisi\u00f3n Informativa de Modelo de Ciudad.<\/p><\/div>\t\t\t\t\t\t\t\t<\/div>\n\t\t\t\t<\/div>\n\t\t\t\t\t<\/div>\n\t\t<\/div>\n\t\t\t\t\t<\/div>\n\t\t<\/section>\n\t\t\t\t<\/div>\n\t\t","protected":false},"excerpt":{"rendered":"<p>Las Comisiones Informativas son \u00f3rganos sin atribuciones resolutorios y que tienen por funci\u00f3n el estudio, informe o consulta de los asuntos que hayan de ser sometidos a la decisi\u00f3n del Pleno del Ayuntamiento, y, en su caso, de la Junta de Gobierno Local y del Alcalde-Presidente cuando lo solicite, as\u00ed como el seguimiento de la &hellip; <\/p>\n<p class=\"link-more\"><a href=\"https:\/\/alzira.es\/es\/ayuntamiento\/corporacion-y-gobierno-municipal\/comisiones-informativas\/\" class=\"more-link\">Continuar leyendo<span class=\"screen-reader-text\"> \u00abComisiones Informativas\u00bb<\/span><\/a><\/p>\n","protected":false},"author":34,"featured_media":0,"parent":13558,"menu_order":100,"comment_status":"closed","ping_status":"closed","template":"","meta":{"_acf_changed":false,"footnotes":""},"class_list":["post-61109","page","type-page","status-publish","hentry"],"acf":[],"_links":{"self":[{"href":"https:\/\/alzira.es\/es\/wp-json\/wp\/v2\/pages\/61109","targetHints":{"allow":["GET"]}}],"collection":[{"href":"https:\/\/alzira.es\/es\/wp-json\/wp\/v2\/pages"}],"about":[{"href":"https:\/\/alzira.es\/es\/wp-json\/wp\/v2\/types\/page"}],"author":[{"embeddable":true,"href":"https:\/\/alzira.es\/es\/wp-json\/wp\/v2\/users\/34"}],"replies":[{"embeddable":true,"href":"https:\/\/alzira.es\/es\/wp-json\/wp\/v2\/comments?post=61109"}],"version-history":[{"count":2,"href":"https:\/\/alzira.es\/es\/wp-json\/wp\/v2\/pages\/61109\/revisions"}],"predecessor-version":[{"id":162871,"href":"https:\/\/alzira.es\/es\/wp-json\/wp\/v2\/pages\/61109\/revisions\/162871"}],"up":[{"embeddable":true,"href":"https:\/\/alzira.es\/es\/wp-json\/wp\/v2\/pages\/13558"}],"wp:attachment":[{"href":"https:\/\/alzira.es\/es\/wp-json\/wp\/v2\/media?parent=61109"}],"curies":[{"name":"wp","href":"https:\/\/api.w.org\/{rel}","templated":true}]}}