{"id":61079,"date":"2009-02-04T13:11:17","date_gmt":"2009-02-04T12:11:17","guid":{"rendered":"https:\/\/alzira.es\/ajuntamiento\/corporacion-y-gobierno-municipal\/junta-de-gobierno-local-19-23\/"},"modified":"2025-06-19T09:51:39","modified_gmt":"2025-06-19T07:51:39","slug":"junta-de-gobierno-local-19-23","status":"publish","type":"page","link":"https:\/\/alzira.es\/es\/ayuntamiento\/corporacion-y-gobierno-municipal\/junta-de-gobierno-local-19-23\/","title":{"rendered":"Junta de Gobierno Local"},"content":{"rendered":"\t\t<div data-elementor-type=\"wp-page\" data-elementor-id=\"61079\" class=\"elementor elementor-61079 elementor-42872\">\n\t\t\t\t\t\t<section class=\"elementor-section elementor-top-section elementor-element elementor-element-64babb6 elementor-section-full_width elementor-section-height-default elementor-section-height-default\" data-id=\"64babb6\" data-element_type=\"section\">\n\t\t\t\t\t\t<div class=\"elementor-container elementor-column-gap-default\">\n\t\t\t\t\t<div class=\"elementor-column elementor-col-100 elementor-top-column elementor-element elementor-element-4c6d0ab9\" data-id=\"4c6d0ab9\" data-element_type=\"column\">\n\t\t\t<div class=\"elementor-widget-wrap elementor-element-populated\">\n\t\t\t\t\t\t<div class=\"elementor-element elementor-element-6c69f601 elementor-widget elementor-widget-text-editor\" data-id=\"6c69f601\" data-element_type=\"widget\" data-widget_type=\"text-editor.default\">\n\t\t\t\t<div class=\"elementor-widget-container\">\n\t\t\t\t\t\t\t\t\t<p>La Junta de Gobierno Local es el \u00f3rgano colegiado que, presidido por el alcalde\/sa, cumple la funci\u00f3n de asistencia y asesoramiento a la Alcald\u00eda-presidencia. Ejercer las atribuciones que le confiere la Ley 7\/1985, de 2 de abril, Reguladora de las Bases del R\u00e9gimen Local, en los t\u00e9rminos en que ha sido modificada por la Ley 57\/2003, de 16 de diciembre, de Medidas para la Modernizaci\u00f3n del Gobierno Local.<\/p>\t\t\t\t\t\t\t\t<\/div>\n\t\t\t\t<\/div>\n\t\t\t\t\t<\/div>\n\t\t<\/div>\n\t\t\t\t\t<\/div>\n\t\t<\/section>\n\t\t\t\t<section class=\"elementor-section elementor-top-section elementor-element elementor-element-acdbeb4 elementor-section-full_width elementor-section-height-default elementor-section-height-default\" data-id=\"acdbeb4\" data-element_type=\"section\">\n\t\t\t\t\t\t<div class=\"elementor-container elementor-column-gap-default\">\n\t\t\t\t\t<div class=\"elementor-column elementor-col-100 elementor-top-column elementor-element elementor-element-fd7d9d7\" data-id=\"fd7d9d7\" data-element_type=\"column\">\n\t\t\t<div class=\"elementor-widget-wrap elementor-element-populated\">\n\t\t\t\t\t\t<div class=\"elementor-element elementor-element-497d503 elementor-widget elementor-widget-text-editor\" data-id=\"497d503\" data-element_type=\"widget\" data-widget_type=\"text-editor.default\">\n\t\t\t\t<div class=\"elementor-widget-container\">\n\t\t\t\t\t\t\t\t\t<p><strong>R\u00e9gimen de sesiones de la Junta de Gobierno Local<\/strong><\/p><p>Est\u00e1 establecido por <a href=\"https:\/\/alzira.es\/wp-content\/uploads\/2023\/02\/0705d1753_regim-sessions-JGL.pdf\" target=\"_blank\" rel=\"noopener\">decreto de la Alcald\u00eda-presidencia n\u00famero 1753\/2023<\/a>, de 5 de julio de 2023.<\/p><p>La Junta de Gobierno Local de este Ayuntamiento celebra una sesi\u00f3n ordinaria con car\u00e1cter semanal, sin perjuicio de las sesiones extraordinarias que procedan, los mi\u00e9rcoles de cada semana, a las 9:15 horas.<\/p><p>Cuando el mi\u00e9rcoles de alguna semana coincida con d\u00eda festivo, la sesi\u00f3n se celebrar\u00e1 el d\u00eda y hora que determine la Alcald\u00eda-Presidencia; no se celebrar\u00e1n sesiones ordinarias de la Junta de Gobierno Local durante el mes de agosto de cada a\u00f1o, tal como se dispone en este sentido en los art\u00edculos 58 y 59 del Reglamento de Organizaci\u00f3n y Funcionamiento de este Ayuntamiento.<\/p>\t\t\t\t\t\t\t\t<\/div>\n\t\t\t\t<\/div>\n\t\t\t\t\t<\/div>\n\t\t<\/div>\n\t\t\t\t\t<\/div>\n\t\t<\/section>\n\t\t\t\t<section class=\"elementor-section elementor-top-section elementor-element elementor-element-c42c1a4 elementor-section-full_width elementor-section-height-default elementor-section-height-default\" data-id=\"c42c1a4\" data-element_type=\"section\">\n\t\t\t\t\t\t<div class=\"elementor-container elementor-column-gap-default\">\n\t\t\t\t\t<div class=\"elementor-column elementor-col-100 elementor-top-column elementor-element elementor-element-7f635a2\" data-id=\"7f635a2\" data-element_type=\"column\">\n\t\t\t<div class=\"elementor-widget-wrap elementor-element-populated\">\n\t\t\t\t\t\t<div class=\"elementor-element elementor-element-2b1acf2 elementor-widget elementor-widget-text-editor\" data-id=\"2b1acf2\" data-element_type=\"widget\" data-widget_type=\"text-editor.default\">\n\t\t\t\t<div class=\"elementor-widget-container\">\n\t\t\t\t\t\t\t\t\t<p><strong>Atribuciones de la Junta de Gobierno Local<\/strong><\/p><p><a href=\"https:\/\/alzira.es\/wp-content\/uploads\/2023\/02\/0626d1681_atribucions-JGL.pdf\" target=\"_blank\" rel=\"noopener\">Decreto de la Alcald\u00eda-presidencia n\u00famero 1681\/2023<\/a>, de 26 de junio de 2023, por el que el alcalde-presidente delega competencias y atribuciones en la Junta de Gobierno Local, modificado por el <a href=\"https:\/\/alzira.es\/wp-content\/uploads\/2023\/03\/1003d1039_modifica-delegacions-i-atribucions-JGL-contractes-menors.pdf\" target=\"_blank\" rel=\"noopener\">Decreto n\u00famero 1698\/2023, de 29 de junio,\u00a0 por el Decreto 1039\/2024, de 3 de octubre, <\/a>y por el <a href=\"https:\/\/alzira.es\/wp-content\/uploads\/2023\/03\/0130d0095_modifica-delegacions.pdf\">Decreto 95\/2025, de 30 de enero<\/a>.\u00a0<\/p><p>El Pleno del Ayuntamiento no ha delegado ninguna competencia ni atribuci\u00f3n en la Junta de Gobierno Local.<\/p>\t\t\t\t\t\t\t\t<\/div>\n\t\t\t\t<\/div>\n\t\t\t\t\t<\/div>\n\t\t<\/div>\n\t\t\t\t\t<\/div>\n\t\t<\/section>\n\t\t\t\t<section class=\"elementor-section elementor-top-section elementor-element elementor-element-39875ed elementor-section-full_width elementor-section-height-default elementor-section-height-default\" data-id=\"39875ed\" data-element_type=\"section\">\n\t\t\t\t\t\t<div class=\"elementor-container elementor-column-gap-default\">\n\t\t\t\t\t<div class=\"elementor-column elementor-col-100 elementor-top-column elementor-element elementor-element-b448a3e\" data-id=\"b448a3e\" data-element_type=\"column\">\n\t\t\t<div class=\"elementor-widget-wrap elementor-element-populated\">\n\t\t\t\t\t\t<div class=\"elementor-element elementor-element-0ef5770 elementor-widget elementor-widget-text-editor\" data-id=\"0ef5770\" data-element_type=\"widget\" data-widget_type=\"text-editor.default\">\n\t\t\t\t<div class=\"elementor-widget-container\">\n\t\t\t\t\t\t\t\t\t<p><strong>Miembros de la Junta de Gobierno Local<\/strong><\/p><p><a href=\"https:\/\/alzira.es\/wp-content\/uploads\/2023\/02\/0623d1674_membres-JGL.pdf\" target=\"_blank\" rel=\"noopener\">Decreto de la Alcald\u00eda-presidencia n\u00famero 1674\/2023<\/a>, de 23 de junio de 2023, sobre miembros de la Junta de Gobierno Local.<\/p><p>Integran la Junta de Gobierno Local junto con el alcalde-presidente:<\/p><p>Andr\u00e9s Gomis Fons<\/p><p>Am\u00e8lia Blanquer Mart\u00ednez<\/p><p>Gemma Al\u00f3s Sospedra<\/p><p>Vicent de la Concepci\u00f3n Chord\u00e1<\/p><p>Enrique Montalv\u00e1 Espa\u00f1a<\/p>\t\t\t\t\t\t\t\t<\/div>\n\t\t\t\t<\/div>\n\t\t\t\t\t<\/div>\n\t\t<\/div>\n\t\t\t\t\t<\/div>\n\t\t<\/section>\n\t\t\t\t<section class=\"elementor-section elementor-top-section elementor-element elementor-element-ac182e6 elementor-section-full_width elementor-section-height-default elementor-section-height-default\" data-id=\"ac182e6\" data-element_type=\"section\">\n\t\t\t\t\t\t<div class=\"elementor-container elementor-column-gap-default\">\n\t\t\t\t\t<div class=\"elementor-column elementor-col-50 elementor-top-column elementor-element elementor-element-007741d\" data-id=\"007741d\" data-element_type=\"column\">\n\t\t\t<div class=\"elementor-widget-wrap\">\n\t\t\t\t\t\t\t<\/div>\n\t\t<\/div>\n\t\t\t\t<div class=\"elementor-column elementor-col-50 elementor-top-column elementor-element elementor-element-6ea669e\" data-id=\"6ea669e\" data-element_type=\"column\">\n\t\t\t<div class=\"elementor-widget-wrap\">\n\t\t\t\t\t\t\t<\/div>\n\t\t<\/div>\n\t\t\t\t\t<\/div>\n\t\t<\/section>\n\t\t\t\t<section class=\"elementor-section elementor-top-section elementor-element elementor-element-19bf27b elementor-section-full_width elementor-section-height-default elementor-section-height-default\" data-id=\"19bf27b\" data-element_type=\"section\">\n\t\t\t\t\t\t<div class=\"elementor-container elementor-column-gap-default\">\n\t\t\t\t\t<div class=\"elementor-column elementor-col-50 elementor-top-column elementor-element elementor-element-1f6742d\" data-id=\"1f6742d\" data-element_type=\"column\">\n\t\t\t<div class=\"elementor-widget-wrap\">\n\t\t\t\t\t\t\t<\/div>\n\t\t<\/div>\n\t\t\t\t<div class=\"elementor-column elementor-col-50 elementor-top-column elementor-element elementor-element-a4c3015\" data-id=\"a4c3015\" data-element_type=\"column\">\n\t\t\t<div class=\"elementor-widget-wrap\">\n\t\t\t\t\t\t\t<\/div>\n\t\t<\/div>\n\t\t\t\t\t<\/div>\n\t\t<\/section>\n\t\t\t\t<\/div>\n\t\t","protected":false},"excerpt":{"rendered":"<p>La Junta de Gobierno Local es el \u00f3rgano colegiado que, presidido por el alcalde\/sa, cumple la funci\u00f3n de asistencia y asesoramiento a la Alcald\u00eda-presidencia. Ejercer las atribuciones que le confiere la Ley 7\/1985, de 2 de abril, Reguladora de las Bases del R\u00e9gimen Local, en los t\u00e9rminos en que ha sido modificada por la Ley &hellip; <\/p>\n<p class=\"link-more\"><a href=\"https:\/\/alzira.es\/es\/ayuntamiento\/corporacion-y-gobierno-municipal\/junta-de-gobierno-local-19-23\/\" class=\"more-link\">Continuar leyendo<span class=\"screen-reader-text\"> \u00abJunta de Gobierno Local\u00bb<\/span><\/a><\/p>\n","protected":false},"author":12,"featured_media":13622,"parent":13558,"menu_order":4,"comment_status":"closed","ping_status":"closed","template":"","meta":{"_acf_changed":false,"footnotes":""},"class_list":["post-61079","page","type-page","status-publish","has-post-thumbnail","hentry"],"acf":[],"_links":{"self":[{"href":"https:\/\/alzira.es\/es\/wp-json\/wp\/v2\/pages\/61079","targetHints":{"allow":["GET"]}}],"collection":[{"href":"https:\/\/alzira.es\/es\/wp-json\/wp\/v2\/pages"}],"about":[{"href":"https:\/\/alzira.es\/es\/wp-json\/wp\/v2\/types\/page"}],"author":[{"embeddable":true,"href":"https:\/\/alzira.es\/es\/wp-json\/wp\/v2\/users\/12"}],"replies":[{"embeddable":true,"href":"https:\/\/alzira.es\/es\/wp-json\/wp\/v2\/comments?post=61079"}],"version-history":[{"count":2,"href":"https:\/\/alzira.es\/es\/wp-json\/wp\/v2\/pages\/61079\/revisions"}],"predecessor-version":[{"id":161852,"href":"https:\/\/alzira.es\/es\/wp-json\/wp\/v2\/pages\/61079\/revisions\/161852"}],"up":[{"embeddable":true,"href":"https:\/\/alzira.es\/es\/wp-json\/wp\/v2\/pages\/13558"}],"wp:featuredmedia":[{"embeddable":true,"href":"https:\/\/alzira.es\/es\/wp-json\/wp\/v2\/media\/13622"}],"wp:attachment":[{"href":"https:\/\/alzira.es\/es\/wp-json\/wp\/v2\/media?parent=61079"}],"curies":[{"name":"wp","href":"https:\/\/api.w.org\/{rel}","templated":true}]}}