{"id":61050,"date":"2016-02-04T09:52:46","date_gmt":"2016-02-04T08:52:46","guid":{"rendered":"https:\/\/alzira.es\/ajuntamiento\/corporacion-y-gobierno-municipal\/el-pleno\/"},"modified":"2023-07-14T19:42:45","modified_gmt":"2023-07-14T17:42:45","slug":"el-pleno","status":"publish","type":"page","link":"https:\/\/alzira.es\/es\/ayuntamiento\/corporacion-y-gobierno-municipal\/el-pleno\/","title":{"rendered":"El Pleno"},"content":{"rendered":"\t\t<div data-elementor-type=\"wp-page\" data-elementor-id=\"61050\" class=\"elementor elementor-61050 elementor-13612\">\n\t\t\t\t\t\t<section class=\"elementor-section elementor-top-section elementor-element elementor-element-4f64bedf elementor-section-boxed elementor-section-height-default elementor-section-height-default\" data-id=\"4f64bedf\" data-element_type=\"section\">\n\t\t\t\t\t\t<div class=\"elementor-container elementor-column-gap-default\">\n\t\t\t\t\t<div class=\"elementor-column elementor-col-100 elementor-top-column elementor-element elementor-element-170b59aa\" data-id=\"170b59aa\" data-element_type=\"column\">\n\t\t\t<div class=\"elementor-widget-wrap elementor-element-populated\">\n\t\t\t\t\t\t<div class=\"elementor-element elementor-element-23cbfa6e elementor-widget elementor-widget-text-editor\" data-id=\"23cbfa6e\" data-element_type=\"widget\" data-widget_type=\"text-editor.default\">\n\t\t\t\t<div class=\"elementor-widget-container\">\n\t\t\t\t\t\t\t\t\t\n<p>El Pleno, integrado por el alcalde\/sa y los\/las concejales\/as, es el \u00f3rgano de m\u00e1xima representaci\u00f3n pol\u00edtica de los ciudadanos en el gobierno municipal. Ejerce las atribuciones que le confiere la Ley 7\/1985, de 2 de abril, Reguladora de las Bases del R\u00e9gimen Local, en los t\u00e9rminos en que ha sido modificada por la Ley 57\/2003, de 16 de diciembre, de Medidas para la Modernizaci\u00f3n del Gobierno Local.<\/p>\n\n<p>Est\u00e1 integrado por 21 concejales\/as, y presidido por el alcalde\/sa.<\/p>\n\n<p>El Pleno del Ayuntamiento puede acordar la delegaci\u00f3n de aquellas de sus competencias, para las que no se haya establecido la prohibici\u00f3n de realizarla, en la Junta de Gobierno Local.<\/p>\n\n<p>\u00a0<\/p>\n\n<p><strong>R\u00e9gimen de sesiones<\/strong><\/p>\n\n<p>Por acuerdo plenario de 28 de junio de 2023, se dispone que el Pleno del Ayuntamiento de Alzira celebrar\u00e1 una sesi\u00f3n ordinaria mensual, el \u00faltimo mi\u00e9rcoles de cada mes, a las 19 horas, en cualquier estaci\u00f3n del a\u00f1o, sin perjuicio de celebrar las sesiones extraordinarias que procedan en los t\u00e9rminos legalmente previstos. En el caso de que el \u00faltimo mi\u00e9rcoles de alg\u00fan mes coincida con d\u00eda festivo, la sesi\u00f3n ordinaria se celebrar\u00e1 el siguiente d\u00eda h\u00e1bil. Asimismo, durante el mes de agosto de cada ejercicio econ\u00f3mico no se celebrar\u00e1 la sesi\u00f3n ordinaria del Pleno del Ayuntamiento.<\/p>\n\n<p>\u00a0<\/p>\n\n<p><a href=\"https:\/\/alzira.es\/es\/ayuntamiento\/corporacion-y-gobierno-municipal\/organigrama\/\"><img decoding=\"async\" class=\"size-full wp-image-13602 lazyload\" data-src=\"https:\/\/alzira.es\/wp-content\/uploads\/2016\/02\/boto_pleno_composicion_1.png\" alt=\"boto pleno composici\u00f3 1 val\" width=\"185\" height=\"57\" src=\"data:image\/svg+xml;base64,PHN2ZyB3aWR0aD0iMSIgaGVpZ2h0PSIxIiB4bWxucz0iaHR0cDovL3d3dy53My5vcmcvMjAwMC9zdmciPjwvc3ZnPg==\" style=\"--smush-placeholder-width: 185px; --smush-placeholder-aspect-ratio: 185\/57;\" \/><\/a>\u00a0<a href=\"https:\/\/alzira.es\/es\/ayuntamiento\/corporacion-y-gobierno-municipal\/el-pleno\/orden-del-dia-de-la-proxima-sesion-plenaria\/\"><img decoding=\"async\" class=\"size-full wp-image-13605 lazyload\" data-src=\"https:\/\/alzira.es\/wp-content\/uploads\/2016\/02\/boto_pleno_odproxima_val.png\" alt=\"boto pleno odproxima val\" width=\"185\" height=\"57\" src=\"data:image\/svg+xml;base64,PHN2ZyB3aWR0aD0iMSIgaGVpZ2h0PSIxIiB4bWxucz0iaHR0cDovL3d3dy53My5vcmcvMjAwMC9zdmciPjwvc3ZnPg==\" style=\"--smush-placeholder-width: 185px; --smush-placeholder-aspect-ratio: 185\/57;\" \/><\/a>\u00a0\u00a0<a href=\"https:\/\/alzira.es\/es\/ayuntamiento\/videoacta\/\"><img decoding=\"async\" class=\"size-full wp-image-13596 lazyload\" data-src=\"https:\/\/alzira.es\/wp-content\/uploads\/2016\/02\/boto_videoacta_val.png\" alt=\"boto videoacta val\" width=\"185\" height=\"57\" src=\"data:image\/svg+xml;base64,PHN2ZyB3aWR0aD0iMSIgaGVpZ2h0PSIxIiB4bWxucz0iaHR0cDovL3d3dy53My5vcmcvMjAwMC9zdmciPjwvc3ZnPg==\" style=\"--smush-placeholder-width: 185px; --smush-placeholder-aspect-ratio: 185\/57;\" \/><\/a>\u00a0<a href=\"http:\/\/alzira.videoacta.es\/\" target=\"_blank\" rel=\"noreferrer noopener\"><img decoding=\"async\" class=\"size-full wp-image-13609 lazyload\" data-src=\"https:\/\/alzira.es\/wp-content\/uploads\/2016\/02\/boto_pleno_directo_val.png\" alt=\"boto pleno directo val\" width=\"185\" height=\"57\" src=\"data:image\/svg+xml;base64,PHN2ZyB3aWR0aD0iMSIgaGVpZ2h0PSIxIiB4bWxucz0iaHR0cDovL3d3dy53My5vcmcvMjAwMC9zdmciPjwvc3ZnPg==\" style=\"--smush-placeholder-width: 185px; --smush-placeholder-aspect-ratio: 185\/57;\" \/><\/a>\u00a0<a title=\"Portal Plenaris\" href=\"http:\/\/portalplenos.alzira.es\/PortalRepro\/plenos.php\" target=\"_blank\" rel=\"noopener\"><img decoding=\"async\" class=\"size-full wp-image-13610 lazyload\" data-src=\"https:\/\/alzira.es\/wp-content\/uploads\/2016\/02\/boto_pleno_portal.png\" alt=\"boto pleno portal val\" width=\"185\" height=\"57\" src=\"data:image\/svg+xml;base64,PHN2ZyB3aWR0aD0iMSIgaGVpZ2h0PSIxIiB4bWxucz0iaHR0cDovL3d3dy53My5vcmcvMjAwMC9zdmciPjwvc3ZnPg==\" style=\"--smush-placeholder-width: 185px; --smush-placeholder-aspect-ratio: 185\/57;\" \/><\/a><\/p>\n\t\t\t\t\t\t\t\t<\/div>\n\t\t\t\t<\/div>\n\t\t\t\t\t<\/div>\n\t\t<\/div>\n\t\t\t\t\t<\/div>\n\t\t<\/section>\n\t\t\t\t<\/div>\n\t\t","protected":false},"excerpt":{"rendered":"<p>El Pleno, integrado por el alcalde\/sa y los\/las concejales\/as, es el \u00f3rgano de m\u00e1xima representaci\u00f3n pol\u00edtica de los ciudadanos en el gobierno municipal. Ejerce las atribuciones que le confiere la Ley 7\/1985, de 2 de abril, Reguladora de las Bases del R\u00e9gimen Local, en los t\u00e9rminos en que ha sido modificada por la Ley 57\/2003, &hellip; <\/p>\n<p class=\"link-more\"><a href=\"https:\/\/alzira.es\/es\/ayuntamiento\/corporacion-y-gobierno-municipal\/el-pleno\/\" class=\"more-link\">Continuar leyendo<span class=\"screen-reader-text\"> \u00abEl Pleno\u00bb<\/span><\/a><\/p>\n","protected":false},"author":34,"featured_media":13603,"parent":13558,"menu_order":214,"comment_status":"closed","ping_status":"closed","template":"","meta":{"_acf_changed":false,"footnotes":""},"class_list":["post-61050","page","type-page","status-publish","has-post-thumbnail","hentry"],"acf":[],"_links":{"self":[{"href":"https:\/\/alzira.es\/es\/wp-json\/wp\/v2\/pages\/61050","targetHints":{"allow":["GET"]}}],"collection":[{"href":"https:\/\/alzira.es\/es\/wp-json\/wp\/v2\/pages"}],"about":[{"href":"https:\/\/alzira.es\/es\/wp-json\/wp\/v2\/types\/page"}],"author":[{"embeddable":true,"href":"https:\/\/alzira.es\/es\/wp-json\/wp\/v2\/users\/34"}],"replies":[{"embeddable":true,"href":"https:\/\/alzira.es\/es\/wp-json\/wp\/v2\/comments?post=61050"}],"version-history":[{"count":2,"href":"https:\/\/alzira.es\/es\/wp-json\/wp\/v2\/pages\/61050\/revisions"}],"predecessor-version":[{"id":139764,"href":"https:\/\/alzira.es\/es\/wp-json\/wp\/v2\/pages\/61050\/revisions\/139764"}],"up":[{"embeddable":true,"href":"https:\/\/alzira.es\/es\/wp-json\/wp\/v2\/pages\/13558"}],"wp:featuredmedia":[{"embeddable":true,"href":"https:\/\/alzira.es\/es\/wp-json\/wp\/v2\/media\/13603"}],"wp:attachment":[{"href":"https:\/\/alzira.es\/es\/wp-json\/wp\/v2\/media?parent=61050"}],"curies":[{"name":"wp","href":"https:\/\/api.w.org\/{rel}","templated":true}]}}