{"id":60964,"date":"2021-04-27T16:27:35","date_gmt":"2021-04-27T14:27:35","guid":{"rendered":"https:\/\/alzira.es\/ajuntamiento\/agenda-alcaldia\/"},"modified":"2021-04-27T16:27:35","modified_gmt":"2021-04-27T14:27:35","slug":"agenda-alcaldia","status":"publish","type":"page","link":"https:\/\/alzira.es\/es\/ayuntamiento\/agenda-alcaldia\/","title":{"rendered":"Agenda Alcaldia"},"content":{"rendered":"<p>AGENDA DE L&#8217;ALCALDIA<br \/>\n<span style=\"color: #000000; font-family: Arial, Helvetica, Verdana, sans-serif; font-size: 13.2px; line-height: 17.6px;\">En honor de la transpar\u00e8ncia que el govern d&#8217;Alzira vol aplicar a l\u2019administraci\u00f3 p\u00fablica, l\u2019agenda de l\u2019Alcalde ser\u00e0 p\u00fablica, de manera que tots els ciutadans i ciutadanes podran saber en cada moment qu\u00e8 est\u00e0 fent la primera autoritat de la ciutat.<\/span><\/p>\n<p><iframe data-src=\"https:\/\/calendar.google.com\/calendar\/embed?src=agendaalzira%40gmail.com&amp;ctz=Europe%2FMadrid\" style=\"border: 0\" width=\"800\" height=\"600\" frameborder=\"0\" scrolling=\"no\" src=\"data:image\/svg+xml;base64,PHN2ZyB3aWR0aD0iMSIgaGVpZ2h0PSIxIiB4bWxucz0iaHR0cDovL3d3dy53My5vcmcvMjAwMC9zdmciPjwvc3ZnPg==\" class=\"lazyload\" data-load-mode=\"1\"><\/iframe><\/p>\n<p><span style=\"color: #000000; font-family: Arial, Helvetica, Verdana, sans-serif; font-size: 13.2px; line-height: 17.6px;\">Per motius de seguretat o estrat\u00e8gics, algunes activitats seran publicades una vegada realitzades. Per motius de privacitat, en cas de no rebre autoritzaci\u00f3 per part dels assistents a alguna reuni\u00f3 o trobada per a fer-la p\u00fablica, esta no ser\u00e0 publicada<\/span><\/p>\n<p>&nbsp;<\/p>\n","protected":false},"excerpt":{"rendered":"<p>AGENDA DE L&#8217;ALCALDIA En honor de la transpar\u00e8ncia que el govern d&#8217;Alzira vol aplicar a l\u2019administraci\u00f3 p\u00fablica, l\u2019agenda de l\u2019Alcalde ser\u00e0 p\u00fablica, de manera que tots els ciutadans i ciutadanes podran saber en cada moment qu\u00e8 est\u00e0 fent la primera autoritat de la ciutat. Per motius de seguretat o estrat\u00e8gics, algunes activitats seran publicades una &hellip; <\/p>\n<p class=\"link-more\"><a href=\"https:\/\/alzira.es\/es\/ayuntamiento\/agenda-alcaldia\/\" class=\"more-link\">Continuar leyendo<span class=\"screen-reader-text\"> \u00abAgenda Alcaldia\u00bb<\/span><\/a><\/p>\n","protected":false},"author":29,"featured_media":0,"parent":60845,"menu_order":74,"comment_status":"closed","ping_status":"closed","template":"","meta":{"_acf_changed":false,"footnotes":""},"class_list":["post-60964","page","type-page","status-publish","hentry"],"acf":[],"_links":{"self":[{"href":"https:\/\/alzira.es\/es\/wp-json\/wp\/v2\/pages\/60964","targetHints":{"allow":["GET"]}}],"collection":[{"href":"https:\/\/alzira.es\/es\/wp-json\/wp\/v2\/pages"}],"about":[{"href":"https:\/\/alzira.es\/es\/wp-json\/wp\/v2\/types\/page"}],"author":[{"embeddable":true,"href":"https:\/\/alzira.es\/es\/wp-json\/wp\/v2\/users\/29"}],"replies":[{"embeddable":true,"href":"https:\/\/alzira.es\/es\/wp-json\/wp\/v2\/comments?post=60964"}],"version-history":[{"count":0,"href":"https:\/\/alzira.es\/es\/wp-json\/wp\/v2\/pages\/60964\/revisions"}],"up":[{"embeddable":true,"href":"https:\/\/alzira.es\/es\/wp-json\/wp\/v2\/pages\/60845"}],"wp:attachment":[{"href":"https:\/\/alzira.es\/es\/wp-json\/wp\/v2\/media?parent=60964"}],"curies":[{"name":"wp","href":"https:\/\/api.w.org\/{rel}","templated":true}]}}