{"id":60845,"date":"2021-04-19T11:20:03","date_gmt":"2021-04-19T09:20:03","guid":{"rendered":"https:\/\/alzira.es\/ajuntamiento\/"},"modified":"2024-04-22T09:12:32","modified_gmt":"2024-04-22T07:12:32","slug":"ayuntamiento","status":"publish","type":"page","link":"https:\/\/alzira.es\/es\/ayuntamiento\/","title":{"rendered":"Ayuntamiento"},"content":{"rendered":"\t\t<div data-elementor-type=\"wp-page\" data-elementor-id=\"60845\" class=\"elementor elementor-60845 elementor-34208\">\n\t\t\t\t\t\t<section class=\"elementor-section elementor-top-section elementor-element elementor-element-f638533 elementor-section-full_width elementor-section-height-default elementor-section-height-default\" data-id=\"f638533\" data-element_type=\"section\">\n\t\t\t\t\t\t<div class=\"elementor-container elementor-column-gap-default\">\n\t\t\t\t\t<div class=\"elementor-column elementor-col-100 elementor-top-column elementor-element elementor-element-5d31509\" data-id=\"5d31509\" data-element_type=\"column\">\n\t\t\t<div class=\"elementor-widget-wrap elementor-element-populated\">\n\t\t\t\t\t\t<div class=\"elementor-element elementor-element-5f3b25e elementor-widget elementor-widget-image\" data-id=\"5f3b25e\" data-element_type=\"widget\" data-widget_type=\"image.default\">\n\t\t\t\t<div class=\"elementor-widget-container\">\n\t\t\t\t\t\t\t\t\t\t\t\t\t\t\t<img fetchpriority=\"high\" decoding=\"async\" width=\"1430\" height=\"200\" src=\"https:\/\/alzira.es\/wp-content\/uploads\/2021\/04\/banners-segundo-nivel-06-2.png\" class=\"attachment-full size-full wp-image-60297\" alt=\"\" srcset=\"https:\/\/alzira.es\/wp-content\/uploads\/2021\/04\/banners-segundo-nivel-06-2.png 1430w, https:\/\/alzira.es\/wp-content\/uploads\/2021\/04\/banners-segundo-nivel-06-2-680x95.png 680w, https:\/\/alzira.es\/wp-content\/uploads\/2021\/04\/banners-segundo-nivel-06-2-768x107.png 768w\" sizes=\"100vw\" \/>\t\t\t\t\t\t\t\t\t\t\t\t\t\t\t<\/div>\n\t\t\t\t<\/div>\n\t\t\t\t\t<\/div>\n\t\t<\/div>\n\t\t\t\t\t<\/div>\n\t\t<\/section>\n\t\t\t\t<section class=\"elementor-section elementor-top-section elementor-element elementor-element-fd4644b elementor-section-full_width iconosportadasec ajuntament elementor-section-height-default elementor-section-height-default\" data-id=\"fd4644b\" data-element_type=\"section\">\n\t\t\t\t\t\t<div class=\"elementor-container elementor-column-gap-narrow\">\n\t\t\t\t\t<div class=\"elementor-column elementor-col-16 elementor-top-column elementor-element elementor-element-afdcffd\" data-id=\"afdcffd\" data-element_type=\"column\">\n\t\t\t<div class=\"elementor-widget-wrap elementor-element-populated\">\n\t\t\t\t\t\t<div class=\"elementor-element elementor-element-877822c elementor-widget elementor-widget-image\" data-id=\"877822c\" data-element_type=\"widget\" data-widget_type=\"image.default\">\n\t\t\t\t<div class=\"elementor-widget-container\">\n\t\t\t\t\t\t\t\t\t\t\t\t\t\t\t\t<a href=\"https:\/\/alzira.es\/es\/ajuntamiento\/el-alcalde\/\">\n\t\t\t\t\t\t\t<img decoding=\"async\" width=\"3509\" height=\"2935\" data-src=\"https:\/\/alzira.es\/wp-content\/uploads\/2018\/07\/iconos-segundo-nivel_ayuntamiento_BLANC-01.png\" class=\"attachment-full size-full wp-image-34131 lazyload\" alt=\"Bonificacions fiscals\" data-srcset=\"https:\/\/alzira.es\/wp-content\/uploads\/2018\/07\/iconos-segundo-nivel_ayuntamiento_BLANC-01.png 3509w, https:\/\/alzira.es\/wp-content\/uploads\/2018\/07\/iconos-segundo-nivel_ayuntamiento_BLANC-01-610x510.png 610w, https:\/\/alzira.es\/wp-content\/uploads\/2018\/07\/iconos-segundo-nivel_ayuntamiento_BLANC-01-1282x1072.png 1282w, https:\/\/alzira.es\/wp-content\/uploads\/2018\/07\/iconos-segundo-nivel_ayuntamiento_BLANC-01-768x642.png 768w, https:\/\/alzira.es\/wp-content\/uploads\/2018\/07\/iconos-segundo-nivel_ayuntamiento_BLANC-01-1536x1285.png 1536w, https:\/\/alzira.es\/wp-content\/uploads\/2018\/07\/iconos-segundo-nivel_ayuntamiento_BLANC-01-2048x1713.png 2048w\" data-sizes=\"100vw\" src=\"data:image\/svg+xml;base64,PHN2ZyB3aWR0aD0iMSIgaGVpZ2h0PSIxIiB4bWxucz0iaHR0cDovL3d3dy53My5vcmcvMjAwMC9zdmciPjwvc3ZnPg==\" style=\"--smush-placeholder-width: 3509px; --smush-placeholder-aspect-ratio: 3509\/2935;\" \/>\t\t\t\t\t\t\t\t<\/a>\n\t\t\t\t\t\t\t\t\t\t\t\t\t\t\t<\/div>\n\t\t\t\t<\/div>\n\t\t\t\t<div class=\"elementor-element elementor-element-a45f6b6 elementor-widget elementor-widget-heading\" data-id=\"a45f6b6\" data-element_type=\"widget\" data-widget_type=\"heading.default\">\n\t\t\t\t<div class=\"elementor-widget-container\">\n\t\t\t\t\t<h5 class=\"elementor-heading-title elementor-size-default\">Alcalde<\/h5>\t\t\t\t<\/div>\n\t\t\t\t<\/div>\n\t\t\t\t\t<\/div>\n\t\t<\/div>\n\t\t\t\t<div class=\"elementor-column elementor-col-16 elementor-top-column elementor-element elementor-element-bacfc84\" data-id=\"bacfc84\" data-element_type=\"column\">\n\t\t\t<div class=\"elementor-widget-wrap elementor-element-populated\">\n\t\t\t\t\t\t<div class=\"elementor-element elementor-element-3300a60 elementor-widget elementor-widget-image\" data-id=\"3300a60\" data-element_type=\"widget\" data-widget_type=\"image.default\">\n\t\t\t\t<div class=\"elementor-widget-container\">\n\t\t\t\t\t\t\t\t\t\t\t\t\t\t\t\t<a href=\"https:\/\/outlook.office365.com\/owa\/calendar\/2900a421672549a8b4c73bb39e14881f@alzira.es\/29f3ba16041047a693942405987d7388432725138051378966\/calendar.html\" target=\"_blank\">\n\t\t\t\t\t\t\t<img decoding=\"async\" width=\"605\" height=\"533\" data-src=\"https:\/\/alzira.es\/wp-content\/uploads\/2021\/12\/Recurso-25.png\" class=\"attachment-full size-full wp-image-108426 lazyload\" alt=\"\" data-srcset=\"https:\/\/alzira.es\/wp-content\/uploads\/2021\/12\/Recurso-25.png 605w, https:\/\/alzira.es\/wp-content\/uploads\/2021\/12\/Recurso-25-579x510.png 579w\" data-sizes=\"100vw\" src=\"data:image\/svg+xml;base64,PHN2ZyB3aWR0aD0iMSIgaGVpZ2h0PSIxIiB4bWxucz0iaHR0cDovL3d3dy53My5vcmcvMjAwMC9zdmciPjwvc3ZnPg==\" style=\"--smush-placeholder-width: 605px; --smush-placeholder-aspect-ratio: 605\/533;\" \/>\t\t\t\t\t\t\t\t<\/a>\n\t\t\t\t\t\t\t\t\t\t\t\t\t\t\t<\/div>\n\t\t\t\t<\/div>\n\t\t\t\t<div class=\"elementor-element elementor-element-f84e748 elementor-widget elementor-widget-heading\" data-id=\"f84e748\" data-element_type=\"widget\" data-widget_type=\"heading.default\">\n\t\t\t\t<div class=\"elementor-widget-container\">\n\t\t\t\t\t<h5 class=\"elementor-heading-title elementor-size-default\"><a href=\"https:\/\/outlook.office365.com\/owa\/calendar\/2900a421672549a8b4c73bb39e14881f@alzira.es\/29f3ba16041047a693942405987d7388432725138051378966\/calendar.html\" target=\"_blank\">Agenda Alcald\u00eda<\/a><\/h5>\t\t\t\t<\/div>\n\t\t\t\t<\/div>\n\t\t\t\t\t<\/div>\n\t\t<\/div>\n\t\t\t\t<div class=\"elementor-column elementor-col-16 elementor-top-column elementor-element elementor-element-1246900\" data-id=\"1246900\" data-element_type=\"column\">\n\t\t\t<div class=\"elementor-widget-wrap elementor-element-populated\">\n\t\t\t\t\t\t<div class=\"elementor-element elementor-element-ce33efb elementor-widget elementor-widget-image\" data-id=\"ce33efb\" data-element_type=\"widget\" data-widget_type=\"image.default\">\n\t\t\t\t<div class=\"elementor-widget-container\">\n\t\t\t\t\t\t\t\t\t\t\t\t\t\t\t\t<a href=\"https:\/\/alzira.es\/es\/ayuntamiento\/accesibilidad\/\">\n\t\t\t\t\t\t\t<img decoding=\"async\" width=\"605\" height=\"533\" data-src=\"https:\/\/alzira.es\/wp-content\/uploads\/2021\/12\/Recurso-27.png\" class=\"attachment-full size-full wp-image-108432 lazyload\" alt=\"\" data-srcset=\"https:\/\/alzira.es\/wp-content\/uploads\/2021\/12\/Recurso-27.png 605w, https:\/\/alzira.es\/wp-content\/uploads\/2021\/12\/Recurso-27-579x510.png 579w\" data-sizes=\"100vw\" src=\"data:image\/svg+xml;base64,PHN2ZyB3aWR0aD0iMSIgaGVpZ2h0PSIxIiB4bWxucz0iaHR0cDovL3d3dy53My5vcmcvMjAwMC9zdmciPjwvc3ZnPg==\" style=\"--smush-placeholder-width: 605px; --smush-placeholder-aspect-ratio: 605\/533;\" \/>\t\t\t\t\t\t\t\t<\/a>\n\t\t\t\t\t\t\t\t\t\t\t\t\t\t\t<\/div>\n\t\t\t\t<\/div>\n\t\t\t\t<div class=\"elementor-element elementor-element-c579ca3 elementor-widget elementor-widget-heading\" data-id=\"c579ca3\" data-element_type=\"widget\" data-widget_type=\"heading.default\">\n\t\t\t\t<div class=\"elementor-widget-container\">\n\t\t\t\t\t<h5 class=\"elementor-heading-title elementor-size-default\"><a href=\"https:\/\/alzira.es\/es\/ayuntamiento\/accesibilidad\/\">Accesibilidad<\/a><\/h5>\t\t\t\t<\/div>\n\t\t\t\t<\/div>\n\t\t\t\t\t<\/div>\n\t\t<\/div>\n\t\t\t\t<div class=\"elementor-column elementor-col-16 elementor-top-column elementor-element elementor-element-e02ec84\" data-id=\"e02ec84\" data-element_type=\"column\">\n\t\t\t<div class=\"elementor-widget-wrap elementor-element-populated\">\n\t\t\t\t\t\t<div class=\"elementor-element elementor-element-cda2af1 elementor-widget elementor-widget-image\" data-id=\"cda2af1\" data-element_type=\"widget\" data-widget_type=\"image.default\">\n\t\t\t\t<div class=\"elementor-widget-container\">\n\t\t\t\t\t\t\t\t\t\t\t\t\t\t\t\t<a href=\"https:\/\/alzira.es\/es\/ayuntamiento\/buzon-de-la-ciudadania\/\">\n\t\t\t\t\t\t\t<img decoding=\"async\" width=\"605\" height=\"533\" data-src=\"https:\/\/alzira.es\/wp-content\/uploads\/2023\/07\/Bustia-de-la-ciutadania.png\" class=\"attachment-full size-full wp-image-140720 lazyload\" alt=\"Bustia de la ciutadan\u00eda\" data-srcset=\"https:\/\/alzira.es\/wp-content\/uploads\/2023\/07\/Bustia-de-la-ciutadania.png 605w, https:\/\/alzira.es\/wp-content\/uploads\/2023\/07\/Bustia-de-la-ciutadania-579x510.png 579w\" data-sizes=\"100vw\" src=\"data:image\/svg+xml;base64,PHN2ZyB3aWR0aD0iMSIgaGVpZ2h0PSIxIiB4bWxucz0iaHR0cDovL3d3dy53My5vcmcvMjAwMC9zdmciPjwvc3ZnPg==\" style=\"--smush-placeholder-width: 605px; --smush-placeholder-aspect-ratio: 605\/533;\" \/>\t\t\t\t\t\t\t\t<\/a>\n\t\t\t\t\t\t\t\t\t\t\t\t\t\t\t<\/div>\n\t\t\t\t<\/div>\n\t\t\t\t<div class=\"elementor-element elementor-element-6f10108 elementor-widget elementor-widget-heading\" data-id=\"6f10108\" data-element_type=\"widget\" data-widget_type=\"heading.default\">\n\t\t\t\t<div class=\"elementor-widget-container\">\n\t\t\t\t\t<h5 class=\"elementor-heading-title elementor-size-default\"><a href=\"https:\/\/alzira.es\/es\/ayuntamiento\/buzon-de-la-ciudadania\/\">Buz\u00f3n de la ciudadan\u00eda<\/a><\/h5>\t\t\t\t<\/div>\n\t\t\t\t<\/div>\n\t\t\t\t\t<\/div>\n\t\t<\/div>\n\t\t\t\t<div class=\"elementor-column elementor-col-16 elementor-top-column elementor-element elementor-element-f65b1bd\" data-id=\"f65b1bd\" data-element_type=\"column\">\n\t\t\t<div class=\"elementor-widget-wrap elementor-element-populated\">\n\t\t\t\t\t\t<div class=\"elementor-element elementor-element-11a65b6 elementor-widget elementor-widget-image\" data-id=\"11a65b6\" data-element_type=\"widget\" data-widget_type=\"image.default\">\n\t\t\t\t<div class=\"elementor-widget-container\">\n\t\t\t\t\t\t\t\t\t\t\t\t\t\t\t\t<a href=\"https:\/\/alzira.es\/es\/ajuntamiento\/corporacion-y-gobierno-municipal\/\">\n\t\t\t\t\t\t\t<img decoding=\"async\" width=\"3509\" height=\"2935\" data-src=\"https:\/\/alzira.es\/wp-content\/uploads\/2018\/07\/iconos-segundo-nivel_ayuntamiento_BLANC-02.png\" class=\"attachment-full size-full wp-image-34133 lazyload\" alt=\"iconos serveis ayt roig fondo -02\" data-srcset=\"https:\/\/alzira.es\/wp-content\/uploads\/2018\/07\/iconos-segundo-nivel_ayuntamiento_BLANC-02.png 3509w, https:\/\/alzira.es\/wp-content\/uploads\/2018\/07\/iconos-segundo-nivel_ayuntamiento_BLANC-02-610x510.png 610w, https:\/\/alzira.es\/wp-content\/uploads\/2018\/07\/iconos-segundo-nivel_ayuntamiento_BLANC-02-1282x1072.png 1282w, https:\/\/alzira.es\/wp-content\/uploads\/2018\/07\/iconos-segundo-nivel_ayuntamiento_BLANC-02-768x642.png 768w, https:\/\/alzira.es\/wp-content\/uploads\/2018\/07\/iconos-segundo-nivel_ayuntamiento_BLANC-02-1536x1285.png 1536w, https:\/\/alzira.es\/wp-content\/uploads\/2018\/07\/iconos-segundo-nivel_ayuntamiento_BLANC-02-2048x1713.png 2048w\" data-sizes=\"100vw\" src=\"data:image\/svg+xml;base64,PHN2ZyB3aWR0aD0iMSIgaGVpZ2h0PSIxIiB4bWxucz0iaHR0cDovL3d3dy53My5vcmcvMjAwMC9zdmciPjwvc3ZnPg==\" style=\"--smush-placeholder-width: 3509px; --smush-placeholder-aspect-ratio: 3509\/2935;\" \/>\t\t\t\t\t\t\t\t<\/a>\n\t\t\t\t\t\t\t\t\t\t\t\t\t\t\t<\/div>\n\t\t\t\t<\/div>\n\t\t\t\t<div class=\"elementor-element elementor-element-5043996 elementor-widget elementor-widget-heading\" data-id=\"5043996\" data-element_type=\"widget\" data-widget_type=\"heading.default\">\n\t\t\t\t<div class=\"elementor-widget-container\">\n\t\t\t\t\t<h5 class=\"elementor-heading-title elementor-size-default\">Corporaci\u00f3n y gobierno municipal<\/h5>\t\t\t\t<\/div>\n\t\t\t\t<\/div>\n\t\t\t\t\t<\/div>\n\t\t<\/div>\n\t\t\t\t<div class=\"elementor-column elementor-col-16 elementor-top-column elementor-element elementor-element-29143d8\" data-id=\"29143d8\" data-element_type=\"column\">\n\t\t\t<div class=\"elementor-widget-wrap elementor-element-populated\">\n\t\t\t\t\t\t<div class=\"elementor-element elementor-element-e1317e0 elementor-widget elementor-widget-image\" data-id=\"e1317e0\" data-element_type=\"widget\" data-widget_type=\"image.default\">\n\t\t\t\t<div class=\"elementor-widget-container\">\n\t\t\t\t\t\t\t\t\t\t\t\t\t\t\t\t<a href=\"https:\/\/alzira.es\/es\/ayuntamiento\/elecciones\/\">\n\t\t\t\t\t\t\t<img decoding=\"async\" width=\"843\" height=\"705\" data-src=\"https:\/\/alzira.es\/wp-content\/uploads\/2018\/07\/iconos-segundo-nivel_ayuntamiento_BLANC-06-10.png\" class=\"attachment-full size-full wp-image-34127 lazyload\" alt=\"Elecciones\" data-srcset=\"https:\/\/alzira.es\/wp-content\/uploads\/2018\/07\/iconos-segundo-nivel_ayuntamiento_BLANC-06-10.png 843w, https:\/\/alzira.es\/wp-content\/uploads\/2018\/07\/iconos-segundo-nivel_ayuntamiento_BLANC-06-10-610x510.png 610w, https:\/\/alzira.es\/wp-content\/uploads\/2018\/07\/iconos-segundo-nivel_ayuntamiento_BLANC-06-10-768x642.png 768w\" data-sizes=\"100vw\" src=\"data:image\/svg+xml;base64,PHN2ZyB3aWR0aD0iMSIgaGVpZ2h0PSIxIiB4bWxucz0iaHR0cDovL3d3dy53My5vcmcvMjAwMC9zdmciPjwvc3ZnPg==\" style=\"--smush-placeholder-width: 843px; --smush-placeholder-aspect-ratio: 843\/705;\" \/>\t\t\t\t\t\t\t\t<\/a>\n\t\t\t\t\t\t\t\t\t\t\t\t\t\t\t<\/div>\n\t\t\t\t<\/div>\n\t\t\t\t<div class=\"elementor-element elementor-element-e8c0d04 elementor-widget elementor-widget-heading\" data-id=\"e8c0d04\" data-element_type=\"widget\" data-widget_type=\"heading.default\">\n\t\t\t\t<div class=\"elementor-widget-container\">\n\t\t\t\t\t<h5 class=\"elementor-heading-title elementor-size-default\"><a href=\"https:\/\/alzira.es\/es\/ayuntamiento\/elecciones\/\">Elecciones<\/a><\/h5>\t\t\t\t<\/div>\n\t\t\t\t<\/div>\n\t\t\t\t\t<\/div>\n\t\t<\/div>\n\t\t\t\t\t<\/div>\n\t\t<\/section>\n\t\t\t\t<section class=\"elementor-section elementor-top-section elementor-element elementor-element-4f74076 elementor-section-full_width iconosportadasec ajuntament elementor-section-height-default elementor-section-height-default\" data-id=\"4f74076\" data-element_type=\"section\">\n\t\t\t\t\t\t<div class=\"elementor-container elementor-column-gap-narrow\">\n\t\t\t\t\t<div class=\"elementor-column elementor-col-16 elementor-top-column elementor-element elementor-element-d8aeb6e\" data-id=\"d8aeb6e\" data-element_type=\"column\">\n\t\t\t<div class=\"elementor-widget-wrap elementor-element-populated\">\n\t\t\t\t\t\t<div class=\"elementor-element elementor-element-85ba1a4 elementor-widget elementor-widget-image\" data-id=\"85ba1a4\" data-element_type=\"widget\" data-widget_type=\"image.default\">\n\t\t\t\t<div class=\"elementor-widget-container\">\n\t\t\t\t\t\t\t\t\t\t\t\t\t\t\t\t<a href=\"https:\/\/alzira.es\/es\/ayuntamiento\/corporacion-y-gobierno-municipal\/entidades-consorcios-y-asociaciones\/\">\n\t\t\t\t\t\t\t<img decoding=\"async\" width=\"843\" height=\"705\" data-src=\"https:\/\/alzira.es\/wp-content\/uploads\/2018\/07\/iconos-segundo-nivel_ayuntamiento_BLANC-06-04.png\" class=\"attachment-full size-full wp-image-34123 lazyload\" alt=\"iconos serveis ayt roig fondo -04\" data-srcset=\"https:\/\/alzira.es\/wp-content\/uploads\/2018\/07\/iconos-segundo-nivel_ayuntamiento_BLANC-06-04.png 843w, https:\/\/alzira.es\/wp-content\/uploads\/2018\/07\/iconos-segundo-nivel_ayuntamiento_BLANC-06-04-610x510.png 610w, https:\/\/alzira.es\/wp-content\/uploads\/2018\/07\/iconos-segundo-nivel_ayuntamiento_BLANC-06-04-768x642.png 768w\" data-sizes=\"100vw\" src=\"data:image\/svg+xml;base64,PHN2ZyB3aWR0aD0iMSIgaGVpZ2h0PSIxIiB4bWxucz0iaHR0cDovL3d3dy53My5vcmcvMjAwMC9zdmciPjwvc3ZnPg==\" style=\"--smush-placeholder-width: 843px; --smush-placeholder-aspect-ratio: 843\/705;\" \/>\t\t\t\t\t\t\t\t<\/a>\n\t\t\t\t\t\t\t\t\t\t\t\t\t\t\t<\/div>\n\t\t\t\t<\/div>\n\t\t\t\t<div class=\"elementor-element elementor-element-520a881 elementor-widget elementor-widget-heading\" data-id=\"520a881\" data-element_type=\"widget\" data-widget_type=\"heading.default\">\n\t\t\t\t<div class=\"elementor-widget-container\">\n\t\t\t\t\t<h5 class=\"elementor-heading-title elementor-size-default\"><a href=\"https:\/\/alzira.es\/es\/ayuntamiento\/corporacion-y-gobierno-municipal\/entidades-consorcios-y-asociaciones\/\">Entidades, consorcios y asociaciones<\/a><\/h5>\t\t\t\t<\/div>\n\t\t\t\t<\/div>\n\t\t\t\t\t<\/div>\n\t\t<\/div>\n\t\t\t\t<div class=\"elementor-column elementor-col-16 elementor-top-column elementor-element elementor-element-e183208\" data-id=\"e183208\" data-element_type=\"column\">\n\t\t\t<div class=\"elementor-widget-wrap elementor-element-populated\">\n\t\t\t\t\t\t<div class=\"elementor-element elementor-element-1d9e0b6 elementor-widget elementor-widget-image\" data-id=\"1d9e0b6\" data-element_type=\"widget\" data-widget_type=\"image.default\">\n\t\t\t\t<div class=\"elementor-widget-container\">\n\t\t\t\t\t\t\t\t\t\t\t\t\t\t\t\t<a href=\"https:\/\/alzira.es\/es\/noticias-alzira\/\">\n\t\t\t\t\t\t\t<img decoding=\"async\" width=\"605\" height=\"533\" data-src=\"https:\/\/alzira.es\/wp-content\/uploads\/2021\/12\/Recurso-28.png\" class=\"attachment-full size-full wp-image-108434 lazyload\" alt=\"\" data-srcset=\"https:\/\/alzira.es\/wp-content\/uploads\/2021\/12\/Recurso-28.png 605w, https:\/\/alzira.es\/wp-content\/uploads\/2021\/12\/Recurso-28-579x510.png 579w\" data-sizes=\"100vw\" src=\"data:image\/svg+xml;base64,PHN2ZyB3aWR0aD0iMSIgaGVpZ2h0PSIxIiB4bWxucz0iaHR0cDovL3d3dy53My5vcmcvMjAwMC9zdmciPjwvc3ZnPg==\" style=\"--smush-placeholder-width: 605px; --smush-placeholder-aspect-ratio: 605\/533;\" \/>\t\t\t\t\t\t\t\t<\/a>\n\t\t\t\t\t\t\t\t\t\t\t\t\t\t\t<\/div>\n\t\t\t\t<\/div>\n\t\t\t\t<div class=\"elementor-element elementor-element-046633f elementor-widget elementor-widget-heading\" data-id=\"046633f\" data-element_type=\"widget\" data-widget_type=\"heading.default\">\n\t\t\t\t<div class=\"elementor-widget-container\">\n\t\t\t\t\t<h5 class=\"elementor-heading-title elementor-size-default\"><a href=\"https:\/\/alzira.es\/es\/noticias-alzira\/\">Not\u00edcias<\/a><\/h5>\t\t\t\t<\/div>\n\t\t\t\t<\/div>\n\t\t\t\t\t<\/div>\n\t\t<\/div>\n\t\t\t\t<div class=\"elementor-column elementor-col-16 elementor-top-column elementor-element elementor-element-e28bfce\" data-id=\"e28bfce\" data-element_type=\"column\">\n\t\t\t<div class=\"elementor-widget-wrap elementor-element-populated\">\n\t\t\t\t\t\t<div class=\"elementor-element elementor-element-fbaccbb elementor-widget elementor-widget-image\" data-id=\"fbaccbb\" data-element_type=\"widget\" data-widget_type=\"image.default\">\n\t\t\t\t<div class=\"elementor-widget-container\">\n\t\t\t\t\t\t\t\t\t\t\t\t\t\t\t\t<a href=\"https:\/\/alzira.es\/ajuntament\/ordenances-i-reglaments\/\">\n\t\t\t\t\t\t\t<img decoding=\"async\" width=\"843\" height=\"705\" data-src=\"https:\/\/alzira.es\/wp-content\/uploads\/2018\/07\/iconos-segundo-nivel_ayuntamiento_BLANC-06-03.png\" class=\"attachment-full size-full wp-image-34119 lazyload\" alt=\"iconos serveis ayt roig fondo -01\" data-srcset=\"https:\/\/alzira.es\/wp-content\/uploads\/2018\/07\/iconos-segundo-nivel_ayuntamiento_BLANC-06-03.png 843w, https:\/\/alzira.es\/wp-content\/uploads\/2018\/07\/iconos-segundo-nivel_ayuntamiento_BLANC-06-03-610x510.png 610w, https:\/\/alzira.es\/wp-content\/uploads\/2018\/07\/iconos-segundo-nivel_ayuntamiento_BLANC-06-03-768x642.png 768w\" data-sizes=\"100vw\" src=\"data:image\/svg+xml;base64,PHN2ZyB3aWR0aD0iMSIgaGVpZ2h0PSIxIiB4bWxucz0iaHR0cDovL3d3dy53My5vcmcvMjAwMC9zdmciPjwvc3ZnPg==\" style=\"--smush-placeholder-width: 843px; --smush-placeholder-aspect-ratio: 843\/705;\" \/>\t\t\t\t\t\t\t\t<\/a>\n\t\t\t\t\t\t\t\t\t\t\t\t\t\t\t<\/div>\n\t\t\t\t<\/div>\n\t\t\t\t<div class=\"elementor-element elementor-element-772d52d elementor-widget elementor-widget-heading\" data-id=\"772d52d\" data-element_type=\"widget\" data-widget_type=\"heading.default\">\n\t\t\t\t<div class=\"elementor-widget-container\">\n\t\t\t\t\t<h5 class=\"elementor-heading-title elementor-size-default\">Ordenanzas y reglamentos<\/h5>\t\t\t\t<\/div>\n\t\t\t\t<\/div>\n\t\t\t\t\t<\/div>\n\t\t<\/div>\n\t\t\t\t<div class=\"elementor-column elementor-col-16 elementor-top-column elementor-element elementor-element-9373aed\" data-id=\"9373aed\" data-element_type=\"column\">\n\t\t\t<div class=\"elementor-widget-wrap elementor-element-populated\">\n\t\t\t\t\t\t<div class=\"elementor-element elementor-element-29edd05 elementor-widget elementor-widget-image\" data-id=\"29edd05\" data-element_type=\"widget\" data-widget_type=\"image.default\">\n\t\t\t\t<div class=\"elementor-widget-container\">\n\t\t\t\t\t\t\t\t\t\t\t\t\t\t\t\t<a href=\"https:\/\/alzira.es\/es\/ayuntamiento\/corporacion-y-gobierno-municipal\/organigrama\/\">\n\t\t\t\t\t\t\t<img decoding=\"async\" width=\"647\" height=\"570\" data-src=\"https:\/\/alzira.es\/wp-content\/uploads\/2021\/12\/Recurso-26.png\" class=\"attachment-full size-full wp-image-108424 lazyload\" alt=\"\" data-srcset=\"https:\/\/alzira.es\/wp-content\/uploads\/2021\/12\/Recurso-26.png 647w, https:\/\/alzira.es\/wp-content\/uploads\/2021\/12\/Recurso-26-579x510.png 579w\" data-sizes=\"100vw\" src=\"data:image\/svg+xml;base64,PHN2ZyB3aWR0aD0iMSIgaGVpZ2h0PSIxIiB4bWxucz0iaHR0cDovL3d3dy53My5vcmcvMjAwMC9zdmciPjwvc3ZnPg==\" style=\"--smush-placeholder-width: 647px; --smush-placeholder-aspect-ratio: 647\/570;\" \/>\t\t\t\t\t\t\t\t<\/a>\n\t\t\t\t\t\t\t\t\t\t\t\t\t\t\t<\/div>\n\t\t\t\t<\/div>\n\t\t\t\t<div class=\"elementor-element elementor-element-e327a2b elementor-widget elementor-widget-heading\" data-id=\"e327a2b\" data-element_type=\"widget\" data-widget_type=\"heading.default\">\n\t\t\t\t<div class=\"elementor-widget-container\">\n\t\t\t\t\t<h5 class=\"elementor-heading-title elementor-size-default\"><a href=\"https:\/\/alzira.es\/es\/ayuntamiento\/corporacion-y-gobierno-municipal\/organigrama\/\">Pleno Municipal<\/a><\/h5>\t\t\t\t<\/div>\n\t\t\t\t<\/div>\n\t\t\t\t\t<\/div>\n\t\t<\/div>\n\t\t\t\t<div class=\"elementor-column elementor-col-16 elementor-top-column elementor-element elementor-element-77116c1\" data-id=\"77116c1\" data-element_type=\"column\">\n\t\t\t<div class=\"elementor-widget-wrap elementor-element-populated\">\n\t\t\t\t\t\t<div class=\"elementor-element elementor-element-200ea0f elementor-widget elementor-widget-image\" data-id=\"200ea0f\" data-element_type=\"widget\" data-widget_type=\"image.default\">\n\t\t\t\t<div class=\"elementor-widget-container\">\n\t\t\t\t\t\t\t\t\t\t\t\t\t\t\t\t<a href=\"https:\/\/alzira.es\/es\/ajuntamiento\/videoacta\/\">\n\t\t\t\t\t\t\t<img decoding=\"async\" width=\"843\" height=\"705\" data-src=\"https:\/\/alzira.es\/wp-content\/uploads\/2018\/07\/iconos-segundo-nivel_ayuntamiento_BLANC-06-09.png\" class=\"attachment-full size-full wp-image-34125 lazyload\" alt=\"Videoacta\" data-srcset=\"https:\/\/alzira.es\/wp-content\/uploads\/2018\/07\/iconos-segundo-nivel_ayuntamiento_BLANC-06-09.png 843w, https:\/\/alzira.es\/wp-content\/uploads\/2018\/07\/iconos-segundo-nivel_ayuntamiento_BLANC-06-09-610x510.png 610w, https:\/\/alzira.es\/wp-content\/uploads\/2018\/07\/iconos-segundo-nivel_ayuntamiento_BLANC-06-09-768x642.png 768w\" data-sizes=\"100vw\" src=\"data:image\/svg+xml;base64,PHN2ZyB3aWR0aD0iMSIgaGVpZ2h0PSIxIiB4bWxucz0iaHR0cDovL3d3dy53My5vcmcvMjAwMC9zdmciPjwvc3ZnPg==\" style=\"--smush-placeholder-width: 843px; --smush-placeholder-aspect-ratio: 843\/705;\" \/>\t\t\t\t\t\t\t\t<\/a>\n\t\t\t\t\t\t\t\t\t\t\t\t\t\t\t<\/div>\n\t\t\t\t<\/div>\n\t\t\t\t<div class=\"elementor-element elementor-element-a92f51f elementor-widget elementor-widget-heading\" data-id=\"a92f51f\" data-element_type=\"widget\" data-widget_type=\"heading.default\">\n\t\t\t\t<div class=\"elementor-widget-container\">\n\t\t\t\t\t<h5 class=\"elementor-heading-title elementor-size-default\">Video Acta<\/h5>\t\t\t\t<\/div>\n\t\t\t\t<\/div>\n\t\t\t\t\t<\/div>\n\t\t<\/div>\n\t\t\t\t<div class=\"elementor-column elementor-col-16 elementor-top-column elementor-element elementor-element-4fb2949\" data-id=\"4fb2949\" data-element_type=\"column\">\n\t\t\t<div class=\"elementor-widget-wrap\">\n\t\t\t\t\t\t\t<\/div>\n\t\t<\/div>\n\t\t\t\t\t<\/div>\n\t\t<\/section>\n\t\t\t\t<\/div>\n\t\t","protected":false},"excerpt":{"rendered":"<p>Alcalde Agenda Alcald\u00eda Accesibilidad Buz\u00f3n de la ciudadan\u00eda Corporaci\u00f3n y gobierno municipal Elecciones Entidades, consorcios y asociaciones Not\u00edcias Ordenanzas y reglamentos Pleno Municipal Video Acta<\/p>\n","protected":false},"author":29,"featured_media":0,"parent":0,"menu_order":2,"comment_status":"closed","ping_status":"closed","template":"","meta":{"_acf_changed":false,"footnotes":""},"class_list":["post-60845","page","type-page","status-publish","hentry"],"acf":[],"_links":{"self":[{"href":"https:\/\/alzira.es\/es\/wp-json\/wp\/v2\/pages\/60845","targetHints":{"allow":["GET"]}}],"collection":[{"href":"https:\/\/alzira.es\/es\/wp-json\/wp\/v2\/pages"}],"about":[{"href":"https:\/\/alzira.es\/es\/wp-json\/wp\/v2\/types\/page"}],"author":[{"embeddable":true,"href":"https:\/\/alzira.es\/es\/wp-json\/wp\/v2\/users\/29"}],"replies":[{"embeddable":true,"href":"https:\/\/alzira.es\/es\/wp-json\/wp\/v2\/comments?post=60845"}],"version-history":[{"count":2,"href":"https:\/\/alzira.es\/es\/wp-json\/wp\/v2\/pages\/60845\/revisions"}],"predecessor-version":[{"id":149145,"href":"https:\/\/alzira.es\/es\/wp-json\/wp\/v2\/pages\/60845\/revisions\/149145"}],"wp:attachment":[{"href":"https:\/\/alzira.es\/es\/wp-json\/wp\/v2\/media?parent=60845"}],"curies":[{"name":"wp","href":"https:\/\/api.w.org\/{rel}","templated":true}]}}