{"id":574,"date":"2010-12-10T10:32:20","date_gmt":"2010-12-10T09:32:20","guid":{"rendered":"https:\/\/alzira.es\/publicaciones\/"},"modified":"2021-08-30T14:39:04","modified_gmt":"2021-08-30T12:39:04","slug":"publicaciones","status":"publish","type":"page","link":"https:\/\/alzira.es\/es\/servicios-municipales\/museo-patrimonio-y-turismo\/turismo\/publicaciones\/","title":{"rendered":"Publicaciones"},"content":{"rendered":"\n<ul class=\"wp-block-list\"><li>Alzira:\u00a0<a href=\"https:\/\/alzira.es\/wp-content\/uploads\/2021\/08\/alzira_plano-ECA.pdf\" target=\"_blank\" rel=\"noreferrer noopener\">Plano de Alzira<\/a><\/li><li>Casella:\u00a0<a href=\"https:\/\/alzira.es\/wp-content\/uploads\/2021\/08\/pf_casella.pdf\" target=\"_blank\" rel=\"noreferrer noopener\">Informaci\u00f3n<\/a> y <a href=\"https:\/\/alzira.es\/wp-content\/uploads\/2021\/08\/pf_casella.pdf\" target=\"_blank\" rel=\"noreferrer noopener\">fotos explicativas<\/a>.<\/li><li>Murta:\u00a0<a href=\"https:\/\/alzira.es\/wp-content\/uploads\/2021\/08\/pt_murta.pdf\" target=\"_blank\" rel=\"noreferrer noopener\">Informaci\u00f3n<\/a> y <a href=\"https:\/\/alzira.es\/wp-content\/uploads\/2021\/08\/pf_murta.pdf\" target=\"_blank\" rel=\"noreferrer noopener\">fotos explicativas<\/a>.<\/li><li>D\u00edptico Ruta dels Monestirs:<a href=\"https:\/\/alzira.es\/wp-content\/uploads\/2021\/08\/Triptic_ruta_dels_monestirs.pdf\" target=\"_blank\" rel=\"noreferrer noopener\">Informaci\u00f3n<\/a><\/li><li>Ruta dels Monestirs en coche: <a href=\"https:\/\/alzira.es\/wp-content\/uploads\/2021\/08\/folleto-desplegable_def_mesura_ok.pdf\" target=\"_blank\" rel=\"noreferrer noopener\">Informaci\u00f3n<\/a><\/li><li>Ruta dels Monestirs BTT: <a href=\"https:\/\/alzira.es\/wp-content\/uploads\/2021\/08\/Ruta_Monestirs-_tinerario_BTT.pdf\" target=\"_blank\" rel=\"noreferrer noopener\">Informaci\u00f3n<\/a><\/li><li>Ruta dels Monestirs Ecuestre: <a href=\"https:\/\/alzira.es\/wp-content\/uploads\/2021\/08\/Ruta_dels_Monestirs_Itinerario_ecuestre.pdf\" target=\"_blank\" rel=\"noreferrer noopener\">Informaci\u00f3n<\/a><\/li><li>Alzira Monumental: <a href=\"https:\/\/alzira.es\/wp-content\/uploads\/2021\/08\/triptico_FITUR_monumental.pdf\" target=\"_blank\" rel=\"noreferrer noopener\">Informaci\u00f3n<\/a><\/li><li>Alzira Fiestas: <a href=\"https:\/\/alzira.es\/wp-content\/uploads\/2021\/08\/triptico_Alzira_y_sus_Fiestas.pdf\" target=\"_blank\" rel=\"noreferrer noopener\">Informaci\u00f3n<\/a><\/li><\/ul>\n\n\n\n<div class=\"wp-block-image\"><figure class=\"aligncenter size-full is-resized\"><img decoding=\"async\" data-src=\"https:\/\/alzira.es\/wp-content\/uploads\/2021\/08\/ECA.jpg\" alt=\"\" class=\"wp-image-86405 lazyload\" width=\"153\" height=\"160\" src=\"data:image\/svg+xml;base64,PHN2ZyB3aWR0aD0iMSIgaGVpZ2h0PSIxIiB4bWxucz0iaHR0cDovL3d3dy53My5vcmcvMjAwMC9zdmciPjwvc3ZnPg==\" style=\"--smush-placeholder-width: 153px; --smush-placeholder-aspect-ratio: 153\/160;\" \/><\/figure><\/div>\n","protected":false},"excerpt":{"rendered":"<p>Alzira:\u00a0Plano de Alzira Casella:\u00a0Informaci\u00f3n y fotos explicativas. Murta:\u00a0Informaci\u00f3n y fotos explicativas. D\u00edptico Ruta dels Monestirs:Informaci\u00f3n Ruta dels Monestirs en coche: Informaci\u00f3n Ruta dels Monestirs BTT: Informaci\u00f3n Ruta dels Monestirs Ecuestre: Informaci\u00f3n Alzira Monumental: Informaci\u00f3n Alzira Fiestas: Informaci\u00f3n<\/p>\n","protected":false},"author":12,"featured_media":0,"parent":508,"menu_order":0,"comment_status":"closed","ping_status":"closed","template":"","meta":{"_acf_changed":false,"footnotes":""},"class_list":["post-574","page","type-page","status-publish","hentry"],"acf":[],"_links":{"self":[{"href":"https:\/\/alzira.es\/es\/wp-json\/wp\/v2\/pages\/574","targetHints":{"allow":["GET"]}}],"collection":[{"href":"https:\/\/alzira.es\/es\/wp-json\/wp\/v2\/pages"}],"about":[{"href":"https:\/\/alzira.es\/es\/wp-json\/wp\/v2\/types\/page"}],"author":[{"embeddable":true,"href":"https:\/\/alzira.es\/es\/wp-json\/wp\/v2\/users\/12"}],"replies":[{"embeddable":true,"href":"https:\/\/alzira.es\/es\/wp-json\/wp\/v2\/comments?post=574"}],"version-history":[{"count":1,"href":"https:\/\/alzira.es\/es\/wp-json\/wp\/v2\/pages\/574\/revisions"}],"predecessor-version":[{"id":86433,"href":"https:\/\/alzira.es\/es\/wp-json\/wp\/v2\/pages\/574\/revisions\/86433"}],"up":[{"embeddable":true,"href":"https:\/\/alzira.es\/es\/wp-json\/wp\/v2\/pages\/508"}],"wp:attachment":[{"href":"https:\/\/alzira.es\/es\/wp-json\/wp\/v2\/media?parent=574"}],"curies":[{"name":"wp","href":"https:\/\/api.w.org\/{rel}","templated":true}]}}