{"id":5670,"date":"2012-06-05T15:21:07","date_gmt":"2012-06-05T13:21:07","guid":{"rendered":"https:\/\/alzira.es\/programas\/"},"modified":"2021-07-22T18:58:43","modified_gmt":"2021-07-22T16:58:43","slug":"programas","status":"publish","type":"page","link":"https:\/\/alzira.es\/es\/programas\/","title":{"rendered":"Programas"},"content":{"rendered":"<p style=\"margin-left: 40px;\"><span style=\"color: #333333;\"><a style=\"line-height: 1.6;\" onclick=\"target='_blank'\" href=\"https:\/\/alzira.es\/contenidos\/e_Ajuntament\/CASTELLA\/AYUDA_CIFRADO.pdf\"><img decoding=\"async\" data-src=\"https:\/\/alzira.es\/contenidos\/imagenes%20web\/pdfdraaien.png\" alt=\"Descarregar arxiu \" width=\"50\" height=\"50\" src=\"data:image\/svg+xml;base64,PHN2ZyB3aWR0aD0iMSIgaGVpZ2h0PSIxIiB4bWxucz0iaHR0cDovL3d3dy53My5vcmcvMjAwMC9zdmciPjwvc3ZnPg==\" class=\"lazyload\" style=\"--smush-placeholder-width: 50px; --smush-placeholder-aspect-ratio: 50\/50;\" \/>&nbsp;MANUAL PARA LA APLICACI\u00d3N (<strong>CIPHER<\/strong>) DE CIFRADO DE ARCHIVOS PARA LA PRESENTACI\u00d3N TELEM\u00c1TICA (513 KB)<\/a><\/span>&nbsp;<\/p>\n<p style=\"margin-left: 40px;\"><span style=\"color: #333333;\"><a onclick=\"target='_blank'\" href=\"http:\/\/links.articsoluciones.com\/cipher\"><img decoding=\"async\" data-src=\"https:\/\/alzira.es\/contenidos\/imagenes%20web\/programas-essenciais.jpg\" alt=\"Descarregar arxiu \" width=\"50\" height=\"52\" src=\"data:image\/svg+xml;base64,PHN2ZyB3aWR0aD0iMSIgaGVpZ2h0PSIxIiB4bWxucz0iaHR0cDovL3d3dy53My5vcmcvMjAwMC9zdmciPjwvc3ZnPg==\" class=\"lazyload\" style=\"--smush-placeholder-width: 50px; --smush-placeholder-aspect-ratio: 50\/52;\" \/>&nbsp;<strong>CIPHER<\/strong>: APLICACI\u00d3N DE CIFRADO DE ARCHIVOS PARA LA PRESENTACI\u00d3N&nbsp;TELEM\u00c1TICA<\/a><\/span><span style=\"line-height: 1.6;\">&nbsp;<\/span><\/p>\n<p style=\"margin-left: 40px;\"><a onclick=\"target='_blank'\" href=\"https:\/\/alzira.es\/contenidos\/Programas\/QuickTimeInstaller.exe\"><span style=\"color: #333333;\"><img decoding=\"async\" data-src=\"https:\/\/alzira.es\/contenidos\/imagenes%20web\/icon_qt_big_20100406.jpg\" alt=\"Descarregar arxiu \" width=\"50\" height=\"50\" src=\"data:image\/svg+xml;base64,PHN2ZyB3aWR0aD0iMSIgaGVpZ2h0PSIxIiB4bWxucz0iaHR0cDovL3d3dy53My5vcmcvMjAwMC9zdmciPjwvc3ZnPg==\" class=\"lazyload\" style=\"--smush-placeholder-width: 50px; --smush-placeholder-aspect-ratio: 50\/50;\" \/>&nbsp;<strong>QuikTime Player<\/strong>: REPRODUCTOR MULTIMEDIA&nbsp;<\/span><\/a>&nbsp;&nbsp;<\/p>\n<p style=\"margin-left: 40px;\"><span style=\"color: #333333;\"><a onclick=\"target='_blank'\" href=\"http:\/\/www.mozilla.org\/es-ES\/firefox\/new\/\"><img decoding=\"async\" data-src=\"https:\/\/alzira.es\/contenidos\/imagenes%20web\/firefoxlogo_366.png\" alt=\"Descarregar arxiu \" width=\"50\" height=\"48\" src=\"data:image\/svg+xml;base64,PHN2ZyB3aWR0aD0iMSIgaGVpZ2h0PSIxIiB4bWxucz0iaHR0cDovL3d3dy53My5vcmcvMjAwMC9zdmciPjwvc3ZnPg==\" class=\"lazyload\" style=\"--smush-placeholder-width: 50px; --smush-placeholder-aspect-ratio: 50\/48;\" \/>&nbsp;<strong>Firefox mozilla<\/strong>: NAVEGADOR GRATUITO<\/a><\/span>&nbsp;<\/p>\n<p style=\"margin-left: 40px;\"><span style=\"color: #333333;\"><a onclick=\"target='_blank'\" href=\"https:\/\/alzira.es\/contenidos\/Programas\/OKU3121-3021.zip\"><img decoding=\"async\" data-src=\"https:\/\/alzira.es\/contenidos\/imagenes%20web\/cm_3021_190px.png\" alt=\"Descarregar arxiu \" width=\"50\" height=\"50\" src=\"data:image\/svg+xml;base64,PHN2ZyB3aWR0aD0iMSIgaGVpZ2h0PSIxIiB4bWxucz0iaHR0cDovL3d3dy53My5vcmcvMjAwMC9zdmciPjwvc3ZnPg==\" class=\"lazyload\" style=\"--smush-placeholder-width: 50px; --smush-placeholder-aspect-ratio: 50\/50;\" \/>&nbsp;<strong>Drivers<\/strong>: LECTOR TARJETA OKU3121-3021<\/a><\/span>&nbsp;<\/p>\n<p style=\"margin-left: 40px;\"><a onclick=\"target='_blank'\" href=\"https:\/\/alzira.es\/contenidos\/Programas\/Siemens-Microsoft_Windows.zip\"><span style=\"color: #333333;\"><img decoding=\"async\" data-src=\"https:\/\/alzira.es\/contenidos\/imagenes%20web\/siemmens.jpg\" alt=\"Descarregar arxiu \" width=\"50\" height=\"38\" src=\"data:image\/svg+xml;base64,PHN2ZyB3aWR0aD0iMSIgaGVpZ2h0PSIxIiB4bWxucz0iaHR0cDovL3d3dy53My5vcmcvMjAwMC9zdmciPjwvc3ZnPg==\" class=\"lazyload\" style=\"--smush-placeholder-width: 50px; --smush-placeholder-aspect-ratio: 50\/38;\" \/>&nbsp;<strong>SIEMENS<\/strong>: Software LECTOR TARJETA<\/span><\/a><\/p>\n<p style=\"margin-left: 40px;\">&nbsp;<\/p>\n<p style=\"margin-left: 40px;\">&nbsp;<\/p>\n<p>&nbsp;<\/p>\n<p>&nbsp;<\/p>\n<p>&nbsp;<\/p>\n","protected":false},"excerpt":{"rendered":"<p>&nbsp;MANUAL PARA LA APLICACI\u00d3N (CIPHER) DE CIFRADO DE ARCHIVOS PARA LA PRESENTACI\u00d3N TELEM\u00c1TICA (513 KB)&nbsp; &nbsp;CIPHER: APLICACI\u00d3N DE CIFRADO DE ARCHIVOS PARA LA PRESENTACI\u00d3N&nbsp;TELEM\u00c1TICA&nbsp; &nbsp;QuikTime Player: REPRODUCTOR MULTIMEDIA&nbsp;&nbsp;&nbsp; &nbsp;Firefox mozilla: NAVEGADOR GRATUITO&nbsp; &nbsp;Drivers: LECTOR TARJETA OKU3121-3021&nbsp; &nbsp;SIEMENS: Software LECTOR TARJETA &nbsp; &nbsp; &nbsp; &nbsp; &nbsp;<\/p>\n","protected":false},"author":12,"featured_media":0,"parent":0,"menu_order":4,"comment_status":"closed","ping_status":"closed","template":"","meta":{"_acf_changed":false,"footnotes":""},"class_list":["post-5670","page","type-page","status-publish","hentry"],"acf":[],"_links":{"self":[{"href":"https:\/\/alzira.es\/es\/wp-json\/wp\/v2\/pages\/5670","targetHints":{"allow":["GET"]}}],"collection":[{"href":"https:\/\/alzira.es\/es\/wp-json\/wp\/v2\/pages"}],"about":[{"href":"https:\/\/alzira.es\/es\/wp-json\/wp\/v2\/types\/page"}],"author":[{"embeddable":true,"href":"https:\/\/alzira.es\/es\/wp-json\/wp\/v2\/users\/12"}],"replies":[{"embeddable":true,"href":"https:\/\/alzira.es\/es\/wp-json\/wp\/v2\/comments?post=5670"}],"version-history":[{"count":1,"href":"https:\/\/alzira.es\/es\/wp-json\/wp\/v2\/pages\/5670\/revisions"}],"predecessor-version":[{"id":65209,"href":"https:\/\/alzira.es\/es\/wp-json\/wp\/v2\/pages\/5670\/revisions\/65209"}],"wp:attachment":[{"href":"https:\/\/alzira.es\/es\/wp-json\/wp\/v2\/media?parent=5670"}],"curies":[{"name":"wp","href":"https:\/\/api.w.org\/{rel}","templated":true}]}}