{"id":5666,"date":"2012-06-05T15:18:41","date_gmt":"2012-06-05T13:18:41","guid":{"rendered":"https:\/\/alzira.es\/procedimientos\/"},"modified":"2021-09-07T19:26:26","modified_gmt":"2021-09-07T17:26:26","slug":"procedimientos","status":"publish","type":"page","link":"https:\/\/alzira.es\/es\/sede-electronica\/portal-facturas-electronicas\/procedimientos\/","title":{"rendered":"Procedimientos"},"content":{"rendered":"<p style=\"margin-left: 40px;\"><span style=\"color: #333333;\"><a onclick=\"target='_blank'\" href=\"https:\/\/alzira.es\/wp-content\/uploads\/2012\/06\/INSTANCIA_GENERAL.pdf\"><img decoding=\"async\" class=\"size-full wp-image-5105 lazyload\" data-src=\"https:\/\/alzira.es\/wp-content\/uploads\/2012\/06\/pdf-rojo.gif\" alt=\"Descarregar arxiu \" width=\"18\" height=\"15\" src=\"data:image\/svg+xml;base64,PHN2ZyB3aWR0aD0iMSIgaGVpZ2h0PSIxIiB4bWxucz0iaHR0cDovL3d3dy53My5vcmcvMjAwMC9zdmciPjwvc3ZnPg==\" style=\"--smush-placeholder-width: 18px; --smush-placeholder-aspect-ratio: 18\/15;\" \/>&nbsp;APROBACI\u00d3N DEL MODELO DE INSTANCIA GENERAL PARA EL AYUNTAMIENTO DE ALZIRA (215 kb)<\/a><\/span>&nbsp;<\/p>\n<p style=\"margin-left: 40px;\"><a onclick=\"target='_blank'\" href=\"https:\/\/alzira.es\/wp-content\/uploads\/2012\/06\/RESPONSABLES_I_NORMES_EDICIO_WEB_INSTITUCIONAL.pdf\"><span style=\"color: #333333;\"><img decoding=\"async\" class=\"size-full wp-image-5105 lazyload\" data-src=\"https:\/\/alzira.es\/wp-content\/uploads\/2012\/06\/pdf-rojo.gif\" alt=\"Descarregar arxiu \" width=\"18\" height=\"15\" src=\"data:image\/svg+xml;base64,PHN2ZyB3aWR0aD0iMSIgaGVpZ2h0PSIxIiB4bWxucz0iaHR0cDovL3d3dy53My5vcmcvMjAwMC9zdmciPjwvc3ZnPg==\" style=\"--smush-placeholder-width: 18px; --smush-placeholder-aspect-ratio: 18\/15;\" \/>&nbsp;ESPACIOS WEB, RESPONSABLES Y NORMAS DE EDICI\u00d3N DE LA WEB INSTITUCIONAL MUNICIPAL (72 kb)<\/span><\/a>&nbsp;&nbsp;&nbsp;<\/p>\n<p style=\"margin-left: 40px;\"><span style=\"color: #333333;\"><a onclick=\"target='_blank'\" href=\"https:\/\/alzira.es\/wp-content\/uploads\/2012\/06\/PROCEDIMENT_CONCESSIO_SUBVENCIONS.pdf\"><img decoding=\"async\" class=\"size-full wp-image-5105 lazyload\" data-src=\"https:\/\/alzira.es\/wp-content\/uploads\/2012\/06\/pdf-rojo.gif\" alt=\"Descarregar arxiu \" width=\"18\" height=\"15\" src=\"data:image\/svg+xml;base64,PHN2ZyB3aWR0aD0iMSIgaGVpZ2h0PSIxIiB4bWxucz0iaHR0cDovL3d3dy53My5vcmcvMjAwMC9zdmciPjwvc3ZnPg==\" style=\"--smush-placeholder-width: 18px; --smush-placeholder-aspect-ratio: 18\/15;\" \/>&nbsp;PROCEDIMIENTO TELEM\u00c1TICO DE CONCESI\u00d3N DE SUBVENCIONES A ENTIDADES CULTURALES DE ALZIRA (35 kb)<\/a><\/span>&nbsp;<\/p>\n<p style=\"margin-left: 40px;\"><span style=\"color: #333333;\"><a onclick=\"target='_blank'\" href=\"https:\/\/alzira.es\/wp-content\/uploads\/2012\/06\/PROCEDIMENT_MANTENIMENT_TERCERS.pdf\"><img decoding=\"async\" class=\"size-full wp-image-5105 lazyload\" data-src=\"https:\/\/alzira.es\/wp-content\/uploads\/2012\/06\/pdf-rojo.gif\" alt=\"Descarregar arxiu \" width=\"18\" height=\"15\" src=\"data:image\/svg+xml;base64,PHN2ZyB3aWR0aD0iMSIgaGVpZ2h0PSIxIiB4bWxucz0iaHR0cDovL3d3dy53My5vcmcvMjAwMC9zdmciPjwvc3ZnPg==\" style=\"--smush-placeholder-width: 18px; --smush-placeholder-aspect-ratio: 18\/15;\" \/>&nbsp;PROCEDIMIENTO DENOMINADO \u00abSOLICITUD DE INCORPORACI\u00d3N DE DATOS DE TERCEROS\u00bb, PARA INCLUIRLO EN EL PORTAL DE LA CIUDADAN\u00cdA (104 kb)<\/a><\/span>&nbsp;<\/p>\n<p style=\"margin-left: 40px;\"><span style=\"color: #333333;\"><a onclick=\"target='_blank'\" href=\"https:\/\/alzira.es\/wp-content\/uploads\/2012\/06\/PROCEDIMENTS_PLUSVALUA.pdf\"><img decoding=\"async\" class=\"size-full wp-image-5105 lazyload\" data-src=\"https:\/\/alzira.es\/wp-content\/uploads\/2012\/06\/pdf-rojo.gif\" alt=\"Descarregar arxiu \" width=\"18\" height=\"15\" src=\"data:image\/svg+xml;base64,PHN2ZyB3aWR0aD0iMSIgaGVpZ2h0PSIxIiB4bWxucz0iaHR0cDovL3d3dy53My5vcmcvMjAwMC9zdmciPjwvc3ZnPg==\" style=\"--smush-placeholder-width: 18px; --smush-placeholder-aspect-ratio: 18\/15;\" \/>&nbsp;PROCEDIMIENTOS PARA LA PRESENTACI\u00d3N DE DOCUMENTOS PARA SU TRAMITACI\u00d3N por el DEPARTAMENTO DE PLUSVAL\u00cdA (61 kb)<\/a><\/span>&nbsp;<\/p>\n<p style=\"margin-left: 40px;\"><span style=\"color: #333333;\"><a onclick=\"target='_blank'\" href=\"https:\/\/alzira.es\/wp-content\/uploads\/2012\/06\/PROTOCOLO_PUBLICACIO_PROCEDIMENTS_ADMINISTRATIUS.pdf\"><img decoding=\"async\" class=\"size-full wp-image-5105 lazyload\" data-src=\"https:\/\/alzira.es\/wp-content\/uploads\/2012\/06\/pdf-rojo.gif\" alt=\"Descarregar arxiu \" width=\"18\" height=\"15\" src=\"data:image\/svg+xml;base64,PHN2ZyB3aWR0aD0iMSIgaGVpZ2h0PSIxIiB4bWxucz0iaHR0cDovL3d3dy53My5vcmcvMjAwMC9zdmciPjwvc3ZnPg==\" style=\"--smush-placeholder-width: 18px; --smush-placeholder-aspect-ratio: 18\/15;\" \/>&nbsp;PROTOCOLO A SEGUIR PARA LA PUBLICACI\u00d3N EN LA P\u00c1GINA WEB MUNICIPAL DE PROCEDIMIENTOS ADMINISTRATIVOS (39 kb)<\/a><\/span>&nbsp;<\/p>\n<p style=\"margin-left: 40px;\"><a href=\"https:\/\/alzira.es\/wp-content\/uploads\/2012\/06\/Texto_Definitivo_Reglamento_Administracion_Electronica.pdf\" target=\"_blank\" rel=\"noopener\"><span style=\"color: #333333;\"><img decoding=\"async\" class=\"size-full wp-image-5105 lazyload\" data-src=\"https:\/\/alzira.es\/wp-content\/uploads\/2012\/06\/pdf-rojo.gif\" alt=\"Descarregar arxiu \" width=\"18\" height=\"15\" src=\"data:image\/svg+xml;base64,PHN2ZyB3aWR0aD0iMSIgaGVpZ2h0PSIxIiB4bWxucz0iaHR0cDovL3d3dy53My5vcmcvMjAwMC9zdmciPjwvc3ZnPg==\" style=\"--smush-placeholder-width: 18px; --smush-placeholder-aspect-ratio: 18\/15;\" \/>&nbsp;REGLAMENTO DE ADMINISTRACI\u00d3N ELECTR\u00d3NICA DEL AYUNTAMIENTO DE ALZIRA&nbsp;(2.210 KB)<\/span>&nbsp;<\/a><\/p>\n<p style=\"margin-left: 40px;\"><span style=\"color: #333333;\"><a onclick=\"target='_blank'\" href=\"https:\/\/alzira.es\/wp-content\/uploads\/2012\/06\/SERVICI_FACTURACIO_ELECTRONICA.pdf\"><img decoding=\"async\" class=\"size-full wp-image-5105 lazyload\" data-src=\"https:\/\/alzira.es\/wp-content\/uploads\/2012\/06\/pdf-rojo.gif\" alt=\"Descarregar arxiu \" width=\"18\" height=\"15\" src=\"data:image\/svg+xml;base64,PHN2ZyB3aWR0aD0iMSIgaGVpZ2h0PSIxIiB4bWxucz0iaHR0cDovL3d3dy53My5vcmcvMjAwMC9zdmciPjwvc3ZnPg==\" style=\"--smush-placeholder-width: 18px; --smush-placeholder-aspect-ratio: 18\/15;\" \/>&nbsp;SERVICIO DE FACTURACI\u00d3N ELECTR\u00d3NICA DEL AYUNTAMIENTO DE ALZIRA (39 kb)<\/a><\/span>&nbsp;<\/p>\n<p style=\"margin-left: 40px;\"><a onclick=\"target='_blank'\" href=\"https:\/\/alzira.es\/wp-content\/uploads\/2012\/06\/TAULER_ELECTRONIC_ANUNCIS.pdf\"><span style=\"color: #333333;\"><img decoding=\"async\" class=\"size-full wp-image-5105 lazyload\" data-src=\"https:\/\/alzira.es\/wp-content\/uploads\/2012\/06\/pdf-rojo.gif\" alt=\"Descarregar arxiu \" width=\"18\" height=\"15\" src=\"data:image\/svg+xml;base64,PHN2ZyB3aWR0aD0iMSIgaGVpZ2h0PSIxIiB4bWxucz0iaHR0cDovL3d3dy53My5vcmcvMjAwMC9zdmciPjwvc3ZnPg==\" style=\"--smush-placeholder-width: 18px; --smush-placeholder-aspect-ratio: 18\/15;\" \/>&nbsp;TABL\u00d3N ELECTR\u00d3NICO DE ANUNCIOS Y EDICTOS (38 kb)<\/span><\/a><\/p>\n<p>&nbsp;<\/p>\n<p>&nbsp;<\/p>\n","protected":false},"excerpt":{"rendered":"<p>&nbsp;APROBACI\u00d3N DEL MODELO DE INSTANCIA GENERAL PARA EL AYUNTAMIENTO DE ALZIRA (215 kb)&nbsp; &nbsp;ESPACIOS WEB, RESPONSABLES Y NORMAS DE EDICI\u00d3N DE LA WEB INSTITUCIONAL MUNICIPAL (72 kb)&nbsp;&nbsp;&nbsp; &nbsp;PROCEDIMIENTO TELEM\u00c1TICO DE CONCESI\u00d3N DE SUBVENCIONES A ENTIDADES CULTURALES DE ALZIRA (35 kb)&nbsp; &nbsp;PROCEDIMIENTO DENOMINADO \u00abSOLICITUD DE INCORPORACI\u00d3N DE DATOS DE TERCEROS\u00bb, PARA INCLUIRLO EN EL PORTAL DE &hellip; <\/p>\n<p class=\"link-more\"><a href=\"https:\/\/alzira.es\/es\/sede-electronica\/portal-facturas-electronicas\/procedimientos\/\" class=\"more-link\">Continuar leyendo<span class=\"screen-reader-text\"> \u00abProcedimientos\u00bb<\/span><\/a><\/p>\n","protected":false},"author":12,"featured_media":5104,"parent":39613,"menu_order":3,"comment_status":"closed","ping_status":"closed","template":"","meta":{"_acf_changed":false,"footnotes":""},"class_list":["post-5666","page","type-page","status-publish","has-post-thumbnail","hentry"],"acf":[],"_links":{"self":[{"href":"https:\/\/alzira.es\/es\/wp-json\/wp\/v2\/pages\/5666","targetHints":{"allow":["GET"]}}],"collection":[{"href":"https:\/\/alzira.es\/es\/wp-json\/wp\/v2\/pages"}],"about":[{"href":"https:\/\/alzira.es\/es\/wp-json\/wp\/v2\/types\/page"}],"author":[{"embeddable":true,"href":"https:\/\/alzira.es\/es\/wp-json\/wp\/v2\/users\/12"}],"replies":[{"embeddable":true,"href":"https:\/\/alzira.es\/es\/wp-json\/wp\/v2\/comments?post=5666"}],"version-history":[{"count":2,"href":"https:\/\/alzira.es\/es\/wp-json\/wp\/v2\/pages\/5666\/revisions"}],"predecessor-version":[{"id":89847,"href":"https:\/\/alzira.es\/es\/wp-json\/wp\/v2\/pages\/5666\/revisions\/89847"}],"up":[{"embeddable":true,"href":"https:\/\/alzira.es\/es\/wp-json\/wp\/v2\/pages\/39613"}],"wp:featuredmedia":[{"embeddable":true,"href":"https:\/\/alzira.es\/es\/wp-json\/wp\/v2\/media\/5104"}],"wp:attachment":[{"href":"https:\/\/alzira.es\/es\/wp-json\/wp\/v2\/media?parent=5666"}],"curies":[{"name":"wp","href":"https:\/\/api.w.org\/{rel}","templated":true}]}}