{"id":562,"date":"2012-02-16T14:25:32","date_gmt":"2012-02-16T13:25:32","guid":{"rendered":"https:\/\/alzira.es\/ruta-dels-monestirs-2\/"},"modified":"2021-08-30T16:01:09","modified_gmt":"2021-08-30T14:01:09","slug":"hacer-la-ruta-dels-monestirs","status":"publish","type":"page","link":"https:\/\/alzira.es\/es\/serveis-municipals\/museu-patrimoni-i-turisme\/turisme\/ruta-dels-monestirs\/hacer-la-ruta-dels-monestirs\/","title":{"rendered":"Hacer la Ruta dels monestirs"},"content":{"rendered":"\t\t<div data-elementor-type=\"wp-page\" data-elementor-id=\"562\" class=\"elementor elementor-562\">\n\t\t\t\t\t\t<section class=\"elementor-section elementor-top-section elementor-element elementor-element-9221cf0 elementor-section-boxed elementor-section-height-default elementor-section-height-default\" data-id=\"9221cf0\" data-element_type=\"section\">\n\t\t\t\t\t\t<div class=\"elementor-container elementor-column-gap-default\">\n\t\t\t\t\t<div class=\"elementor-column elementor-col-100 elementor-top-column elementor-element elementor-element-c5843ff\" data-id=\"c5843ff\" data-element_type=\"column\">\n\t\t\t<div class=\"elementor-widget-wrap elementor-element-populated\">\n\t\t\t\t\t\t<div class=\"elementor-element elementor-element-b5241dc elementor-widget elementor-widget-accordion\" data-id=\"b5241dc\" data-element_type=\"widget\" data-widget_type=\"accordion.default\">\n\t\t\t\t<div class=\"elementor-widget-container\">\n\t\t\t\t\t\t\t<div class=\"elementor-accordion\">\n\t\t\t\t\t\t\t<div class=\"elementor-accordion-item\">\n\t\t\t\t\t<div id=\"elementor-tab-title-1891\" class=\"elementor-tab-title\" data-tab=\"1\" role=\"button\" aria-controls=\"elementor-tab-content-1891\" aria-expanded=\"false\">\n\t\t\t\t\t\t\t\t\t\t\t\t\t<span class=\"elementor-accordion-icon elementor-accordion-icon-left\" aria-hidden=\"true\">\n\t\t\t\t\t\t\t\t\t\t\t\t\t\t\t<span class=\"elementor-accordion-icon-closed\"><i class=\"fas fa-plus\"><\/i><\/span>\n\t\t\t\t\t\t\t\t<span class=\"elementor-accordion-icon-opened\"><i class=\"fas fa-minus\"><\/i><\/span>\n\t\t\t\t\t\t\t\t\t\t\t\t\t\t<\/span>\n\t\t\t\t\t\t\t\t\t\t\t\t<a class=\"elementor-accordion-title\" tabindex=\"0\">Ruta a PIE<\/a>\n\t\t\t\t\t<\/div>\n\t\t\t\t\t<div id=\"elementor-tab-content-1891\" class=\"elementor-tab-content elementor-clearfix\" data-tab=\"1\" role=\"region\" aria-labelledby=\"elementor-tab-title-1891\">El GR-236 es el c\u00f3digo internacional del trazado a pie de\u00a0la Ruta\u00a0de los Monasterios. Se trata de un Sendero de Gran Recorrido (GR) homologado por\u00a0la Federaci\u00f3n\u00a0Valenciana\u00a0de Monta\u00f1ismo.\n\n<strong style=\"background-color: inherit; font-size: 1rem;\">\u00bfD\u00f3nde empieza y acaba el GR-236?<\/strong>\n\nEmpieza en la estaci\u00f3n de tren de Gandia y finaliza en\u00a0la de Alzira.\n\n<strong style=\"background-color: inherit; font-size: 1rem;\">\u00bfCu\u00e1ntos d\u00edas necesito para realizar a pie\u00a0la Ruta\u00a0dels Monestirs?<\/strong>\n\nDepende de lo que quieras caminar cada d\u00eda. Hay un itinerario principal (3 o 4 d\u00edas) y una variante que ataja el sendero (2 o 3 d\u00edas), pero con esta \u00faltima opci\u00f3n dejas fuera un monasterio (el del Corpus Christi en Llutxent).\n\n<strong>\u00a0<\/strong>\n<strong>Itinerario Principal de Gandia a Alzira:<\/strong>\n<ul style=\"font-weight: 400;\">\n \t<li>Longitud: 78 Km aproximadamente<\/li>\n \t<li>Tiempo: 3 o 4 jornadas<\/li>\n \t<li>Inicio: RENFE Gandia<\/li>\n \t<li>Final: RENFE Alzira<\/li>\n \t<li><\/li>\n<\/ul>\n<strong>Itinerario por\u00a0la Variante\u00a0de Gandia a Alzira:<\/strong>\n<ul>\n \t<li>Longitud: 55 Km aproximadamente<\/li>\n \t<li>Tiempo: 2 o 3 jornadas<\/li>\n \t<li>Inicio: RENFE Gandia<\/li>\n \t<li>Final: RENFE Alzira<\/li>\n<\/ul>\n<strong>\u00a0Propuesta de etapas del itinerario principal del GR-236:<\/strong>\n<ul>\n \t<li>Etapa 1: RENFE Gandia-Almiser\u00e0 (20,3 km\u00a0\/ 5h)<\/li>\n \t<li>Etapa 2: Almiser\u00e0-Pinet (19 km\u00a0\/ 6h\u00a045\u2019)<\/li>\n \t<li>Etapa 3: Pinet-La Barraca d\u2019Aig\u00fces Vives (23 km\u00a0\/ 6h\u00a045\u2019)<\/li>\n \t<li>Etapa 4:\u00a0La Barraca\u00a0d\u2019Aig\u00fces Vives-RENFE Alzira\u00a016 km\u00a0\/ 5h\u00a045\u2019)<\/li>\n<\/ul>\n<strong>\u00bfPor qu\u00e9 pueblos pasa el itinerario principal de la ruta a pie (GR-236)?<\/strong>\nEl ramal principal del GR-236 atraviesa los siguientes cascos urbanos y monasterios, en el siguiente orden:\n<ol style=\"font-weight: 400;\">\n \t<li>Gandia<\/li>\n \t<li>Almoines<\/li>\n \t<li>Beniarj\u00f3\/Benifl\u00e0<\/li>\n \t<li>Palma de Gandia<\/li>\n \t<li><strong>Monestir de Sant Jeroni de Cotalba<\/strong><\/li>\n \t<li>R\u00f2tova<\/li>\n \t<li>Alfauir (en R\u00f2tova tomas un desv\u00edo del GR se\u00f1alizado que en 5 minutos a pie te lleva a Alfauir)<\/li>\n \t<li>Almiser\u00e0\/Llocnou de Sant Jeroni<\/li>\n \t<li>Llutxent<\/li>\n \t<li><strong>Convent del Corpus Christi<\/strong><\/li>\n \t<li>Pinet<\/li>\n \t<li>Barx<\/li>\n \t<li>Simat de\u00a0la Valldigna\u00a0<strong>\/ Monestir de\u00a0la Valldigna<\/strong><\/li>\n \t<li>Benifair\u00f3 de\u00a0la Valldigna<\/li>\n \t<li><strong>Convent d\u2019Aig\u00fces Vives<\/strong><\/li>\n \t<li>La Barraca\u00a0d\u2019Aig\u00fces Vives<\/li>\n \t<li><strong>Monestir de\u00a0la Murta<\/strong><\/li>\n \t<li>Alzira<\/li>\n \t<li><\/li>\n<\/ol>\n<strong>\u00bfPor qu\u00e9 pueblos paso si opto por abandonar el itinerario principal del GR-236 y atajar por\u00a0la Variante?<\/strong>\n<strong>\u00a0<\/strong>Si optas por\u00a0la Variante\u00a0del GR-236:\n<ul>\n \t<li><span style=\"background-color: inherit; font-size: 1rem;\">Gandia<\/span><\/li>\n \t<li><span style=\"background-color: inherit; font-size: 1rem;\">Almoines<\/span><\/li>\n \t<li><span style=\"background-color: inherit; font-size: 1rem;\">Beniarj\u00f3\/Benifl\u00e0<\/span><\/li>\n \t<li><span style=\"background-color: inherit; font-size: 1rem;\">Palma de Gandia<\/span><\/li>\n \t<li><strong style=\"background-color: inherit; font-size: 1rem;\">Monestir de Sant Jeroni de Cotalba<\/strong><\/li>\n \t<li><span style=\"background-color: inherit; font-size: 1rem;\">Marxuquera<\/span><\/li>\n \t<li><span style=\"background-color: inherit; font-size: 1rem;\">La Drova<\/span><\/li>\n \t<li><span style=\"background-color: inherit; font-size: 1rem;\">Barx<\/span><\/li>\n \t<li><span style=\"background-color: inherit; font-size: 1rem;\">Simat de\u00a0la Valldigna\u00a0\/\u00a0<\/span><strong style=\"background-color: inherit; font-size: 1rem;\">Monestir de\u00a0la Valldigna<\/strong><\/li>\n \t<li><span style=\"background-color: inherit; font-size: 1rem;\">Benifair\u00f3 de\u00a0la Valldigna<\/span><\/li>\n \t<li><strong style=\"background-color: inherit; font-size: 1rem;\">Convent d\u2019Aig\u00fces Vives<\/strong><\/li>\n \t<li><span style=\"background-color: inherit; font-size: 1rem;\">La Barraca\u00a0d\u2019Aig\u00fces Vives<\/span><\/li>\n \t<li><strong style=\"background-color: inherit; font-size: 1rem;\">Monestir de\u00a0la Murta<\/strong><\/li>\n \t<li><span style=\"background-color: inherit; font-size: 1rem;\">Alzira<\/span><\/li>\n<\/ul>\n<ol style=\"font-weight: 400;\">\n \t<li><\/li>\n<\/ol>\n<strong>\u00bfD\u00f3nde se divide en dos el GR-236?<\/strong>\nEn la puerta de entrada del Monestir de Sant Jeroni de Cotalba (direcci\u00f3n Gandia a Alzira): a la izquierda el Itinerario Principal y a la derecha\u00a0la Variante.\n\n<strong>\u00bfD\u00f3nde se vuelve a unir el GR-236?<\/strong>\nA\u00a0500 metros\u00a0antes de entrar a la poblaci\u00f3n de Barx (direcci\u00f3n Gandia a Alzira)\n\n<strong>\u00bfPuedo llegar con transporte p\u00fablico?<\/strong>\nEl GR-236 est\u00e1 muy bien comunicado con el transporte p\u00fablico. Empieza en la misma estaci\u00f3n de RENFE de Gandia y acaba en la estaci\u00f3n de RENFE de Alzira. Ambas estaciones de tren disponen diariamente de conexiones cada hora con Valencia.\n\n<strong>\u00a0<\/strong>\n<strong>\u00bfQu\u00e9 tramos no son aconsejables para ni\u00f1os peque\u00f1os o personas con poca experiencia en el senderismo?<\/strong>\n\nDe Pinet a Barx\nBarranc de la Font del Garrofer\nAntiguo camino de Barx a Simat de la Valldigna y el El Pas del Pobre\n\n<strong>\u00bfQu\u00e9 tramos no son aconsejables para personas con v\u00e9rtigo?<\/strong>\nDe Almiser\u00e0 a Llutxent\nDe Pinet a Barx\nEl Pas del Pobre\nAntiguo camino de Barx a Simat de la Valldigna\n\n&nbsp;\n\n&nbsp;\n\n<a href=\"https:\/\/alzira.es\/wp-content\/uploads\/2021\/08\/Perfil_GR.pdf\" target=\"_blank\" rel=\"noopener\"><img fetchpriority=\"high\" decoding=\"async\" class=\"alignleft size-full wp-image-86453\" src=\"https:\/\/alzira.es\/wp-content\/uploads\/2021\/08\/Perfil_GR_1.jpg\" alt=\"\" width=\"250\" height=\"300\" \/><\/a>   <a href=\"https:\/\/alzira.es\/wp-content\/uploads\/2021\/08\/mapa_etapas_pie.pdf\" target=\"_blank\"><img decoding=\"async\" class=\"alignleft size-full wp-image-86455 lazyload\" data-src=\"https:\/\/alzira.es\/wp-content\/uploads\/2021\/08\/mapa_etapas_pie_1.jpg\" alt=\"\" width=\"250\" height=\"300\" src=\"data:image\/svg+xml;base64,PHN2ZyB3aWR0aD0iMSIgaGVpZ2h0PSIxIiB4bWxucz0iaHR0cDovL3d3dy53My5vcmcvMjAwMC9zdmciPjwvc3ZnPg==\" style=\"--smush-placeholder-width: 250px; --smush-placeholder-aspect-ratio: 250\/300;\" \/><\/a><\/div>\n\t\t\t\t<\/div>\n\t\t\t\t\t\t\t<div class=\"elementor-accordion-item\">\n\t\t\t\t\t<div id=\"elementor-tab-title-1892\" class=\"elementor-tab-title\" data-tab=\"2\" role=\"button\" aria-controls=\"elementor-tab-content-1892\" aria-expanded=\"false\">\n\t\t\t\t\t\t\t\t\t\t\t\t\t<span class=\"elementor-accordion-icon elementor-accordion-icon-left\" aria-hidden=\"true\">\n\t\t\t\t\t\t\t\t\t\t\t\t\t\t\t<span class=\"elementor-accordion-icon-closed\"><i class=\"fas fa-plus\"><\/i><\/span>\n\t\t\t\t\t\t\t\t<span class=\"elementor-accordion-icon-opened\"><i class=\"fas fa-minus\"><\/i><\/span>\n\t\t\t\t\t\t\t\t\t\t\t\t\t\t<\/span>\n\t\t\t\t\t\t\t\t\t\t\t\t<a class=\"elementor-accordion-title\" tabindex=\"0\">En COCHE<\/a>\n\t\t\t\t\t<\/div>\n\t\t\t\t\t<div id=\"elementor-tab-content-1892\" class=\"elementor-tab-content elementor-clearfix\" data-tab=\"2\" role=\"region\" aria-labelledby=\"elementor-tab-title-1892\"><p><strong>\u00bfPor qu\u00e9 pueblos pasa el itinerario&nbsp; por carretera?<\/strong><\/p>\n<p><span style=\"background-color: inherit; font-size: 1rem;\">El itinerario por carretera recorre los siguientes municipios y monasterios, y en el siguiente orden.<\/span><br><\/p>\n<ol>\n<li><strong>Convent del Corpus Christi<\/strong><\/li>\n<li>Llutxent<\/li>\n<li>Benicolet<\/li>\n<li><strong>Monestir de Sant Jeroni de Cotalba<\/strong><\/li>\n<li>Gandia<\/li>\n<li>Marxuquera<\/li>\n<li>La Drova<\/li>\n<li>Barx<\/li>\n<li>Simat de&nbsp;la Valldigna&nbsp;\/&nbsp;<strong>Monestir de&nbsp;la Valldigna<\/strong><\/li>\n<li><strong>Convent d\u2019Aig\u00fces Vives<\/strong><\/li>\n<li><strong>La Barraca<\/strong><strong>&nbsp;d\u2019Aig\u00fces Vives<\/strong><\/li>\n<li>Alzira<\/li>\n<li><strong>Monestir de&nbsp;la Murta<\/strong><\/li>\n<\/ol>\n<p><strong><br><\/strong><\/p>\n<p><strong>\u00bfUn autocar puede recorrer la ruta tur\u00edstica por carretera?<\/strong><\/p>\n<p>Depende del tama\u00f1o del autob\u00fas. Los coches, furgonetas y microbuses pueden realizarla sin problemas. Pero para los autobuses de 50\/55 pax o mayores (70 pax, dobles pisos, articulados, etc.) el Puerto de Barx y el de&nbsp;La Drova&nbsp;(tramo entre Gandia-Marxuquera-Barx-Simat de&nbsp;la Valldigna) son peligrosos. En esos casos es aconsejable desviar los autocares de Gandia a Simat de&nbsp;la Valldigna&nbsp;por&nbsp;la N-332&nbsp;y despu\u00e9s por&nbsp;la CV-50.<\/p><p><br><\/p>\n<p><a href=\"https:\/\/alzira.es\/wp-content\/uploads\/2021\/08\/mapa-trazado-carretera.pdf\" target=\"_blank\"><img decoding=\"async\" class=\"aligncenter size-full wp-image-86448 lazyload\" data-src=\"https:\/\/alzira.es\/wp-content\/uploads\/2021\/08\/mapa-trazado-carretera_1.jpg\" alt=\"\" width=\"259\" height=\"300\" src=\"data:image\/svg+xml;base64,PHN2ZyB3aWR0aD0iMSIgaGVpZ2h0PSIxIiB4bWxucz0iaHR0cDovL3d3dy53My5vcmcvMjAwMC9zdmciPjwvc3ZnPg==\" style=\"--smush-placeholder-width: 259px; --smush-placeholder-aspect-ratio: 259\/300;\"><\/a><\/p><\/div>\n\t\t\t\t<\/div>\n\t\t\t\t\t\t\t<div class=\"elementor-accordion-item\">\n\t\t\t\t\t<div id=\"elementor-tab-title-1893\" class=\"elementor-tab-title\" data-tab=\"3\" role=\"button\" aria-controls=\"elementor-tab-content-1893\" aria-expanded=\"false\">\n\t\t\t\t\t\t\t\t\t\t\t\t\t<span class=\"elementor-accordion-icon elementor-accordion-icon-left\" aria-hidden=\"true\">\n\t\t\t\t\t\t\t\t\t\t\t\t\t\t\t<span class=\"elementor-accordion-icon-closed\"><i class=\"fas fa-plus\"><\/i><\/span>\n\t\t\t\t\t\t\t\t<span class=\"elementor-accordion-icon-opened\"><i class=\"fas fa-minus\"><\/i><\/span>\n\t\t\t\t\t\t\t\t\t\t\t\t\t\t<\/span>\n\t\t\t\t\t\t\t\t\t\t\t\t<a class=\"elementor-accordion-title\" tabindex=\"0\">En BICI<\/a>\n\t\t\t\t\t<\/div>\n\t\t\t\t\t<div id=\"elementor-tab-content-1893\" class=\"elementor-tab-content elementor-clearfix\" data-tab=\"3\" role=\"region\" aria-labelledby=\"elementor-tab-title-1893\"><p>La Ruta dels Monestirs cuenta con un itinerario se\u00f1alizado espec\u00edficamente para realizarse con bicicleta de monta\u00f1a (BTT). Se trata de un itinerario circular de 123 kms de longitud.<\/p><p>\u00a0<\/p><p><strong>\u00bfD\u00f3nde empieza y acaba el itinerario BTT?<\/strong><\/p><p>Empieza y acaba en Alzira al tratarse de un itinerario circular.<\/p><p>\u00a0<\/p><p><strong>\u00bfPor qu\u00e9 pueblos pasa el itinerario BTT?<\/strong><\/p><p>El itinerario BTT atraviesa los siguientes cascos urbanos y monasterios, en el siguiente orden:<\/p><p style=\"padding-left: 40px;\">01. Monestir de la Murta<br \/>02. Alzira<br \/>03. Benifair\u00f3 de la Valldigna<br \/>04. Tavernes de la Valldigna<br \/>05. Xeraco<br \/>06. Xeresa<br \/>07. Gandia<br \/>08. Almoines<br \/>09. Beniarj\u00f3\/Benifl\u00e0<br \/>10. Palma de Gandia<br \/>11. Monestir de Sant Jeroni de Cotalba<br \/>12. R\u00f2tova<br \/>13. Alfauir<br \/>14. Almiser\u00e0<br \/>15. Benicolet<br \/>16. Llutxent<br \/>17. Convent del Corpus Christi<br \/>18. Pinet<br \/>19. Barx<br \/>20. Simat de la Valldigna \/ Monestir de la Valldigna<br \/>21. Benifair\u00f3 de la Valldigna<br \/>22. Convent d\u2019Aig\u00fces Vives<br \/>23. La Barraca d\u2019Aig\u00fces Vives<br \/>24. Monestir de la Murta<br \/>25. Alzira<\/p><p>\u00a0<\/p><p><a href=\"https:\/\/alzira.es\/wp-content\/uploads\/2021\/08\/perfilbtt.pdf\" target=\"_blank\" rel=\"noopener\"><img decoding=\"async\" class=\"alignleft wp-image-86465 size-full lazyload\" data-src=\"https:\/\/alzira.es\/wp-content\/uploads\/2021\/08\/perfilbtt3.jpg\" alt=\"\" width=\"250\" height=\"300\" src=\"data:image\/svg+xml;base64,PHN2ZyB3aWR0aD0iMSIgaGVpZ2h0PSIxIiB4bWxucz0iaHR0cDovL3d3dy53My5vcmcvMjAwMC9zdmciPjwvc3ZnPg==\" style=\"--smush-placeholder-width: 250px; --smush-placeholder-aspect-ratio: 250\/300;\" \/><\/a> <a href=\"https:\/\/alzira.es\/wp-content\/uploads\/2021\/08\/mapa_trazado_btt.pdf\" target=\"_blank\" rel=\"noopener\"><img decoding=\"async\" class=\"alignleft wp-image-86467 size-full lazyload\" data-src=\"https:\/\/alzira.es\/wp-content\/uploads\/2021\/08\/mapa_trazado_btt1.jpg\" alt=\"\" width=\"250\" height=\"300\" src=\"data:image\/svg+xml;base64,PHN2ZyB3aWR0aD0iMSIgaGVpZ2h0PSIxIiB4bWxucz0iaHR0cDovL3d3dy53My5vcmcvMjAwMC9zdmciPjwvc3ZnPg==\" style=\"--smush-placeholder-width: 250px; --smush-placeholder-aspect-ratio: 250\/300;\" \/><\/a><\/p><\/div>\n\t\t\t\t<\/div>\n\t\t\t\t\t\t\t<div class=\"elementor-accordion-item\">\n\t\t\t\t\t<div id=\"elementor-tab-title-1894\" class=\"elementor-tab-title\" data-tab=\"4\" role=\"button\" aria-controls=\"elementor-tab-content-1894\" aria-expanded=\"false\">\n\t\t\t\t\t\t\t\t\t\t\t\t\t<span class=\"elementor-accordion-icon elementor-accordion-icon-left\" aria-hidden=\"true\">\n\t\t\t\t\t\t\t\t\t\t\t\t\t\t\t<span class=\"elementor-accordion-icon-closed\"><i class=\"fas fa-plus\"><\/i><\/span>\n\t\t\t\t\t\t\t\t<span class=\"elementor-accordion-icon-opened\"><i class=\"fas fa-minus\"><\/i><\/span>\n\t\t\t\t\t\t\t\t\t\t\t\t\t\t<\/span>\n\t\t\t\t\t\t\t\t\t\t\t\t<a class=\"elementor-accordion-title\" tabindex=\"0\">A CABALLO<\/a>\n\t\t\t\t\t<\/div>\n\t\t\t\t\t<div id=\"elementor-tab-content-1894\" class=\"elementor-tab-content elementor-clearfix\" data-tab=\"4\" role=\"region\" aria-labelledby=\"elementor-tab-title-1894\"><p>La Ruta dels Monestirs cuenta con un itinerario ecuestre se\u00f1alizado espec\u00edficamente para realizarse a caballo. Se trata del primer itinerario ecuestre homologado por la RFHE en Espa\u00f1a, cuyo c\u00f3digo es el IE-001.<\/p><p>\u00a0<\/p><p><strong>\u00bfD\u00f3nde empieza y acaba el itinerario ecuestre?<\/strong><\/p><p>Empieza en la poblaci\u00f3n de Alfauir y finaliza en el Monasterio de\u00a0la Murta. Se\u00a0trata de unu itinerario lineal.<\/p><p>\u00a0<\/p><p><strong>\u00bfPor qu\u00e9 pueblos pasa el itinerario ecuestre (IE-001)?<\/strong><\/p><p>El itinerario ecuestre atraviesa los siguientes cascos urbanos y monasterios, en el siguiente orden:<\/p><p style=\"padding-left: 40px;\">01. Monestir de Sant Jeroni de Cotalba<br \/>02. R\u00f2tova<br \/>03. Alfauir<br \/>04. Almiser\u00e0<br \/>05. LLocnou de Sant Jeroni<br \/>06. Benicolet<br \/>07. Llutxent<br \/>08. Convent del Corpus Christi<br \/>09. Pinet<br \/>10. Barx<br \/>11. Simat de la Valldigna \/ Monestir de la Valldigna<br \/>12. Benifair\u00f3 de la Valldigna<br \/>13. Convent d\u2019Aig\u00fces Vives<br \/>14. La Barraca d\u2019Aig\u00fces Vives<br \/>15. Alzira<br \/>16. Monestir de la Murta<\/p><p>\u00a0<\/p><p><strong>Centro de Actividades Ecuestres y Alojamiento:<\/strong><\/p><p>Mas de Xet\u00e0, s\/n.<br \/>46838 Llutxent<br \/>Tel. 962 131 282<br \/>www.centrohipicoelmas.com<\/p><p>\u00a0<\/p><p><strong>Espacio de Recepci\u00f3n de Caballos:<\/strong><\/p><p>Ventura Gim\u00e9nez:<br \/>Tel. 619 061 460<\/p><p>Jose Antonio Bono:<br \/>Tel. 629 644 815<br \/>En la subida de Bru (cerca del Barranco del estrecho) en Alzira.<br \/>Precio 15\u20ac: comida y alojamiento para el caballo.<\/p><p>\u00a0<\/p><p>\u00a0<\/p><p><a href=\"https:\/\/alzira.es\/wp-content\/uploads\/2021\/08\/Perfil_Ecuestre.pdf\" target=\"_blank\" rel=\"noopener\"><img decoding=\"async\" class=\"alignleft wp-image-86491 size-full lazyload\" data-src=\"https:\/\/alzira.es\/wp-content\/uploads\/2021\/08\/Perfil_Ecuestre_01.jpg\" alt=\"\" width=\"218\" height=\"261\" src=\"data:image\/svg+xml;base64,PHN2ZyB3aWR0aD0iMSIgaGVpZ2h0PSIxIiB4bWxucz0iaHR0cDovL3d3dy53My5vcmcvMjAwMC9zdmciPjwvc3ZnPg==\" style=\"--smush-placeholder-width: 218px; --smush-placeholder-aspect-ratio: 218\/261;\" \/><\/a> <a href=\"https:\/\/alzira.es\/wp-content\/uploads\/2021\/08\/mapa_trazado_ecuestre.pdf\" target=\"_blank\" rel=\"noopener\"><img decoding=\"async\" class=\"alignleft wp-image-86467 size-full lazyload\" data-src=\"https:\/\/alzira.es\/wp-content\/uploads\/2021\/08\/mapa_trazado_ecuestre.jpg\" alt=\"\" width=\"250\" height=\"300\" src=\"data:image\/svg+xml;base64,PHN2ZyB3aWR0aD0iMSIgaGVpZ2h0PSIxIiB4bWxucz0iaHR0cDovL3d3dy53My5vcmcvMjAwMC9zdmciPjwvc3ZnPg==\" style=\"--smush-placeholder-width: 250px; --smush-placeholder-aspect-ratio: 250\/300;\" \/><\/a> <a href=\"https:\/\/alzira.es\/wp-content\/uploads\/2021\/08\/cvnews79_castellano.pdf\" target=\"_blank\" rel=\"noopener\"><img decoding=\"async\" class=\"alignleft wp-image-86467 size-full lazyload\" data-src=\"https:\/\/alzira.es\/wp-content\/uploads\/2021\/08\/cvnews79.jpg\" alt=\"\" width=\"250\" height=\"300\" src=\"data:image\/svg+xml;base64,PHN2ZyB3aWR0aD0iMSIgaGVpZ2h0PSIxIiB4bWxucz0iaHR0cDovL3d3dy53My5vcmcvMjAwMC9zdmciPjwvc3ZnPg==\" style=\"--smush-placeholder-width: 250px; --smush-placeholder-aspect-ratio: 250\/300;\" \/><\/a><\/p><\/div>\n\t\t\t\t<\/div>\n\t\t\t\t\t\t\t\t<\/div>\n\t\t\t\t\t\t<\/div>\n\t\t\t\t<\/div>\n\t\t\t\t\t<\/div>\n\t\t<\/div>\n\t\t\t\t\t<\/div>\n\t\t<\/section>\n\t\t\t\t<\/div>\n\t\t","protected":false},"excerpt":{"rendered":"<p>Ruta a PIE El GR-236 es el c\u00f3digo internacional del trazado a pie de&nbsp;la Ruta&nbsp;de los Monasterios. Se trata de un Sendero de Gran Recorrido (GR) homologado por&nbsp;la Federaci\u00f3n&nbsp;Valenciana&nbsp;de Monta\u00f1ismo. \u00bfD\u00f3nde empieza y acaba el GR-236? Empieza en la estaci\u00f3n de tren de Gandia y finaliza en&nbsp;la de Alzira. \u00bfCu\u00e1ntos d\u00edas necesito para realizar a &hellip; <\/p>\n<p class=\"link-more\"><a href=\"https:\/\/alzira.es\/es\/serveis-municipals\/museu-patrimoni-i-turisme\/turisme\/ruta-dels-monestirs\/hacer-la-ruta-dels-monestirs\/\" class=\"more-link\">Continuar leyendo<span class=\"screen-reader-text\"> \u00abHacer la Ruta dels monestirs\u00bb<\/span><\/a><\/p>\n","protected":false},"author":12,"featured_media":0,"parent":86503,"menu_order":0,"comment_status":"closed","ping_status":"closed","template":"","meta":{"_acf_changed":false,"footnotes":""},"class_list":["post-562","page","type-page","status-publish","hentry"],"acf":[],"_links":{"self":[{"href":"https:\/\/alzira.es\/es\/wp-json\/wp\/v2\/pages\/562","targetHints":{"allow":["GET"]}}],"collection":[{"href":"https:\/\/alzira.es\/es\/wp-json\/wp\/v2\/pages"}],"about":[{"href":"https:\/\/alzira.es\/es\/wp-json\/wp\/v2\/types\/page"}],"author":[{"embeddable":true,"href":"https:\/\/alzira.es\/es\/wp-json\/wp\/v2\/users\/12"}],"replies":[{"embeddable":true,"href":"https:\/\/alzira.es\/es\/wp-json\/wp\/v2\/comments?post=562"}],"version-history":[{"count":1,"href":"https:\/\/alzira.es\/es\/wp-json\/wp\/v2\/pages\/562\/revisions"}],"predecessor-version":[{"id":86502,"href":"https:\/\/alzira.es\/es\/wp-json\/wp\/v2\/pages\/562\/revisions\/86502"}],"up":[{"embeddable":true,"href":"https:\/\/alzira.es\/es\/wp-json\/wp\/v2\/pages\/86503"}],"wp:attachment":[{"href":"https:\/\/alzira.es\/es\/wp-json\/wp\/v2\/media?parent=562"}],"curies":[{"name":"wp","href":"https:\/\/api.w.org\/{rel}","templated":true}]}}