{"id":560,"date":"2010-12-07T15:26:57","date_gmt":"2010-12-07T14:26:57","guid":{"rendered":"https:\/\/alzira.es\/interes-turistico-nacional\/"},"modified":"2021-08-30T14:48:27","modified_gmt":"2021-08-30T12:48:27","slug":"interes-turistico-nacional","status":"publish","type":"page","link":"https:\/\/alzira.es\/es\/servicios-municipales\/museo-patrimonio-y-turismo\/turismo\/interes-turistico-nacional\/","title":{"rendered":"Inter\u00e9s Tur\u00edstico Nacional"},"content":{"rendered":"\n<h2 class=\"wp-block-heading\">LAS FALLAS<\/h2>\n\n\n\n<p>Las 35 comisiones falleras plantan 70 monumentos entre grandes e infantiles, y cuentan como ente coordinador con la Junta Local Fallera, cuyas gestiones lograron para la fiesta el reconocimiento de \u201cFiesta de Inter\u00e9s Tur\u00edstico Nacional\u201d en el 2005. <\/p>\n\n\n\n<p>Desarrollan una actividad cultural a lo largo del ejercicio anual que en el \u00e1mbito fallero acaba con la crem\u00e0 de los monumentos la noche del d\u00eda de San Jos\u00e9. El Principal atractivo de las fallas reside en ser un importante veh\u00edculo de integraci\u00f3n social en la ciudad de Alzira. <\/p>\n\n\n\n<p>Destacan por su car\u00e1cter multitudinario la Cabalgata de disfraces, la Crida desde el balc\u00f3n principal del Ayuntamiento, la entrega de premios, la ofrenda de flores a la Virgen de Lluch y el desfile de Pasodobles. <\/p>\n\n\n\n<p>Es notable el volumen de publicaciones hist\u00f3ricas o sobre tem\u00e1tica alzire\u00f1a que patrocinan las propias comisiones, as\u00ed como el concurso anual de teatro en valenciano con notables adaptaciones, tanto de sainetes cl\u00e1sicos valencianos como del mejor teatro de vanguardia en representaciones que corren a cargo de los cuadros de teatro de aficionados formados por las propias comisiones. <\/p>\n\n\n\n<p>Adquieren igualmente gran relevancia, las presentaciones falleras que se desarrollan principalmente en el Gran Teatro de la ciudad, desde noviembre hasta febrero. Una muestra de la calidad de los monumentos falleros puede apreciarse en el Museo de la fiesta, donde pueden admirarse obras de artistas alzire\u00f1os consagrados. <\/p>\n\n\n\n<p>Pero sobre todo la mejor manera de saborear el aroma a p\u00f3lvora y bu\u00f1uelos es acercarse a Alzira en los d\u00edas grandes de la fiesta, del 16 al 19 de marzo, y vivir en directo el d\u00eda y la noche fallera en casales y verbenas abiertos al visitante hasta bien entrada la madrugada.<\/p>\n","protected":false},"excerpt":{"rendered":"<p>LAS FALLAS Las 35 comisiones falleras plantan 70 monumentos entre grandes e infantiles, y cuentan como ente coordinador con la Junta Local Fallera, cuyas gestiones lograron para la fiesta el reconocimiento de \u201cFiesta de Inter\u00e9s Tur\u00edstico Nacional\u201d en el 2005. Desarrollan una actividad cultural a lo largo del ejercicio anual que en el \u00e1mbito fallero &hellip; <\/p>\n<p class=\"link-more\"><a href=\"https:\/\/alzira.es\/es\/servicios-municipales\/museo-patrimonio-y-turismo\/turismo\/interes-turistico-nacional\/\" class=\"more-link\">Continuar leyendo<span class=\"screen-reader-text\"> \u00abInter\u00e9s Tur\u00edstico Nacional\u00bb<\/span><\/a><\/p>\n","protected":false},"author":29,"featured_media":0,"parent":508,"menu_order":0,"comment_status":"closed","ping_status":"closed","template":"","meta":{"_acf_changed":false,"footnotes":""},"class_list":["post-560","page","type-page","status-publish","hentry"],"acf":[],"_links":{"self":[{"href":"https:\/\/alzira.es\/es\/wp-json\/wp\/v2\/pages\/560","targetHints":{"allow":["GET"]}}],"collection":[{"href":"https:\/\/alzira.es\/es\/wp-json\/wp\/v2\/pages"}],"about":[{"href":"https:\/\/alzira.es\/es\/wp-json\/wp\/v2\/types\/page"}],"author":[{"embeddable":true,"href":"https:\/\/alzira.es\/es\/wp-json\/wp\/v2\/users\/29"}],"replies":[{"embeddable":true,"href":"https:\/\/alzira.es\/es\/wp-json\/wp\/v2\/comments?post=560"}],"version-history":[{"count":1,"href":"https:\/\/alzira.es\/es\/wp-json\/wp\/v2\/pages\/560\/revisions"}],"predecessor-version":[{"id":86444,"href":"https:\/\/alzira.es\/es\/wp-json\/wp\/v2\/pages\/560\/revisions\/86444"}],"up":[{"embeddable":true,"href":"https:\/\/alzira.es\/es\/wp-json\/wp\/v2\/pages\/508"}],"wp:attachment":[{"href":"https:\/\/alzira.es\/es\/wp-json\/wp\/v2\/media?parent=560"}],"curies":[{"name":"wp","href":"https:\/\/api.w.org\/{rel}","templated":true}]}}