{"id":558,"date":"2010-12-07T14:50:49","date_gmt":"2010-12-07T13:50:49","guid":{"rendered":"https:\/\/alzira.es\/ocio-y-tiempo-libre\/"},"modified":"2021-08-30T14:25:35","modified_gmt":"2021-08-30T12:25:35","slug":"ocio-y-tiempo-libre","status":"publish","type":"page","link":"https:\/\/alzira.es\/es\/servicios-municipales\/museo-patrimonio-y-turismo\/turismo\/ocio-y-tiempo-libre\/","title":{"rendered":"Ocio y tiempo libre"},"content":{"rendered":"\n<p>Alzira cuenta con numerosas <strong>zonas verdes <\/strong>para esparcimiento y recreo de sus vecinos y visitantes.<\/p>\n\n\n\n<p>El mayor <strong>parque <\/strong>de cuantos posee la ciudad, el parque por excelencia, es el que se encuentra en la barriada que le da nombre: L\u2019Alquen\u00e8ncia. Lo conforman 52.205 m2 con una vegetaci\u00f3n variad\u00edsima, paseos, espacios de juegos para adultos y ni\u00f1os, pinadas y una zona alta desde la que se divisa el conjunto de la zona verde.<\/p>\n\n\n\n<p>El parque de <strong>Les Basses <\/strong>se halla al sureste de la ciudad, en una franja delimitada por el acceso a la variante y la carretera comarcal en direcci\u00f3n a Gandia, ocupa 4.200 m2.<\/p>\n\n\n\n<p>Otros <strong>espacios verdes y urbanos <\/strong>los encontramos en el centro de la ciudad: la glorieta de la Plaza Mayor, la Plaza del Reino, la Plaza Ana Sanchis, los jardines de \u201cLa Constructora\u201d, la Plaza y parque de la Rambla y el de la Ronda de Algemes\u00ed, en las inmediaciones del puente de hierro sobre el X\u00faquer, el palmeral de la Variante, etc&#8230;<\/p>\n","protected":false},"excerpt":{"rendered":"<p>Alzira cuenta con numerosas zonas verdes para esparcimiento y recreo de sus vecinos y visitantes. El mayor parque de cuantos posee la ciudad, el parque por excelencia, es el que se encuentra en la barriada que le da nombre: L\u2019Alquen\u00e8ncia. Lo conforman 52.205 m2 con una vegetaci\u00f3n variad\u00edsima, paseos, espacios de juegos para adultos y &hellip; <\/p>\n<p class=\"link-more\"><a href=\"https:\/\/alzira.es\/es\/servicios-municipales\/museo-patrimonio-y-turismo\/turismo\/ocio-y-tiempo-libre\/\" class=\"more-link\">Continuar leyendo<span class=\"screen-reader-text\"> \u00abOcio y tiempo libre\u00bb<\/span><\/a><\/p>\n","protected":false},"author":29,"featured_media":0,"parent":508,"menu_order":0,"comment_status":"closed","ping_status":"closed","template":"","meta":{"_acf_changed":false,"footnotes":""},"class_list":["post-558","page","type-page","status-publish","hentry"],"acf":[],"_links":{"self":[{"href":"https:\/\/alzira.es\/es\/wp-json\/wp\/v2\/pages\/558","targetHints":{"allow":["GET"]}}],"collection":[{"href":"https:\/\/alzira.es\/es\/wp-json\/wp\/v2\/pages"}],"about":[{"href":"https:\/\/alzira.es\/es\/wp-json\/wp\/v2\/types\/page"}],"author":[{"embeddable":true,"href":"https:\/\/alzira.es\/es\/wp-json\/wp\/v2\/users\/29"}],"replies":[{"embeddable":true,"href":"https:\/\/alzira.es\/es\/wp-json\/wp\/v2\/comments?post=558"}],"version-history":[{"count":2,"href":"https:\/\/alzira.es\/es\/wp-json\/wp\/v2\/pages\/558\/revisions"}],"predecessor-version":[{"id":86403,"href":"https:\/\/alzira.es\/es\/wp-json\/wp\/v2\/pages\/558\/revisions\/86403"}],"up":[{"embeddable":true,"href":"https:\/\/alzira.es\/es\/wp-json\/wp\/v2\/pages\/508"}],"wp:attachment":[{"href":"https:\/\/alzira.es\/es\/wp-json\/wp\/v2\/media?parent=558"}],"curies":[{"name":"wp","href":"https:\/\/api.w.org\/{rel}","templated":true}]}}