{"id":556,"date":"2011-08-19T15:40:02","date_gmt":"2011-08-19T13:40:02","guid":{"rendered":"https:\/\/alzira.es\/visitas-guiadas-por-alzira-2\/"},"modified":"2021-08-30T14:23:25","modified_gmt":"2021-08-30T12:23:25","slug":"visitas-guiadas-por-alzira","status":"publish","type":"page","link":"https:\/\/alzira.es\/es\/servicios-municipales\/museo-patrimonio-y-turismo\/turismo\/visitas-guiadas-por-alzira\/","title":{"rendered":"Visitas Guiadas por Alzira"},"content":{"rendered":"\n<p><b>ALZIRA: VISITA AL CENTRO HIST\u00d3RICO \u201cLA VILA\u201d.<\/b><\/p>\n\n\n\n<p><b><u>Descripci\u00f3n de la ruta<\/u>:<\/b> Alzira, antigua isla del <i>X\u00faquer<\/i>, conserva su centro hist\u00f3rico: \u00abLa Vila\u00bb, barrio de trama irregular, con estrechas calles, peque\u00f1as plazas, edificios hist\u00f3ricos, casas modernistas, restos de la milenaria muralla (BIC), la Casa Consistorial del siglo XVI (BIC), la iglesia de Santa Catalina (BIC).<\/p>\n\n\n\n<p><\/p>\n\n\n\n<p><b>ALZIRA: DESCUBRE \u201cLA MURTA\u201d, PATRIMONIO NATURAL Y CULTURAL.<\/b><\/p>\n\n\n\n<p><b><u>Descripci\u00f3n de la ruta<\/u><\/b><b>:<\/b> Enmarcadas en un bello paraje natural, las hist\u00f3ricas ruinas del monasterio jer\u00f3nimo de la Murta (BIC), del siglo XIV y desamortizado en 1835, sorprenden al visitante. Entre las imponentes ruinas, destaca la Torre de las Palomas.<\/p>\n\n\n\n<p>En su entorno, la casa se\u00f1orial con su capilla, el estanque y el jard\u00edn rom\u00e1ntico, del siglo XIX con m\u00faltiples especies vegetales; la almazara; el nevero; una ermita rupestre; la fuente, con acueducto y balsas.<\/p>\n\n\n\n<p>Se une la belleza natural del paraje, con abundantes especies forestales; y otros atractivos que completan el recorrido cultural.<\/p>\n\n\n\n<p>Asimismo, se nos ofrecen rutas de senderismo como el hist\u00f3rico <i>Pas del Pobre<\/i>; la <i>Creu<\/i><i> del Cardenal<\/i> y el <i>Cavall<\/i> <i>Bernat; <\/i>la Umbr\u00eda; la Solana; y el <i>Rac\u00f3 de les<\/i> <i>Vinyes &#8211; Fontanelles.<\/i>&lt; <b>ALZIRA: VISITA AL MUSEO MUNICIPAL.<\/b><u>Descripci\u00f3n de la ruta<\/u>:&gt;En el recibidor, la conserjer\u00eda y un directorio ayudan a planificar la visita. Un ventanal arqueol\u00f3gico permite visualizar el primitivo pavimento, as\u00ed como testigos de los muros originales. La Sala de&nbsp;Audiovisuales expone, seg\u00fan los per\u00edodos, v\u00eddeos tem\u00e1ticos de Alzira. Una maqueta nos muestra \u201cla Isla del J\u00facar\u201d, la Villa. Una sugerente representaci\u00f3n con el r\u00edo rodeando la poblaci\u00f3n, rememorando el Alzira que se encuentra enterrada, las ra\u00edces de la actual ciudad. La visita contin\u00faa por la Sala del \u201cMuro Isl\u00e1mico\u201d. Cruzando la pasarela encontramos, a modo de una excavaci\u00f3n simulada, el m\u00e9todo arqueol\u00f3gico recuperando la historia del subsuelo. Preside la Sala el muro del s. XII -XIII de interesante decoraci\u00f3n, descubierto en excavaciones arqueol\u00f3gicas. Un audiovisual completa la exposici\u00f3n. El distribuidor central, situado junto a la escala y el ascensor principal, da paso al recorrido por el MUMA, tanto por las salas permanentes como por las temporales monogr\u00e1ficas, para conocer la historia, la cultura, la sociedad, las fiestas, las tradiciones&#8230; Nos encontramos con un Museo representativo de Alzira, de su entorno y de sus habitantes. Un monitor facilita informaci\u00f3n, actualizada peri\u00f3dicamente, del MUMA, de Alzira y otros datos de inter\u00e9s local para el usuario. A la primera planta, la Sala \u201cSucro\u201d, con fondo de las colecciones muse\u00edsticas: desde la prehistoria, hasta el siglo XV. Materiales arqueol\u00f3gicos del municipio y la comarca de la Ribera Alta, como muestra del asentamiento humano en las tierras del J\u00facar; acompa\u00f1ados de otras manifestaciones hist\u00f3ricoart\u00edsticas. Seguimos por la Sala \u201cel Apostolado\u201d y la Sala \u201cE. N\u00fa\u00f1ez\u201d donde contin\u00faa el recorrido cronol\u00f3gico y cultural hasta los siglos XVIII &#8211; XIX. En esta misma planta se encuentra el Sal\u00f3n de Actas, con un sistema audiovisual, para usos m\u00faltiples. A la segunda planta se ubiquen las salas \u201cTeodor Andreu\u201d, \u201cla C\u00e1mara\u201d y \u201cNuevas Tendencias\u201d, adem\u00e1s de la Oficina para la gesti\u00f3n y la atenci\u00f3n de usuarios. Tambi\u00e9n una Biblioteca especializada y el Archivo documental y fotogr\u00e1fico donde personal investigador puede consultar el fondo para la elaboraci\u00f3n de trabajos.<\/p>\n\n\n\n<p>La ampliaci\u00f3n del MUMA llega hasta la Casa de Al\u00f2s, antigua Casa de Flor, en la calle Santa Ll\u00facia, 4, cerca de la sede principal. Este inmueble, por sus peculiaridades arquitect\u00f3nicas y caracter\u00edsticas espaciales, se destinar\u00e1 al fondo etnol\u00f3gico.<\/p>\n\n\n\n<p>Observaciones:<\/p>\n\n\n\n<ul class=\"wp-block-list\"><li>Reservar: MUMA 962 017 649<\/li><\/ul>\n","protected":false},"excerpt":{"rendered":"<p>ALZIRA: VISITA AL CENTRO HIST\u00d3RICO \u201cLA VILA\u201d. Descripci\u00f3n de la ruta: Alzira, antigua isla del X\u00faquer, conserva su centro hist\u00f3rico: \u00abLa Vila\u00bb, barrio de trama irregular, con estrechas calles, peque\u00f1as plazas, edificios hist\u00f3ricos, casas modernistas, restos de la milenaria muralla (BIC), la Casa Consistorial del siglo XVI (BIC), la iglesia de Santa Catalina (BIC). ALZIRA: &hellip; <\/p>\n<p class=\"link-more\"><a href=\"https:\/\/alzira.es\/es\/servicios-municipales\/museo-patrimonio-y-turismo\/turismo\/visitas-guiadas-por-alzira\/\" class=\"more-link\">Continuar leyendo<span class=\"screen-reader-text\"> \u00abVisitas Guiadas por Alzira\u00bb<\/span><\/a><\/p>\n","protected":false},"author":12,"featured_media":0,"parent":508,"menu_order":0,"comment_status":"closed","ping_status":"closed","template":"","meta":{"_acf_changed":false,"footnotes":""},"class_list":["post-556","page","type-page","status-publish","hentry"],"acf":[],"_links":{"self":[{"href":"https:\/\/alzira.es\/es\/wp-json\/wp\/v2\/pages\/556","targetHints":{"allow":["GET"]}}],"collection":[{"href":"https:\/\/alzira.es\/es\/wp-json\/wp\/v2\/pages"}],"about":[{"href":"https:\/\/alzira.es\/es\/wp-json\/wp\/v2\/types\/page"}],"author":[{"embeddable":true,"href":"https:\/\/alzira.es\/es\/wp-json\/wp\/v2\/users\/12"}],"replies":[{"embeddable":true,"href":"https:\/\/alzira.es\/es\/wp-json\/wp\/v2\/comments?post=556"}],"version-history":[{"count":1,"href":"https:\/\/alzira.es\/es\/wp-json\/wp\/v2\/pages\/556\/revisions"}],"predecessor-version":[{"id":86397,"href":"https:\/\/alzira.es\/es\/wp-json\/wp\/v2\/pages\/556\/revisions\/86397"}],"up":[{"embeddable":true,"href":"https:\/\/alzira.es\/es\/wp-json\/wp\/v2\/pages\/508"}],"wp:attachment":[{"href":"https:\/\/alzira.es\/es\/wp-json\/wp\/v2\/media?parent=556"}],"curies":[{"name":"wp","href":"https:\/\/api.w.org\/{rel}","templated":true}]}}