{"id":554,"date":"2010-12-07T15:03:20","date_gmt":"2010-12-07T14:03:20","guid":{"rendered":"https:\/\/alzira.es\/donde-dormir\/"},"modified":"2021-08-30T14:18:21","modified_gmt":"2021-08-30T12:18:21","slug":"donde-dormir","status":"publish","type":"page","link":"https:\/\/alzira.es\/es\/servicios-municipales\/museo-patrimonio-y-turismo\/turismo\/donde-dormir\/","title":{"rendered":"D\u00f3nde Dormir"},"content":{"rendered":"<p><a href=\"https:\/\/alzira.es\/wp-content\/uploads\/2021\/08\/hoteles.pdf\" target=\"_blank\" rel=\"noopener\">Descargue la gu\u00eda de hoteles en PDF\u00a0haciendo clic aqu\u00ed<\/a><\/p>\n<p><a href=\"https:\/\/alzira.es\/wp-content\/uploads\/2021\/08\/AlojamientoRuralAlzira.pdf\" target=\"_blank\" rel=\"noopener\">Descargue la gu\u00eda de Alojamiento Rural en PDF haciendo clic aqu\u00ed<\/a><\/p>\n","protected":false},"excerpt":{"rendered":"<p>Descargue la gu\u00eda de hoteles en PDF\u00a0haciendo clic aqu\u00ed Descargue la gu\u00eda de Alojamiento Rural en PDF haciendo clic aqu\u00ed<\/p>\n","protected":false},"author":12,"featured_media":0,"parent":508,"menu_order":0,"comment_status":"closed","ping_status":"closed","template":"","meta":{"_acf_changed":false,"footnotes":""},"class_list":["post-554","page","type-page","status-publish","hentry"],"acf":[],"_links":{"self":[{"href":"https:\/\/alzira.es\/es\/wp-json\/wp\/v2\/pages\/554","targetHints":{"allow":["GET"]}}],"collection":[{"href":"https:\/\/alzira.es\/es\/wp-json\/wp\/v2\/pages"}],"about":[{"href":"https:\/\/alzira.es\/es\/wp-json\/wp\/v2\/types\/page"}],"author":[{"embeddable":true,"href":"https:\/\/alzira.es\/es\/wp-json\/wp\/v2\/users\/12"}],"replies":[{"embeddable":true,"href":"https:\/\/alzira.es\/es\/wp-json\/wp\/v2\/comments?post=554"}],"version-history":[{"count":1,"href":"https:\/\/alzira.es\/es\/wp-json\/wp\/v2\/pages\/554\/revisions"}],"predecessor-version":[{"id":86394,"href":"https:\/\/alzira.es\/es\/wp-json\/wp\/v2\/pages\/554\/revisions\/86394"}],"up":[{"embeddable":true,"href":"https:\/\/alzira.es\/es\/wp-json\/wp\/v2\/pages\/508"}],"wp:attachment":[{"href":"https:\/\/alzira.es\/es\/wp-json\/wp\/v2\/media?parent=554"}],"curies":[{"name":"wp","href":"https:\/\/api.w.org\/{rel}","templated":true}]}}