{"id":53889,"date":"2021-03-10T12:20:00","date_gmt":"2021-03-10T11:20:00","guid":{"rendered":"https:\/\/alzira.es\/ordenanzas\/"},"modified":"2026-04-15T12:43:33","modified_gmt":"2026-04-15T10:43:33","slug":"ordenanzas","status":"publish","type":"page","link":"https:\/\/alzira.es\/es\/servicios-municipales\/urbanismo-e-infraestructuras\/ordenanzas\/","title":{"rendered":"Ordenanzas"},"content":{"rendered":"\t\t<div data-elementor-type=\"wp-page\" data-elementor-id=\"53889\" class=\"elementor elementor-53889\">\n\t\t\t\t\t\t<section class=\"elementor-section elementor-top-section elementor-element elementor-element-7c21ed70 elementor-section-boxed elementor-section-height-default elementor-section-height-default\" data-id=\"7c21ed70\" data-element_type=\"section\">\n\t\t\t\t\t\t<div class=\"elementor-container elementor-column-gap-default\">\n\t\t\t\t\t<div class=\"elementor-column elementor-col-100 elementor-top-column elementor-element elementor-element-c7bd1a4\" data-id=\"c7bd1a4\" data-element_type=\"column\">\n\t\t\t<div class=\"elementor-widget-wrap elementor-element-populated\">\n\t\t\t\t\t\t<div class=\"elementor-element elementor-element-5e578781 elementor-widget elementor-widget-text-editor\" data-id=\"5e578781\" data-element_type=\"widget\" data-widget_type=\"text-editor.default\">\n\t\t\t\t<div class=\"elementor-widget-container\">\n\t\t\t\t\t\t\t\t\t<p><img fetchpriority=\"high\" decoding=\"async\" class=\"size-medium wp-image-113488 aligncenter\" src=\"https:\/\/alzira.es\/wp-content\/uploads\/2022\/01\/ordenanzas-680x433.jpg\" alt=\" \" width=\"680\" height=\"433\" aria-hidden=\"true\" srcset=\"https:\/\/alzira.es\/wp-content\/uploads\/2022\/01\/ordenanzas-680x433.jpg 680w, https:\/\/alzira.es\/wp-content\/uploads\/2022\/01\/ordenanzas-768x489.jpg 768w, https:\/\/alzira.es\/wp-content\/uploads\/2022\/01\/ordenanzas.jpg 801w\" sizes=\"(max-width: 680px) 100vw, 680px\" \/><\/p><p>En este apartado se recopila toda la normativa reglamentaria local relacionada con el \u00c1rea de Gesti\u00f3n del Territorio, tanto las Ordenanzas que regulan licencias, declaraciones responsables, instalaciones de vallas, etc., como las Ordenanzas Fiscales que regulan las tasas e impuestos con ellas relacionadas.<\/p><ul><li><a href=\"https:\/\/alzira.es\/wp-content\/uploads\/2016\/02\/publicitat_visible_des_de_la_via_publica.pdf\" target=\"_blank\" rel=\"noopener\" data-insuit-uuid=\"b9dab1b1-29b2-4e28-bc2d-e01fa5d310fc\">ORDENANZA MUNICIPAL REGULADORA DE LA INSTALACI\u00d3N DE PUBLICIDAD VISIBLE DESDE LA V\u00cdA P\u00daBLICA EN EL T\u00c9RMINO MUNICIPAL DE ALZIRA<\/a><\/li><li><a href=\"https:\/\/alzira.es\/wp-content\/uploads\/2016\/02\/ordena_guals_vehicles_domini_public.pdf\" target=\"_blank\" rel=\"noreferrer noopener\" data-insuit-uuid=\"66d9d98c-e300-4597-8025-8a551e9e3870\">ORDENANZA MUNICIPAL REGULADORA DE LAS CARACTER\u00cdSTICAS T\u00c9CNICAS DE LOS VADOS DE VEH\u00cdCULOS EN DOMINIO P\u00daBLICO LOCAL DE SECTORES INDUSTRIALES O DE SERVICIOS<\/a><\/li><li><a href=\"https:\/\/alzira.es\/wp-content\/uploads\/2024\/07\/ORDENANZA-FOTOVOLTAICAS.pdf\" target=\"_blank\" rel=\"noreferrer noopener\" data-insuit-uuid=\"aa800841-087b-4284-ba6c-3484736fb544\">ORDENANZA MUNICIPAL REGULADORA DE LA IMPLANTACI\u00d3N DE<\/a> <a href=\"https:\/\/alzira.es\/wp-content\/uploads\/2024\/07\/ORDENANZA-FOTOVOLTAICAS.pdf\" target=\"_blank\" rel=\"noreferrer noopener\" data-insuit-uuid=\"cbafc4b2-a356-49f2-8332-c75131643bc1\">INSTALACIONES SOLARES FOTOVOLTAICAS.<\/a><\/li><li><a href=\"https:\/\/alzira.es\/wp-content\/uploads\/2016\/02\/ordenanza_transferencias_aprovecha_con_diligencia.pdf\" target=\"_blank\" rel=\"noopener\" data-insuit-uuid=\"09a190b7-e779-4145-b24d-d8d796a79315\">ORDENANZA MUNICIPAL REGULADORA DEL REGISTRO DE TRANSFERENCIAS DE APROVECHAMIENTOS URBAN\u00cdSTICOS<\/a><\/li><li><a href=\"https:\/\/alzira.es\/wp-content\/uploads\/2016\/02\/anexo_ordenanza_transferencias_aprovechamiento.pdf\" target=\"_blank\" rel=\"noopener\" data-insuit-uuid=\"1a787fe4-517a-411d-9c50-1758d0ef81f2\">ORDENANZA MUNICIPAL REGULADORA DEL REGISTRO DE TRANSFERENCIAS DE APROVECHAMIENTOS URBAN\u00cdSTICOS. ANEXO<\/a><\/li><li><p><a href=\"https:\/\/alzira.es\/wp-content\/uploads\/2023\/03\/Ordenanza-Mun-Limpieza-y-Ceramiento-Terrenos-Urbanos-16-02-26.pdf\" target=\"_blank\" rel=\"noopener\">ORDENANZA MUNICIPAL\u00a0 REGULADORA\u00a0 DE\u00a0 LA\u00a0 LIMPIEZA\u00a0 Y\u00a0 CERRAMIENTO\u00a0 DE TERRENOS URBANOS NO EDIFICADOS EN EL MUNICIPIO<\/a><\/p><\/li><\/ul><p>Ordenanzas Fiscales\u00a0 Relacionadas :<\/p><ul><li><a href=\"https:\/\/alzira.es\/wp-content\/uploads\/2022\/05\/04_ORDENANCA-IMPOST-CONSTRUCCIONS-INSTAL%C2%B7LACIONS-I-OBRES.val_.pdf\" target=\"_blank\" rel=\"noopener\" data-insuit-uuid=\"9edcb5c3-5334-42c1-8c8f-5e954c7f911f\">ORDENANZA FISCAL IMPUESTO CONSTRUCCIONES INSTALACIONES Y OBRAS<\/a><\/li><li><a href=\"https:\/\/alzira.es\/wp-content\/uploads\/2016\/02\/ordenanza_fiscal_publicidad_paneles_y_vallas.pdf\" target=\"_blank\" rel=\"noopener\" data-insuit-uuid=\"db7834d2-06d7-40a2-832d-33b99e8837a0\">ORDENANZA FISCAL ORDENACION PUBLICIDAD PANELES Y VALLAS<\/a><\/li><li><a href=\"https:\/\/alzira.es\/wp-content\/uploads\/2016\/02\/ordenanza_fiscal_reservas_obligatorias_y_canon_de_aparcamiento.pdf\" target=\"_blank\" rel=\"noopener\" data-insuit-uuid=\"8ec38a6e-8f16-4683-b419-4893704656d1\">ORDENANZA FISCAL RESERVAS OBLIGATORIAS Y CANON DE APARCAMIENTO<\/a><\/li><li><a href=\"https:\/\/alzira.es\/wp-content\/uploads\/2016\/02\/ordenanza_fiscal_tasa_certificados_y_documentos_administrativos.pdf\" target=\"_blank\" rel=\"noopener\" data-insuit-uuid=\"eb20e318-2a19-420d-8d7a-e248af03cdeb\">ORDENANZA FISCAL TASA CERTIFICADOS Y DOCUMENTOS ADMINISTRATIVOS<\/a><\/li><li><a href=\"https:\/\/alzira.es\/wp-content\/uploads\/2022\/01\/ordenana_fiscal_taxa_ocupacio_via_publica_materials_construccio.pdf\" target=\"_blank\" rel=\"noopener\" data-insuit-uuid=\"5daa3dac-2d17-4b1f-8aae-76ea9457a92a\">ORDENANZA FISCAL TASA OCUPACION VIA PUBLICA CON MATERIALES DE CONSTRUCCION<\/a><\/li><li><a href=\"https:\/\/alzira.es\/wp-content\/uploads\/2016\/02\/ordenanza_fiscal_tasa_prestacion_de_servicios_de_caracter_urbanistico_y_ambiental.pdf\" target=\"_blank\" rel=\"noopener\" data-insuit-uuid=\"ca0e533f-445f-48f0-a2f0-c3d04e50d1e0\">ORDENANZA FISCAL TASA PRESTACION SERVICIOS DE CARACTER URBANISTICO Y AMBIENTAL<\/a><\/li><\/ul><p>Ordenanzas\u00a0 Agricultura y Medioambiente :<\/p><ul><li data-wp-editing=\"1\"><a title=\"Ordenan\u00e7a d\u2019aplicaci\u00f3 de mesures d\u2019autoprotecci\u00f3 davant d\u2019incendis forestals en s\u00f2l urb\u00e0 i urbanitzat amb entorn forestal del terme municipal\" href=\"https:\/\/alzira.es\/wp-content\/uploads\/2022\/01\/BOP_ordenanza_forestal-1.pdf\" target=\"_blank\" rel=\"noopener\">\u00a0ORDENANZA DE APLICACI\u00d3N DE MEDIDAS DE AUTOPROTECCI\u00d3N ANTE INCENDIOS FORESTALES EN SUELO URBANO Y URBANITZADO EN ENTORNO FORESTAL DEL T\u00c9RMINO MUNICIPAL<\/a><\/li><li><a title=\"ORDENAN\u00c7A MUNICIPAL DE PROTECCI\u00d3 CONTRA LA CONTAMINACI\u00d3 AC\u00daSTICA D'ALZIRA\" href=\"https:\/\/alzira.es\/wp-content\/uploads\/2016\/02\/ordenanza_municipal_de_proteccin_contra_la_contaminacin_acstica_de_alzira.pdf\" target=\"_blank\" rel=\"noopener\">\u00a0ORDENANZA MUNICIPAL DE PROTECCI\u00d3N CONTRA LA CONTAMINACI\u00d3N AC\u00daSTICA DE ALZIRA<\/a><\/li><li><a title=\"ORDENAN\u00c7A MUNICIPAL DE PROTECCI\u00d3 D'ARBRATGE D'INTER\u00c9S LOCAL\" href=\"https:\/\/alzira.es\/wp-content\/uploads\/2022\/01\/ordenanza_municipal_de_proteccin_de_arbolado_de_inters_local.pdf\" target=\"_blank\" rel=\"noopener\">ORDENANZA MUNICIPAL DE PROTECCI\u00d3N DE ARBOLADO DE INTER\u00c9S LOCAL<\/a><\/li><li><a title=\"ORDENAN\u00c7A RURAL I REGLAMENT D'USOS I COSTUMS D'APLICACI\u00d3 EN EL TERME MUNICIPAL D'ALZIRA\" href=\"https:\/\/alzira.es\/wp-content\/uploads\/2016\/02\/ordenanza_rural_y_reglamento_de_usos_y_costumbres_de_aplicacin_en_el_trmino_municipal_de_alzira.pdf\" target=\"_blank\" rel=\"noopener\">\u00a0ORDENANZA RURAL Y REGLAMENTO DE USOS Y COSTUMBRES DE APLICACI\u00d3N EN EL T\u00c9RMINO MUNICIPAL DE ALZIRA<\/a><\/li><li><a title=\"ORDENAN\u00c7A RURAL I REGLAMENT D'USOS I COSTUMS D'APLICACI\u00d3 EN EL TERME MUNICIPAL D'ALZIRA\" href=\"https:\/\/alzira.es\/wp-content\/uploads\/2022\/03\/Ordenanca_text-definitiu-cast.pdf\" target=\"_blank\" rel=\"noopener\">ORDENANZA REGULADORA DEL USO Y DEL FUNCIONAMIENTO DE LA V\u00cdA VERDE DEL ANTIGUO TRENET CARCAIXENT-D\u00c9NIA<\/a><\/li><li><a title=\"PLA LOCAL DE CREMES DE L'ACABE MUNICIPAL D'ALZIRA \" href=\"https:\/\/alzira.es\/wp-content\/uploads\/2022\/03\/Pla-Local-de-Cremes-Agricoles-Alzira.pdf\" target=\"_blank\" rel=\"noopener\">\u00a0PLAN LOCAL DE QUEMAS DEL TERMINO MUNICIPAL DE ALZIRA<\/a><\/li><li><a title=\"REGLAMENT INTERN DE FUNCIONAMENT DEL CONSELL DE PARTICIPACI\u00d3 DEL PARATGE NATURAL MUNICIPAL DE LA MURTA I LA CASELLA\" href=\"https:\/\/alzira.es\/wp-content\/uploads\/2016\/02\/reglament_intern_de_funcionament_del_consell_de_participaci_del_paratge_natural_municipal_de_la_murta_i_la_casella.pdf\" target=\"_blank\" rel=\"noopener\">\u00a0REGLAMENTO INTERNO DE FUNCIONAMIENTO DEL CONSEJO DE PARTICIPACI\u00d3N DEL PARAJE NATURAL MUNICIPAL DE LA MURTA Y LA CASELLA<\/a><\/li><\/ul><p>Otras Ordenanzas Municipales\u00a0 relacionadas :<\/p><ul><li><a title=\"ORDENAN\u00c7A MUNICIPAL DE PARCS I JARDINS\" href=\"https:\/\/alzira.es\/wp-content\/uploads\/2016\/02\/ordenanza_parques_y_jardines.pdf\" target=\"_blank\" rel=\"noopener\">ORDENANZA MUNICIPAL DE PARQUES Y JARDINES<\/a><\/li><li><a title=\"ORDENAN\u00c7A MUNICIPAL DE CLAVEGUERAM I AIG\u00dcES RESIDUALS\" href=\"https:\/\/alzira.es\/wp-content\/uploads\/2016\/02\/ordenanza_municipal_de_alcantarillado_y_aguas_residuales.pdf\" target=\"_blank\" rel=\"noopener\">ORDENANZA MUNICIPAL DE ALCANTARILLADO Y AGUAS RESIDUALES<\/a><\/li><\/ul>\t\t\t\t\t\t\t\t<\/div>\n\t\t\t\t<\/div>\n\t\t\t\t\t<\/div>\n\t\t<\/div>\n\t\t\t\t\t<\/div>\n\t\t<\/section>\n\t\t\t\t<\/div>\n\t\t","protected":false},"excerpt":{"rendered":"<p>En este apartado se recopila toda la normativa reglamentaria local relacionada con el \u00c1rea de Gesti\u00f3n del Territorio, tanto las Ordenanzas que regulan licencias, declaraciones responsables, instalaciones de vallas, etc., como las Ordenanzas Fiscales que regulan las tasas e impuestos con ellas relacionadas. ORDENANZA MUNICIPAL REGULADORA DE LA INSTALACI\u00d3N DE PUBLICIDAD VISIBLE DESDE LA V\u00cdA &hellip; <\/p>\n<p class=\"link-more\"><a href=\"https:\/\/alzira.es\/es\/servicios-municipales\/urbanismo-e-infraestructuras\/ordenanzas\/\" class=\"more-link\">Continuar leyendo<span class=\"screen-reader-text\"> \u00abOrdenanzas\u00bb<\/span><\/a><\/p>\n","protected":false},"author":12,"featured_media":0,"parent":87644,"menu_order":0,"comment_status":"closed","ping_status":"closed","template":"","meta":{"_acf_changed":false,"footnotes":""},"class_list":["post-53889","page","type-page","status-publish","hentry"],"acf":[],"_links":{"self":[{"href":"https:\/\/alzira.es\/es\/wp-json\/wp\/v2\/pages\/53889","targetHints":{"allow":["GET"]}}],"collection":[{"href":"https:\/\/alzira.es\/es\/wp-json\/wp\/v2\/pages"}],"about":[{"href":"https:\/\/alzira.es\/es\/wp-json\/wp\/v2\/types\/page"}],"author":[{"embeddable":true,"href":"https:\/\/alzira.es\/es\/wp-json\/wp\/v2\/users\/12"}],"replies":[{"embeddable":true,"href":"https:\/\/alzira.es\/es\/wp-json\/wp\/v2\/comments?post=53889"}],"version-history":[{"count":0,"href":"https:\/\/alzira.es\/es\/wp-json\/wp\/v2\/pages\/53889\/revisions"}],"up":[{"embeddable":true,"href":"https:\/\/alzira.es\/es\/wp-json\/wp\/v2\/pages\/87644"}],"wp:attachment":[{"href":"https:\/\/alzira.es\/es\/wp-json\/wp\/v2\/media?parent=53889"}],"curies":[{"name":"wp","href":"https:\/\/api.w.org\/{rel}","templated":true}]}}