{"id":53830,"date":"2021-03-08T10:55:24","date_gmt":"2021-03-08T09:55:24","guid":{"rendered":"https:\/\/alzira.es\/ajudes-autonoms-2\/"},"modified":"2021-10-05T12:12:26","modified_gmt":"2021-10-05T10:12:26","slug":"ajudes-autonoms-2","status":"publish","type":"page","link":"https:\/\/alzira.es\/es\/ajudes-autonoms-2\/","title":{"rendered":"Ajudes per les microempreses i aut\u00f2noms"},"content":{"rendered":"\n<figure class=\"wp-block-image\"><img fetchpriority=\"high\" decoding=\"async\" width=\"1080\" height=\"210\" src=\"https:\/\/alzira.es\/wp-content\/uploads\/2021\/03\/ajudes_per_autonoms_alzira.png\" alt=\"ajudes per aut\u00f2noms alzira\" class=\"wp-image-53814\" srcset=\"https:\/\/alzira.es\/wp-content\/uploads\/2021\/03\/ajudes_per_autonoms_alzira.png 1080w, https:\/\/alzira.es\/wp-content\/uploads\/2021\/03\/ajudes_per_autonoms_alzira-680x132.png 680w, https:\/\/alzira.es\/wp-content\/uploads\/2021\/03\/ajudes_per_autonoms_alzira-768x149.png 768w\" sizes=\"(max-width: 706px) 89vw, (max-width: 767px) 82vw, 740px\" \/><\/figure>\n\n\n\n<p class=\"has-text-align-center\"><\/p>\n\n\n\n<p>&nbsp;<\/p>\n\n\n\n<h2 class=\"wp-block-heading\"><span style=\"text-decoration: underline;\"><strong>Consulta les ajudes concedides a la convocatoria 1 (Pla Resistir sectors restauraci\u00f3, turisme, cultura):&nbsp;<\/strong><\/span><\/h2>\n\n\n\n<ul class=\"wp-block-list\"><li><a title=\"ajudes per les microempreses i aut\u00f2noms\" href=\"https:\/\/alzira.es\/wp-content\/uploads\/2021\/03\/Aprovacio_de_les_ajudes_1a_remesa.pdf\" target=\"_blank\" rel=\"noopener\">&nbsp;<strong>DECRETO N\u00ba 424\/2021:<\/strong> Aprovaci\u00f3 de les ajudes presentades per les microempreses i aut\u00f2noms de les ajudes Par\u00e8ntesi incloses en el Plan Resistir en el municipi d&#8217;Alzira<\/a><\/li><li><a title=\"ajudes per les microempreses i aut\u00f2noms\" href=\"https:\/\/alzira.es\/wp-content\/uploads\/2021\/03\/Aprovacio_de_les_ajudes_2a_remesa.pdf\" target=\"_blank\" rel=\"noopener\"><strong>&nbsp;DECRETO N\u00ba 510\/2021:<\/strong> Aprovaci\u00f3 de les ajudes presentades per les microempreses i aut\u00f2noms de les ajudes Par\u00e8ntesi incloses en el Plan Resistir en el municipi d&#8217;Alzira. 2\u00aa remesa<\/a><\/li><li><a title=\"ajudes per les microempreses i aut\u00f2noms\" href=\"https:\/\/alzira.es\/wp-content\/uploads\/2021\/03\/30_Aprovacio_de_les_ajudes_3a_remesa.17-03.pdf\" target=\"_blank\" rel=\"noopener\"><strong>&nbsp;DECRETO N\u00ba 594\/2021:<\/strong> Aprovaci\u00f3&nbsp;de les ajudes presentades per les microempreses i aut\u00f2noms de les ajudes Par\u00e8ntesi incloses en el Plan Resistir en el municipi d&#8217;Alzira. 3\u00aa remesa<\/a><\/li><li><a title=\"ajudes per les microempreses i aut\u00f2noms\" href=\"https:\/\/alzira.es\/wp-content\/uploads\/2021\/03\/38_Aprovacio_de_les_ajudes_4a_remesa.29-03.pdf\" target=\"_blank\" rel=\"noopener\"><strong>&nbsp;DECRETO N\u00ba 663\/2021:<\/strong> Aprovaci\u00f3&nbsp;de les ajudes presentades per les microempreses i aut\u00f2noms de les ajudes Par\u00e8ntesi incloses en el Plan Resistir en el municipi d&#8217;Alzira. 4\u00aa remesa<\/a><\/li><li><a href=\"https:\/\/alzira.es\/wp-content\/uploads\/2021\/10\/41_Aprovacio_de_les_ajudes__5a_remesa20-04.pdf\" target=\"_blank\" rel=\"noreferrer noopener\"><strong>&nbsp;DECRETO N\u00ba 811\/2021:<\/strong>&nbsp;Aprovaci\u00f3&nbsp;de les ajudes presentades per les microempreses i aut\u00f2noms de les ajudes Par\u00e8ntesi incloses en el Plan Resistir en el municipi d&#8217;Alzira. 5\u00aa remesa<\/a><\/li><li><a href=\"https:\/\/alzira.es\/wp-content\/uploads\/2021\/10\/42_Desistiment_per_no_subsnar_defectes_07-05-21.pdf\" target=\"_blank\" rel=\"noreferrer noopener\"><strong>&nbsp;DECRETO N\u00ba 987\/2021:<\/strong>Declaraci\u00f3 de desistiment de sol\u00b7licituds d\u2019ajudes Par\u00e8ntesi incloses en el Pla Resistir presentades per aut\u00f2noms i microempreses del municipi d\u2019Alzira per als sectors m\u00e9s afectats per la pand\u00e8mia<\/a>&nbsp;<\/li><li><a href=\"https:\/\/alzira.es\/wp-content\/uploads\/2021\/10\/47_Aprovacio_de_les_ajudes_6_remesa.pdf\" target=\"_blank\" rel=\"noreferrer noopener\"><strong>&nbsp;DECRETO N\u00ba 1359\/2021:<\/strong>&nbsp;Aprovaci\u00f3&nbsp;de les ajudes presentades per les microempreses i aut\u00f2noms de les ajudes Par\u00e8ntesi incloses en el Plan Resistir en el municipi d&#8217;Alzira. 6\u00aa remesa<\/a><\/li><li><a href=\"https:\/\/alzira.es\/wp-content\/uploads\/2021\/10\/Decret_1427_Desistimiento_ajudes_Plan_I.pdf\" target=\"_blank\" rel=\"noreferrer noopener\"><strong>&nbsp;DECRETO N\u00ba 1427\/2021:<\/strong>&nbsp;Declaraci\u00f3 de desistiment de sol\u00b7licitud d&#8217;ajuda Par\u00e8ntesi inclosa en el Pla Resistir per aut\u00f2noms i microempreses del municipi d&#8217;Alzira per als sectors m\u00e9s afectats per la pand\u00e8mia<\/a><\/li><li><a href=\"https:\/\/alzira.es\/wp-content\/uploads\/2021\/10\/Decret_1430_Desestimacio_ajudes_Plan_I.pdf\" target=\"_blank\" rel=\"noreferrer noopener\"><strong>&nbsp;DECRETO N\u00ba 1430\/2021:<\/strong>&nbsp;Desestimaci\u00f3 de les ajudes presentades per les microempreses i aut\u00f2noms de les ajudes P\u00e0rentesi incloses en el Plan Resistir en el municipi d\u2019Alzira.2\u00aa remesa<\/a><\/li><li><a href=\"https:\/\/alzira.es\/wp-content\/uploads\/2021\/10\/20_Decret_aprovacio_ajudes_Plan_Resistir_IV_2_remesa28-07.pdf\" target=\"_blank\" rel=\"noreferrer noopener\"><strong>&nbsp;DECRETO N\u00ba 1589\/2021:<\/strong>&nbsp;Aprovar les ajudes del Plan Resistir als aut\u00f2noms i microempreses amb un m\u00e0xim de 10 treballadors en el municipi d&#8217;Alzira d&#8217;altres sectors afectats per la pand\u00e8mia<\/a><\/li><\/ul>\n\n\n\n<h2 class=\"wp-block-heading\"><span style=\"text-decoration: underline;\"><strong><strong>Consulta les ajudes concedides a la convocatoria 2 (Pla Resistir &#8211; sectors festa i oci -):<\/strong><\/strong><\/span><\/h2>\n\n\n\n<ul class=\"wp-block-list\"><li><a href=\"https:\/\/alzira.es\/wp-content\/uploads\/2021\/10\/12_Aprovacio_1a_remesa_ajudes_plan_resistir20-04.pdf\" target=\"_blank\" rel=\"noreferrer noopener\"><strong>DECRETO N\u00ba 812\/2021:&nbsp;<\/strong>Aprovaci\u00f3 de les ajudes presentades per les microempreses i aut\u00f2noms de les ajudes del Plan Resistir dels sectors de la cultura, la festa i l\u2019oci en el municipi d\u2019Alzira. 1\u00aa Remesa<\/a><\/li><li><a href=\"https:\/\/alzira.es\/wp-content\/uploads\/2021\/10\/18_Aprovacio_2a_remesa_ajudes_plan_resistir28-04.pdf\" target=\"_blank\" rel=\"noreferrer noopener\"><strong>&nbsp;DECRETO N\u00ba 871\/2021:&nbsp;<\/strong>Aprovaci\u00f3 de les ajudes presentades per les microempreses i aut\u00f2noms de les ajudes del Plan Resistir dels sectors de la cultura, la festa i l\u2019oci en el municipi d\u2019Alzira. 2\u00aa Remesa<\/a><\/li><li><a href=\"https:\/\/alzira.es\/wp-content\/uploads\/2021\/10\/12_Aprovacio_1a_remesa_ajudes_plan_resistir20-04.pdf\" target=\"_blank\" rel=\"noreferrer noopener\"><strong>&nbsp;DECRETO N\u00ba 1099\/2021:&nbsp;<\/strong>Aprovaci\u00f3 de les ajudes presentades per les microempreses i aut\u00f2noms de les ajudes del Plan Resistir dels sectors de la cultura, la festa i l\u2019oci en el municipi d\u2019Alzira. 3\u00aa Remesa<\/a>&nbsp;<\/li><li><a href=\"https:\/\/alzira.es\/wp-content\/uploads\/2021\/10\/26_Aprovacio_de_les_ajudes_4_remesa.pdf\" target=\"_blank\" rel=\"noreferrer noopener\"><strong>&nbsp;DECRETO N\u00ba 1361\/2021:&nbsp;<\/strong>Aprovaci\u00f3 de les ajudes presentades per les microempreses i aut\u00f2noms de les ajudes del Plan Resistir dels sectors de la cultura, la festa i l\u2019oci en el municipi d\u2019Alzira. 4\u00aa Remesa<\/a>&nbsp;<\/li><li><a href=\"https:\/\/alzira.es\/wp-content\/uploads\/2021\/10\/Decret__1428_Desestimacio_ajudes_Plan_II.pdf\" target=\"_blank\" rel=\"noreferrer noopener\"><strong>&nbsp;DECRETO N\u00ba 1428\/2021:&nbsp;<\/strong>Desestimaci\u00f3 de les ajudes presentades per les microempreses i aut\u00f2noms de les ajudes Par\u00e8ntesi incloses en el Plan Resistir II, destinades als sectors de la cultura, la festa i l&#8217;oci<\/a>&nbsp;<\/li><\/ul>\n\n\n\n<h2 class=\"wp-block-heading\"><strong>Consulta les ajudes par\u00e8ntesi dins del pla resistir per a persones aut\u00f2nomes i microempreses amb un m\u00e0xim de 10 treballadors d&#8217;altres sectors afectats:<\/strong><\/h2>\n\n\n\n<ul class=\"wp-block-list\"><li><a href=\"https:\/\/alzira.es\/wp-content\/uploads\/2021\/10\/11_Aprovacio_de_les_ajudes_del_Plan_Resistir_daltres_sectors_afectats_per_la_pandemia_1_remesa.pdf\" target=\"_blank\" rel=\"noreferrer noopener\"><strong>DECRETO N\u00ba 1098\/2021&nbsp;<\/strong>Aprovaci\u00f3 de les ajudes presentades per les microempreses i aut\u00f2noms amb un m\u00e0xim de 10 treballadors d&#8217;altres sectors afectats per la pand\u00e8mia. 1\u00aa remesa<\/a><\/li><li><a href=\"https:\/\/alzira.es\/wp-content\/uploads\/2021\/10\/15_Aprovacio_ajudes_del_Plan_Resistir_2_remesa.pdf\" target=\"_blank\" rel=\"noreferrer noopener\"><strong>&nbsp;DECRETO N\u00ba 1360\/2021&nbsp;<\/strong>Aprovaci\u00f3 de les ajudes presentades per les microempreses i aut\u00f2noms amb un m\u00e0xim de 10 treballadors d&#8217;altres sectors afectats per la pand\u00e8mia. 2\u00aa remesa<\/a><\/li><li><a href=\"https:\/\/alzira.es\/wp-content\/uploads\/2021\/10\/Decret_1429_Desestimacio_ajudes_Plan_III.pdf\" target=\"_blank\" rel=\"noreferrer noopener\"><strong>&nbsp;DECRETO N\u00ba 1429\/2021&nbsp;<\/strong>Desestimaci\u00f3 de les ajudes presentades per les microempreses i aut\u00f2noms de les ajudes Par\u00e8ntesi incloses en el Plan Resistir III<\/a><\/li><li><a href=\"https:\/\/alzira.es\/wp-content\/uploads\/2021\/10\/20_Decret_aprovacio_ajudes_Plan_Resistir_IV_2_remesa28-07.pdf\" target=\"_blank\" rel=\"noreferrer noopener\"><strong>&nbsp;DECRETO N\u00ba 1589\/2021:<\/strong>&nbsp;Aprovar les ajudes del Plan Resistir als aut\u00f2noms i microempreses amb un m\u00e0xim de 10 treballadors en el municipi d&#8217;Alzira d&#8217;altres sectors afectats per la pand\u00e8mia<\/a><\/li><\/ul>\n\n\n\n<h2 class=\"wp-block-heading\"><strong>Pla Resistir IV &#8211; Consulta les ajudes par\u00e8ntesi dins del pla resistir per a persones aut\u00f2nomes i microempreses amb un m\u00e0xim de 10 treballadors d&#8217;altres sectors afectats:<\/strong><\/h2>\n\n\n\n<ul class=\"wp-block-list\"><li><a href=\"https:\/\/alzira.es\/wp-content\/uploads\/2021\/10\/11_Decret_aprovacio_ajudes_Plan_Resistir_IV_1_remesa.pdf\" target=\"_blank\" rel=\"noreferrer noopener\"><strong>&nbsp;DECRETO N\u00ba 1369\/2021&nbsp;<\/strong>Aprovaci\u00f3 de les ajudes presentades per les microempreses i aut\u00f2noms amb un m\u00e0xim de 10 treballadors d&#8217;altres sectors afectats per la pand\u00e8mia. 1\u00aa remesa<\/a><\/li><li><a href=\"https:\/\/alzira.es\/wp-content\/uploads\/2021\/10\/15_Desestimacio_de_les_ajudes_Plan_Resistir_IV24-06_BIS.pdf\" target=\"_blank\" rel=\"noreferrer noopener\"><strong>&nbsp;DECRETO N\u00ba 1392\/2021&nbsp;<\/strong>Desestimaci\u00f3 de les ajudes presentades per les microempreses i aut\u00f2noms de les ajudes Par\u00e8ntesi incloses en el Plan Resistir IV en el municipi d\u2019Alzira. 1\u00aa remesa<\/a><\/li><li><a href=\"https:\/\/alzira.es\/wp-content\/uploads\/2021\/10\/20_Decret_aprovacio_ajudes_Plan_Resistir_IV_2_remesa28-07.pdf\" target=\"_blank\" rel=\"noreferrer noopener\"><strong>&nbsp;DECRETO N\u00ba 1589\/2021:<\/strong>&nbsp;Aprovar les ajudes del Plan Resistir als aut\u00f2noms i microempreses amb un m\u00e0xim de 10 treballadors en el municipi d&#8217;Alzira d&#8217;altres sectors afectats per la pand\u00e8mia<\/a><\/li><\/ul>\n\n\n\n<hr class=\"wp-block-separator\"\/>\n\n\n\n<p><a href=\"https:\/\/alzira.es\/wp-content\/uploads\/2021\/10\/Acord_JGL.pdf\" target=\"_blank\" rel=\"noreferrer noopener\"><strong>&nbsp;ACORD de la Junta de Govern Local:<\/strong>&nbsp;Aprovar el repartiment proporcional de l&#8217;excedent de les ajudes Par\u00e8ntesi entre totes les persones f\u00edsiques i jur\u00eddiques que han resultat benefici\u00e0ries en la primera, segona, tercera i quarta convocat\u00f2ria del Pla Resistir<\/a><\/p>\n","protected":false},"excerpt":{"rendered":"<p>&nbsp; Consulta les ajudes concedides a la convocatoria 1 (Pla Resistir sectors restauraci\u00f3, turisme, cultura):&nbsp; &nbsp;DECRETO N\u00ba 424\/2021: Aprovaci\u00f3 de les ajudes presentades per les microempreses i aut\u00f2noms de les ajudes Par\u00e8ntesi incloses en el Plan Resistir en el municipi d&#8217;Alzira &nbsp;DECRETO N\u00ba 510\/2021: Aprovaci\u00f3 de les ajudes presentades per les microempreses i aut\u00f2noms de &hellip; <\/p>\n<p class=\"link-more\"><a href=\"https:\/\/alzira.es\/es\/ajudes-autonoms-2\/\" class=\"more-link\">Continuar leyendo<span class=\"screen-reader-text\"> \u00abAjudes per les microempreses i aut\u00f2noms\u00bb<\/span><\/a><\/p>\n","protected":false},"author":29,"featured_media":53814,"parent":0,"menu_order":3,"comment_status":"closed","ping_status":"closed","template":"","meta":{"_acf_changed":false,"footnotes":""},"class_list":["post-53830","page","type-page","status-publish","has-post-thumbnail","hentry"],"acf":[],"_links":{"self":[{"href":"https:\/\/alzira.es\/es\/wp-json\/wp\/v2\/pages\/53830","targetHints":{"allow":["GET"]}}],"collection":[{"href":"https:\/\/alzira.es\/es\/wp-json\/wp\/v2\/pages"}],"about":[{"href":"https:\/\/alzira.es\/es\/wp-json\/wp\/v2\/types\/page"}],"author":[{"embeddable":true,"href":"https:\/\/alzira.es\/es\/wp-json\/wp\/v2\/users\/29"}],"replies":[{"embeddable":true,"href":"https:\/\/alzira.es\/es\/wp-json\/wp\/v2\/comments?post=53830"}],"version-history":[{"count":1,"href":"https:\/\/alzira.es\/es\/wp-json\/wp\/v2\/pages\/53830\/revisions"}],"predecessor-version":[{"id":95161,"href":"https:\/\/alzira.es\/es\/wp-json\/wp\/v2\/pages\/53830\/revisions\/95161"}],"wp:featuredmedia":[{"embeddable":true,"href":"https:\/\/alzira.es\/es\/wp-json\/wp\/v2\/media\/53814"}],"wp:attachment":[{"href":"https:\/\/alzira.es\/es\/wp-json\/wp\/v2\/media?parent=53830"}],"curies":[{"name":"wp","href":"https:\/\/api.w.org\/{rel}","templated":true}]}}