{"id":53601,"date":"2021-02-23T10:14:25","date_gmt":"2021-02-23T09:14:25","guid":{"rendered":"https:\/\/alzira.es\/plan-anual-de-control-financiero\/"},"modified":"2021-08-28T22:08:24","modified_gmt":"2021-08-28T20:08:24","slug":"plan-anual-de-control-financiero","status":"publish","type":"page","link":"https:\/\/alzira.es\/es\/servicios-municipales\/economia-y-recaudacion\/intervencion-cas-no\/control-interno-cas-no\/plan-anual-de-control-financiero\/","title":{"rendered":"Plan anual de control financiero"},"content":{"rendered":"<p style=\"text-align: justify;\"><span style=\"font-size: 11pt; font-family: 'Arial', 'sans-serif';\">El control financiero es un control planificado a trav\u00e9s del Plan anual de control financiero seg\u00fan el RD 424\/2017, que recoge la obligaci\u00f3n de llevar a cabo una adecuada planificaci\u00f3n del control financiero. Para ello, se introduce como requisito b\u00e1sico que el \u00f3rgano interventor elabore y adopte un Plan anual de control financiero, del que deber\u00e1 informar a la entidad local, incluidas las modificaciones o alteraciones que se produzcan. El Plan anual del control financiero, sobre la base de un an\u00e1lisis de riesgos, deber\u00e1 asegurar, conjuntamente con el ejercicio de la funci\u00f3n interventora, al menos, un control efectivo del ochenta por ciento del presupuesto general consolidado.<\/span><\/p>\n<p style=\"text-align: justify;\"><a href=\"https:\/\/alzira.es\/wp-content\/uploads\/2013\/11\/pla_anual_control_financer_2020.pdf\" target=\"_blank\" rel=\"noopener\"><span style=\"font-size: 11pt; font-family: 'Arial', 'sans-serif';\">Plan anual control financiero 2020<\/span><\/a><\/p>\n","protected":false},"excerpt":{"rendered":"<p>El control financiero es un control planificado a trav\u00e9s del Plan anual de control financiero seg\u00fan el RD 424\/2017, que recoge la obligaci\u00f3n de llevar a cabo una adecuada planificaci\u00f3n del control financiero. Para ello, se introduce como requisito b\u00e1sico que el \u00f3rgano interventor elabore y adopte un Plan anual de control financiero, del que &hellip; <\/p>\n<p class=\"link-more\"><a href=\"https:\/\/alzira.es\/es\/servicios-municipales\/economia-y-recaudacion\/intervencion-cas-no\/control-interno-cas-no\/plan-anual-de-control-financiero\/\" class=\"more-link\">Continuar leyendo<span class=\"screen-reader-text\"> \u00abPlan anual de control financiero\u00bb<\/span><\/a><\/p>\n","protected":false},"author":37,"featured_media":0,"parent":51774,"menu_order":4,"comment_status":"closed","ping_status":"closed","template":"","meta":{"_acf_changed":false,"footnotes":""},"class_list":["post-53601","page","type-page","status-publish","hentry"],"acf":[],"_links":{"self":[{"href":"https:\/\/alzira.es\/es\/wp-json\/wp\/v2\/pages\/53601","targetHints":{"allow":["GET"]}}],"collection":[{"href":"https:\/\/alzira.es\/es\/wp-json\/wp\/v2\/pages"}],"about":[{"href":"https:\/\/alzira.es\/es\/wp-json\/wp\/v2\/types\/page"}],"author":[{"embeddable":true,"href":"https:\/\/alzira.es\/es\/wp-json\/wp\/v2\/users\/37"}],"replies":[{"embeddable":true,"href":"https:\/\/alzira.es\/es\/wp-json\/wp\/v2\/comments?post=53601"}],"version-history":[{"count":2,"href":"https:\/\/alzira.es\/es\/wp-json\/wp\/v2\/pages\/53601\/revisions"}],"predecessor-version":[{"id":85033,"href":"https:\/\/alzira.es\/es\/wp-json\/wp\/v2\/pages\/53601\/revisions\/85033"}],"up":[{"embeddable":true,"href":"https:\/\/alzira.es\/es\/wp-json\/wp\/v2\/pages\/51774"}],"wp:attachment":[{"href":"https:\/\/alzira.es\/es\/wp-json\/wp\/v2\/media?parent=53601"}],"curies":[{"name":"wp","href":"https:\/\/api.w.org\/{rel}","templated":true}]}}