{"id":53491,"date":"2016-02-24T13:43:27","date_gmt":"2016-02-24T12:43:27","guid":{"rendered":"https:\/\/alzira.es\/modificaciones-2021\/"},"modified":"2022-01-24T09:21:20","modified_gmt":"2022-01-24T08:21:20","slug":"modificaciones-2021-cas-no","status":"publish","type":"page","link":"https:\/\/alzira.es\/es\/servicios-municipales\/economia-y-recaudacion\/intervencion-cas-no\/modificaciones-cas-no\/modificaciones-2021-cas-no\/","title":{"rendered":"Modificaciones 2021-cas-no"},"content":{"rendered":"<p>&nbsp;<\/p>\n<table style=\"width: 100%; border: 1px solid #cccccc;\">\n<tbody>\n<tr>\n<td><strong style=\"color: #000000; font-family: tahoma, arial, helvetica, sans-serif; font-size: 13.3333px; line-height: normal; text-align: center;\">Expediente<\/strong><\/td>\n<td><strong style=\"color: #000000; font-family: tahoma, arial, helvetica, sans-serif; font-size: 13.3333px; line-height: normal; text-align: center;\">Tipo<\/strong><\/td>\n<td><strong style=\"color: #000000; font-family: tahoma, arial, helvetica, sans-serif; font-size: 13.3333px; line-height: normal; text-align: center;\">Fecha<\/strong><\/td>\n<td><strong style=\"color: #000000; font-family: tahoma, arial, helvetica, sans-serif; font-size: 13.3333px; line-height: normal; text-align: center;\">\u00d3rgano<\/strong><\/td>\n<td><strong style=\"color: #000000; font-family: tahoma, arial, helvetica, sans-serif; font-size: 13.3333px; line-height: normal; text-align: center;\">Publicaci\u00f3n BOPV<\/strong><\/td>\n<\/tr>\n<tr>\n<td><a href=\"https:\/\/alzira.es\/wp-content\/uploads\/2016\/02\/Modificacio_1_21.doc\" target=\"_blank\" rel=\"noopener\"><span style=\"font-size: 11px; line-height: normal; text-align: center;\"><span style=\"font-size: 10pt;\"><span style=\"font-family: tahoma, arial, helvetica, sans-serif;\">Modificaci\u00f3n de cr\u00e9ditos 1\/21<\/span><\/span><\/span><\/a><\/td>\n<td><span style=\"color: #000000; font-family: tahoma, arial, helvetica, sans-serif; font-size: 13.3333px; line-height: normal; text-align: center;\">Generaciones de cr\u00e9ditos<\/span><\/td>\n<td>19-01-2021<\/td>\n<td><span style=\"color: #000000; font-family: tahoma, arial, helvetica, sans-serif; font-size: 13.3333px; line-height: normal; text-align: center;\">JGL<\/span><\/td>\n<td>&nbsp;<\/td>\n<\/tr>\n<tr>\n<td><a href=\"https:\/\/alzira.es\/wp-content\/uploads\/2016\/02\/Modificacio_2_21.doc\" target=\"_blank\" rel=\"noopener\"><span style=\"font-size: 11px; line-height: normal; text-align: center;\"><span style=\"font-size: 10pt;\"><span style=\"font-family: tahoma, arial, helvetica, sans-serif;\">Modificaci\u00f3n de cr\u00e9ditos 2\/21<\/span><\/span><\/span><\/a><a href=\"https:\/\/alzira.es\/wp-content\/uploads\/2016\/02\/Modificacio_1_21.doc\" target=\"_blank\" rel=\"noopener\"><span style=\"font-size: 11px; line-height: normal; text-align: center;\"><span style=\"font-size: 10pt;\"><span style=\"font-family: tahoma, arial, helvetica, sans-serif;\"><\/span><\/span><\/span><\/a><\/td>\n<td><span style=\"color: #000000; font-family: tahoma, arial, helvetica, sans-serif; font-size: 13.3333px; line-height: normal; text-align: center;\">Transferencias de cr\u00e9ditos<\/span><\/td>\n<td>26-01-2021<\/td>\n<td><span style=\"color: #000000; font-family: tahoma, arial, helvetica, sans-serif; font-size: 13.3333px; line-height: normal; text-align: center;\">JGL<\/span><\/td>\n<td>&nbsp;<\/td>\n<\/tr>\n<tr>\n<td><a href=\"https:\/\/alzira.es\/wp-content\/uploads\/2016\/02\/Modificacio_1_21.doc\" target=\"_blank\" rel=\"noopener\"><span style=\"font-size: 11px; line-height: normal; text-align: center;\"><span style=\"font-size: 10pt;\"><span style=\"font-family: tahoma, arial, helvetica, sans-serif;\"><\/span><\/span><\/span><\/a><a href=\"https:\/\/alzira.es\/wp-content\/uploads\/2016\/02\/Modificacio_3_21.doc\" target=\"_blank\" rel=\"noopener\"><span style=\"font-size: 11px; line-height: normal; text-align: center;\"><span style=\"font-size: 10pt;\"><span style=\"font-family: tahoma, arial, helvetica, sans-serif;\">Modificaci\u00f3n de cr\u00e9ditos 3\/21<\/span><\/span><\/span><\/a><a href=\"https:\/\/alzira.es\/wp-content\/uploads\/2016\/02\/Modificacio_1_21.doc\" target=\"_blank\" rel=\"noopener\"><span style=\"font-size: 11px; line-height: normal; text-align: center;\"><span style=\"font-size: 10pt;\"><span style=\"font-family: tahoma, arial, helvetica, sans-serif;\"><\/span><\/span><\/span><\/a><\/td>\n<td><span style=\"color: #000000; font-family: tahoma, arial, helvetica, sans-serif; font-size: 13.3333px; line-height: normal; text-align: center;\">Generaciones de cr\u00e9ditos<\/span><\/td>\n<td>26-01-2021<\/td>\n<td><span style=\"color: #000000; font-family: tahoma, arial, helvetica, sans-serif; font-size: 13.3333px; line-height: normal; text-align: center;\">JGL<\/span><\/td>\n<td>&nbsp;<\/td>\n<\/tr>\n<tr>\n<td><a href=\"https:\/\/alzira.es\/wp-content\/uploads\/2016\/02\/Modificacio_4_21.doc\" target=\"_blank\" rel=\"noopener\"><span style=\"font-size: 11px; line-height: normal; text-align: center;\"><span style=\"font-size: 10pt;\"><span style=\"font-family: tahoma, arial, helvetica, sans-serif;\">Modificaci\u00f3n de cr\u00e9ditos 4\/21<\/span><\/span><\/span><\/a><a href=\"https:\/\/alzira.es\/wp-content\/uploads\/2016\/02\/Modificacio_1_21.doc\" target=\"_blank\" rel=\"noopener\"><span style=\"font-size: 11px; line-height: normal; text-align: center;\"><span style=\"font-size: 10pt;\"><span style=\"font-family: tahoma, arial, helvetica, sans-serif;\"><\/span><\/span><\/span><\/a><\/td>\n<td><span style=\"color: #000000; font-family: tahoma, arial, helvetica, sans-serif; font-size: 13.3333px; line-height: normal; text-align: center;\">Generaciones de cr\u00e9ditos<\/span><\/td>\n<td>26-01-2021<\/td>\n<td><span style=\"color: #000000; font-family: tahoma, arial, helvetica, sans-serif; font-size: 13.3333px; line-height: normal; text-align: center;\">JGL<\/span><\/td>\n<td>&nbsp;<\/td>\n<\/tr>\n<tr>\n<td><a href=\"https:\/\/alzira.es\/wp-content\/uploads\/2016\/02\/Modificacio_5_21.doc\" target=\"_blank\" rel=\"noopener\"><span style=\"font-size: 11px; line-height: normal; text-align: center;\"><span style=\"font-size: 10pt;\"><span style=\"font-family: tahoma, arial, helvetica, sans-serif;\">Modificaci\u00f3n de cr\u00e9ditos 5\/21<\/span><\/span><\/span><\/a><a href=\"https:\/\/alzira.es\/wp-content\/uploads\/2016\/02\/Modificacio_1_21.doc\" target=\"_blank\" rel=\"noopener\"><span style=\"font-size: 11px; line-height: normal; text-align: center;\"><span style=\"font-size: 10pt;\"><span style=\"font-family: tahoma, arial, helvetica, sans-serif;\"><\/span><\/span><\/span><\/a><\/td>\n<td><span style=\"color: #000000; font-family: tahoma, arial, helvetica, sans-serif; font-size: 13.3333px; line-height: normal; text-align: center;\">Generaciones de cr\u00e9ditos<\/span><\/td>\n<td>09-02-2021<\/td>\n<td><span style=\"color: #000000; font-family: tahoma, arial, helvetica, sans-serif; font-size: 13.3333px; line-height: normal; text-align: center;\">JGL<\/span><\/td>\n<td>&nbsp;<\/td>\n<\/tr>\n<tr>\n<td><a href=\"https:\/\/alzira.es\/wp-content\/uploads\/2016\/02\/Modificacio_6_21.doc\" target=\"_blank\" rel=\"noopener\"><span style=\"font-size: 11px; line-height: normal; text-align: center;\"><span style=\"font-size: 10pt;\"><span style=\"font-family: tahoma, arial, helvetica, sans-serif;\">Modificaci\u00f3n de cr\u00e9ditos 6\/21<\/span><\/span><\/span><\/a><a href=\"https:\/\/alzira.es\/wp-content\/uploads\/2016\/02\/Modificacio_1_21.doc\" target=\"_blank\" rel=\"noopener\"><span style=\"font-size: 11px; line-height: normal; text-align: center;\"><span style=\"font-size: 10pt;\"><span style=\"font-family: tahoma, arial, helvetica, sans-serif;\"><\/span><\/span><\/span><\/a><\/td>\n<td><span style=\"color: #000000; font-family: tahoma, arial, helvetica, sans-serif; font-size: 13.3333px; line-height: normal; text-align: center;\">Transferencias de cr\u00e9ditos<\/span><\/td>\n<td>09-02-2021<\/td>\n<td><span style=\"color: #000000; font-family: tahoma, arial, helvetica, sans-serif; font-size: 13.3333px; line-height: normal; text-align: center;\">JGL<\/span><\/td>\n<td>&nbsp;<\/td>\n<\/tr>\n<tr>\n<td><a href=\"https:\/\/alzira.es\/wp-content\/uploads\/2016\/02\/Modificacio_7_21.doc\" target=\"_blank\" rel=\"noopener\"><span style=\"font-size: 11px; line-height: normal; text-align: center;\"><span style=\"font-size: 10pt;\"><span style=\"font-family: tahoma, arial, helvetica, sans-serif;\">Modificaci\u00f3n de cr\u00e9ditos 7\/21<\/span><\/span><\/span><\/a><a href=\"https:\/\/alzira.es\/wp-content\/uploads\/2016\/02\/Modificacio_1_21.doc\" target=\"_blank\" rel=\"noopener\"><span style=\"font-size: 11px; line-height: normal; text-align: center;\"><span style=\"font-size: 10pt;\"><span style=\"font-family: tahoma, arial, helvetica, sans-serif;\"><\/span><\/span><\/span><\/a><\/td>\n<td><span style=\"color: #000000; font-family: tahoma, arial, helvetica, sans-serif; font-size: 13.3333px; line-height: normal; text-align: center;\">Incorporaciones de cr\u00e9ditos<\/span><\/td>\n<td>12-02-2021<\/td>\n<td><span style=\"color: #000000; font-family: tahoma, arial, helvetica, sans-serif; font-size: 13.3333px; line-height: normal; text-align: center;\">Decreto de Alcald\u00eda<\/span><\/td>\n<td>&nbsp;<\/td>\n<\/tr>\n<tr>\n<td><a href=\"https:\/\/alzira.es\/wp-content\/uploads\/2016\/02\/Modificacio_8_21.doc\" target=\"_blank\" rel=\"noopener\"><span style=\"font-size: 11px; line-height: normal; text-align: center;\"><span style=\"font-size: 10pt;\"><span style=\"font-family: tahoma, arial, helvetica, sans-serif;\">Modificaci\u00f3n de cr\u00e9ditos 8\/21<\/span><\/span><\/span><\/a><a href=\"https:\/\/alzira.es\/wp-content\/uploads\/2016\/02\/Modificacio_1_21.doc\" target=\"_blank\" rel=\"noopener\"><span style=\"font-size: 11px; line-height: normal; text-align: center;\"><span style=\"font-size: 10pt;\"><span style=\"font-family: tahoma, arial, helvetica, sans-serif;\"><\/span><\/span><\/span><\/a><\/td>\n<td><span style=\"color: #000000; font-family: tahoma, arial, helvetica, sans-serif; font-size: 13.3333px; line-height: normal; text-align: center;\">Incorporaciones de cr\u00e9ditos<\/span><\/td>\n<td>12-02-2021<\/td>\n<td><span style=\"color: #000000; font-family: tahoma, arial, helvetica, sans-serif; font-size: 13.3333px; line-height: normal; text-align: center;\">Decreto de Alcald\u00eda<\/span><\/td>\n<td>&nbsp;<\/td>\n<\/tr>\n<tr>\n<td><a href=\"https:\/\/alzira.es\/wp-content\/uploads\/2016\/02\/Modificacio_9_21.doc\" target=\"_blank\" rel=\"noopener\"><span style=\"font-size: 11px; line-height: normal; text-align: center;\"><span style=\"font-size: 10pt;\"><span style=\"font-family: tahoma, arial, helvetica, sans-serif;\">Modificaci\u00f3n de cr\u00e9ditos 9\/21<\/span><\/span><\/span><\/a><a href=\"https:\/\/alzira.es\/wp-content\/uploads\/2016\/02\/Modificacio_1_21.doc\" target=\"_blank\" rel=\"noopener\"><span style=\"font-size: 11px; line-height: normal; text-align: center;\"><span style=\"font-size: 10pt;\"><span style=\"font-family: tahoma, arial, helvetica, sans-serif;\"><\/span><\/span><\/span><\/a><\/td>\n<td><span style=\"color: #000000; font-family: tahoma, arial, helvetica, sans-serif; font-size: 13.3333px; line-height: normal; text-align: center;\">Transferencias de cr\u00e9ditos<\/span><\/td>\n<td>16-02-2021<\/td>\n<td><span style=\"color: #000000; font-family: tahoma, arial, helvetica, sans-serif; font-size: 13.3333px; line-height: normal; text-align: center;\">JGL<\/span><\/td>\n<td>&nbsp;<\/td>\n<\/tr>\n<tr>\n<td><a href=\"https:\/\/alzira.es\/wp-content\/uploads\/2016\/02\/Modificacio_10_21.doc\" target=\"_blank\" rel=\"noopener\"><span style=\"font-size: 11px; line-height: normal; text-align: center;\"><span style=\"font-size: 10pt;\"><span style=\"font-family: tahoma, arial, helvetica, sans-serif;\">Modificaci\u00f3n de cr\u00e9ditos 10\/21<\/span><\/span><\/span><\/a><a href=\"https:\/\/alzira.es\/wp-content\/uploads\/2016\/02\/Modificacio_1_21.doc\" target=\"_blank\" rel=\"noopener\"><span style=\"font-size: 11px; line-height: normal; text-align: center;\"><span style=\"font-size: 10pt;\"><span style=\"font-family: tahoma, arial, helvetica, sans-serif;\"><\/span><\/span><\/span><\/a><\/td>\n<td><span style=\"color: #000000; font-family: tahoma, arial, helvetica, sans-serif; font-size: 13.3333px; line-height: normal; text-align: center;\">Generaciones de cr\u00e9ditos<\/span><\/td>\n<td>16-02-2021<\/td>\n<td><span style=\"color: #000000; font-family: tahoma, arial, helvetica, sans-serif; font-size: 13.3333px; line-height: normal; text-align: center;\">JGL<\/span><\/td>\n<td>&nbsp;<\/td>\n<\/tr>\n<tr>\n<td><a href=\"https:\/\/alzira.es\/wp-content\/uploads\/2016\/02\/Modificacio_11_21.doc\" target=\"_blank\" rel=\"noopener\"><span style=\"font-size: 11px; line-height: normal; text-align: center;\"><span style=\"font-size: 10pt;\"><span style=\"font-family: tahoma, arial, helvetica, sans-serif;\">Modificaci\u00f3n de cr\u00e9ditos 11\/21<\/span><\/span><\/span><\/a><a href=\"https:\/\/alzira.es\/wp-content\/uploads\/2016\/02\/Modificacio_1_21.doc\" target=\"_blank\" rel=\"noopener\"><span style=\"font-size: 11px; line-height: normal; text-align: center;\"><span style=\"font-size: 10pt;\"><span style=\"font-family: tahoma, arial, helvetica, sans-serif;\"><\/span><\/span><\/span><\/a><\/td>\n<td><span style=\"color: #000000; font-family: tahoma, arial, helvetica, sans-serif; font-size: 13.3333px; line-height: normal; text-align: center;\">Transferencias de cr\u00e9ditos<\/span><\/td>\n<td>16-02-2021<\/td>\n<td><span style=\"color: #000000; font-family: tahoma, arial, helvetica, sans-serif; font-size: 13.3333px; line-height: normal; text-align: center;\">JGL<\/span><\/td>\n<td>&nbsp;<\/td>\n<\/tr>\n<tr>\n<td><a href=\"https:\/\/alzira.es\/wp-content\/uploads\/2016\/02\/Modificacio_12_21.doc\" target=\"_blank\" rel=\"noopener\"><span style=\"font-size: 11px; line-height: normal; text-align: center;\"><span style=\"font-size: 10pt;\"><span style=\"font-family: tahoma, arial, helvetica, sans-serif;\">Modificaci\u00f3n de cr\u00e9ditos 12\/21<\/span><\/span><\/span><\/a><a href=\"https:\/\/alzira.es\/wp-content\/uploads\/2016\/02\/Modificacio_1_21.doc\" target=\"_blank\" rel=\"noopener\"><span style=\"font-size: 11px; line-height: normal; text-align: center;\"><span style=\"font-size: 10pt;\"><span style=\"font-family: tahoma, arial, helvetica, sans-serif;\"><\/span><\/span><\/span><\/a><\/td>\n<td><span style=\"color: #000000; font-family: tahoma, arial, helvetica, sans-serif; font-size: 13.3333px; line-height: normal; text-align: center;\">Transferencias de cr\u00e9ditos<\/span><\/td>\n<td>18-02-2021<\/td>\n<td><span style=\"color: #000000; font-family: tahoma, arial, helvetica, sans-serif; font-size: 13.3333px; line-height: normal; text-align: center;\">JGL<\/span><\/td>\n<td>&nbsp;<\/td>\n<\/tr>\n<tr>\n<td><a href=\"https:\/\/alzira.es\/wp-content\/uploads\/2016\/02\/Modificacio_13_21.doc\" target=\"_blank\" rel=\"noopener\"><span style=\"font-size: 11px; line-height: normal; text-align: center;\"><span style=\"font-size: 10pt;\"><span style=\"font-family: tahoma, arial, helvetica, sans-serif;\">Modificaci\u00f3n de cr\u00e9ditos 13\/21<\/span><\/span><\/span><\/a><a href=\"https:\/\/alzira.es\/wp-content\/uploads\/2016\/02\/Modificacio_1_21.doc\" target=\"_blank\" rel=\"noopener\"><span style=\"font-size: 11px; line-height: normal; text-align: center;\"><span style=\"font-size: 10pt;\"><span style=\"font-family: tahoma, arial, helvetica, sans-serif;\"><\/span><\/span><\/span><\/a><\/td>\n<td><span style=\"color: #000000; font-family: tahoma, arial, helvetica, sans-serif; font-size: 13.3333px; line-height: normal; text-align: center;\">Generaciones de cr\u00e9ditos<\/span><\/td>\n<td>18-02-2021<\/td>\n<td><span style=\"color: #000000; font-family: tahoma, arial, helvetica, sans-serif; font-size: 13.3333px; line-height: normal; text-align: center;\">JGL<\/span><\/td>\n<td>&nbsp;<\/td>\n<\/tr>\n<tr>\n<td><a href=\"https:\/\/alzira.es\/wp-content\/uploads\/2016\/02\/Modificacio_14_21.doc\" target=\"_blank\" rel=\"noopener\"><span style=\"font-size: 11px; line-height: normal; text-align: center;\"><span style=\"font-size: 10pt;\"><span style=\"font-family: tahoma, arial, helvetica, sans-serif;\">Modificaci\u00f3n de cr\u00e9ditos 14\/21<\/span><\/span><\/span><\/a><a href=\"https:\/\/alzira.es\/wp-content\/uploads\/2016\/02\/Modificacio_1_21.doc\" target=\"_blank\" rel=\"noopener\"><span style=\"font-size: 11px; line-height: normal; text-align: center;\"><span style=\"font-size: 10pt;\"><span style=\"font-family: tahoma, arial, helvetica, sans-serif;\"><\/span><\/span><\/span><\/a><\/td>\n<td><span style=\"color: #000000; font-family: tahoma, arial, helvetica, sans-serif; font-size: 13.3333px; line-height: normal; text-align: center;\">Cr\u00e9ditos extraordinarios y suplementos de cr\u00e9ditos<\/span><\/td>\n<td>24-02-2021<\/td>\n<td><span style=\"color: #000000; font-family: tahoma, arial, helvetica, sans-serif; font-size: 13.3333px; line-height: normal; text-align: center;\">Pleno<\/span><\/td>\n<td><a href=\"https:\/\/alzira.es\/wp-content\/uploads\/2016\/02\/Edicte_aprovacio_definitiva_mc1421.pdf\" target=\"_blank\" rel=\"noopener\">26-03-2021<\/a><\/td>\n<\/tr>\n<tr>\n<td><a href=\"https:\/\/alzira.es\/wp-content\/uploads\/2016\/02\/Modificacio_15_21.doc\" target=\"_blank\" rel=\"noopener\"><span style=\"font-size: 11px; line-height: normal; text-align: center;\"><span style=\"font-size: 10pt;\"><span style=\"font-family: tahoma, arial, helvetica, sans-serif;\">Modificaci\u00f3n de cr\u00e9ditos 15\/21<\/span><\/span><\/span><\/a><a href=\"https:\/\/alzira.es\/wp-content\/uploads\/2016\/02\/Modificacio_14_21.doc\" target=\"_blank\" rel=\"noopener\"><span style=\"font-size: 11px; line-height: normal; text-align: center;\"><span style=\"font-size: 10pt;\"><span style=\"font-family: tahoma, arial, helvetica, sans-serif;\"><\/span><\/span><\/span><\/a><\/td>\n<td><span style=\"color: #000000; font-family: tahoma, arial, helvetica, sans-serif; font-size: 13.3333px; line-height: normal; text-align: center;\">Transferencias de cr\u00e9ditos<\/span><\/td>\n<td>23-02-2021<\/td>\n<td><span style=\"color: #000000; font-family: tahoma, arial, helvetica, sans-serif; font-size: 13.3333px; line-height: normal; text-align: center;\">JGL<\/span><\/td>\n<td>&nbsp;<\/td>\n<\/tr>\n<tr>\n<td><a href=\"https:\/\/alzira.es\/wp-content\/uploads\/2016\/02\/Modificacio_16_21.doc\" target=\"_blank\" rel=\"noopener\"><span style=\"font-size: 11px; line-height: normal; text-align: center;\"><span style=\"font-size: 10pt;\"><span style=\"font-family: tahoma, arial, helvetica, sans-serif;\">Modificaci\u00f3n de cr\u00e9ditos 16\/21<\/span><\/span><\/span><\/a><\/td>\n<td><span style=\"color: #000000; font-family: tahoma, arial, helvetica, sans-serif; font-size: 13.3333px; line-height: normal; text-align: center;\">Transferencias de cr\u00e9ditos<\/span><\/td>\n<td>02-03-2021<\/td>\n<td><span style=\"color: #000000; font-family: tahoma, arial, helvetica, sans-serif; font-size: 13.3333px; line-height: normal; text-align: center;\">JGL<\/span><\/td>\n<td>&nbsp;<\/td>\n<\/tr>\n<tr>\n<td><a href=\"https:\/\/alzira.es\/wp-content\/uploads\/2016\/02\/Modificacio_17_21.doc\" target=\"_blank\" rel=\"noopener\"><span style=\"font-size: 11px; line-height: normal; text-align: center;\"><span style=\"font-size: 10pt;\"><span style=\"font-family: tahoma, arial, helvetica, sans-serif;\">Modificaci\u00f3n de cr\u00e9ditos 17\/21<\/span><\/span><\/span><\/a><\/td>\n<td><span style=\"color: #000000; font-family: tahoma, arial, helvetica, sans-serif; font-size: 13.3333px; line-height: normal; text-align: center;\">Generaciones de cr\u00e9ditos<\/span><\/td>\n<td>09-03-2021<\/td>\n<td><span style=\"color: #000000; font-family: tahoma, arial, helvetica, sans-serif; font-size: 13.3333px; line-height: normal; text-align: center;\">JGL<\/span><\/td>\n<td>&nbsp;<\/td>\n<\/tr>\n<tr>\n<td><a href=\"https:\/\/alzira.es\/wp-content\/uploads\/2016\/02\/Modificacio_18_21.doc\" target=\"_blank\" rel=\"noopener\"><span style=\"font-size: 11px; line-height: normal; text-align: center;\"><span style=\"font-size: 10pt;\"><span style=\"font-family: tahoma, arial, helvetica, sans-serif;\">Modificaci\u00f3n de cr\u00e9ditos 18\/21<\/span><\/span><\/span><\/a><\/td>\n<td><span style=\"color: #000000; font-family: tahoma, arial, helvetica, sans-serif; font-size: 13.3333px; line-height: normal; text-align: center;\">Transferencias de cr\u00e9ditos<\/span><\/td>\n<td>09-03-2021<\/td>\n<td><span style=\"color: #000000; font-family: tahoma, arial, helvetica, sans-serif; font-size: 13.3333px; line-height: normal; text-align: center;\">JGL<\/span><\/td>\n<td>&nbsp;<\/td>\n<\/tr>\n<tr>\n<td><a href=\"https:\/\/alzira.es\/wp-content\/uploads\/2016\/02\/Modificacio_19_21.doc\" target=\"_blank\" rel=\"noopener\"><span style=\"font-size: 11px; line-height: normal; text-align: center;\"><span style=\"font-size: 10pt;\"><span style=\"font-family: tahoma, arial, helvetica, sans-serif;\">Modificaci\u00f3n de cr\u00e9ditos 19\/21<\/span><\/span><\/span><\/a><\/td>\n<td><span style=\"color: #000000; font-family: tahoma, arial, helvetica, sans-serif; font-size: 13.3333px; line-height: normal; text-align: center;\">Generaciones de cr\u00e9ditos<\/span><\/td>\n<td>18-03-2021<\/td>\n<td><span style=\"color: #000000; font-family: tahoma, arial, helvetica, sans-serif; font-size: 13.3333px; line-height: normal; text-align: center;\">JGL<\/span><\/td>\n<td>&nbsp;<\/td>\n<\/tr>\n<tr>\n<td><a href=\"https:\/\/alzira.es\/wp-content\/uploads\/2016\/02\/Modificacio_20_21.doc\" target=\"_blank\" rel=\"noopener\"><span style=\"font-size: 11px; line-height: normal; text-align: center;\"><span style=\"font-size: 10pt;\"><span style=\"font-family: tahoma, arial, helvetica, sans-serif;\">Modificaci\u00f3n de cr\u00e9ditos 20\/21<\/span><\/span><\/span><\/a><\/td>\n<td><span style=\"color: #000000; font-family: tahoma, arial, helvetica, sans-serif; font-size: 13.3333px; line-height: normal; text-align: center;\">Transferencias de cr\u00e9ditos<\/span><\/td>\n<td>18-03-2021<\/td>\n<td><span style=\"color: #000000; font-family: tahoma, arial, helvetica, sans-serif; font-size: 13.3333px; line-height: normal; text-align: center;\">JGL<\/span><\/td>\n<td>&nbsp;<\/td>\n<\/tr>\n<\/tbody>\n<\/table>\n<p>&nbsp;<\/p>\n<p>&nbsp;<\/p>\n<p>&nbsp;<\/p>\n<p>&nbsp;<\/p>\n<p>&nbsp;<\/p>\n<p>&nbsp;<\/p>\n<p>&nbsp;<\/p>\n<p>&nbsp;<\/p>\n<p>&nbsp;<\/p>\n<p>&nbsp;<\/p>\n<p>&nbsp;<\/p>\n<p>&nbsp;<\/p>\n<p>&nbsp;<\/p>\n<p><span style=\"font-size: 14.4px; line-height: 1.6;\">&nbsp;<\/span><\/p>\n","protected":false},"excerpt":{"rendered":"<p>&nbsp; Expediente Tipo Fecha \u00d3rgano Publicaci\u00f3n BOPV Modificaci\u00f3n de cr\u00e9ditos 1\/21 Generaciones de cr\u00e9ditos 19-01-2021 JGL &nbsp; Modificaci\u00f3n de cr\u00e9ditos 2\/21 Transferencias de cr\u00e9ditos 26-01-2021 JGL &nbsp; Modificaci\u00f3n de cr\u00e9ditos 3\/21 Generaciones de cr\u00e9ditos 26-01-2021 JGL &nbsp; Modificaci\u00f3n de cr\u00e9ditos 4\/21 Generaciones de cr\u00e9ditos 26-01-2021 JGL &nbsp; Modificaci\u00f3n de cr\u00e9ditos 5\/21 Generaciones de cr\u00e9ditos 09-02-2021 &hellip; <\/p>\n<p class=\"link-more\"><a href=\"https:\/\/alzira.es\/es\/servicios-municipales\/economia-y-recaudacion\/intervencion-cas-no\/modificaciones-cas-no\/modificaciones-2021-cas-no\/\" class=\"more-link\">Continuar leyendo<span class=\"screen-reader-text\"> \u00abModificaciones 2021-cas-no\u00bb<\/span><\/a><\/p>\n","protected":false},"author":12,"featured_media":0,"parent":8314,"menu_order":0,"comment_status":"closed","ping_status":"closed","template":"","meta":{"_acf_changed":false,"footnotes":""},"class_list":["post-53491","page","type-page","status-publish","hentry"],"acf":[],"_links":{"self":[{"href":"https:\/\/alzira.es\/es\/wp-json\/wp\/v2\/pages\/53491","targetHints":{"allow":["GET"]}}],"collection":[{"href":"https:\/\/alzira.es\/es\/wp-json\/wp\/v2\/pages"}],"about":[{"href":"https:\/\/alzira.es\/es\/wp-json\/wp\/v2\/types\/page"}],"author":[{"embeddable":true,"href":"https:\/\/alzira.es\/es\/wp-json\/wp\/v2\/users\/12"}],"replies":[{"embeddable":true,"href":"https:\/\/alzira.es\/es\/wp-json\/wp\/v2\/comments?post=53491"}],"version-history":[{"count":2,"href":"https:\/\/alzira.es\/es\/wp-json\/wp\/v2\/pages\/53491\/revisions"}],"predecessor-version":[{"id":113004,"href":"https:\/\/alzira.es\/es\/wp-json\/wp\/v2\/pages\/53491\/revisions\/113004"}],"up":[{"embeddable":true,"href":"https:\/\/alzira.es\/es\/wp-json\/wp\/v2\/pages\/8314"}],"wp:attachment":[{"href":"https:\/\/alzira.es\/es\/wp-json\/wp\/v2\/media?parent=53491"}],"curies":[{"name":"wp","href":"https:\/\/api.w.org\/{rel}","templated":true}]}}