{"id":52511,"date":"2020-11-20T10:18:06","date_gmt":"2020-11-20T09:18:06","guid":{"rendered":"https:\/\/alzira.es\/tramites-3\/"},"modified":"2021-09-01T08:41:03","modified_gmt":"2021-09-01T06:41:03","slug":"tramites-urbanismo","status":"publish","type":"page","link":"https:\/\/alzira.es\/es\/servicios-municipales\/urbanismo-e-infraestructuras\/tramites-urbanismo\/","title":{"rendered":"Tr\u00e1mites Urbanismo"},"content":{"rendered":"\n<p>En este apartado encontrar\u00e1 los principales tr\u00e1mites del \u00e1rea de Urbanismo e Infraestructuras que el Ayuntamiento pone a su disposici\u00f3n en el Oficina Virtual de Tr\u00e1mites al alcance de ciudadanos y empresas, para que pueda realizar las gestiones telem\u00e1ticamente. Sin embargo, algunos de estos tr\u00e1mites y gestiones hay que hacerlos o finalizar de manera presencial. Encontrar\u00e1 toda la informaci\u00f3n necesaria en los enlaces. <\/p>\n\n\n\n<p><a href=\"https:\/\/sedeelectronica.alzira.es\/alzira_vpm\/index.php\/val\/seu-electronica\" target=\"_blank\" rel=\"noopener\"><img fetchpriority=\"high\" decoding=\"async\" width=\"800\" height=\"111\" class=\" size-full wp-image-52501\" src=\"https:\/\/alzira.es\/wp-content\/uploads\/2020\/11\/administracion_24_horas.jpg\" alt=\"administracion 24 horas\"><\/a> <\/p>\n\n\n\n<h2 class=\"has-text-align-center wp-block-heading\"><strong><a href=\"https:\/\/alzira.es\/wp-content\/uploads\/2020\/11\/ORDENANZA-Licencias-Urbanisticas.pdf\" target=\"_blank\" rel=\"noopener\">Consulta \u00a0Ordenanza\u00a0 Urban\u00edstica<\/a> <\/strong><\/h2>\n\n\n\n<h2 class=\"wp-block-heading\">Obras<\/h2>\n\n\n\n<p> El Ayuntamiento de Alzira ofrece la posibilidad de tramitar los expedientes de obras de forma telem\u00e1tica, gracias al despliegue de un expediente electr\u00f3nico.\u00a0 Se re<span style=\"font-family: 'Source Sans Pro', sans-serif; font-size: 14.4px;\">querir\u00e1 al ciudadano disponer de certificado digital, y del proyecto o documentaci\u00f3n t\u00e9cnica de las obras en formato electr\u00f3nico. <\/span><\/p>\n\n\n\n<h2 class=\"wp-block-heading\">Actividades<\/h2>\n\n\n\n<p><span style=\"font-family: 'Source Sans Pro', sans-serif; font-size: 14.4px;\"> En este apartado encontrareis todos los tr\u00e1mites asociados a la implantaci\u00f3n de Nuevas Actividades as\u00ed como los tr\u00e1mites relacionados con los expedientes de Actividades ya existentes que el Ayuntamiento pone a vuestra disposici\u00f3n en el\u00a0<\/span><span style=\"margin: 0px; padding: 0px; font-style: inherit; border: 0px; font-size: 14.4px; line-height: inherit; font-family: 'Source Sans Pro', sans-serif; vertical-align: baseline;\">Portal de Tr\u00e1mites.<\/span><\/p>\n\n\n\n<p><\/p>\n\n\n\n<h2 class=\"wp-block-heading\">Parcelaciones y Otras<\/h2>\n\n\n\n<p>\u00a0<span style=\"font-family: 'Source Sans Pro', sans-serif; font-size: 14.4px;\">En este apartado encontrareis todos los tr\u00e1mites de Licencias Urban\u00edsticas que el Ayuntamiento pone a vuestro alcance en el\u00a0<\/span><span style=\"margin: 0px; padding: 0px; font-style: inherit; border: 0px; font-size: 14.4px; line-height: inherit; font-family: 'Source Sans Pro', sans-serif; vertical-align: baseline;\">Portal de tr\u00e1mites<\/span><span style=\"font-family: 'Source Sans Pro', sans-serif; font-size: 14.4px;\">\u00a0para poder hacer gestiones\u00a0 c\u00f3mo Parcelacion, Segregaci\u00f3n,\u00a0 Division Horizontal,\u00a0 y Otros<\/span><\/p>\n\n\n\n<p><\/p>\n\n\n\n<h2 class=\"wp-block-heading\">Tramitaci\u00f3n electr\u00f3nica de Licencias de Obras y Declaraciones Responsables<\/h2>\n\n\n\n<p>\u00a0<span style=\"font-family: arial, helvetica, sans-serif; font-size: 12pt;\">El Ayuntamiento de Alzira ofrece la posibilidad de tramitar los expedientes de obras de forma telem\u00e1tica, gracias al despliegue de un expediente electr\u00f3nico. Se requerir\u00e1 al ciudadano disponer de certificado digital, y del proyecto o documentaci\u00f3n t\u00e9cnica de las obras en formato electr\u00f3nico.\u00a0<\/span><\/p>\n\n\n\n<p><\/p>\n\n\n\n<h2 class=\"wp-block-heading\">Tr\u00e1mites de Actividades<\/h2>\n\n\n\n<p>En este apartado encontrareis todos los tr\u00e1mites asociados a la implantaci\u00f3n de Nuevas Actividades as\u00ed como los tr\u00e1mites relacionados con los expedientes de Actividades ya existentes que el Ayuntamiento pone a vuestra disposici\u00f3n en el Portal de Tr\u00e1mites.<\/p>\n\n\n\n<p><\/p>\n\n\n\n<h2 class=\"wp-block-heading\">Tr\u00e1mites de Licencias Urban\u00edsticas<\/h2>\n\n\n\n<p>En este apartado encontrareis todos los tr\u00e1mites de Licencias Urban\u00edsticas que el Ayuntamiento pone a vuestro alcance en el Portal de tr\u00e1mites para poder hacer gestiones&nbsp; c\u00f3mo Parcelacion, Segregaci\u00f3n, Division Horizontal y Otros.<\/p>\n","protected":false},"excerpt":{"rendered":"<p>En este apartado encontrar\u00e1 los principales tr\u00e1mites del \u00e1rea de Urbanismo e Infraestructuras que el Ayuntamiento pone a su disposici\u00f3n en el Oficina Virtual de Tr\u00e1mites al alcance de ciudadanos y empresas, para que pueda realizar las gestiones telem\u00e1ticamente. Sin embargo, algunos de estos tr\u00e1mites y gestiones hay que hacerlos o finalizar de manera presencial. &hellip; <\/p>\n<p class=\"link-more\"><a href=\"https:\/\/alzira.es\/es\/servicios-municipales\/urbanismo-e-infraestructuras\/tramites-urbanismo\/\" class=\"more-link\">Continuar leyendo<span class=\"screen-reader-text\"> \u00abTr\u00e1mites Urbanismo\u00bb<\/span><\/a><\/p>\n","protected":false},"author":16,"featured_media":0,"parent":87644,"menu_order":5,"comment_status":"closed","ping_status":"closed","template":"","meta":{"_acf_changed":false,"footnotes":""},"class_list":["post-52511","page","type-page","status-publish","hentry"],"acf":[],"_links":{"self":[{"href":"https:\/\/alzira.es\/es\/wp-json\/wp\/v2\/pages\/52511","targetHints":{"allow":["GET"]}}],"collection":[{"href":"https:\/\/alzira.es\/es\/wp-json\/wp\/v2\/pages"}],"about":[{"href":"https:\/\/alzira.es\/es\/wp-json\/wp\/v2\/types\/page"}],"author":[{"embeddable":true,"href":"https:\/\/alzira.es\/es\/wp-json\/wp\/v2\/users\/16"}],"replies":[{"embeddable":true,"href":"https:\/\/alzira.es\/es\/wp-json\/wp\/v2\/comments?post=52511"}],"version-history":[{"count":1,"href":"https:\/\/alzira.es\/es\/wp-json\/wp\/v2\/pages\/52511\/revisions"}],"predecessor-version":[{"id":87755,"href":"https:\/\/alzira.es\/es\/wp-json\/wp\/v2\/pages\/52511\/revisions\/87755"}],"up":[{"embeddable":true,"href":"https:\/\/alzira.es\/es\/wp-json\/wp\/v2\/pages\/87644"}],"wp:attachment":[{"href":"https:\/\/alzira.es\/es\/wp-json\/wp\/v2\/media?parent=52511"}],"curies":[{"name":"wp","href":"https:\/\/api.w.org\/{rel}","templated":true}]}}