{"id":52066,"date":"2020-10-21T13:32:32","date_gmt":"2020-10-21T11:32:32","guid":{"rendered":"https:\/\/alzira.es\/plan-de-accion\/"},"modified":"2022-01-17T13:32:45","modified_gmt":"2022-01-17T12:32:45","slug":"plan-de-accion-cas-no","status":"publish","type":"page","link":"https:\/\/alzira.es\/es\/servicios-municipales\/economia-y-recaudacion\/intervencion-cas-no\/control-interno-cas-no\/plan-de-accion-cas-no\/","title":{"rendered":"Plan de acci\u00f3n-cas-no"},"content":{"rendered":"\n<p><span style=\"font-size: 10pt; line-height: 107%; font-family: 'Arial', 'sans-serif';\">De conformidad con el art\u00edculo 38 del Real Decreto 424\/2017, de 28 de abril, que regula el r\u00e9gimen jur\u00eddico del control interno en las entidades locales, el alcalde debe formalizar un plan de acci\u00f3n que determine las medidas a adoptar para subsanar las debilidades, deficiencias, errores e incumplimientos que se pusieron de manifiesto en el informe resumen anual con las conclusiones del control interno que elabor\u00f3 el interventor correspondiente a los ejercicios 2018 y 2019. El plazo para su elaboraci\u00f3n es de tres meses desde el 30 de junio de 2020, fecha en que se remiti\u00f3 al Pleno el informe resumen. Dicho plan de acci\u00f3n deber\u00e1 contemplar, al menos, los siguientes aspectos:<\/span><\/p>\n\n\n\n<ul class=\"wp-block-list\"><li><span style=\"font-size: 10pt; line-height: 107%; font-family: 'Arial', 'sans-serif';\">Las medidas correctivas y preventivas a implementar para subsanar las debilidades, deficiencias, errores e incumplimientos que se hayan puesto de manifiesto en el informe resumen<\/span><\/li><li><span style=\"font-size: 10pt; line-height: 107%; font-family: 'Arial', 'sans-serif';\">Los responsables de su aplicaci\u00f3n<\/span><\/li><li><span style=\"font-size: 10pt; line-height: 107%; font-family: 'Arial', 'sans-serif';\">El calendario de implementaci\u00f3n<\/span><\/li><\/ul>\n\n\n\n<p><span style=\"font-size: 10pt; line-height: 107%; font-family: 'Arial', 'sans-serif';\">El alcalde es el competente para aprobar el plan de acci\u00f3n, en virtud de las atribuciones conferidas por los art\u00edculos 21 de la Ley 7\/1985, reguladora de las bases de r\u00e9gimen local y del art\u00edculo 38 del Real Decreto 424\/2017, de 28 de abril, y deber\u00e1 ser remitido al interventor municipal para que valore su adecuaci\u00f3n con la finalidad de solventar las deficiencias se\u00f1aladas en su informe resumen del control interno y, en su caso, los resultados obtenidos. Del mismo, se dar\u00e1 cuenta al Pleno de la corporaci\u00f3n y a la Intervenci\u00f3n General de la Administraci\u00f3n del Estado.<\/span><\/p>\n\n\n\n<p>&nbsp;<\/p>\n\n\n\n<figure class=\"wp-block-table\"><table><tbody><tr><td><a href=\"https:\/\/alzira.es\/wp-content\/uploads\/2013\/11\/Plan_accion_2020.pdf\" target=\"_blank\" rel=\"noopener\">Plan de acci\u00f3n 2020<\/a><\/td><td>&nbsp;<\/td><\/tr><\/tbody><\/table><\/figure>\n","protected":false},"excerpt":{"rendered":"<p>De conformidad con el art\u00edculo 38 del Real Decreto 424\/2017, de 28 de abril, que regula el r\u00e9gimen jur\u00eddico del control interno en las entidades locales, el alcalde debe formalizar un plan de acci\u00f3n que determine las medidas a adoptar para subsanar las debilidades, deficiencias, errores e incumplimientos que se pusieron de manifiesto en el &hellip; <\/p>\n<p class=\"link-more\"><a href=\"https:\/\/alzira.es\/es\/servicios-municipales\/economia-y-recaudacion\/intervencion-cas-no\/control-interno-cas-no\/plan-de-accion-cas-no\/\" class=\"more-link\">Continuar leyendo<span class=\"screen-reader-text\"> \u00abPlan de acci\u00f3n-cas-no\u00bb<\/span><\/a><\/p>\n","protected":false},"author":37,"featured_media":0,"parent":51774,"menu_order":2,"comment_status":"closed","ping_status":"closed","template":"","meta":{"_acf_changed":false,"footnotes":""},"class_list":["post-52066","page","type-page","status-publish","hentry"],"acf":[],"_links":{"self":[{"href":"https:\/\/alzira.es\/es\/wp-json\/wp\/v2\/pages\/52066","targetHints":{"allow":["GET"]}}],"collection":[{"href":"https:\/\/alzira.es\/es\/wp-json\/wp\/v2\/pages"}],"about":[{"href":"https:\/\/alzira.es\/es\/wp-json\/wp\/v2\/types\/page"}],"author":[{"embeddable":true,"href":"https:\/\/alzira.es\/es\/wp-json\/wp\/v2\/users\/37"}],"replies":[{"embeddable":true,"href":"https:\/\/alzira.es\/es\/wp-json\/wp\/v2\/comments?post=52066"}],"version-history":[{"count":2,"href":"https:\/\/alzira.es\/es\/wp-json\/wp\/v2\/pages\/52066\/revisions"}],"predecessor-version":[{"id":111769,"href":"https:\/\/alzira.es\/es\/wp-json\/wp\/v2\/pages\/52066\/revisions\/111769"}],"up":[{"embeddable":true,"href":"https:\/\/alzira.es\/es\/wp-json\/wp\/v2\/pages\/51774"}],"wp:attachment":[{"href":"https:\/\/alzira.es\/es\/wp-json\/wp\/v2\/media?parent=52066"}],"curies":[{"name":"wp","href":"https:\/\/api.w.org\/{rel}","templated":true}]}}