{"id":520,"date":"2010-12-07T14:27:09","date_gmt":"2010-12-07T13:27:09","guid":{"rendered":"https:\/\/alzira.es\/alrededores\/"},"modified":"2021-08-30T14:09:54","modified_gmt":"2021-08-30T12:09:54","slug":"alrededores","status":"publish","type":"page","link":"https:\/\/alzira.es\/es\/servicios-municipales\/museo-patrimonio-y-turismo\/turismo\/alrededores\/","title":{"rendered":"Alrededores"},"content":{"rendered":"\n<p><strong>CRUZ CUBIERTA, PUENTE RIU ULLS, VIA AUGUSTA y CAMINO DE SANTIAGO DE LEVANTE<\/strong>. CV-42. Alzira-Algemes\u00ed, cruz de t\u00e9rmino (BIC), estilo g\u00f3tico-mud\u00e9jar, restaurada en 1962. A escasos metros, en el antiguo camino de Valencia, est\u00e1 el sendero V\u00eda Augusta y un fragmento representado de la calzada. Este mismo trazado es el Camino de Santiago de Levante GR-239. Al lado se encuentra el puente de Carlos I sobre el R\u00edo Verde.<\/p>\n\n\n\n<p><strong>COTONERA<\/strong>. Almac\u00e9n de naranjas de estilo modernista construido en 1912. M\u00e1s tarde alberg\u00f3 una f\u00e1brica de hilaturas y hoy una sala de banquetes.<\/p>\n\n\n\n<p><strong>MUNTANYETA SANT SALVADOR Y REAL SANTUARIO DE SANTA MAR\u00cdA DEL LLUCH<\/strong>. El templo, que los alzire\u00f1os levantaron entre 1927 y 1966 en honor de la patrona de la ciudad, se alza en la cumbre de la Muntanyeta de Sant Salvador, balc\u00f3n natural de la Ribera. En 2009 ha sido agregado a la Bas\u00edlica de Santa Mar\u00eda la Mayor de Roma. En la parte central del presbiterio de la iglesia se ubica el camar\u00edn donde se custodia la Virgen titular. La escultura fue tallada por el imaginero valenciano Antonio Ballester en 1940 en sustituci\u00f3n de la antigua imagen desaparecida durante la Guerra Civil. En la explanada existe una cruz monumental de hierro de 1901, y a un lado del edificio el monumento de Vicente Blasco Ib\u00e1\u00f1ez.<\/p>\n\n\n\n<p>El <strong>Paraje Natural Municipal de la Murta y la Casella<\/strong>, un lugar de visita obligada para los amantes del senderismo.<\/p>\n\n\n\n<p><strong>VALLE DE LA MURTA, RUINAS DEL MONASTERIO (BIC) Y PAS DEL POBRE<\/strong>. Exuberante paraje de frondosos bosques, donde se encuentran las hist\u00f3ricas ruinas del monasterio Jer\u00f3nimo de Nuestra Se\u00f1ora de la Murta. Las obras del antiguo monasterio se iniciaron en 1357 y se retomaron en 1401, y fue desamortizado en 1835. De todo el conjunto destaca la Torre de las Palomas. A lo largo de su historia ha sido meta de peregrinaciones, visitado por destacadas personalidades. En su entorno, hay una casona del siglo XIX que cuenta con un hermoso jard\u00edn, tambi\u00e9n existe una almazara, nevero, ermita rupestre, acueducto y balsas. En la zona se puede practicar el senderismo en las siguientes rutas: PR-CV 334 la Creu del Cardenal; PR-CV 335 Cavall Bernat; SL-CV 81 Senda Bot\u00e1nica; SL-CV 82 Senda Hist\u00f3rica y GR-236 La Ruta de los Monasterios &#8211; Pas del Pobre, que une los monasterios de Cotalba (Alfauir), Corpus Crhisti (Llutxent), Santa Mar\u00eda de la Valldigna (Simat), Santa Maria d\u2019Aig\u00fces Vives (Carcaixent) y la Murta.<\/p>\n\n\n\n<p><strong>VALLE DE LA CASELLA<\/strong>. Se encuentra entre las sierras de la Murta, el Cavall y Les Agulles. El valle se caracteriza por sus espectaculares relieves monta\u00f1osos donde se alternan las cimas de Les Agulles, Les Creus, La Ratlla con los rec\u00f3nditos altiplanos del Pla del Barber y el Pla de Simetes. A sus atractivos paisaj\u00edsticos, de impresionantes vistas de la costa y el interior, se suman numerosas fuentes y la reserva de ciervos. A la Casella se puede llegar desde Alzira siguiendo el PR-CV 303; recorrer las cimas por el PR-CV 304 Pic de la Ratlla, i enlazar con el PR-CV 38.<\/p>\n\n\n\n<p><strong>VALLE DE AGUAS VIVAS<\/strong>. Se enmarca entre la sierra de Les Agulles y las monta\u00f1as del Realenc y del Convent. Desde antiguo l\u2019Estret y el Portixol han sido los pasos naturales entre la Ribera y la Valldigna. En el entorno se enmarca el convento agustino de Aig\u00fces Vives, el pueblo de la Barraca, sus parajes, con fuentes, senderos y urbanizaciones. Todo ello hace de \u00e9l un lugar excepcional para el descanso, a tan s\u00f3lo 15 minutos de la playa.<\/p>\n\n\n\n<p><\/p>\n","protected":false},"excerpt":{"rendered":"<p>CRUZ CUBIERTA, PUENTE RIU ULLS, VIA AUGUSTA y CAMINO DE SANTIAGO DE LEVANTE. CV-42. Alzira-Algemes\u00ed, cruz de t\u00e9rmino (BIC), estilo g\u00f3tico-mud\u00e9jar, restaurada en 1962. A escasos metros, en el antiguo camino de Valencia, est\u00e1 el sendero V\u00eda Augusta y un fragmento representado de la calzada. Este mismo trazado es el Camino de Santiago de Levante &hellip; <\/p>\n<p class=\"link-more\"><a href=\"https:\/\/alzira.es\/es\/servicios-municipales\/museo-patrimonio-y-turismo\/turismo\/alrededores\/\" class=\"more-link\">Continuar leyendo<span class=\"screen-reader-text\"> \u00abAlrededores\u00bb<\/span><\/a><\/p>\n","protected":false},"author":29,"featured_media":0,"parent":508,"menu_order":0,"comment_status":"closed","ping_status":"closed","template":"","meta":{"_acf_changed":false,"footnotes":""},"class_list":["post-520","page","type-page","status-publish","hentry"],"acf":[],"_links":{"self":[{"href":"https:\/\/alzira.es\/es\/wp-json\/wp\/v2\/pages\/520","targetHints":{"allow":["GET"]}}],"collection":[{"href":"https:\/\/alzira.es\/es\/wp-json\/wp\/v2\/pages"}],"about":[{"href":"https:\/\/alzira.es\/es\/wp-json\/wp\/v2\/types\/page"}],"author":[{"embeddable":true,"href":"https:\/\/alzira.es\/es\/wp-json\/wp\/v2\/users\/29"}],"replies":[{"embeddable":true,"href":"https:\/\/alzira.es\/es\/wp-json\/wp\/v2\/comments?post=520"}],"version-history":[{"count":2,"href":"https:\/\/alzira.es\/es\/wp-json\/wp\/v2\/pages\/520\/revisions"}],"predecessor-version":[{"id":86380,"href":"https:\/\/alzira.es\/es\/wp-json\/wp\/v2\/pages\/520\/revisions\/86380"}],"up":[{"embeddable":true,"href":"https:\/\/alzira.es\/es\/wp-json\/wp\/v2\/pages\/508"}],"wp:attachment":[{"href":"https:\/\/alzira.es\/es\/wp-json\/wp\/v2\/media?parent=520"}],"curies":[{"name":"wp","href":"https:\/\/api.w.org\/{rel}","templated":true}]}}