{"id":514,"date":"2010-12-07T13:46:17","date_gmt":"2010-12-07T12:46:17","guid":{"rendered":"https:\/\/alzira.es\/como-llegar\/"},"modified":"2021-09-03T15:25:22","modified_gmt":"2021-09-03T13:25:22","slug":"como-llegar","status":"publish","type":"page","link":"https:\/\/alzira.es\/es\/servicios-municipales\/museo-patrimonio-y-turismo\/turismo\/como-llegar\/","title":{"rendered":"C\u00f3mo llegar"},"content":{"rendered":"\n<p>Autov\u00eda A-7; Autopista del Mediterr\u00e1neo AP-7; en ambos casos est\u00e1n indicadas las salidas.<br>&nbsp;Estaci\u00f3n de Ferrocarril y servicio de autobuses.<\/p>\n\n\n\n<p>Haga <strong><a href=\"https:\/\/alzira.es\/es\/la-ciudad\/transporte-publico\/\"><span style=\"color: #810081;\">clic aqu\u00ed<\/span><\/a><\/strong> para ver las l\u00edneas de autobuses y trenes.<\/p>\n\n\n\n<div class=\"wp-block-image\"><figure class=\"aligncenter\"><img decoding=\"async\" data-src=\"https:\/\/alzira.es\/wp-content\/uploads\/2021\/08\/comollegar.jpg\" alt=\"\" src=\"data:image\/svg+xml;base64,PHN2ZyB3aWR0aD0iMSIgaGVpZ2h0PSIxIiB4bWxucz0iaHR0cDovL3d3dy53My5vcmcvMjAwMC9zdmciPjwvc3ZnPg==\" class=\"lazyload\" style=\"--smush-placeholder-width: 347px; --smush-placeholder-aspect-ratio: 347\/522;\" \/><\/figure><\/div>\n\n\n\n<p class=\"has-text-align-center\"><\/p>\n","protected":false},"excerpt":{"rendered":"<p>Autov\u00eda A-7; Autopista del Mediterr\u00e1neo AP-7; en ambos casos est\u00e1n indicadas las salidas.&nbsp;Estaci\u00f3n de Ferrocarril y servicio de autobuses. Haga clic aqu\u00ed para ver las l\u00edneas de autobuses y trenes.<\/p>\n","protected":false},"author":29,"featured_media":0,"parent":508,"menu_order":0,"comment_status":"closed","ping_status":"closed","template":"","meta":{"_acf_changed":false,"footnotes":""},"class_list":["post-514","page","type-page","status-publish","hentry"],"acf":[],"_links":{"self":[{"href":"https:\/\/alzira.es\/es\/wp-json\/wp\/v2\/pages\/514","targetHints":{"allow":["GET"]}}],"collection":[{"href":"https:\/\/alzira.es\/es\/wp-json\/wp\/v2\/pages"}],"about":[{"href":"https:\/\/alzira.es\/es\/wp-json\/wp\/v2\/types\/page"}],"author":[{"embeddable":true,"href":"https:\/\/alzira.es\/es\/wp-json\/wp\/v2\/users\/29"}],"replies":[{"embeddable":true,"href":"https:\/\/alzira.es\/es\/wp-json\/wp\/v2\/comments?post=514"}],"version-history":[{"count":2,"href":"https:\/\/alzira.es\/es\/wp-json\/wp\/v2\/pages\/514\/revisions"}],"predecessor-version":[{"id":89354,"href":"https:\/\/alzira.es\/es\/wp-json\/wp\/v2\/pages\/514\/revisions\/89354"}],"up":[{"embeddable":true,"href":"https:\/\/alzira.es\/es\/wp-json\/wp\/v2\/pages\/508"}],"wp:attachment":[{"href":"https:\/\/alzira.es\/es\/wp-json\/wp\/v2\/media?parent=514"}],"curies":[{"name":"wp","href":"https:\/\/api.w.org\/{rel}","templated":true}]}}