{"id":51395,"date":"2011-06-20T13:32:14","date_gmt":"2011-06-20T11:32:14","guid":{"rendered":"https:\/\/alzira.es\/planes-especiales\/"},"modified":"2021-09-22T15:47:05","modified_gmt":"2021-09-22T13:47:05","slug":"planes-especiales","status":"publish","type":"page","link":"https:\/\/alzira.es\/es\/servicios-municipales\/urbanismo-e-infraestructuras\/planeamiento\/planes-especiales\/","title":{"rendered":"Planes especiales"},"content":{"rendered":"\n<div class=\"wp-block-image\"><figure class=\"aligncenter size-full is-resized\"><img fetchpriority=\"high\" decoding=\"async\" src=\"https:\/\/alzira.es\/wp-content\/uploads\/2011\/06\/PGOU_La_Vila.jpg\" alt=\"PGOU La Vila\" class=\"wp-image-50898\" width=\"299\" height=\"233\"\/><\/figure><\/div>\n\n\n\n<h2 class=\"wp-block-heading\">Plan Especial de Protecci\u00f3n de la Vila d&#8217;Alzira 2018: \u00c1mbito de afecci\u00f3n C. H. LA VILA declarado BIC<\/h2>\n\n\n\n<ul class=\"wp-block-list\"><li><a href=\"https:\/\/alzira.es\/wp-content\/uploads\/2011\/06\/DOCUMENTO_1.pdf\" target=\"_blank\" rel=\"noreferrer noopener\">MEMORIA INFORMATIVA<\/a><\/li><li><a href=\"https:\/\/alzira.es\/wp-content\/uploads\/2011\/06\/DOCUMENTO_2.pdf\" target=\"_blank\" rel=\"noreferrer noopener\">MEMORIA JUSTIFICATIVA<\/a><\/li><li><a href=\"https:\/\/alzira.es\/wp-content\/uploads\/2011\/06\/DOCUMENTO_3.pdf\" target=\"_blank\" rel=\"noreferrer noopener\">CAT\u00c1LOGO DE BIENES Y ESPACIOS PROTEGIDOS<\/a><\/li><li><a href=\"https:\/\/alzira.es\/wp-content\/uploads\/2011\/06\/ANEXOS.pdf\" target=\"_blank\" rel=\"noreferrer noopener\">ANEXOS<\/a><\/li><\/ul>\n","protected":false},"excerpt":{"rendered":"<p>Plan Especial de Protecci\u00f3n de la Vila d&#8217;Alzira 2018: \u00c1mbito de afecci\u00f3n C. H. LA VILA declarado BIC MEMORIA INFORMATIVA MEMORIA JUSTIFICATIVA CAT\u00c1LOGO DE BIENES Y ESPACIOS PROTEGIDOS ANEXOS<\/p>\n","protected":false},"author":12,"featured_media":0,"parent":714,"menu_order":2,"comment_status":"closed","ping_status":"closed","template":"","meta":{"_acf_changed":false,"footnotes":""},"class_list":["post-51395","page","type-page","status-publish","hentry"],"acf":[],"_links":{"self":[{"href":"https:\/\/alzira.es\/es\/wp-json\/wp\/v2\/pages\/51395","targetHints":{"allow":["GET"]}}],"collection":[{"href":"https:\/\/alzira.es\/es\/wp-json\/wp\/v2\/pages"}],"about":[{"href":"https:\/\/alzira.es\/es\/wp-json\/wp\/v2\/types\/page"}],"author":[{"embeddable":true,"href":"https:\/\/alzira.es\/es\/wp-json\/wp\/v2\/users\/12"}],"replies":[{"embeddable":true,"href":"https:\/\/alzira.es\/es\/wp-json\/wp\/v2\/comments?post=51395"}],"version-history":[{"count":2,"href":"https:\/\/alzira.es\/es\/wp-json\/wp\/v2\/pages\/51395\/revisions"}],"predecessor-version":[{"id":94828,"href":"https:\/\/alzira.es\/es\/wp-json\/wp\/v2\/pages\/51395\/revisions\/94828"}],"up":[{"embeddable":true,"href":"https:\/\/alzira.es\/es\/wp-json\/wp\/v2\/pages\/714"}],"wp:attachment":[{"href":"https:\/\/alzira.es\/es\/wp-json\/wp\/v2\/media?parent=51395"}],"curies":[{"name":"wp","href":"https:\/\/api.w.org\/{rel}","templated":true}]}}