{"id":512,"date":"2010-12-07T13:29:47","date_gmt":"2010-12-07T12:29:47","guid":{"rendered":"https:\/\/alzira.es\/historia\/"},"modified":"2021-08-30T14:00:58","modified_gmt":"2021-08-30T12:00:58","slug":"historia","status":"publish","type":"page","link":"https:\/\/alzira.es\/es\/servicios-municipales\/museo-patrimonio-y-turismo\/turismo\/historia\/","title":{"rendered":"Historia"},"content":{"rendered":"\n<h2 class=\"wp-block-heading\"><span style=\"font-size: large;\">DATOS HIST\u00d3RICOS<\/span><\/h2>\n\n\n\n<p>La f\u00e9rtil vega del X\u00faquer y los recursos de los montes ha dado lugar a una ocupaci\u00f3n casi total y continua del suelo. Desde la Prehistoria se localizan diversos asentamientos humanos, pudi\u00e9ndose afirmar que estamos ante un paisaje cultural, con numerosas evidencias de las distintas etapas hist\u00f3ricas. Conviene destacar el despoblado de la Cultura del Bronce Valenciano de la Muntanya Assolada, cercano a la Urbanizaci\u00f3n de San Bernardo. Desde all\u00ed se puede contemplar una inmejorable vista panor\u00e1mica de las dos Riberas del X\u00faquer, la Albufera y el vasto territorio que se extiende paralelo a la franja litoral.<\/p>\n\n\n\n<p>El centro urbano contiene un importante legado hist\u00f3rico art\u00edstico que re\u00fane variados elementos culturales, como el barrio hist\u00f3rico de la Vila, antigua \u00abAl-Yazirat Suqar\u201d, la Isla del X\u00faquer. Diversos historiadores la consideran como heredera de la legendaria Sucro ib\u00e9rica, documentada en los textos cl\u00e1sicos. Durante el per\u00edodo isl\u00e1mico, la poblaci\u00f3n destac\u00f3 como n\u00facleo principal de un extenso territorio poblado por cuarenta y dos alquer\u00edas. Entre sus habitantes destacaron personajes como los poetas Ibn Jafaya o Ibn Al Zaqqaq; el historiador Ibn Abilkasal o el m\u00e9dico y fil\u00f3sofo Ibn Tumlus.<\/p>\n\n\n\n<p>El 30 de diciembre de 1242 el rey Jaime I la tom\u00f3 pac\u00edficamente y le concedi\u00f3 el t\u00edtulo de Villa Real. Como tal, particip\u00f3 en las Cortes del Reino de Valencia. A lo largo de los siglos y debido a su estrat\u00e9gica situaci\u00f3n geogr\u00e1fica desempe\u00f1\u00f3 un papel destacado en diferentes sucesos hist\u00f3ricos como la Guerra de la Uni\u00f3n, tambi\u00e9n en el interregno al que puso fin el Compromiso de Caspe, en las German\u00edas o en la Guerra de Sucesi\u00f3n.<\/p>\n\n\n\n<p>Desde \u00e9poca inmemorial ya se vio afectada por las frecuentes y catastr\u00f3ficas inundaciones del X\u00faquer, cuyo curso fluvial desafiaba. Alzira padeci\u00f3 la expulsi\u00f3n de los moriscos y sufri\u00f3 las epidemias de peste y c\u00f3lera. A este respecto, fue la primera poblaci\u00f3n donde se experiment\u00f3 en 1885 la vacuna descubierta por el doctor Jaime Ferr\u00e1n. <br>En 1835 el proceso de desamortizaci\u00f3n afect\u00f3 a los monasterios y conventos. D\u00e9cadas m\u00e1s tarde, concretamente en 1853 lleg\u00f3 el ferrocarril que favoreci\u00f3 el despegue del comercio y la industria. Debido al gran desarrollo registrado durante los a\u00f1os posteriores, el rey Alfonso XII le concedi\u00f3 el 8 de agosto de 1876 t\u00edtulo de Ciudad. La prosperidad de la poblaci\u00f3n continu\u00f3 en crecimiento y a finales del siglo XIX el auge del comercio de la naranja dio un impulso a la econom\u00eda local.<\/p>\n\n\n\n<p>Al igual que en el resto de Espa\u00f1a, la Guerra Civil tambi\u00e9n caus\u00f3 grandes estragos en la poblaci\u00f3n. En la segunda mitad del siglo XX, el comercio y la industria ampliaron los recursos de Alzira hasta nuestros d\u00edas. En el despertar econ\u00f3mico la figura del empresario Luis Su\u00f1er tuvo un destacado protagonismo, fundador de marcas como Cartonajes Su\u00f1er o la de pollos y helados Avidesa.<\/p>\n\n\n\n<p>Actualmente, Alzira es una ciudad din\u00e1mica en todos los \u00e1mbitos. Entre sus personajes m\u00e1s reconocidos cabe citar en lo deportivo a los halteras hermanos M\u00f3nica y Lorenzo Carri\u00f3, Estefan\u00eda Juan y Gema Peris, el nadador Bernardo Caster\u00e1, y en el mundo de las carreras Jorge Mart\u00ednez \u201cAspar\u201d y Adri\u00e1n Campos; en las artes esc\u00e9nicas Elisa Ram\u00edrez y Carles Alberola, los artistas falleros Julio Monterrubio y Bernardo Estela, y el pianista Carlos Amat o la soprano Inmaculada Sanpedro; el cient\u00edfico Francisco Palau Mart\u00ednez; &#8230;<\/p>\n\n\n\n<p>En 1982, los Reyes, el Papa y el presidente del gobierno visitaron Alzira con motivo de la inundaci\u00f3n y la rotura de la Presa de Tous: <strong>la Pantanada<\/strong>.<\/p>\n","protected":false},"excerpt":{"rendered":"<p>DATOS HIST\u00d3RICOS La f\u00e9rtil vega del X\u00faquer y los recursos de los montes ha dado lugar a una ocupaci\u00f3n casi total y continua del suelo. Desde la Prehistoria se localizan diversos asentamientos humanos, pudi\u00e9ndose afirmar que estamos ante un paisaje cultural, con numerosas evidencias de las distintas etapas hist\u00f3ricas. Conviene destacar el despoblado de la &hellip; <\/p>\n<p class=\"link-more\"><a href=\"https:\/\/alzira.es\/es\/servicios-municipales\/museo-patrimonio-y-turismo\/turismo\/historia\/\" class=\"more-link\">Continuar leyendo<span class=\"screen-reader-text\"> \u00abHistoria\u00bb<\/span><\/a><\/p>\n","protected":false},"author":29,"featured_media":0,"parent":508,"menu_order":0,"comment_status":"closed","ping_status":"closed","template":"","meta":{"_acf_changed":false,"footnotes":""},"class_list":["post-512","page","type-page","status-publish","hentry"],"acf":[],"_links":{"self":[{"href":"https:\/\/alzira.es\/es\/wp-json\/wp\/v2\/pages\/512","targetHints":{"allow":["GET"]}}],"collection":[{"href":"https:\/\/alzira.es\/es\/wp-json\/wp\/v2\/pages"}],"about":[{"href":"https:\/\/alzira.es\/es\/wp-json\/wp\/v2\/types\/page"}],"author":[{"embeddable":true,"href":"https:\/\/alzira.es\/es\/wp-json\/wp\/v2\/users\/29"}],"replies":[{"embeddable":true,"href":"https:\/\/alzira.es\/es\/wp-json\/wp\/v2\/comments?post=512"}],"version-history":[{"count":2,"href":"https:\/\/alzira.es\/es\/wp-json\/wp\/v2\/pages\/512\/revisions"}],"predecessor-version":[{"id":86367,"href":"https:\/\/alzira.es\/es\/wp-json\/wp\/v2\/pages\/512\/revisions\/86367"}],"up":[{"embeddable":true,"href":"https:\/\/alzira.es\/es\/wp-json\/wp\/v2\/pages\/508"}],"wp:attachment":[{"href":"https:\/\/alzira.es\/es\/wp-json\/wp\/v2\/media?parent=512"}],"curies":[{"name":"wp","href":"https:\/\/api.w.org\/{rel}","templated":true}]}}