{"id":510,"date":"2010-12-07T13:21:10","date_gmt":"2010-12-07T12:21:10","guid":{"rendered":"https:\/\/alzira.es\/geografia\/"},"modified":"2021-09-01T08:02:03","modified_gmt":"2021-09-01T06:02:03","slug":"geografia","status":"publish","type":"page","link":"https:\/\/alzira.es\/es\/servicios-municipales\/museo-patrimonio-y-turismo\/turismo\/geografia\/","title":{"rendered":"Geograf\u00eda"},"content":{"rendered":"<h2>DATOS GEOGR\u00c1FICOS<\/h2>\n<p>&nbsp;<\/p>\n<p>Alzira es la capital de la comarca de la Ribera Alta del J\u00facar. La ciudad est\u00e1 situada a 36 kil\u00f3metros al sur de Valencia y a escasos kil\u00f3metros de la costa. Disfruta de un clima mediterr\u00e1neo con suaves temperaturas, tanto en invierno como en verano, lo que ofrece unas condiciones \u00f3ptimas para residentes y visitantes.<\/p>\n<p>&nbsp;<\/p>\n<p><span style=\"color: #3366ff\"><strong>Su poblaci\u00f3n actual es de 43.892 habitantes.<\/strong><\/span><\/p>\n<p>&nbsp;<\/p>\n<p>El t\u00e9rmino municipal tiene una superficie de 111\u20194 km2. Presenta marcados contrastes que van desde los 14 metros sobre el nivel del mar, en el amplio llano de inundaci\u00f3n del X\u00faquer, cuya f\u00e9rtil huerta est\u00e1 poblada de extensos naranjales, hasta las pronunciadas sierras del Cavall y les Agulles, donde los frutales trepan por sus faldas juntos con frondosos pinares. Las agudas crestas monta\u00f1osas tienen su punto m\u00e1s alto en el Pic de la Ratlla, con sus 625 metros de altitud.<\/p>\n<p>&nbsp;<\/p>\n<p>Alzira inspir\u00f3 a Vicente Blasco Ib\u00e1\u00f1ez su novela \u00abEntre naranjos\u00bb.<\/p>\n<p>&nbsp;<\/p>\n<p>Esta localidad permite disfrutar de un agradable encuentro entre la historia y la naturaleza, enmarcada por una fascinante sierra y envuelta por extensos bosques de naranjos, regados por innumerables acequias que toman sus aguas de la Acequia Real del J\u00facar, dando lugar al origen del comercio de la naranja documentado al menos desde 1517, \u201cAlzira: origen, patria y lonja de la naranja\u201d.<\/p>\n<p>&nbsp;<\/p>\n<h3>Vistas aereas de la ciudad de Alzira y de la ermita<\/h3>\n<table border=\"0\" cellspacing=\"5\" cellpadding=\"5\" style=\"width: 100%\">\n<tbody>\n<tr>\n<td><img fetchpriority=\"high\" decoding=\"async\" alt=\"Vista aerea\" width=\"374\" height=\"250\" src=\"https:\/\/alzira.es\/contenidos\/museu\/turismo\/img\/alzira01.jpg\"><\/td>\n<td><img decoding=\"async\" alt=\"Vista aerea\" width=\"313\" height=\"250\" data-src=\"https:\/\/alzira.es\/contenidos\/museu\/turismo\/img\/alzira02.jpg\" src=\"data:image\/svg+xml;base64,PHN2ZyB3aWR0aD0iMSIgaGVpZ2h0PSIxIiB4bWxucz0iaHR0cDovL3d3dy53My5vcmcvMjAwMC9zdmciPjwvc3ZnPg==\" class=\"lazyload\" style=\"--smush-placeholder-width: 313px; --smush-placeholder-aspect-ratio: 313\/250;\"><\/td>\n<\/tr>\n<\/tbody>\n<\/table>\n<p>&nbsp;<\/p>\n","protected":false},"excerpt":{"rendered":"<p>DATOS GEOGR\u00c1FICOS &nbsp; Alzira es la capital de la comarca de la Ribera Alta del J\u00facar. La ciudad est\u00e1 situada a 36 kil\u00f3metros al sur de Valencia y a escasos kil\u00f3metros de la costa. Disfruta de un clima mediterr\u00e1neo con suaves temperaturas, tanto en invierno como en verano, lo que ofrece unas condiciones \u00f3ptimas para &hellip; <\/p>\n<p class=\"link-more\"><a href=\"https:\/\/alzira.es\/es\/servicios-municipales\/museo-patrimonio-y-turismo\/turismo\/geografia\/\" class=\"more-link\">Continuar leyendo<span class=\"screen-reader-text\"> \u00abGeograf\u00eda\u00bb<\/span><\/a><\/p>\n","protected":false},"author":29,"featured_media":0,"parent":508,"menu_order":0,"comment_status":"closed","ping_status":"closed","template":"","meta":{"_acf_changed":false,"footnotes":""},"class_list":["post-510","page","type-page","status-publish","hentry"],"acf":[],"_links":{"self":[{"href":"https:\/\/alzira.es\/es\/wp-json\/wp\/v2\/pages\/510","targetHints":{"allow":["GET"]}}],"collection":[{"href":"https:\/\/alzira.es\/es\/wp-json\/wp\/v2\/pages"}],"about":[{"href":"https:\/\/alzira.es\/es\/wp-json\/wp\/v2\/types\/page"}],"author":[{"embeddable":true,"href":"https:\/\/alzira.es\/es\/wp-json\/wp\/v2\/users\/29"}],"replies":[{"embeddable":true,"href":"https:\/\/alzira.es\/es\/wp-json\/wp\/v2\/comments?post=510"}],"version-history":[{"count":2,"href":"https:\/\/alzira.es\/es\/wp-json\/wp\/v2\/pages\/510\/revisions"}],"predecessor-version":[{"id":87700,"href":"https:\/\/alzira.es\/es\/wp-json\/wp\/v2\/pages\/510\/revisions\/87700"}],"up":[{"embeddable":true,"href":"https:\/\/alzira.es\/es\/wp-json\/wp\/v2\/pages\/508"}],"wp:attachment":[{"href":"https:\/\/alzira.es\/es\/wp-json\/wp\/v2\/media?parent=510"}],"curies":[{"name":"wp","href":"https:\/\/api.w.org\/{rel}","templated":true}]}}