{"id":50955,"date":"2011-06-20T13:32:14","date_gmt":"2011-06-20T11:32:14","guid":{"rendered":"https:\/\/alzira.es\/p-g-o-u-en-tramite\/"},"modified":"2021-09-01T12:57:26","modified_gmt":"2021-09-01T10:57:26","slug":"p-g-o-u-en-tramite","status":"publish","type":"page","link":"https:\/\/alzira.es\/es\/servicios-municipales\/urbanismo-e-infraestructuras\/planeamiento\/p-g-o-u-en-tramite\/","title":{"rendered":"P.G.O.U. en Tr\u00e1mite"},"content":{"rendered":"\n<h3 class=\"wp-block-heading\"><a title=\"PGOU en tramite _ Memoria Ambiental\" href=\"https:\/\/alzira.es\/wp-content\/uploads\/2011\/06\/3-MEMORIA-AMBIENTALsep2016-F.pdf\" target=\"_blank\" rel=\"noopener\">MEMORIA AMBIENTAL<\/a><\/h3>\n\n\n\n<h3 class=\"wp-block-heading\"><a title=\"PGOU en tramite _ Informe Sostenibilidad Ambiental\" href=\"https:\/\/alzira.es\/wp-content\/uploads\/2011\/06\/1-ISA-MEMORIA-SEP-2016-F.pdf\" target=\"_blank\" rel=\"noopener\">INFORME SOSTENIBILIDAD AMBIENTAL (ISA):<\/a><\/h3>\n\n\n\n<ul class=\"wp-block-list\"><li>Anexo1 E Ac\u00fastico Planos<\/li><li><a title=\"PGOU en tramite _ ISA_ ANEXO 1E Ac\u00fastico\" href=\"https:\/\/alzira.es\/wp-content\/uploads\/2011\/06\/2-ANEXO-1-E-ACUSTICO-MEMORIA.pdf\" target=\"_blank\" rel=\"noopener\">Anexo 1 E Ac\u00fastico Memor\u00eda<\/a><\/li><li><a href=\"https:\/\/alzira.es\/wp-content\/uploads\/2011\/06\/2-ANEXO-2-VIVIENDA-PROT-sep-2016-F.pdf\" target=\"_blank\" rel=\"noreferrer noopener\">Anexo 2 Vivienda PROT-Sep 2016 F<\/a><\/li><li><a title=\"PGOU en tramite _ ISA_ ANEXO 3 BSS INCENDIO\" href=\"https:\/\/alzira.es\/wp-content\/uploads\/2011\/06\/2-ANEXO-3-E-B-SS-INCENDIO-sep2016-F.pdf\" target=\"_blank\" rel=\"noopener\">Anexo 3 E B SS Incendio- Sep2016 F* Anexo1 E Ac\u00fastico Planos<\/a><\/li><li><a title=\"PGOU en tramite _ ISA_ ANEXO 4 Movilidad\" href=\"https:\/\/alzira.es\/wp-content\/uploads\/2011\/06\/2-ANEXO-4-MOVILIDAD-sep2016-F.pdf\" target=\"_blank\" rel=\"noopener\">Anexo 4 Movilidad- Sep2016 F<\/a><\/li><li><a title=\"PGOU en tramite _ ISA_ ANEXO 5 - RRHH-sep2016 F\" href=\"https:\/\/alzira.es\/wp-content\/uploads\/2011\/06\/2-ANEXO-5-RRHH-sep2016-F.pdf\" target=\"_blank\" rel=\"noopener\">Anexo 5 RRHH- Sep2016 F<\/a><\/li><li><a title=\"PGOU en tramite _ ISA_ 2 ANEXO 6 - E DE CULTIVOS-sep2016 F\" href=\"https:\/\/alzira.es\/wp-content\/uploads\/2011\/06\/2-ANEXO-6-E-DE-CULTIVOS-sep2016-F.pdf\" target=\"_blank\" rel=\"noopener\">Anexo 6 E de Cultivos- Sep2016 F<\/a><\/li><li><a href=\"https:\/\/alzira.es\/wp-content\/uploads\/2011\/06\/2-ANEXO-7-1-0-ESTUDIO-PAISA-sep-2016.pdf\" target=\"_blank\" rel=\"noreferrer noopener\">Anexo\u00a07 &#8211; 1 0 Estudio Paisa Sep 2016<\/a><\/li><li><a title=\"PGOU en tramite _ ISA_ ANEXO 7 - 1 1 FICHAS  RECURSOS CULTURALES\" href=\"https:\/\/alzira.es\/wp-content\/uploads\/2011\/06\/2-ANEXO-7-1-1-FICHAS-RECURSOS-CULTURALES.pdf\" target=\"_blank\" rel=\"noopener\">Anexo\u00a07 &#8211; 1 1 Fichas Recursos Culturales<\/a><\/li><li><a title=\"PGOU en tramite _ ISA_ ANEXO 3 BSS INCENDIO\" href=\"https:\/\/alzira.es\/wp-content\/uploads\/2011\/06\/2-ANEXO-7-1-2-FICHAS-UNIDADES-DE-PAISAJE.pdf\" target=\"_blank\" rel=\"noopener\">Anexo 7 &#8211; 1 2 Fichas Unidades de Paisaje<\/a><\/li><li><a title=\"PGOU en tramite _ ISA_ ANEXO 4 Movilidad\" href=\"https:\/\/alzira.es\/wp-content\/uploads\/2011\/06\/2-ANEXO-4-MOVILIDAD-sep2016-F.pdf\" target=\"_blank\" rel=\"noopener\">Anexo<\/a><\/li><li><a title=\"PGOU en tramite _ ISA_ ANEXO 5 - RRHH-sep2016 F\" href=\"https:\/\/alzira.es\/wp-content\/uploads\/2011\/06\/2-ANEXO-5-RRHH-sep2016-F.pdf\" target=\"_blank\" rel=\"noopener\">Anexo<\/a><\/li><li><a title=\"PGOU en tramite _ ISA_ 2 ANEXO 6 - E DE CULTIVOS-sep2016 F\" href=\"https:\/\/alzira.es\/wp-content\/uploads\/2011\/06\/2-ANEXO-6-E-DE-CULTIVOS-sep2016-F.pdf\" target=\"_blank\" rel=\"noopener\">Anexo<\/a><\/li><\/ul>\n\n\n\n<h3 class=\"wp-block-heading\"><a title=\"PGOU en tramite _ Memoria Ambiental\" href=\"https:\/\/alzira.es\/wp-content\/uploads\/2011\/06\/4-VERSION-PRELIMINAR-sep2016-F.pdf\" target=\"_blank\" rel=\"noopener\">VERSI\u00d3N PRELIMINAR PGOU&nbsp;<\/a><\/h3>\n","protected":false},"excerpt":{"rendered":"<p>MEMORIA AMBIENTAL INFORME SOSTENIBILIDAD AMBIENTAL (ISA): Anexo1 E Ac\u00fastico Planos Anexo 1 E Ac\u00fastico Memor\u00eda Anexo 2 Vivienda PROT-Sep 2016 F Anexo 3 E B SS Incendio- Sep2016 F* Anexo1 E Ac\u00fastico Planos Anexo 4 Movilidad- Sep2016 F Anexo 5 RRHH- Sep2016 F Anexo 6 E de Cultivos- Sep2016 F Anexo\u00a07 &#8211; 1 0 Estudio &hellip; <\/p>\n<p class=\"link-more\"><a href=\"https:\/\/alzira.es\/es\/servicios-municipales\/urbanismo-e-infraestructuras\/planeamiento\/p-g-o-u-en-tramite\/\" class=\"more-link\">Continuar leyendo<span class=\"screen-reader-text\"> \u00abP.G.O.U. en Tr\u00e1mite\u00bb<\/span><\/a><\/p>\n","protected":false},"author":12,"featured_media":0,"parent":714,"menu_order":4,"comment_status":"closed","ping_status":"closed","template":"","meta":{"_acf_changed":false,"footnotes":""},"class_list":["post-50955","page","type-page","status-publish","hentry"],"acf":[],"_links":{"self":[{"href":"https:\/\/alzira.es\/es\/wp-json\/wp\/v2\/pages\/50955","targetHints":{"allow":["GET"]}}],"collection":[{"href":"https:\/\/alzira.es\/es\/wp-json\/wp\/v2\/pages"}],"about":[{"href":"https:\/\/alzira.es\/es\/wp-json\/wp\/v2\/types\/page"}],"author":[{"embeddable":true,"href":"https:\/\/alzira.es\/es\/wp-json\/wp\/v2\/users\/12"}],"replies":[{"embeddable":true,"href":"https:\/\/alzira.es\/es\/wp-json\/wp\/v2\/comments?post=50955"}],"version-history":[{"count":2,"href":"https:\/\/alzira.es\/es\/wp-json\/wp\/v2\/pages\/50955\/revisions"}],"predecessor-version":[{"id":87898,"href":"https:\/\/alzira.es\/es\/wp-json\/wp\/v2\/pages\/50955\/revisions\/87898"}],"up":[{"embeddable":true,"href":"https:\/\/alzira.es\/es\/wp-json\/wp\/v2\/pages\/714"}],"wp:attachment":[{"href":"https:\/\/alzira.es\/es\/wp-json\/wp\/v2\/media?parent=50955"}],"curies":[{"name":"wp","href":"https:\/\/api.w.org\/{rel}","templated":true}]}}